{"id":10256,"date":"2026-03-04T21:27:10","date_gmt":"2026-03-04T21:27:10","guid":{"rendered":"https:\/\/redsea-dream-tours.net\/?page_id=10256"},"modified":"2026-03-07T20:14:09","modified_gmt":"2026-03-07T20:14:09","slug":"cairo","status":"publish","type":"page","link":"https:\/\/redsea-dream-tours.net\/cs\/cairo\/","title":{"rendered":"K\u00e1hira"},"content":{"rendered":"<div data-elementor-type=\"wp-page\" data-elementor-id=\"10256\" class=\"elementor elementor-10256\" data-elementor-post-type=\"page\">\n\t\t\t\t<div class=\"elementor-element elementor-element-c0b4603 e-flex e-con-boxed e-con e-parent\" data-id=\"c0b4603\" data-element_type=\"container\" data-e-type=\"container\" data-settings=\"{&quot;ekit_has_onepagescroll_dot&quot;:&quot;yes&quot;}\">\n\t\t\t\t\t<div class=\"e-con-inner\">\n\t\t\t\t<div class=\"elementor-element elementor-element-2e424cb elementor-widget elementor-widget-html\" data-id=\"2e424cb\" data-element_type=\"widget\" data-e-type=\"widget\" data-settings=\"{&quot;ekit_we_effect_on&quot;:&quot;none&quot;}\" data-widget_type=\"html.default\">\n\t\t\t\t\t<style>\r\n\/* ========== PROFESSIONAL HEADING ========== *\/\r\n\r\n.creative-head{\r\n  text-align:center;\r\n  max-width:950px;\r\n  margin:0 auto 10px;\r\n  position:relative;\r\n}\r\n\r\n\/* \u0627\u0644\u0639\u0646\u0648\u0627\u0646 \u0627\u0644\u0623\u0633\u0627\u0633\u064a *\/\r\n.creative-title{\r\n  font-size:54px;\r\n  font-weight:900;\r\n  line-height:1.15;\r\n  margin-bottom:22px;\r\n  color:#FF6E00; \/* \u0627\u0644\u0644\u0648\u0646 \u0627\u0644\u0623\u0633\u0627\u0633\u064a *\/\r\n}\r\n\r\n\/* \u0627\u0644\u0643\u0644\u0645\u0629 \u0627\u0644\u0623\u062e\u064a\u0631\u0629 *\/\r\n.creative-title .highlight{\r\n  color:#006D5E;\r\n  transition:.4s ease;\r\n  cursor:pointer;\r\n}\r\n\r\n\/* \u062a\u063a\u064a\u064a\u0631 \u0627\u0644\u0644\u0648\u0646 \u0639\u0646\u062f \u0627\u0644\u0647\u0648\u0641\u0631 *\/\r\n.creative-title .highlight:hover{\r\n  color:#5BEED2;\r\n}\r\n\r\n\/* \u0627\u0644\u062e\u0637 \u0627\u0644\u0645\u062a\u062d\u0631\u0643 *\/\r\n.creative-line{\r\n  width:100px;\r\n  height:4px;\r\n  background:linear-gradient(90deg,#006D5E,#5BEED2,#FF6E00);\r\n  margin:0 auto 26px;\r\n  border-radius:10px;\r\n  animation:linePulse 2.5s infinite;\r\n}\r\n\r\n@keyframes linePulse{\r\n  0%{width:50px;opacity:.6}\r\n  50%{width:100px;opacity:1}\r\n  100%{width:50px;opacity:.6}\r\n}\r\n\r\n\/* Responsive *\/\r\n@media(max-width:768px){\r\n  .creative-title{\r\n    font-size:36px;\r\n  }\r\n}\r\n<\/style>\r\n\r\n<div class=\"creative-head\">\r\n\r\n  <h2 class=\"creative-title\">\r\n    K\u00e1hira \r\n    <span class=\"highlight\">Prohl\u00eddky<\/span>\r\n  <\/h2>\r\n\r\n  <div class=\"creative-line\"><\/div>\r\n\r\n<\/div>\t\t\t\t<\/div>\n\t\t\t\t\t<\/div>\n\t\t\t\t<\/div>\n\t\t\t\t<section class=\"elementor-section elementor-top-section elementor-element elementor-element-7360dc0 elementor-section-boxed elementor-section-height-default elementor-section-height-default\" data-id=\"7360dc0\" data-element_type=\"section\" data-e-type=\"section\" data-settings=\"{&quot;ekit_has_onepagescroll_dot&quot;:&quot;yes&quot;}\">\n\t\t\t\t\t\t\t<div class=\"elementor-background-overlay\"><\/div>\n\t\t\t\t\t\t\t<div class=\"elementor-container elementor-column-gap-default\">\n\t\t\t\t\t<div class=\"elementor-column elementor-col-100 elementor-top-column elementor-element elementor-element-2e8ece8\" data-id=\"2e8ece8\" data-element_type=\"column\" data-e-type=\"column\">\n\t\t\t<div class=\"elementor-widget-wrap elementor-element-populated\">\n\t\t\t\t\t\t<div class=\"elementor-element elementor-element-fed1981 elementor-widget elementor-widget-ovabrw_product_list\" data-id=\"fed1981\" data-element_type=\"widget\" data-e-type=\"widget\" data-settings=\"{&quot;ekit_we_effect_on&quot;:&quot;none&quot;}\" data-widget_type=\"ovabrw_product_list.default\">\n\t\t\t\t<div class=\"elementor-widget-container\">\n\t\t\t\t\t\t\t\t\t<div class=\"ova-product-list ova-product-list-template1 column3\">\n\t\t\t\t\t\n<div class=\"ova-product product type-product post-9745 status-publish first instock product_cat-cairo has-post-thumbnail shipping-taxable purchasable product-type-ovabrw_car_rental\">\n\t\n<div class=\"ova_head_product\">\n\t\t\t<a href=\"https:\/\/redsea-dream-tours.net\/cs\/produkt\/exclusive-cairo-gem-tour\/\" class=\"ova-product-thumbnail\">\n\t\t\t<img fetchpriority=\"high\" decoding=\"async\" width=\"636\" height=\"360\" src=\"https:\/\/redsea-dream-tours.net\/wp-content\/uploads\/2026\/03\/b7f4e4fa-b2a0-4190-8333-0908f73c8ca7-636x360.jpg\" class=\"attachment-tripgo_product_slider size-tripgo_product_slider\" alt=\"Colossal Ramses II statue GEM - The grand entrance of the new Egyptian Museum\" srcset=\"https:\/\/redsea-dream-tours.net\/wp-content\/uploads\/2026\/03\/b7f4e4fa-b2a0-4190-8333-0908f73c8ca7-636x360.jpg 636w, https:\/\/redsea-dream-tours.net\/wp-content\/uploads\/2026\/03\/b7f4e4fa-b2a0-4190-8333-0908f73c8ca7-300x169.jpg 300w\" sizes=\"(max-width: 636px) 100vw, 636px\" \/>\t\t<\/a>\n\t<\/div>\n<div class=\"ova_foot_product\">\n\t<div class=\"ova-product-day-title-location\">\n\t\t\t\t\t<div class=\"ova-tour-day\">\n\t\t\t\t<i aria-hidden=\"true\" class=\"icomoon icomoon-clock\"><\/i>\n\t\t\t\t1 day\t\t\t<\/div>\n\t\t\t\t\t<h2 class=\"ova-product-title\">\n\t\t\t\t<a href=\"https:\/\/redsea-dream-tours.net\/cs\/produkt\/exclusive-cairo-gem-tour\/\">\n\t\t\t        Exkluzivn\u00ed prohl\u00eddka K\u00e1hiry a GEM: Pyramidy, Sfinga a Velk\u00e9 muzeum\t\t\t    <\/a>\n\t\t\t<\/h2>\n\t\t\t<\/div>\n    <div class=\"ova-product-review-and-price\">\n    \t\t        <div class=\"ova-product-review\">\n\t            <div class=\"star-rating\" role=\"img\" aria-label=\"Rated 5.00 out of 5\">\n\t                <span class=\"rating-percent\" style=\"width: 100%;\"><\/span>\n\t                \t                    <span class=\"rating\">1<\/span>\n\t                \t            <\/div>\n\t        <\/div>\n\t    \t\t<div class=\"ova-product-wrapper-price\">\n\t\t\t\t\t\t\t<div class=\"ova-product-price\">\n\t\t\t\t\t\t\t\t\t\t\t<span class=\"new-product-price\"><span class=\"woocommerce-Price-amount amount\"><bdi><span class=\"woocommerce-Price-currencySymbol\">\u20ac<\/span>85.00<\/bdi><\/span><\/span>\n\t\t\t\t    \t\t\t\t<\/div>\n\t\t\t\t\t\t\t<a href=\"https:\/\/redsea-dream-tours.net\/cs\/produkt\/exclusive-cairo-gem-tour\/\" class=\"btn product-btn-book-now\">\n\t\t\t\t\t<span>Prozkoumejte str\u00e1nky<\/span>\n\t\t\t\t<\/a>\n\t\t\t\t\t<\/div>\n    <\/div>\n<\/div><\/div>\n<div class=\"ova-product product type-product post-9744 status-publish instock product_cat-cairo has-post-thumbnail shipping-taxable purchasable product-type-ovabrw_car_rental\">\n\t\n<div class=\"ova_head_product\">\n\t\t\t<a href=\"https:\/\/redsea-dream-tours.net\/cs\/produkt\/cairo-gem-van-pyramids-sphinx-museum\/\" class=\"ova-product-thumbnail\">\n\t\t\t<img decoding=\"async\" width=\"550\" height=\"309\" src=\"https:\/\/redsea-dream-tours.net\/wp-content\/uploads\/2026\/03\/9904d6be-f2b3-462d-b501-41f73074bb0b.jpg\" class=\"attachment-tripgo_product_slider size-tripgo_product_slider\" alt=\"Cairo &amp; GEM Tour\" srcset=\"https:\/\/redsea-dream-tours.net\/wp-content\/uploads\/2026\/03\/9904d6be-f2b3-462d-b501-41f73074bb0b.jpg 550w, https:\/\/redsea-dream-tours.net\/wp-content\/uploads\/2026\/03\/9904d6be-f2b3-462d-b501-41f73074bb0b-300x169.jpg 300w\" sizes=\"(max-width: 550px) 100vw, 550px\" \/>\t\t<\/a>\n\t<\/div>\n<div class=\"ova_foot_product\">\n\t<div class=\"ova-product-day-title-location\">\n\t\t\t\t\t<h2 class=\"ova-product-title\">\n\t\t\t\t<a href=\"https:\/\/redsea-dream-tours.net\/cs\/produkt\/cairo-gem-van-pyramids-sphinx-museum\/\">\n\t\t\t        K\u00e1hirsk\u00e1 dod\u00e1vka s drahokamy: Pyramidy, Sfinga a muzeum\t\t\t    <\/a>\n\t\t\t<\/h2>\n\t\t\t<\/div>\n    <div class=\"ova-product-review-and-price\">\n    \t\t\t<div class=\"ova-product-wrapper-price\">\n\t\t\t\t\t\t\t<div class=\"ova-product-price\">\n\t\t\t\t\t\t\t\t\t\t\t<span class=\"new-product-price\"><span class=\"woocommerce-Price-amount amount\"><bdi><span class=\"woocommerce-Price-currencySymbol\">\u20ac<\/span>95.00<\/bdi><\/span><\/span>\n\t\t\t\t    \t\t\t\t<\/div>\n\t\t\t\t\t\t\t<a href=\"https:\/\/redsea-dream-tours.net\/cs\/produkt\/cairo-gem-van-pyramids-sphinx-museum\/\" class=\"btn product-btn-book-now\">\n\t\t\t\t\t<span>Prozkoumejte str\u00e1nky<\/span>\n\t\t\t\t<\/a>\n\t\t\t\t\t<\/div>\n    <\/div>\n<\/div><\/div>\n<div class=\"ova-product product type-product post-9428 status-publish instock product_cat-cairo has-post-thumbnail shipping-taxable purchasable product-type-ovabrw_car_rental\">\n\t\n<div class=\"ova_head_product\">\n\t\t\t<a href=\"https:\/\/redsea-dream-tours.net\/cs\/produkt\/cairo-vip-tour-private-luxury\/\" class=\"ova-product-thumbnail\">\n\t\t\t<img decoding=\"async\" width=\"636\" height=\"426\" src=\"https:\/\/redsea-dream-tours.net\/wp-content\/uploads\/2026\/03\/IMG_1037-636x426.webp\" class=\"attachment-tripgo_product_slider size-tripgo_product_slider\" alt=\"Cairo VIP Tour: Private Luxury for 8 Guests\" srcset=\"https:\/\/redsea-dream-tours.net\/wp-content\/uploads\/2026\/03\/IMG_1037-636x426.webp 636w, https:\/\/redsea-dream-tours.net\/wp-content\/uploads\/2026\/03\/IMG_1037-416x280.webp 416w\" sizes=\"(max-width: 636px) 100vw, 636px\" \/>\t\t<\/a>\n\t<\/div>\n<div class=\"ova_foot_product\">\n\t<div class=\"ova-product-day-title-location\">\n\t\t\t\t\t<div class=\"ova-tour-day\">\n\t\t\t\t<i aria-hidden=\"true\" class=\"icomoon icomoon-clock\"><\/i>\n\t\t\t\t1 day\t\t\t<\/div>\n\t\t\t\t\t<h2 class=\"ova-product-title\">\n\t\t\t\t<a href=\"https:\/\/redsea-dream-tours.net\/cs\/produkt\/cairo-vip-tour-private-luxury\/\">\n\t\t\t        VIP prohl\u00eddka K\u00e1hiry: Soukrom\u00fd luxus pro 8 host\u016f\t\t\t    <\/a>\n\t\t\t<\/h2>\n\t\t\t<\/div>\n    <div class=\"ova-product-review-and-price\">\n    \t\t\t<div class=\"ova-product-wrapper-price\">\n\t\t\t\t\t\t\t<div class=\"ova-product-price\">\n\t\t\t\t\t\t\t\t\t\t\t<span class=\"new-product-price\"><span class=\"woocommerce-Price-amount amount\"><bdi><span class=\"woocommerce-Price-currencySymbol\">\u20ac<\/span>80.00<\/bdi><\/span><\/span>\n\t\t\t\t    \t\t\t\t<\/div>\n\t\t\t\t\t\t\t<a href=\"https:\/\/redsea-dream-tours.net\/cs\/produkt\/cairo-vip-tour-private-luxury\/\" class=\"btn product-btn-book-now\">\n\t\t\t\t\t<span>Prozkoumejte str\u00e1nky<\/span>\n\t\t\t\t<\/a>\n\t\t\t\t\t<\/div>\n    <\/div>\n<\/div><\/div>\n<div class=\"ova-product product type-product post-9426 status-publish last instock product_cat-cairo product_cat-red has-post-thumbnail shipping-taxable purchasable product-type-ovabrw_car_rental\">\n\t\n<div class=\"ova_head_product\">\n\t\t\t<a href=\"https:\/\/redsea-dream-tours.net\/cs\/produkt\/cairo-bus-tour-pyramids-sphinx-museum-day\/\" class=\"ova-product-thumbnail\">\n\t\t\t<img loading=\"lazy\" decoding=\"async\" width=\"636\" height=\"426\" src=\"https:\/\/redsea-dream-tours.net\/wp-content\/uploads\/2026\/03\/\u062a\u0639\u0631\u0641-\u0639\u0644\u0649-\u0623\u0645\u0627\u0643\u0646-\u062a\u0645\u0634\u064a\u0629-\u0641\u064a-\u0627\u0644\u0642\u0627\u0647\u0631\u0629-636x426.jpg\" class=\"attachment-tripgo_product_slider size-tripgo_product_slider\" alt=\"Cairo Bus Tour: Pyramids, Sphinx &amp; Museum Day\" srcset=\"\" sizes=\"(max-width: 636px) 100vw, 636px\" data-srcset=\"\" \/>\t\t<\/a>\n\t<\/div>\n<div class=\"ova_foot_product\">\n\t<div class=\"ova-product-day-title-location\">\n\t\t\t\t\t<div class=\"ova-tour-day\">\n\t\t\t\t<i aria-hidden=\"true\" class=\"icomoon icomoon-clock\"><\/i>\n\t\t\t\t1 day\t\t\t<\/div>\n\t\t\t\t\t<h2 class=\"ova-product-title\">\n\t\t\t\t<a href=\"https:\/\/redsea-dream-tours.net\/cs\/produkt\/cairo-bus-tour-pyramids-sphinx-museum-day\/\">\n\t\t\t        Autobusov\u00fd z\u00e1jezd do K\u00e1hiry: Pyramidy, Sfinga a den v muzeu\t\t\t    <\/a>\n\t\t\t<\/h2>\n\t\t\t<\/div>\n    <div class=\"ova-product-review-and-price\">\n    \t\t\t<div class=\"ova-product-wrapper-price\">\n\t\t\t\t\t\t\t<div class=\"ova-product-price\">\n\t\t\t\t\t\t\t\t\t\t\t<span class=\"new-product-price\"><span class=\"woocommerce-Price-amount amount\"><bdi><span class=\"woocommerce-Price-currencySymbol\">\u20ac<\/span>55.00<\/bdi><\/span><\/span>\n\t\t\t\t    \t\t\t\t<\/div>\n\t\t\t\t\t\t\t<a href=\"https:\/\/redsea-dream-tours.net\/cs\/produkt\/cairo-bus-tour-pyramids-sphinx-museum-day\/\" class=\"btn product-btn-book-now\">\n\t\t\t\t\t<span>Prozkoumejte str\u00e1nky<\/span>\n\t\t\t\t<\/a>\n\t\t\t\t\t<\/div>\n    <\/div>\n<\/div><\/div>\n<div class=\"ova-product product type-product post-9427 status-publish first instock product_cat-cairo has-post-thumbnail shipping-taxable purchasable product-type-ovabrw_car_rental\">\n\t\n<div class=\"ova_head_product\">\n\t\t\t<a href=\"https:\/\/redsea-dream-tours.net\/cs\/produkt\/cairo-plane-tour-private-luxury-for-two\/\" class=\"ova-product-thumbnail\">\n\t\t\t<img loading=\"lazy\" decoding=\"async\" width=\"636\" height=\"426\" src=\"https:\/\/redsea-dream-tours.net\/wp-content\/uploads\/2026\/03\/Cairo-Trip-by-Plane-Sharm-El-Sheikh-e1669435434944-636x426.webp\" class=\"attachment-tripgo_product_slider size-tripgo_product_slider\" alt=\"Cairo Plane Tour: Private Luxury for Two\" srcset=\"https:\/\/redsea-dream-tours.net\/wp-content\/uploads\/2026\/03\/Cairo-Trip-by-Plane-Sharm-El-Sheikh-e1669435434944-636x426.webp 636w, https:\/\/redsea-dream-tours.net\/wp-content\/uploads\/2026\/03\/Cairo-Trip-by-Plane-Sharm-El-Sheikh-e1669435434944-416x280.webp 416w\" sizes=\"(max-width: 636px) 100vw, 636px\" \/>\t\t<\/a>\n\t<\/div>\n<div class=\"ova_foot_product\">\n\t<div class=\"ova-product-day-title-location\">\n\t\t\t\t\t<h2 class=\"ova-product-title\">\n\t\t\t\t<a href=\"https:\/\/redsea-dream-tours.net\/cs\/produkt\/cairo-plane-tour-private-luxury-for-two\/\">\n\t\t\t        Prohl\u00eddka letadla v K\u00e1hi\u0159e: Soukrom\u00fd luxus pro dva\t\t\t    <\/a>\n\t\t\t<\/h2>\n\t\t\t<\/div>\n    <div class=\"ova-product-review-and-price\">\n    \t\t\t<div class=\"ova-product-wrapper-price\">\n\t\t\t\t\t\t\t<div class=\"ova-product-price\">\n\t\t\t\t\t\t\t\t\t\t\t<span class=\"new-product-price\"><span class=\"woocommerce-Price-amount amount\"><bdi><span class=\"woocommerce-Price-currencySymbol\">\u20ac<\/span>240.00<\/bdi><\/span><\/span>\n\t\t\t\t    \t\t\t\t<\/div>\n\t\t\t\t\t\t\t<a href=\"https:\/\/redsea-dream-tours.net\/cs\/produkt\/cairo-plane-tour-private-luxury-for-two\/\" class=\"btn product-btn-book-now\">\n\t\t\t\t\t<span>Prozkoumejte str\u00e1nky<\/span>\n\t\t\t\t<\/a>\n\t\t\t\t\t<\/div>\n    <\/div>\n<\/div><\/div>\n<div class=\"ova-product product type-product post-9429 status-publish instock product_cat-cairo has-post-thumbnail shipping-taxable purchasable product-type-ovabrw_car_rental\">\n\t\n<div class=\"ova_head_product\">\n\t\t\t<a href=\"https:\/\/redsea-dream-tours.net\/cs\/produkt\/cairo-overnight-pyramids-museum-old-cairo\/\" class=\"ova-product-thumbnail\">\n\t\t\t<img loading=\"lazy\" decoding=\"async\" width=\"500\" height=\"400\" src=\"https:\/\/redsea-dream-tours.net\/wp-content\/uploads\/2026\/03\/caption-2.jpg\" class=\"attachment-tripgo_product_slider size-tripgo_product_slider\" alt=\"Cairo Overnight : Pyramids, Museum &amp; Old Cairo\" srcset=\"https:\/\/redsea-dream-tours.net\/wp-content\/uploads\/2026\/03\/caption-2.jpg 500w, https:\/\/redsea-dream-tours.net\/wp-content\/uploads\/2026\/03\/caption-2-300x240.jpg 300w\" sizes=\"(max-width: 500px) 100vw, 500px\" \/>\t\t<\/a>\n\t<\/div>\n<div class=\"ova_foot_product\">\n\t<div class=\"ova-product-day-title-location\">\n\t\t\t\t\t<h2 class=\"ova-product-title\">\n\t\t\t\t<a href=\"https:\/\/redsea-dream-tours.net\/cs\/produkt\/cairo-overnight-pyramids-museum-old-cairo\/\">\n\t\t\t        K\u00e1hira p\u0159es noc : Pyramidy, muzeum a star\u00e1 K\u00e1hira\t\t\t    <\/a>\n\t\t\t<\/h2>\n\t\t\t<\/div>\n    <div class=\"ova-product-review-and-price\">\n    \t\t\t<div class=\"ova-product-wrapper-price\">\n\t\t\t\t\t\t\t<div class=\"ova-product-price\">\n\t\t\t\t\t\t\t\t\t\t\t<span class=\"new-product-price\"><span class=\"woocommerce-Price-amount amount\"><bdi><span class=\"woocommerce-Price-currencySymbol\">\u20ac<\/span>240.00<\/bdi><\/span><\/span>\n\t\t\t\t    \t\t\t\t<\/div>\n\t\t\t\t\t\t\t<a href=\"https:\/\/redsea-dream-tours.net\/cs\/produkt\/cairo-overnight-pyramids-museum-old-cairo\/\" class=\"btn product-btn-book-now\">\n\t\t\t\t\t<span>Prozkoumejte str\u00e1nky<\/span>\n\t\t\t\t<\/a>\n\t\t\t\t\t<\/div>\n    <\/div>\n<\/div><\/div>\n<div class=\"ova-product product type-product post-9417 status-publish instock product_cat-cairo has-post-thumbnail shipping-taxable purchasable product-type-ovabrw_car_rental\">\n\t\n<div class=\"ova_head_product\">\n\t\t\t<a href=\"https:\/\/redsea-dream-tours.net\/cs\/produkt\/cairo-private-tour-pyramids-museum\/\" class=\"ova-product-thumbnail\">\n\t\t\t<img loading=\"lazy\" decoding=\"async\" width=\"636\" height=\"426\" src=\"https:\/\/redsea-dream-tours.net\/wp-content\/uploads\/2026\/03\/6f5ef5cdb9eb8091f6c44edae5f89f75-636x426.jpg\" class=\"attachment-tripgo_product_slider size-tripgo_product_slider\" alt=\"Cairo Private Tour \u2013 Pyramids &amp; Museum\" srcset=\"https:\/\/redsea-dream-tours.net\/wp-content\/uploads\/2026\/03\/6f5ef5cdb9eb8091f6c44edae5f89f75-636x426.jpg 636w, https:\/\/redsea-dream-tours.net\/wp-content\/uploads\/2026\/03\/6f5ef5cdb9eb8091f6c44edae5f89f75-416x280.jpg 416w\" sizes=\"(max-width: 636px) 100vw, 636px\" \/>\t\t<\/a>\n\t<\/div>\n<div class=\"ova_foot_product\">\n\t<div class=\"ova-product-day-title-location\">\n\t\t\t\t\t<h2 class=\"ova-product-title\">\n\t\t\t\t<a href=\"https:\/\/redsea-dream-tours.net\/cs\/produkt\/cairo-private-tour-pyramids-museum\/\">\n\t\t\t        Soukrom\u00e1 prohl\u00eddka K\u00e1hiry - pyramidy a muzeum\t\t\t    <\/a>\n\t\t\t<\/h2>\n\t\t\t<\/div>\n    <div class=\"ova-product-review-and-price\">\n    \t\t\t<div class=\"ova-product-wrapper-price\">\n\t\t\t\t\t\t\t<div class=\"ova-product-price\">\n\t\t\t\t\t\t\t\t\t\t\t<span class=\"new-product-price\"><span class=\"woocommerce-Price-amount amount\"><bdi><span class=\"woocommerce-Price-currencySymbol\">\u20ac<\/span>300.00<\/bdi><\/span><\/span>\n\t\t\t\t    \t\t\t\t<\/div>\n\t\t\t\t\t\t\t<a href=\"https:\/\/redsea-dream-tours.net\/cs\/produkt\/cairo-private-tour-pyramids-museum\/\" class=\"btn product-btn-book-now\">\n\t\t\t\t\t<span>Prozkoumejte str\u00e1nky<\/span>\n\t\t\t\t<\/a>\n\t\t\t\t\t<\/div>\n    <\/div>\n<\/div><\/div>\t\t\t\t<\/div>\n\t\t\t\t\t\t\t<\/div>\n\t\t\t\t<\/div>\n\t\t\t\t\t<\/div>\n\t\t<\/div>\n\t\t\t\t\t<\/div>\n\t\t<\/section>\n\t\t\t\t<\/div>","protected":false},"excerpt":{"rendered":"<p>Cairo Tours Cairo &#038; GEM (Bus) : Pyramids, Sphinx &#038; Museum Tour &#36;85.00 Explore Cairo Gem Van: Pyramids, Sphinx &#038; Museum &#36;95.00 Explore Cairo Overnight : Pyramids, Museum &#038; Old Cairo &#36;240.00 Explore Cairo VIP Tour: Private Luxury for 8 Guests &#36;80.00 Explore Cairo Plane Tour: Private Luxury for Two &#36;240.00 Explore 1 day Cairo [&hellip;]<\/p>\n","protected":false},"author":1,"featured_media":0,"parent":0,"menu_order":0,"comment_status":"closed","ping_status":"closed","template":"elementor_header_footer","meta":{"_monsterinsights_skip_tracking":false,"_monsterinsights_sitenote_active":false,"_monsterinsights_sitenote_note":"","_monsterinsights_sitenote_category":0,"_mbp_gutenberg_autopost":false,"footnotes":""},"class_list":["post-10256","page","type-page","status-publish","hentry"],"_hostinger_reach_plugin_has_subscription_block":false,"_hostinger_reach_plugin_is_elementor":false,"_links":{"self":[{"href":"https:\/\/redsea-dream-tours.net\/cs\/wp-json\/wp\/v2\/pages\/10256","targetHints":{"allow":["GET"]}}],"collection":[{"href":"https:\/\/redsea-dream-tours.net\/cs\/wp-json\/wp\/v2\/pages"}],"about":[{"href":"https:\/\/redsea-dream-tours.net\/cs\/wp-json\/wp\/v2\/types\/page"}],"author":[{"embeddable":true,"href":"https:\/\/redsea-dream-tours.net\/cs\/wp-json\/wp\/v2\/users\/1"}],"replies":[{"embeddable":true,"href":"https:\/\/redsea-dream-tours.net\/cs\/wp-json\/wp\/v2\/comments?post=10256"}],"version-history":[{"count":7,"href":"https:\/\/redsea-dream-tours.net\/cs\/wp-json\/wp\/v2\/pages\/10256\/revisions"}],"predecessor-version":[{"id":10574,"href":"https:\/\/redsea-dream-tours.net\/cs\/wp-json\/wp\/v2\/pages\/10256\/revisions\/10574"}],"wp:attachment":[{"href":"https:\/\/redsea-dream-tours.net\/cs\/wp-json\/wp\/v2\/media?parent=10256"}],"curies":[{"name":"wp","href":"https:\/\/api.w.org\/{rel}","templated":true}]}}