{"id":7540,"date":"2023-06-06T09:10:33","date_gmt":"2023-06-06T09:10:33","guid":{"rendered":"https:\/\/redsea-dream-tours.net\/?page_id=7540"},"modified":"2026-03-16T05:26:02","modified_gmt":"2026-03-16T05:26:02","slug":"happy-moments","status":"publish","type":"page","link":"https:\/\/redsea-dream-tours.net\/cs\/happy-moments\/","title":{"rendered":"\u0160\u0165astn\u00e9 okam\u017eiky"},"content":{"rendered":"<div data-elementor-type=\"wp-page\" data-elementor-id=\"7540\" class=\"elementor elementor-7540\" data-elementor-post-type=\"page\">\n\t\t\t\t<div class=\"elementor-element elementor-element-bd9a8f7 e-flex e-con-boxed e-con e-parent\" data-id=\"bd9a8f7\" data-element_type=\"container\" data-e-type=\"container\" data-settings=\"{&quot;ekit_has_onepagescroll_dot&quot;:&quot;yes&quot;}\">\n\t\t\t\t\t<div class=\"e-con-inner\">\n\t\t\t\t<div class=\"elementor-element elementor-element-8d4bdcf elementor-widget elementor-widget-html\" data-id=\"8d4bdcf\" data-element_type=\"widget\" data-e-type=\"widget\" data-settings=\"{&quot;ekit_we_effect_on&quot;:&quot;none&quot;}\" data-widget_type=\"html.default\">\n\t\t\t\t\t<style>\r\n\r\n\/* ===== Gallery Section ===== *\/\r\n\r\n.gallery-section{\r\npadding:px 20px;\r\nbackground:#f8fafc;\r\n}\r\n\r\n.gallery-container{\r\nmax-width:1200px;\r\nmargin:auto;\r\n}\r\n\r\n.gallery-title{\r\ntext-align:center;\r\nmargin-bottom:50px;\r\n}\r\n\r\n.gallery-title h2{\r\nfont-size:40px;\r\nfont-weight:700;\r\ncolor:#0f172a;\r\n}\r\n\r\n.gallery-title p{\r\ncolor:#64748b;\r\nmargin-top:10px;\r\n}\r\n\r\n\/* GRID *\/\r\n\r\n.gallery-grid{\r\ndisplay:grid;\r\ngrid-template-columns:repeat(5,1fr);\r\ngap:15px;\r\n}\r\n\r\n\/* IMAGE CARD *\/\r\n\r\n.gallery-item{\r\nposition:relative;\r\noverflow:hidden;\r\nborder-radius:15px;\r\ncursor:pointer;\r\n}\r\n\r\n.gallery-item img{\r\nwidth:100%;\r\nheight:230px;\r\nobject-fit:cover;\r\ntransition:0.5s;\r\n}\r\n\r\n\/* HOVER *\/\r\n\r\n.gallery-item:hover img{\r\ntransform:scale(1.1);\r\n}\r\n\r\n.gallery-overlay{\r\nposition:absolute;\r\ntop:0;\r\nleft:0;\r\nwidth:100%;\r\nheight:100%;\r\nbackground:linear-gradient(to top,rgba(0,0,0,0.6),transparent);\r\nopacity:0;\r\ndisplay:flex;\r\nalign-items:center;\r\njustify-content:center;\r\ntransition:0.4s;\r\n}\r\n\r\n.gallery-item:hover .gallery-overlay{\r\nopacity:1;\r\n}\r\n\r\n.gallery-icon{\r\ncolor:white;\r\nfont-size:30px;\r\nbackground:rgba(255,255,255,0.2);\r\npadding:15px;\r\nborder-radius:50%;\r\nbackdrop-filter:blur(5px);\r\n}\r\n\r\n\/* RESPONSIVE *\/\r\n\r\n@media(max-width:1024px){\r\n.gallery-grid{\r\ngrid-template-columns:repeat(3,1fr);\r\n}\r\n}\r\n\r\n@media(max-width:768px){\r\n.gallery-grid{\r\ngrid-template-columns:repeat(2,1fr);\r\n}\r\n}\r\n\r\n<\/style>\r\n\r\n\r\n<section class=\"gallery-section\">\r\n\r\n<div class=\"gallery-container\">\r\n\r\n<div class=\"gallery-title\">\r\n<h2>Na\u0161e \u0161\u0165astn\u00e9 okam\u017eiky<\/h2>\r\n<p>Prozkoumejte nezapomenuteln\u00e9 okam\u017eiky z na\u0161ich z\u00e1jezd\u016f k Rud\u00e9mu mo\u0159i<\/p>\r\n<\/div>\r\n\r\n\r\n<div class=\"gallery-grid\">\r\n\r\n<div class=\"gallery-item\">\r\n<img decoding=\"async\" src=\"https:\/\/redsea-dream-tours.net\/wp-content\/uploads\/2026\/03\/WhatsApp-Image-2026-03-02-at-11.47.52-PM-1.jpeg\">\r\n<div class=\"gallery-overlay\">\r\n<div class=\"gallery-icon\">+<\/div>\r\n<\/div>\r\n<\/div>\r\n\r\n<div class=\"gallery-item\">\r\n<img decoding=\"async\" src=\"https:\/\/redsea-dream-tours.net\/wp-content\/uploads\/2026\/03\/WhatsApp-Image-2026-03-02-at-11.47.51-PM.jpeg\">\r\n<div class=\"gallery-overlay\">\r\n<div class=\"gallery-icon\">+<\/div>\r\n<\/div>\r\n<\/div>\r\n\r\n<div class=\"gallery-item\">\r\n<img decoding=\"async\" src=\"https:\/\/redsea-dream-tours.net\/wp-content\/uploads\/2026\/03\/WhatsApp-Image-2026-03-02-at-11.45.52-PM.jpeg\">\r\n<div class=\"gallery-overlay\">\r\n<div class=\"gallery-icon\">+<\/div>\r\n<\/div>\r\n<\/div>\r\n\r\n<div class=\"gallery-item\">\r\n<img decoding=\"async\" src=\"https:\/\/redsea-dream-tours.net\/wp-content\/uploads\/2026\/03\/WhatsApp-Image-2026-03-02-at-11.45.45-PM-2.jpeg\">\r\n<div class=\"gallery-overlay\">\r\n<div class=\"gallery-icon\">+<\/div>\r\n<\/div>\r\n<\/div>\r\n\r\n<div class=\"gallery-item\">\r\n<img decoding=\"async\" src=\"https:\/\/redsea-dream-tours.net\/wp-content\/uploads\/2026\/03\/WhatsApp-Image-2026-03-02-at-11.49.14-PM-1.jpeg\">\r\n<div class=\"gallery-overlay\">\r\n<div class=\"gallery-icon\">+<\/div>\r\n<\/div>\r\n<\/div>\r\n\r\n<div class=\"gallery-item\">\r\n<img decoding=\"async\" src=\"https:\/\/redsea-dream-tours.net\/wp-content\/uploads\/2026\/03\/WhatsApp-Image-2026-03-02-at-11.49.16-PM-1.jpeg\">\r\n<div class=\"gallery-overlay\">\r\n<div class=\"gallery-icon\">+<\/div>\r\n<\/div>\r\n<\/div>\r\n\r\n<div class=\"gallery-item\">\r\n<img decoding=\"async\" src=\"https:\/\/redsea-dream-tours.net\/wp-content\/uploads\/2026\/03\/WhatsApp-Image-2026-03-02-at-11.49.15-PM-2.jpeg\">\r\n<div class=\"gallery-overlay\">\r\n<div class=\"gallery-icon\">+<\/div>\r\n<\/div>\r\n<\/div>\r\n\r\n<div class=\"gallery-item\">\r\n<img decoding=\"async\" src=\"https:\/\/redsea-dream-tours.net\/wp-content\/uploads\/2026\/03\/WhatsApp-Image-2026-03-02-at-11.49.15-PM-3.jpeg\">\r\n<div class=\"gallery-overlay\">\r\n<div class=\"gallery-icon\">+<\/div>\r\n<\/div>\r\n<\/div>\r\n\r\n<div class=\"gallery-item\">\r\n<img decoding=\"async\" src=\"https:\/\/redsea-dream-tours.net\/wp-content\/uploads\/2026\/03\/WhatsApp-Image-2026-03-02-at-11.45.47-PM-2.jpeg\">\r\n<div class=\"gallery-overlay\">\r\n<div class=\"gallery-icon\">+<\/div>\r\n<\/div>\r\n<\/div>\r\n\r\n<div class=\"gallery-item\">\r\n<img decoding=\"async\" src=\"https:\/\/redsea-dream-tours.net\/wp-content\/uploads\/2026\/03\/WhatsApp-Image-2026-03-02-at-11.47.49-PM.jpeg\">\r\n<div class=\"gallery-overlay\">\r\n<div class=\"gallery-icon\">+<\/div>\r\n<\/div>\r\n<\/div>\r\n\r\n<\/div>\r\n<\/div>\r\n<\/section>\t\t\t\t<\/div>\n\t\t\t\t\t<\/div>\n\t\t\t\t<\/div>\n\t\t\t\t<\/div>","protected":false},"excerpt":{"rendered":"<p>Our Happy Moments Explore unforgettable moments from our Red Sea tours + + + + + + + + + +<\/p>","protected":false},"author":1,"featured_media":0,"parent":0,"menu_order":0,"comment_status":"closed","ping_status":"closed","template":"elementor_header_footer","meta":{"_monsterinsights_skip_tracking":false,"_monsterinsights_sitenote_active":false,"_monsterinsights_sitenote_note":"","_monsterinsights_sitenote_category":0,"_mbp_gutenberg_autopost":false,"footnotes":""},"class_list":["post-7540","page","type-page","status-publish","hentry"],"_hostinger_reach_plugin_has_subscription_block":false,"_hostinger_reach_plugin_is_elementor":false,"_links":{"self":[{"href":"https:\/\/redsea-dream-tours.net\/cs\/wp-json\/wp\/v2\/pages\/7540","targetHints":{"allow":["GET"]}}],"collection":[{"href":"https:\/\/redsea-dream-tours.net\/cs\/wp-json\/wp\/v2\/pages"}],"about":[{"href":"https:\/\/redsea-dream-tours.net\/cs\/wp-json\/wp\/v2\/types\/page"}],"author":[{"embeddable":true,"href":"https:\/\/redsea-dream-tours.net\/cs\/wp-json\/wp\/v2\/users\/1"}],"replies":[{"embeddable":true,"href":"https:\/\/redsea-dream-tours.net\/cs\/wp-json\/wp\/v2\/comments?post=7540"}],"version-history":[{"count":14,"href":"https:\/\/redsea-dream-tours.net\/cs\/wp-json\/wp\/v2\/pages\/7540\/revisions"}],"predecessor-version":[{"id":10688,"href":"https:\/\/redsea-dream-tours.net\/cs\/wp-json\/wp\/v2\/pages\/7540\/revisions\/10688"}],"wp:attachment":[{"href":"https:\/\/redsea-dream-tours.net\/cs\/wp-json\/wp\/v2\/media?parent=7540"}],"curies":[{"name":"wp","href":"https:\/\/api.w.org\/{rel}","templated":true}]}}