{"id":10449,"date":"2026-03-07T05:37:40","date_gmt":"2026-03-07T05:37:40","guid":{"rendered":"https:\/\/redsea-dream-tours.net\/?post_type=product&#038;p=10449"},"modified":"2026-03-07T05:37:45","modified_gmt":"2026-03-07T05:37:45","slug":"grand-aquarium-marine-life-ocean-wonders","status":"publish","type":"product","link":"https:\/\/redsea-dream-tours.net\/cs\/produkt\/grand-aquarium-marine-life-ocean-wonders\/","title":{"rendered":"Velk\u00e9 akv\u00e1rium: Aquarium: mo\u0159sk\u00fd \u017eivot a z\u00e1zraky oce\u00e1nu"},"content":{"rendered":"<p data-start=\"78\" data-end=\"136\"><strong data-start=\"78\" data-end=\"134\">\ud83d\udc20 Pono\u0159te se do div\u016f Velk\u00e9ho akv\u00e1ria v Hurghad\u011b!<\/strong><\/p>\n<p data-start=\"138\" data-end=\"483\">Vstupte do <strong data-start=\"151\" data-end=\"188\">podmo\u0159sk\u00fd sv\u011bt jako \u017e\u00e1dn\u00fd jin\u00fd \ud83c\udf0a<\/strong>, kde m\u016f\u017eete prozkoumat neuv\u011b\u0159itelnou kr\u00e1su a tajemstv\u00ed Rud\u00e9ho mo\u0159e i dal\u0161\u00edch oblast\u00ed. Na str\u00e1nk\u00e1ch <strong data-start=\"277\" data-end=\"304\">Velk\u00e9 akv\u00e1rium v Hurghad\u011b<\/strong> je domovem <strong data-start=\"316\" data-end=\"348\">v\u00edce ne\u017e 500 mo\u0159sk\u00fdch \u017eivo\u010dich\u016f \ud83d\udc22\ud83d\udc1f<\/strong>, p\u0159edstavuj\u00edc\u00ed <strong data-start=\"363\" data-end=\"388\">v\u00edce ne\u017e 200 druh\u016f<\/strong> na adrese <strong data-start=\"396\" data-end=\"428\">22 \u00fachvatn\u00fdch expon\u00e1t\u016f \ud83c\udfdd\ufe0f<\/strong> - ka\u017ed\u00fd z nich nab\u00edz\u00ed nov\u00fd a fascinuj\u00edc\u00ed objev.<\/p>\n<p data-start=\"485\" data-end=\"516\"><strong data-start=\"485\" data-end=\"514\">\u2728 Co v\u00e1s \u010dek\u00e1 uvnit\u0159?<\/strong><\/p>\n<ul data-start=\"517\" data-end=\"854\">\n<li data-start=\"517\" data-end=\"612\">\n<p data-start=\"519\" data-end=\"612\"><strong data-start=\"519\" data-end=\"546\">Fascinuj\u00edc\u00ed mo\u0159sk\u00fd \u017eivot<\/strong> - od barevn\u00fdch ryb kor\u00e1lov\u00e9ho \u00fatesu a\u017e po majest\u00e1tn\u00ed rejnoky a \u017eraloky \ud83e\udd88.<\/p>\n<\/li>\n<li data-start=\"613\" data-end=\"686\">\n<p data-start=\"615\" data-end=\"686\"><strong data-start=\"615\" data-end=\"637\">Poutav\u00e9 expon\u00e1ty<\/strong> kter\u00e9 v\u00e1m umo\u017en\u00ed proj\u00edt se po z\u00e1zrac\u00edch oce\u00e1nu.<\/p>\n<\/li>\n<li data-start=\"687\" data-end=\"768\">\n<p data-start=\"689\" data-end=\"768\"><strong data-start=\"689\" data-end=\"728\">Chovatelsk\u00e9 a ochran\u00e1\u0159sk\u00e9 programy \ud83c\udf31<\/strong> ochrana ohro\u017een\u00fdch mo\u0159sk\u00fdch druh\u016f.<\/p>\n<\/li>\n<li data-start=\"769\" data-end=\"854\">\n<p data-start=\"771\" data-end=\"854\"><strong data-start=\"771\" data-end=\"801\">Vzd\u011bl\u00e1vac\u00ed zku\u0161enosti \ud83c\udf93<\/strong> vzbudit l\u00e1sku k oce\u00e1nu a jeho tvor\u016fm.<\/p>\n<\/li>\n<\/ul>\n<p data-start=\"179\" data-end=\"193\"><strong data-start=\"179\" data-end=\"191\">Program:<\/strong><\/p>\n<ul data-start=\"194\" data-end=\"414\">\n<li data-start=\"194\" data-end=\"247\">\n<p data-start=\"196\" data-end=\"247\">Odjezd kolem 10:00, n\u00e1vrat kolem 12:00.<\/p>\n<\/li>\n<li data-start=\"248\" data-end=\"275\">\n<p data-start=\"250\" data-end=\"275\">Celkov\u00e1 doba trv\u00e1n\u00ed: 2 hodiny<\/p>\n<\/li>\n<li data-start=\"276\" data-end=\"312\">\n<p data-start=\"278\" data-end=\"312\">\u017dralo\u010d\u00ed show na 1 hodinu (voliteln\u011b)<\/p>\n<\/li>\n<li data-start=\"313\" data-end=\"369\">\n<p data-start=\"315\" data-end=\"369\">Voln\u00fd \u010das na prohl\u00eddku are\u00e1lu a prohl\u00eddku expon\u00e1t\u016f<\/p>\n<\/li>\n<li data-start=\"370\" data-end=\"414\">\n<p data-start=\"372\" data-end=\"414\">Zp\u00e1te\u010dn\u00ed transfer p\u0159ed akv\u00e1rium<\/p>\n<\/li>\n<\/ul>\n<p data-start=\"416\" data-end=\"439\"><strong data-start=\"416\" data-end=\"437\">Zahrnut\u00e9 mo\u017enosti:<\/strong><\/p>\n<ul data-start=\"440\" data-end=\"495\">\n<li data-start=\"440\" data-end=\"469\">\n<p data-start=\"442\" data-end=\"469\">Hotelov\u00fd transfer tam i zp\u011bt<\/p>\n<\/li>\n<li data-start=\"470\" data-end=\"495\">\n<p data-start=\"472\" data-end=\"495\">Vstupenka do akv\u00e1ria<\/p>\n<\/li>\n<\/ul>\n<p data-start=\"856\" data-end=\"1070\">A\u0165 u\u017e jste <strong data-start=\"873\" data-end=\"905\">rodina s d\u011btmi \ud83d\udc68\u200d\ud83d\udc69\u200d\ud83d\udc67\u200d\ud83d\udc66<\/strong>, nad\u0161enci do mo\u0159sk\u00fdch \u017eivo\u010dich\u016f nebo jen hled\u00e1te m\u00edsto, kde byste mohli str\u00e1vit <strong data-start=\"955\" data-end=\"982\">z\u00e1bavn\u00fd a vzd\u011bl\u00e1vac\u00ed den<\/strong>, Velk\u00e9 akv\u00e1rium v Hurghad\u011b slibuje <strong data-start=\"1021\" data-end=\"1067\">nezapomenuteln\u00e1 cesta pod vlny<\/strong>.<\/p>\n<p data-start=\"71\" data-end=\"95\">\ud83e\udd11 <strong data-start=\"74\" data-end=\"93\">Cena aktivity:<\/strong><\/p>\n<ul data-start=\"96\" data-end=\"177\">\n<li data-start=\"96\" data-end=\"122\">\n<p data-start=\"98\" data-end=\"122\">Od 10 let: 45 \u20ac<\/p>\n<\/li>\n<li data-start=\"123\" data-end=\"143\">\n<p data-start=\"125\" data-end=\"143\">Od 4 do 9 let: 25 \u20ac<\/p>\n<\/li>\n<li data-start=\"144\" data-end=\"177\">\n<p data-start=\"146\" data-end=\"177\">Do 4 let: Nen\u00ed povoleno \ud83d\udeab<\/p>\n<\/li>\n<\/ul>\n<h3 data-start=\"2198\" data-end=\"2225\"><strong data-start=\"2205\" data-end=\"2223\">Platba v USD ($ \ud83c\uddfa\ud83c\uddf8) m\u00edsto v EUR (\u20ac \ud83c\uddea\ud83c\uddfa) je mo\u017en\u00e1 podle denn\u00edho kurzu banky.<\/strong><\/h3>\n<p><strong>Kniha p\u0159es WhatsApp:<\/strong><\/p>\n<p><a href=\"https:\/\/wa.me\/201021058859\" target=\"_blank\" rel=\"noopener\">\u00a0<img decoding=\"async\" class=\"alignnone wp-image-2058\" src=\"https:\/\/poehalisnamiegypt.com\/wp-content\/uploads\/2024\/02\/pngwing.com_-300x300.png\" sizes=\"auto, (max-width: 35px) 100vw, 35px\" srcset=\"https:\/\/poehalisnamiegypt.com\/wp-content\/uploads\/2024\/02\/pngwing.com_-300x300.png 300w, https:\/\/poehalisnamiegypt.com\/wp-content\/uploads\/2024\/02\/pngwing.com_-150x150.png 150w, https:\/\/poehalisnamiegypt.com\/wp-content\/uploads\/2024\/02\/pngwing.com_.png 584w\" alt=\"\" width=\"53\" height=\"53\" \/><\/a><\/p>\n<p>&nbsp;<\/p>\n<div id=\"gtx-trans\" style=\"position: absolute; left: 290px; top: 1.2px;\">\n<div class=\"gtx-trans-icon\"><\/div>\n<\/div>","protected":false},"excerpt":{"rendered":"<p>\ud83d\udc20 Dive into the Wonders of Hurghada Grand Aquarium! Step into an underwater world like no other \ud83c\udf0a, where you can explore the incredible beauty and mystery of the Red Sea and beyond. The Hurghada Grand Aquarium is home to over 500 marine animals \ud83d\udc22\ud83d\udc1f, representing more than 200 species across 22 breathtaking exhibits \ud83c\udfdd\ufe0f [&hellip;]<\/p>\n","protected":false},"featured_media":10450,"comment_status":"open","ping_status":"closed","template":"","meta":{"_monsterinsights_skip_tracking":false,"_monsterinsights_sitenote_active":false,"_monsterinsights_sitenote_note":"","_monsterinsights_sitenote_category":0,"_mbp_gutenberg_autopost":false},"product_brand":[],"product_cat":[61],"product_tag":[],"class_list":{"0":"post-10449","1":"product","2":"type-product","3":"status-publish","4":"has-post-thumbnail","6":"product_cat-entertaining","8":"first","9":"instock","10":"shipping-taxable","11":"purchasable","12":"product-type-ovabrw_car_rental"},"_links":{"self":[{"href":"https:\/\/redsea-dream-tours.net\/cs\/wp-json\/wp\/v2\/product\/10449","targetHints":{"allow":["GET"]}}],"collection":[{"href":"https:\/\/redsea-dream-tours.net\/cs\/wp-json\/wp\/v2\/product"}],"about":[{"href":"https:\/\/redsea-dream-tours.net\/cs\/wp-json\/wp\/v2\/types\/product"}],"replies":[{"embeddable":true,"href":"https:\/\/redsea-dream-tours.net\/cs\/wp-json\/wp\/v2\/comments?post=10449"}],"wp:featuredmedia":[{"embeddable":true,"href":"https:\/\/redsea-dream-tours.net\/cs\/wp-json\/wp\/v2\/media\/10450"}],"wp:attachment":[{"href":"https:\/\/redsea-dream-tours.net\/cs\/wp-json\/wp\/v2\/media?parent=10449"}],"wp:term":[{"taxonomy":"product_brand","embeddable":true,"href":"https:\/\/redsea-dream-tours.net\/cs\/wp-json\/wp\/v2\/product_brand?post=10449"},{"taxonomy":"product_cat","embeddable":true,"href":"https:\/\/redsea-dream-tours.net\/cs\/wp-json\/wp\/v2\/product_cat?post=10449"},{"taxonomy":"product_tag","embeddable":true,"href":"https:\/\/redsea-dream-tours.net\/cs\/wp-json\/wp\/v2\/product_tag?post=10449"}],"curies":[{"name":"wp","href":"https:\/\/api.w.org\/{rel}","templated":true}]}}