{"id":10461,"date":"2026-03-07T05:42:37","date_gmt":"2026-03-07T05:42:37","guid":{"rendered":"https:\/\/redsea-dream-tours.net\/?post_type=product&#038;p=10461"},"modified":"2026-03-07T05:42:40","modified_gmt":"2026-03-07T05:42:40","slug":"motocross-desert-ride-speed-sand-adrenaline","status":"publish","type":"product","link":"https:\/\/redsea-dream-tours.net\/cs\/produkt\/motocross-desert-ride-speed-sand-adrenaline\/","title":{"rendered":"Motokrosov\u00e1 j\u00edzda v pou\u0161ti: rychlost, p\u00edsek a adrenalin"},"content":{"rendered":"<h3 data-start=\"97\" data-end=\"171\">\ud83c\udfcd\ufe0f Motokrosov\u00e9 pou\u0161tn\u00ed dobrodru\u017estv\u00ed v Hurghad\u011b - \u010dek\u00e1 v\u00e1s \u010dist\u00fd adrenalin!<\/h3>\n<p data-start=\"173\" data-end=\"378\">Za\u017eijte dokonal\u00fd <strong data-start=\"197\" data-end=\"216\">adrenalinov\u00fd z\u00e1\u017eitek<\/strong> a vyd\u00e1te se na vzru\u0161uj\u00edc\u00ed <strong data-start=\"246\" data-end=\"269\">motokrosov\u00e9 dobrodru\u017estv\u00ed<\/strong> drsn\u00fdmi horsk\u00fdmi \u00fadol\u00edmi Hurghady, s majest\u00e1tn\u00edm <strong data-start=\"337\" data-end=\"358\">Poho\u0159\u00ed Rud\u00e9ho mo\u0159e<\/strong> jako pozad\u00ed.<\/p>\n<h4 data-start=\"380\" data-end=\"416\">\ud83d\ude90 Snadn\u00e9 vyzvednut\u00ed a p\u0159\u00edprava<\/h4>\n<p data-start=\"417\" data-end=\"577\">Va\u0161e dobrodru\u017estv\u00ed za\u010d\u00edn\u00e1 <strong data-start=\"446\" data-end=\"485\">pohodln\u00fd transfer z va\u0161eho hotelu<\/strong> na na\u0161i pou\u0161tn\u00ed z\u00e1kladnu. Po p\u0159\u00edjezdu se jeden z na\u0161ich <strong data-start=\"531\" data-end=\"569\">profesion\u00e1ln\u00ed motokrosov\u00ed instrukto\u0159i<\/strong> v\u016fle:<\/p>\n<ul data-start=\"578\" data-end=\"704\">\n<li data-start=\"578\" data-end=\"634\">\n<p data-start=\"580\" data-end=\"634\">\ud83e\uddd1\u200d\ud83c\udfeb Dejte si <strong data-start=\"595\" data-end=\"632\">komplexn\u00ed bezpe\u010dnostn\u00ed pokyny<\/strong><\/p>\n<\/li>\n<li data-start=\"635\" data-end=\"704\">\n<p data-start=\"637\" data-end=\"704\">\ud83e\uddba Vybavte se z\u00e1kladn\u00edmi <strong data-start=\"665\" data-end=\"702\">ochrann\u00e9 pom\u016fcky (p\u0159ilba a bunda)<\/strong><\/p>\n<\/li>\n<\/ul>\n<h4 data-start=\"706\" data-end=\"732\">\ud83c\udfdc\ufe0f J\u00edzda pou\u0161t\u00ed<\/h4>\n<p data-start=\"733\" data-end=\"921\">Nastartujte motor a vyrazte do ter\u00e9nu. <strong data-start=\"778\" data-end=\"801\">srdce pou\u0161t\u011b<\/strong>! U\u017eijte si vzru\u0161uj\u00edc\u00ed <strong data-start=\"821\" data-end=\"838\">dvouhodinov\u00e1 j\u00edzda<\/strong> po p\u00edse\u010dn\u00fdch stezk\u00e1ch a kamenit\u00fdch cest\u00e1ch, obklopen\u00fdch \u00fachvatnou p\u0159\u00edrodn\u00ed scen\u00e9ri\u00ed.<\/p>\n<h4 data-start=\"923\" data-end=\"947\">\ud83c\udfc1 N\u00e1vrat a relaxace<\/h4>\n<p data-start=\"948\" data-end=\"1075\">Po vzru\u0161uj\u00edc\u00ed j\u00edzd\u011b v\u00e1s pohodln\u011b odvezeme zp\u011bt do hotelu - s nezapomenuteln\u00fdmi vzpom\u00ednkami na cestu dom\u016f!<\/p>\n<h4 data-start=\"1077\" data-end=\"1104\">\u26a0\ufe0f Nevhodn\u00e9 pro:<\/h4>\n<ul data-start=\"1105\" data-end=\"1190\">\n<li data-start=\"1105\" data-end=\"1135\">\n<p data-start=\"1107\" data-end=\"1135\">\ud83d\udc76 D\u011bti do 16 let<\/p>\n<\/li>\n<li data-start=\"1136\" data-end=\"1157\">\n<p data-start=\"1138\" data-end=\"1157\">\ud83e\udd30 T\u011bhotn\u00e9 \u017eeny<\/p>\n<\/li>\n<li data-start=\"1158\" data-end=\"1190\">\n<p data-start=\"1160\" data-end=\"1190\">\ud83d\udeab Lid\u00e9 s probl\u00e9my se z\u00e1dy<\/p>\n<table style=\"height: 68px;\" width=\"714\">\n<tbody>\n<tr>\n<td width=\"126\"><strong>\u00a0\u20ac\u00a0 150.00<\/strong><\/td>\n<td width=\"307\"><strong>Moto Cross KTM 530 CC<\/strong><\/td>\n<\/tr>\n<tr>\n<td><strong>\u00a0\u20ac\u00a0\u00a0\u00a0 90.00<\/strong><\/td>\n<td width=\"307\"><strong>Moto Cross Yamaha 250 CC<\/strong><\/td>\n<\/tr>\n<tr>\n<td><strong>\u00a0\u20ac\u00a0 110.00<\/strong><\/td>\n<td width=\"307\"><strong>Moto Cross KTM 640 CC<\/strong><\/td>\n<\/tr>\n<\/tbody>\n<\/table>\n<\/li>\n<li data-start=\"1158\" data-end=\"1190\">\n<h3 data-start=\"2198\" data-end=\"2225\"><strong data-start=\"2205\" data-end=\"2223\">Platba v USD ($ \ud83c\uddfa\ud83c\uddf8) m\u00edsto v EUR (\u20ac \ud83c\uddea\ud83c\uddfa) je mo\u017en\u00e1 podle denn\u00edho kurzu banky.<\/strong><\/h3>\n<\/li>\n<li data-start=\"1158\" data-end=\"1190\"><strong>Kniha p\u0159es WhatsApp:<\/strong><\/li>\n<li data-start=\"1158\" data-end=\"1190\"><a href=\"https:\/\/wa.me\/201021058859\" target=\"_blank\" rel=\"noopener\">\u00a0<img decoding=\"async\" class=\"alignnone wp-image-2058\" src=\"https:\/\/poehalisnamiegypt.com\/wp-content\/uploads\/2024\/02\/pngwing.com_-300x300.png\" sizes=\"auto, (max-width: 35px) 100vw, 35px\" srcset=\"https:\/\/poehalisnamiegypt.com\/wp-content\/uploads\/2024\/02\/pngwing.com_-300x300.png 300w, https:\/\/poehalisnamiegypt.com\/wp-content\/uploads\/2024\/02\/pngwing.com_-150x150.png 150w, https:\/\/poehalisnamiegypt.com\/wp-content\/uploads\/2024\/02\/pngwing.com_.png 584w\" alt=\"\" width=\"53\" height=\"53\" \/><\/a><\/li>\n<\/ul>","protected":false},"excerpt":{"rendered":"<p>\ud83c\udfcd\ufe0f Motocross Desert Adventure in Hurghada \u2013 Pure Adrenaline Awaits! Experience the ultimate adrenaline rush as you embark on a thrilling motocross adventure through the rugged mountain valleys of Hurghada, with the majestic Red Sea Mountains as your backdrop. \ud83d\ude90 Easy Pick-Up &amp; Preparation Your adventure begins with a convenient transfer from your hotel to [&hellip;]<\/p>\n","protected":false},"featured_media":10462,"comment_status":"open","ping_status":"closed","template":"","meta":{"_monsterinsights_skip_tracking":false,"_monsterinsights_sitenote_active":false,"_monsterinsights_sitenote_note":"","_monsterinsights_sitenote_category":0,"_mbp_gutenberg_autopost":false},"product_brand":[],"product_cat":[62],"product_tag":[],"class_list":{"0":"post-10461","1":"product","2":"type-product","3":"status-publish","4":"has-post-thumbnail","6":"product_cat-safari","8":"first","9":"instock","10":"shipping-taxable","11":"purchasable","12":"product-type-ovabrw_car_rental"},"_links":{"self":[{"href":"https:\/\/redsea-dream-tours.net\/cs\/wp-json\/wp\/v2\/product\/10461","targetHints":{"allow":["GET"]}}],"collection":[{"href":"https:\/\/redsea-dream-tours.net\/cs\/wp-json\/wp\/v2\/product"}],"about":[{"href":"https:\/\/redsea-dream-tours.net\/cs\/wp-json\/wp\/v2\/types\/product"}],"replies":[{"embeddable":true,"href":"https:\/\/redsea-dream-tours.net\/cs\/wp-json\/wp\/v2\/comments?post=10461"}],"wp:featuredmedia":[{"embeddable":true,"href":"https:\/\/redsea-dream-tours.net\/cs\/wp-json\/wp\/v2\/media\/10462"}],"wp:attachment":[{"href":"https:\/\/redsea-dream-tours.net\/cs\/wp-json\/wp\/v2\/media?parent=10461"}],"wp:term":[{"taxonomy":"product_brand","embeddable":true,"href":"https:\/\/redsea-dream-tours.net\/cs\/wp-json\/wp\/v2\/product_brand?post=10461"},{"taxonomy":"product_cat","embeddable":true,"href":"https:\/\/redsea-dream-tours.net\/cs\/wp-json\/wp\/v2\/product_cat?post=10461"},{"taxonomy":"product_tag","embeddable":true,"href":"https:\/\/redsea-dream-tours.net\/cs\/wp-json\/wp\/v2\/product_tag?post=10461"}],"curies":[{"name":"wp","href":"https:\/\/api.w.org\/{rel}","templated":true}]}}