{"id":10700,"date":"2026-03-16T18:02:43","date_gmt":"2026-03-16T18:02:43","guid":{"rendered":"https:\/\/redsea-dream-tours.net\/?post_type=product&#038;p=10700"},"modified":"2026-03-16T18:32:27","modified_gmt":"2026-03-16T18:32:27","slug":"paradise-island-hurghada-trip","status":"publish","type":"product","link":"https:\/\/redsea-dream-tours.net\/cs\/produkt\/paradise-island-hurghada-trip\/","title":{"rendered":"V\u00fdlet na Rajsk\u00fd ostrov Hurghada"},"content":{"rendered":"<hr data-start=\"158\" data-end=\"161\" \/>\n<h1 data-section-id=\"nlmcvs\" data-start=\"99\" data-end=\"178\">V\u00fdlet na \ud83c\udfdd\ufe0f Paradise Island Hurghada - jeden z nejlep\u0161\u00edch v\u00fdlet\u016f na ostrovy v Rud\u00e9m mo\u0159i<\/h1>\n<p data-start=\"180\" data-end=\"364\">Na str\u00e1nk\u00e1ch <strong data-start=\"184\" data-end=\"217\">V\u00fdlet na Rajsk\u00fd ostrov Hurghada<\/strong> je jedn\u00edm z nejobl\u00edben\u011bj\u0161\u00edch v\u00fdlet\u016f po mo\u0159i v Rud\u00e9m mo\u0159i. Nab\u00edz\u00ed dokonalou kombinaci odpo\u010dinku, dobrodru\u017estv\u00ed a \u00fachvatn\u00fdch p\u0159\u00edrodn\u00edch kr\u00e1s.<\/p>\n<p data-start=\"366\" data-end=\"640\">Nach\u00e1z\u00ed se uvnit\u0159 slavn\u00e9ho <strong data-start=\"392\" data-end=\"424\">N\u00e1rodn\u00ed park Giftunsk\u00e9 ostrovy<\/strong>, Rajsk\u00fd ostrov je zn\u00e1m\u00fd svou k\u0159i\u0161\u0165\u00e1lov\u011b \u010distou tyrkysovou vodou, jemn\u00fdmi b\u00edl\u00fdmi p\u00edse\u010dn\u00fdmi pl\u00e1\u017eemi a n\u00e1dhern\u00fdmi kor\u00e1lov\u00fdmi \u00fatesy. Je to ide\u00e1ln\u00ed m\u00edsto pro plav\u00e1n\u00ed, \u0161norchlov\u00e1n\u00ed, odpo\u010dinek a vychutn\u00e1v\u00e1n\u00ed kouzeln\u00e9 atmosf\u00e9ry Rud\u00e9ho mo\u0159e.<\/p>\n<p data-start=\"642\" data-end=\"836\">A\u0165 u\u017e cestujete s rodinou, p\u0159\u00e1teli nebo s partnerem, je pro v\u00e1s d\u016fle\u017eit\u00e1. <strong data-start=\"711\" data-end=\"749\">V\u00fdlet na Rajsk\u00fd ostrov z Hurghady<\/strong> slibuje n\u00e1dhern\u00fd den pln\u00fd slunce, mo\u0159sk\u00fdch aktivit a nezapomenuteln\u00fdch vzpom\u00ednek.<\/p>\n<hr data-start=\"838\" data-end=\"841\" \/>\n<h1 data-section-id=\"1y6rnyu\" data-start=\"843\" data-end=\"884\">\ud83c\udf0a Pro\u010d si vybrat v\u00fdlet na Rajsk\u00fd ostrov?<\/h1>\n<p data-start=\"886\" data-end=\"975\">Tento v\u00fdlet nab\u00edz\u00ed dokonalou kombinaci odpo\u010dinku a vzru\u0161uj\u00edc\u00edch aktivit na mo\u0159i, v\u010detn\u011b:<\/p>\n<p data-start=\"977\" data-end=\"1218\">\u2728 Koup\u00e1n\u00ed v k\u0159i\u0161\u0165\u00e1lov\u011b \u010dist\u00e9 vod\u011b Rud\u00e9ho mo\u0159e<br data-start=\"1018\" data-end=\"1021\" \/>\u2728 Relaxace na kr\u00e1sn\u00fdch b\u00edl\u00fdch p\u00edse\u010dn\u00fdch pl\u00e1\u017e\u00edch<br data-start=\"1064\" data-end=\"1067\" \/>\u2728 \u0160norchlov\u00e1n\u00ed mezi barevn\u00fdmi kor\u00e1lov\u00fdmi \u00fatesy \ud83d\udc20<br data-start=\"1109\" data-end=\"1112\" \/>\u2728 Vyhl\u00eddkov\u00e1 plavba lod\u00ed po Rud\u00e9m mo\u0159i \ud83d\udea4<br data-start=\"1161\" data-end=\"1164\" \/>\u2728 Po\u0159izov\u00e1n\u00ed n\u00e1dhern\u00fdch fotografi\u00ed ostrovn\u00ed krajiny \ud83d\udcf8<\/p>\n<p data-start=\"1220\" data-end=\"1362\">D\u00edky sv\u00e9 p\u0159\u00edrodn\u00ed kr\u00e1se a \u00fa\u017easn\u00e9mu mo\u0159sk\u00e9mu \u017eivotu, <strong data-start=\"1275\" data-end=\"1303\">Rajsk\u00fd ostrov Hurghada<\/strong> je pova\u017eov\u00e1n za jeden z nejlep\u0161\u00edch ostrovn\u00edch v\u00fdlet\u016f v Rud\u00e9m mo\u0159i.<\/p>\n<hr data-start=\"1364\" data-end=\"1367\" \/>\n<h1 data-section-id=\"1747ir8\" data-start=\"1369\" data-end=\"1411\">\ud83d\udea4 Program v\u00fdletu na Rajsk\u00fd ostrov Hurghada<\/h1>\n<h2 data-section-id=\"1qar8fq\" data-start=\"1413\" data-end=\"1442\">\ud83d\udccd Vyzvednut\u00ed v hotelu a transfer<\/h2>\n<p data-start=\"1443\" data-end=\"1643\">V\u00e1\u0161 den za\u010d\u00edn\u00e1 <strong data-start=\"1464\" data-end=\"1512\">vyzvednut\u00ed v hotelu a transfer do Hurghada Marina<\/strong>, kter\u00e1 je sou\u010d\u00e1st\u00ed v\u00fdletu. Pohodln\u00e1 doprava v\u00e1s odveze z hotelu na lo\u010f a po skon\u010den\u00ed v\u00fdletu zp\u011bt.<\/p>\n<h2 data-section-id=\"ndy8gy\" data-start=\"1645\" data-end=\"1666\">\ud83d\udc20 Zast\u00e1vka na \u0161norchlov\u00e1n\u00ed<\/h2>\n<p data-start=\"1667\" data-end=\"1866\">P\u0159ed doplut\u00edm na ostrov se lo\u010f zastav\u00ed u jednoho z ostrov\u016f. <strong data-start=\"1728\" data-end=\"1768\">nejlep\u0161\u00ed m\u00edsta pro \u0161norchlov\u00e1n\u00ed v Rud\u00e9m mo\u0159i<\/strong>, kde m\u016f\u017eete prozkoumat neuv\u011b\u0159iteln\u00fd podmo\u0159sk\u00fd sv\u011bt pln\u00fd barevn\u00fdch ryb a kor\u00e1lov\u00fdch \u00fates\u016f.<\/p>\n<h2 data-section-id=\"1ezukcp\" data-start=\"1868\" data-end=\"1901\">\ud83c\udfdd\ufe0f P\u0159\u00edjezd na Paradise Island<\/h2>\n<p data-start=\"1902\" data-end=\"2063\">Po p\u0159\u00edjezdu si na ostrov\u011b u\u017eijete voln\u00fd \u010das na koup\u00e1n\u00ed, odpo\u010dinek na pl\u00e1\u017ei, proch\u00e1zku po b\u00edl\u00e9m p\u00edsku nebo kr\u00e1sn\u00e9 fotografie k\u0159i\u0161\u0165\u00e1lov\u011b \u010dist\u00e9 vody.<\/p>\n<h2 data-section-id=\"1l50711\" data-start=\"2065\" data-end=\"2088\">\ud83c\udf7d\ufe0f Ob\u011bd a n\u00e1poje<\/h2>\n<p data-start=\"2089\" data-end=\"2228\">A <strong data-start=\"2091\" data-end=\"2137\">chutn\u00fd ob\u011bd a osv\u011b\u017euj\u00edc\u00ed n\u00e1poje<\/strong> jsou zahrnuty v cen\u011b v\u00fdletu, tak\u017ee si m\u016f\u017eete bez starost\u00ed odpo\u010dinout a u\u017e\u00edt si den.<\/p>\n<h2 data-section-id=\"18l5w2s\" data-start=\"2230\" data-end=\"2259\">\ud83d\udcf8 Voln\u00fd \u010das na ostrov\u011b<\/h2>\n<p data-start=\"2260\" data-end=\"2407\">V\u00edce \u010dasu m\u016f\u017eete str\u00e1vit u\u017e\u00edv\u00e1n\u00edm si tropick\u00e9 atmosf\u00e9ry ostrova, koup\u00e1n\u00edm, opalov\u00e1n\u00edm nebo jen odpo\u010dinkem a obdivov\u00e1n\u00edm n\u00e1dhern\u00e9ho v\u00fdhledu na Rud\u00e9 mo\u0159e.<\/p>\n<h2 data-section-id=\"1xmw8gh\" data-start=\"2409\" data-end=\"2440\">\ud83d\udea4 N\u00e1vrat do Hurghada Marina<\/h2>\n<p data-start=\"2441\" data-end=\"2553\">Po fantastick\u00e9m dni se lo\u010f vr\u00e1t\u00ed do <strong data-start=\"2488\" data-end=\"2507\">Hurghada Marina<\/strong>, po kter\u00e9m n\u00e1sleduje <strong data-start=\"2521\" data-end=\"2552\">transfer zp\u011bt do hotelu<\/strong>.<\/p>\n<hr data-start=\"2555\" data-end=\"2558\" \/>\n<h1 data-section-id=\"knnjmy\" data-start=\"2560\" data-end=\"2579\">\u2b50 Hlavn\u00ed body v\u00fdletu<\/h1>\n<p data-start=\"2581\" data-end=\"2893\">\u2714 Nav\u0161tivte jeden z nejkr\u00e1sn\u011bj\u0161\u00edch ostrov\u016f v Rud\u00e9m mo\u0159i<br data-start=\"2637\" data-end=\"2640\" \/>\u2714 \u0160norchlov\u00e1n\u00ed na \u00fa\u017easn\u00fdch m\u00edstech kor\u00e1lov\u00fdch \u00fates\u016f<br data-start=\"2684\" data-end=\"2687\" \/>\u2714 Pohodln\u00e1 turistick\u00e1 lo\u010f<br data-start=\"2713\" data-end=\"2716\" \/>\u2714 Ob\u011bd a osv\u011b\u017euj\u00edc\u00ed n\u00e1poje v cen\u011b<br data-start=\"2754\" data-end=\"2757\" \/>\u2714 K dispozici je vybaven\u00ed pro \u0161norchlov\u00e1n\u00ed<br data-start=\"2789\" data-end=\"2792\" \/>\u2714 <strong data-start=\"2794\" data-end=\"2846\">Hotelov\u00fd transfer v cen\u011b (z hotelu a do hotelu)<\/strong><br data-start=\"2846\" data-end=\"2849\" \/>\u2714 ide\u00e1ln\u00ed pro rodiny, p\u00e1ry a p\u0159\u00e1tele<\/p>\n<hr data-start=\"2895\" data-end=\"2898\" \/>\n<h1 data-section-id=\"1ry6obm\" data-start=\"2900\" data-end=\"2944\">\ud83d\udcde Rezervujte si v\u00fdlet na Rajsk\u00fd ostrov v Hurghad\u011b<\/h1>\n<p data-start=\"2946\" data-end=\"3079\">U\u017eijte si jeden z nejkr\u00e1sn\u011bj\u0161\u00edch <strong data-start=\"2978\" data-end=\"3007\">V\u00fdlety na ostrovy v Rud\u00e9m mo\u0159i<\/strong> s <strong data-start=\"3013\" data-end=\"3036\">Z\u00e1jezdy k Rud\u00e9mu mo\u0159i sn\u016f<\/strong> a pro\u017eijte pohodov\u00fd den v r\u00e1ji.<\/p>\n<hr data-start=\"2895\" data-end=\"2898\" \/>\n<h3 data-path-to-node=\"15\" data-rm-block-id=\"block-15\"><b data-path-to-node=\"15\" data-index-in-node=\"0\">\ud83e\udd11 Cena exkurze a rezervace<\/b><\/h3>\n<ul data-path-to-node=\"17\">\n<li>\n<p data-path-to-node=\"17,0,0\" data-rm-block-id=\"block-17\"><b data-path-to-node=\"17,0,0\" data-index-in-node=\"0\">Dosp\u011bl\u00ed (od 11 let):<\/b> 35 \u20ac<\/p>\n<\/li>\n<li>\n<p data-path-to-node=\"17,1,0\" data-rm-block-id=\"block-18\"><b data-path-to-node=\"17,1,0\" data-index-in-node=\"0\">D\u011bti (5-11 let):<\/b> 20 \u20ac<\/p>\n<\/li>\n<li>\n<p data-path-to-node=\"17,2,0\" data-rm-block-id=\"block-19\"><b data-path-to-node=\"17,2,0\" data-index-in-node=\"0\">Kojenci (do 5 let):<\/b> <b data-path-to-node=\"17,2,0\" data-index-in-node=\"19\">Zdarma<\/b><\/p>\n<\/li>\n<\/ul>\n<p data-path-to-node=\"18\" data-rm-block-id=\"block-20\"><i data-path-to-node=\"18\" data-index-in-node=\"0\">\u2728 Pozn\u00e1mka: P\u016fj\u010dovna masek a ploutv\u00ed je k dispozici za p\u0159\u00edplatek 5 \u20ac za kus pro va\u0161e podvodn\u00ed dobrodru\u017estv\u00ed!<\/i><\/p>\n<p data-path-to-node=\"19\" data-rm-block-id=\"block-21\"><i data-path-to-node=\"19\" data-index-in-node=\"0\">Platba je mo\u017en\u00e1 v USD ($ \ud83c\uddfa\ud83c\uddf8) nebo EUR (\u20ac \ud83c\uddea\ud83c\uddfa) podle denn\u00edho kurzu banky.<\/i><\/p>","protected":false},"excerpt":{"rendered":"<p>\ud83c\udfdd\ufe0f Paradise Island Hurghada Trip \u2013 One of the Best Red Sea Island Excursions The Paradise Island Hurghada Trip is one of the most popular sea excursions in the Red Sea. It offers the perfect combination of relaxation, adventure, and stunning natural beauty. Located inside the famous Giftun Islands National Park, Paradise Island is known [&hellip;]<\/p>\n","protected":false},"featured_media":10701,"comment_status":"open","ping_status":"closed","template":"","meta":{"_monsterinsights_skip_tracking":false,"_monsterinsights_sitenote_active":false,"_monsterinsights_sitenote_note":"","_monsterinsights_sitenote_category":0,"_mbp_gutenberg_autopost":false},"product_brand":[],"product_cat":[60],"product_tag":[],"class_list":{"0":"post-10700","1":"product","2":"type-product","3":"status-publish","4":"has-post-thumbnail","6":"product_cat-sea","8":"first","9":"instock","10":"shipping-taxable","11":"purchasable","12":"product-type-ovabrw_car_rental"},"_links":{"self":[{"href":"https:\/\/redsea-dream-tours.net\/cs\/wp-json\/wp\/v2\/product\/10700","targetHints":{"allow":["GET"]}}],"collection":[{"href":"https:\/\/redsea-dream-tours.net\/cs\/wp-json\/wp\/v2\/product"}],"about":[{"href":"https:\/\/redsea-dream-tours.net\/cs\/wp-json\/wp\/v2\/types\/product"}],"replies":[{"embeddable":true,"href":"https:\/\/redsea-dream-tours.net\/cs\/wp-json\/wp\/v2\/comments?post=10700"}],"wp:featuredmedia":[{"embeddable":true,"href":"https:\/\/redsea-dream-tours.net\/cs\/wp-json\/wp\/v2\/media\/10701"}],"wp:attachment":[{"href":"https:\/\/redsea-dream-tours.net\/cs\/wp-json\/wp\/v2\/media?parent=10700"}],"wp:term":[{"taxonomy":"product_brand","embeddable":true,"href":"https:\/\/redsea-dream-tours.net\/cs\/wp-json\/wp\/v2\/product_brand?post=10700"},{"taxonomy":"product_cat","embeddable":true,"href":"https:\/\/redsea-dream-tours.net\/cs\/wp-json\/wp\/v2\/product_cat?post=10700"},{"taxonomy":"product_tag","embeddable":true,"href":"https:\/\/redsea-dream-tours.net\/cs\/wp-json\/wp\/v2\/product_tag?post=10700"}],"curies":[{"name":"wp","href":"https:\/\/api.w.org\/{rel}","templated":true}]}}