{"id":10708,"date":"2026-03-16T18:22:17","date_gmt":"2026-03-16T18:22:17","guid":{"rendered":"https:\/\/redsea-dream-tours.net\/?post_type=product&#038;p=10708"},"modified":"2026-03-16T18:32:42","modified_gmt":"2026-03-16T18:32:42","slug":"ozaria-island-hurghada-trip","status":"publish","type":"product","link":"https:\/\/redsea-dream-tours.net\/cs\/produkt\/ozaria-island-hurghada-trip\/","title":{"rendered":"V\u00fdlet na ostrov Ozaria Hurghada"},"content":{"rendered":"<h1 data-section-id=\"4k8hgx\" data-start=\"154\" data-end=\"226\">\ud83c\udfdd\ufe0f V\u00fdlet na ostrov Ozaria v Hurghad\u011b - jeden z nejlep\u0161\u00edch v\u00fdlet\u016f na ostrovy v Rud\u00e9m mo\u0159i<\/h1>\n<p data-start=\"228\" data-end=\"459\">Pokud pl\u00e1nujete dovolenou v Hurghad\u011b a hled\u00e1te kr\u00e1sn\u00e9 mo\u0159sk\u00e9 dobrodru\u017estv\u00ed, kter\u00e9 v sob\u011b spojuje odpo\u010dinek, p\u0159\u00edrodu a z\u00e1bavn\u00e9 aktivity, je pro v\u00e1s nejlep\u0161\u00ed volbou <strong data-start=\"370\" data-end=\"401\">V\u00fdlet na ostrov Ozaria Hurghada<\/strong> je jedn\u00edm z nejlep\u0161\u00edch v\u00fdlet\u016f k Rud\u00e9mu mo\u0159i, kter\u00e9 m\u016f\u017eete za\u017e\u00edt.<\/p>\n<p data-start=\"461\" data-end=\"709\">Tento v\u00fdlet nab\u00edz\u00ed n\u00e1v\u0161t\u011bvn\u00edk\u016fm mo\u017enost prozkoumat \u00fachvatnou kr\u00e1su <strong data-start=\"536\" data-end=\"547\">Rud\u00e9 mo\u0159e<\/strong>, s k\u0159i\u0161\u0165\u00e1lov\u011b \u010distou tyrkysovou vodou, jemn\u00fdmi b\u00edl\u00fdmi p\u00edse\u010dn\u00fdmi pl\u00e1\u017eemi a barevn\u00fdmi kor\u00e1lov\u00fdmi \u00fatesy, d\u00edky nim\u017e je Hurghada jednou z nejlep\u0161\u00edch destinac\u00ed pro \u0161norchlov\u00e1n\u00ed na sv\u011bt\u011b.<\/p>\n<p data-start=\"711\" data-end=\"887\">A\u0165 u\u017e cestujete s rodinou, p\u0159\u00e1teli nebo partnerem, n\u00e1v\u0161t\u011bva <strong data-start=\"785\" data-end=\"802\">Ostrov Ozaria<\/strong> slibuje nezapomenuteln\u00fd den pln\u00fd slunce, koup\u00e1n\u00ed a \u00fa\u017easn\u00e9ho v\u00fdhledu na mo\u0159e.<\/p>\n<hr data-start=\"889\" data-end=\"892\" \/>\n<h1 data-section-id=\"8f2hk1\" data-start=\"894\" data-end=\"933\">\ud83c\udf0a Pro\u010d si vybrat v\u00fdlet na ostrov Ozaria?<\/h1>\n<p data-start=\"935\" data-end=\"1078\">Ostrovy v bl\u00edzkosti Hurghady pat\u0159\u00ed k nejkr\u00e1sn\u011bj\u0161\u00edm p\u0159\u00edrodn\u00edm zaj\u00edmavostem Egypta a <strong data-start=\"1024\" data-end=\"1041\">Ostrov Ozaria<\/strong> je jedn\u00edm z nej\u00fa\u017easn\u011bj\u0161\u00edch.<\/p>\n<p data-start=\"1080\" data-end=\"1152\">B\u011bhem tohoto v\u00fdletu se m\u016f\u017eete t\u011b\u0161it na \u0159adu zaj\u00edmav\u00fdch aktivit, jako jsou:<\/p>\n<p data-start=\"1154\" data-end=\"1393\">\u2728 Koup\u00e1n\u00ed v k\u0159i\u0161\u0165\u00e1lov\u011b \u010dist\u00e9 vod\u011b Rud\u00e9ho mo\u0159e<br data-start=\"1195\" data-end=\"1198\" \/>\u2728 Relaxace na b\u00edl\u00fdch p\u00edse\u010dn\u00fdch pl\u00e1\u017e\u00edch<br data-start=\"1231\" data-end=\"1234\" \/>\u2728 \u0160norchlov\u00e1n\u00ed mezi barevn\u00fdmi kor\u00e1lov\u00fdmi \u00fatesy \ud83d\udc20<br data-start=\"1276\" data-end=\"1279\" \/>\u2728 Vyhl\u00eddkov\u00e1 plavba lod\u00ed po Rud\u00e9m mo\u0159i \ud83d\udea4<br data-start=\"1332\" data-end=\"1335\" \/>\u2728 Po\u0159izov\u00e1n\u00ed kr\u00e1sn\u00fdch fotografi\u00ed ostrova a v\u00fdhled\u016f na mo\u0159e \ud83d\udcf8<\/p>\n<h2 data-start=\"1154\" data-end=\"1393\"><strong data-start=\"0\" data-end=\"45\">\ud83c\udfca\u200d\u2642\ufe0fThe jedin\u00fd ostrov, kter\u00fd m\u00e1 baz\u00e9n.<\/strong><\/h2>\n<p data-start=\"1395\" data-end=\"1517\">D\u00edky t\u011bmto zku\u0161enostem <strong data-start=\"1422\" data-end=\"1458\">V\u00fdlet na ostrov Ozaria Hurghada<\/strong> jeden z nejobl\u00edben\u011bj\u0161\u00edch v\u00fdlet\u016f k Rud\u00e9mu mo\u0159i.<\/p>\n<hr data-start=\"1519\" data-end=\"1522\" \/>\n<h1 data-section-id=\"1pysgjn\" data-start=\"1524\" data-end=\"1564\">\ud83d\udea4 Program v\u00fdletu na ostrov Ozaria Hurghada<\/h1>\n<h2 data-section-id=\"pi31kx\" data-start=\"1566\" data-end=\"1595\">\ud83d\ude90 Hotelov\u00fd transfer v cen\u011b<\/h2>\n<p data-start=\"1597\" data-end=\"1703\">V\u00e1\u0161 den za\u010d\u00edn\u00e1 <strong data-start=\"1618\" data-end=\"1672\">vyzvednut\u00ed z va\u0161eho hotelu v Hurghad\u011b nebo bl\u00edzk\u00e9m okol\u00ed.<\/strong> klimatizovan\u00fdm vozidlem.<\/p>\n<p data-start=\"1705\" data-end=\"1827\">Cena z\u00e1jezdu <strong data-start=\"1720\" data-end=\"1775\">zahrnuje transfer z hotelu a zp\u011bt do hotelu<\/strong>, co\u017e zaji\u0161\u0165uje pohodln\u00fd a bezstresov\u00fd z\u00e1\u017eitek.<\/p>\n<p data-start=\"1829\" data-end=\"1931\">Po vyzvednut\u00ed budou host\u00e9 p\u0159evezeni do p\u0159\u00edstavu, kde se nalod\u00ed na lo\u010f sm\u011b\u0159uj\u00edc\u00ed na ostrov Ozaria.<\/p>\n<hr data-start=\"1933\" data-end=\"1936\" \/>\n<h2 data-section-id=\"ndy8gy\" data-start=\"1938\" data-end=\"1959\">\ud83d\udc20 Zast\u00e1vka na \u0161norchlov\u00e1n\u00ed<\/h2>\n<p data-start=\"1961\" data-end=\"2063\">B\u011bhem plavby se lo\u010f zastav\u00ed na jednom z t\u011bchto m\u00edst <strong data-start=\"2011\" data-end=\"2062\">nejlep\u0161\u00ed m\u00edsta pro \u0161norchlov\u00e1n\u00ed na kor\u00e1lov\u00fdch \u00fatesech v Rud\u00e9m mo\u0159i<\/strong>.<\/p>\n<p data-start=\"2065\" data-end=\"2151\">Zde budete m\u00edt mo\u017enost prozkoumat neuv\u011b\u0159iteln\u00fd podmo\u0159sk\u00fd sv\u011bt a vid\u011bt:<\/p>\n<p data-start=\"2153\" data-end=\"2247\">\ud83d\udc1f Barevn\u00e9 tropick\u00e9 ryby<br data-start=\"2178\" data-end=\"2181\" \/>\ud83e\udeb8 Kr\u00e1sn\u00e9 kor\u00e1lov\u00e9 \u00fatesy<br data-start=\"2205\" data-end=\"2208\" \/>\u2b50 Hv\u011bzdice a dal\u0161\u00ed mo\u0159\u0161t\u00ed \u017eivo\u010dichov\u00e9<\/p>\n<p data-start=\"2249\" data-end=\"2368\">Rud\u00e9 mo\u0159e je celosv\u011btov\u011b proslul\u00e9 svou mo\u0159skou biodiverzitou, a proto je \u0161norchlov\u00e1n\u00ed jedn\u00edm z hlavn\u00edch bod\u016f tohoto v\u00fdletu.<\/p>\n<hr data-start=\"2370\" data-end=\"2373\" \/>\n<h2 data-section-id=\"180l3zy\" data-start=\"2375\" data-end=\"2406\">\ud83c\udfdd\ufe0f P\u0159\u00edjezd na ostrov Ozaria<\/h2>\n<p data-start=\"2408\" data-end=\"2498\">Po p\u0159\u00edjezdu do <strong data-start=\"2424\" data-end=\"2441\">Ostrov Ozaria<\/strong>, objev\u00edte \u00fachvatn\u00fd p\u0159\u00edrodn\u00ed r\u00e1j s:<\/p>\n<p data-start=\"2500\" data-end=\"2610\">\ud83c\udfd6\ufe0f M\u011bkk\u00e9 b\u00edl\u00e9 p\u00edse\u010dn\u00e9 pl\u00e1\u017ee<br data-start=\"2528\" data-end=\"2531\" \/>\ud83c\udf0a K\u0159i\u0161\u0165\u00e1lov\u011b \u010dist\u00e1 tyrkysov\u00e1 voda<br data-start=\"2563\" data-end=\"2566\" \/>\ud83c\udf34 Klidn\u00e1 a relaxa\u010dn\u00ed atmosf\u00e9ra ostrova<\/p>\n<p data-start=\"2612\" data-end=\"2740\">Host\u00e9 budou m\u00edt voln\u00fd \u010das na koup\u00e1n\u00ed, odpo\u010dinek na pl\u00e1\u017ei, proch\u00e1zku pod\u00e9l pob\u0159e\u017e\u00ed nebo po\u0159izov\u00e1n\u00ed n\u00e1dhern\u00fdch fotografi\u00ed ostrovn\u00ed krajiny.<\/p>\n<hr data-start=\"2742\" data-end=\"2745\" \/>\n<h1 data-section-id=\"8kgmtd\" data-start=\"2747\" data-end=\"2782\">\ud83c\udf7d\ufe0f Mo\u017enosti ob\u011bd\u016f b\u011bhem cesty<\/h1>\n<p data-start=\"2784\" data-end=\"2870\">Na str\u00e1nk\u00e1ch <strong data-start=\"2788\" data-end=\"2840\">V\u00fdlet na ostrov Ozaria nab\u00edz\u00ed dva r\u016fzn\u00e9 programy<\/strong> v z\u00e1vislosti na va\u0161ich preferenc\u00edch:<\/p>\n<h3 data-section-id=\"30auh\" data-start=\"2872\" data-end=\"2907\">Program 1 - Ob\u011bd na ostrov\u011b<\/h3>\n<p data-start=\"2909\" data-end=\"3089\">\u2714\ufe0f Str\u00e1vit v\u00edce \u010dasu odpo\u010dinkem na ostrov\u011b<br data-start=\"2950\" data-end=\"2953\" \/>\u2714\ufe0f U\u017eijte si <strong data-start=\"2962\" data-end=\"2996\">ob\u011bd v ostrovn\u00ed restauraci<\/strong><br data-start=\"2996\" data-end=\"2999\" \/>\u2714\ufe0f Kr\u00e1sn\u00fd v\u00fdhled na mo\u0159e p\u0159i stolov\u00e1n\u00ed<br data-start=\"3034\" data-end=\"3037\" \/>\u2714\ufe0f \u010cas nav\u00edc na koup\u00e1n\u00ed a relaxaci na pl\u00e1\u017ei<\/p>\n<hr data-start=\"3091\" data-end=\"3094\" \/>\n<h3 data-section-id=\"reevlb\" data-start=\"3096\" data-end=\"3129\">Program 2 - Ob\u011bd na lodi<\/h3>\n<p data-start=\"3131\" data-end=\"3264\">\u2714\ufe0f U\u017eijte si <strong data-start=\"3140\" data-end=\"3168\">ob\u011bd pod\u00e1van\u00fd na lodi<\/strong> b\u011bhem cesty<br data-start=\"3184\" data-end=\"3187\" \/>\u2714\ufe0f \u00da\u017easn\u00fd v\u00fdhled na mo\u0159e p\u0159i j\u00eddle<br data-start=\"3221\" data-end=\"3224\" \/>\u2714\ufe0f V\u00edce \u010dasu na \u0161norchlov\u00e1n\u00ed a plav\u00e1n\u00ed<\/p>\n<p data-start=\"3266\" data-end=\"3369\">Oba programy zahrnuj\u00ed <strong data-start=\"3288\" data-end=\"3325\">osv\u011b\u017euj\u00edc\u00ed n\u00e1poje b\u011bhem cesty<\/strong> abyste se c\u00edtili pohodln\u011b po cel\u00fd den.<\/p>\n<hr data-start=\"3371\" data-end=\"3374\" \/>\n<h1 data-section-id=\"s80b21\" data-start=\"3376\" data-end=\"3409\">\u2b50 V\u00fdlet na ostrov Ozaria - zaj\u00edmavosti<\/h1>\n<p data-start=\"3411\" data-end=\"3720\">\u2714 Nav\u0161tivte jeden z nejkr\u00e1sn\u011bj\u0161\u00edch ostrov\u016f v Rud\u00e9m mo\u0159i<br data-start=\"3467\" data-end=\"3470\" \/>\u2714 \u0160norchlov\u00e1n\u00ed na \u00fa\u017easn\u00fdch m\u00edstech kor\u00e1lov\u00fdch \u00fates\u016f<br data-start=\"3514\" data-end=\"3517\" \/>\u2714 Pohodln\u00e1 turistick\u00e1 lo\u010f<br data-start=\"3543\" data-end=\"3546\" \/>\u2714 K dispozici je vybaven\u00ed pro \u0161norchlov\u00e1n\u00ed<br data-start=\"3578\" data-end=\"3581\" \/>\u2714 lahodn\u00fd ob\u011bd a n\u00e1poje v cen\u011b<br data-start=\"3618\" data-end=\"3621\" \/>\u2714 <strong data-start=\"3623\" data-end=\"3673\">Transfer z hotelu a do hotelu v cen\u011b<\/strong><br data-start=\"3673\" data-end=\"3676\" \/>\u2714 ide\u00e1ln\u00ed pro rodiny, p\u00e1ry a p\u0159\u00e1tele<\/p>\n<hr data-start=\"3722\" data-end=\"3725\" \/>\n<h1 data-section-id=\"1bjsf96\" data-start=\"3727\" data-end=\"3764\">\ud83d\udcf8 Nejlep\u0161\u00ed aktivity na ostrov\u011b Ozaria<\/h1>\n<p data-start=\"3766\" data-end=\"3840\">B\u011bhem n\u00e1v\u0161t\u011bvy ostrova Ozaria se m\u016f\u017eete v\u011bnovat mnoha aktivit\u00e1m, nap\u0159\u00edklad:<\/p>\n<p data-start=\"3842\" data-end=\"4005\">\ud83c\udfca Plav\u00e1n\u00ed v k\u0159i\u0161\u0165\u00e1lov\u011b \u010dist\u00e9 vod\u011b<br data-start=\"3877\" data-end=\"3880\" \/>\ud83d\udc20 \u0160norchlov\u00e1n\u00ed mezi kor\u00e1lov\u00fdmi \u00fatesy<br data-start=\"3911\" data-end=\"3914\" \/>\ud83d\udcf7 Cestovn\u00ed fotografie<br data-start=\"3935\" data-end=\"3938\" \/>\ud83c\udf1e Opalov\u00e1n\u00ed na pl\u00e1\u017ei<br data-start=\"3964\" data-end=\"3967\" \/>\ud83c\udfd6\ufe0f Relaxa\u010dn\u00ed proch\u00e1zky pod\u00e9l pob\u0159e\u017e\u00ed<\/p>\n<p data-start=\"4007\" data-end=\"4126\">D\u00edky t\u011bmto \u010dinnostem se <strong data-start=\"4033\" data-end=\"4064\">V\u00fdlet na ostrov Ozaria Hurghada<\/strong> dokonal\u00fd z\u00e1\u017eitek pro ka\u017ed\u00e9ho, kdo miluje mo\u0159e a p\u0159\u00edrodu.<\/p>\n<hr data-start=\"4128\" data-end=\"4131\" \/>\n<h1 data-section-id=\"aqclcl\" data-start=\"4133\" data-end=\"4175\">\ud83d\udcde Rezervujte si v\u00fdlet na ostrov Ozaria v Hurghad\u011b<\/h1>\n<p data-start=\"4177\" data-end=\"4288\">Za\u017eijte jeden z nejkr\u00e1sn\u011bj\u0161\u00edch <strong data-start=\"4214\" data-end=\"4250\">V\u00fdlety na ostrovy v Rud\u00e9m mo\u0159i v Hurghad\u011b<\/strong> a u\u017eijte si pohodov\u00fd den v r\u00e1ji.<\/p>\n<p data-start=\"4290\" data-end=\"4399\">S <strong data-start=\"4295\" data-end=\"4318\">Z\u00e1jezdy k Rud\u00e9mu mo\u0159i sn\u016f<\/strong>, m\u016f\u017eete si u\u017e\u00edt nejlep\u0161\u00ed v\u00fdlety na mo\u0159e a nezapomenuteln\u00e1 dobrodru\u017estv\u00ed v Hurghad\u011b.<\/p>\n<hr data-start=\"2895\" data-end=\"2898\" \/>\n<h3 data-path-to-node=\"15\" data-rm-block-id=\"block-15\"><b data-path-to-node=\"15\" data-index-in-node=\"0\">\ud83e\udd11 Cena exkurze a rezervace<\/b><\/h3>\n<h3 data-section-id=\"30auh\" data-start=\"2872\" data-end=\"2907\">Program 1 - Ob\u011bd na ostrov\u011b<\/h3>\n<ul data-path-to-node=\"17\">\n<li>\n<p data-path-to-node=\"17,0,0\" data-rm-block-id=\"block-17\"><b data-path-to-node=\"17,0,0\" data-index-in-node=\"0\">Dosp\u011bl\u00ed (od 11 let):<\/b> 60 \u20ac<\/p>\n<\/li>\n<li>\n<p data-path-to-node=\"17,1,0\" data-rm-block-id=\"block-18\"><b data-path-to-node=\"17,1,0\" data-index-in-node=\"0\">D\u011bti (5-11 let):<\/b> 30 \u20ac<\/p>\n<\/li>\n<li>\n<p data-path-to-node=\"17,2,0\" data-rm-block-id=\"block-19\"><b data-path-to-node=\"17,2,0\" data-index-in-node=\"0\">Kojenci (do 5 let):<\/b> <b data-path-to-node=\"17,2,0\" data-index-in-node=\"19\">Zdarma<\/b><\/p>\n<h3 data-section-id=\"30auh\" data-start=\"2872\" data-end=\"2907\">Program 2 - Ob\u011bd na lodi<\/h3>\n<\/li>\n<li>\n<p data-path-to-node=\"17,0,0\" data-rm-block-id=\"block-17\"><b data-path-to-node=\"17,0,0\" data-index-in-node=\"0\">Dosp\u011bl\u00ed (od 11 let):<\/b> 35 \u20ac<\/p>\n<\/li>\n<li>\n<p data-path-to-node=\"17,1,0\" data-rm-block-id=\"block-18\"><b data-path-to-node=\"17,1,0\" data-index-in-node=\"0\">D\u011bti (5-11 let):<\/b> 20 \u20ac<\/p>\n<\/li>\n<li>\n<p data-path-to-node=\"17,2,0\" data-rm-block-id=\"block-19\"><b data-path-to-node=\"17,2,0\" data-index-in-node=\"0\">Kojenci (do 5 let):<\/b> <b data-path-to-node=\"17,2,0\" data-index-in-node=\"19\">Zdarma<\/b><\/p>\n<\/li>\n<\/ul>\n<p data-path-to-node=\"18\" data-rm-block-id=\"block-20\"><i data-path-to-node=\"18\" data-index-in-node=\"0\">\u2728 Pozn\u00e1mka: P\u016fj\u010dovna masek a ploutv\u00ed je k dispozici za p\u0159\u00edplatek 5 \u20ac za kus pro va\u0161e podvodn\u00ed dobrodru\u017estv\u00ed!<\/i><\/p>\n<p data-path-to-node=\"19\" data-rm-block-id=\"block-21\"><i data-path-to-node=\"19\" data-index-in-node=\"0\">Platba je mo\u017en\u00e1 v USD ($ \ud83c\uddfa\ud83c\uddf8) nebo EUR (\u20ac \ud83c\uddea\ud83c\uddfa) podle denn\u00edho kurzu banky.<\/i><\/p>","protected":false},"excerpt":{"rendered":"<p>\ud83c\udfdd\ufe0f Ozaria Island Hurghada Trip \u2013 One of the Best Red Sea Island Tours If you are planning a holiday in Hurghada and looking for a beautiful sea adventure that combines relaxation, nature, and fun activities, the Ozaria Island Hurghada Trip is one of the best Red Sea excursions you can experience. This trip offers [&hellip;]<\/p>\n","protected":false},"featured_media":10721,"comment_status":"open","ping_status":"closed","template":"","meta":{"_monsterinsights_skip_tracking":false,"_monsterinsights_sitenote_active":false,"_monsterinsights_sitenote_note":"","_monsterinsights_sitenote_category":0,"_mbp_gutenberg_autopost":false},"product_brand":[],"product_cat":[60],"product_tag":[],"class_list":{"0":"post-10708","1":"product","2":"type-product","3":"status-publish","4":"has-post-thumbnail","6":"product_cat-sea","8":"first","9":"instock","10":"shipping-taxable","11":"purchasable","12":"product-type-ovabrw_car_rental"},"_links":{"self":[{"href":"https:\/\/redsea-dream-tours.net\/cs\/wp-json\/wp\/v2\/product\/10708","targetHints":{"allow":["GET"]}}],"collection":[{"href":"https:\/\/redsea-dream-tours.net\/cs\/wp-json\/wp\/v2\/product"}],"about":[{"href":"https:\/\/redsea-dream-tours.net\/cs\/wp-json\/wp\/v2\/types\/product"}],"replies":[{"embeddable":true,"href":"https:\/\/redsea-dream-tours.net\/cs\/wp-json\/wp\/v2\/comments?post=10708"}],"wp:featuredmedia":[{"embeddable":true,"href":"https:\/\/redsea-dream-tours.net\/cs\/wp-json\/wp\/v2\/media\/10721"}],"wp:attachment":[{"href":"https:\/\/redsea-dream-tours.net\/cs\/wp-json\/wp\/v2\/media?parent=10708"}],"wp:term":[{"taxonomy":"product_brand","embeddable":true,"href":"https:\/\/redsea-dream-tours.net\/cs\/wp-json\/wp\/v2\/product_brand?post=10708"},{"taxonomy":"product_cat","embeddable":true,"href":"https:\/\/redsea-dream-tours.net\/cs\/wp-json\/wp\/v2\/product_cat?post=10708"},{"taxonomy":"product_tag","embeddable":true,"href":"https:\/\/redsea-dream-tours.net\/cs\/wp-json\/wp\/v2\/product_tag?post=10708"}],"curies":[{"name":"wp","href":"https:\/\/api.w.org\/{rel}","templated":true}]}}