{"id":9417,"date":"2026-03-01T20:19:58","date_gmt":"2026-03-01T20:19:58","guid":{"rendered":"https:\/\/redsea-dream-tours.net\/?post_type=product&#038;p=9417"},"modified":"2026-03-22T18:43:00","modified_gmt":"2026-03-22T18:43:00","slug":"cairo-private-tour-pyramids-museum","status":"publish","type":"product","link":"https:\/\/redsea-dream-tours.net\/cs\/produkt\/cairo-private-tour-pyramids-museum\/","title":{"rendered":"Soukrom\u00e1 prohl\u00eddka K\u00e1hiry - pyramidy a muzeum"},"content":{"rendered":"<h3 data-start=\"116\" data-end=\"187\">\u2728 <strong data-start=\"122\" data-end=\"185\">Soukrom\u00e9 z\u00e1jezdy do K\u00e1hiry - va\u0161e br\u00e1na k div\u016fm Egypta!<\/strong><\/h3>\n<p data-start=\"189\" data-end=\"326\">Vydejte se na nezapomenutelnou cestu s <strong data-start=\"229\" data-end=\"252\">Soukrom\u00e9 prohl\u00eddky K\u00e1hiry<\/strong>, co\u017e je nejlep\u0161\u00ed volba pro vytvo\u0159en\u00ed va\u0161eho <strong data-start=\"292\" data-end=\"319\">dovolen\u00e1 sn\u016f v Egypt\u011b<\/strong>! \ud83c\udf0d\u2728<\/p>\n<h3 data-start=\"520\" data-end=\"556\">\ud83c\udf05 <strong data-start=\"527\" data-end=\"554\">Rann\u00ed odjezd<\/strong><\/h3>\n<ul data-start=\"557\" data-end=\"808\">\n<li data-start=\"557\" data-end=\"675\">\n<p data-start=\"559\" data-end=\"675\"><strong data-start=\"559\" data-end=\"576\">Vyzvednut\u00ed v hotelu<\/strong> \ud83d\ude90: Za\u010dn\u011bte sv\u00e9 dobrodru\u017estv\u00ed brzk\u00fdm vyzvednut\u00edm z hotelu modern\u00edm klimatizovan\u00fdm autobusem.<\/p>\n<\/li>\n<li data-start=\"676\" data-end=\"808\">\n<p data-start=\"678\" data-end=\"808\"><strong data-start=\"678\" data-end=\"701\">Sc\u00e9nick\u00e1 j\u00edzda pou\u0161t\u00ed <\/strong>\ud83c\udfdc\ufe0f: Odpo\u010di\u0148te si a vychutnejte si m\u011bn\u00edc\u00ed se krajinu p\u0159i cest\u011b zlat\u00fdmi egyptsk\u00fdmi pou\u0161t\u011bmi sm\u011brem ke K\u00e1hi\u0159e.<\/p>\n<\/li>\n<\/ul>\n<h3 data-start=\"815\" data-end=\"857\">\ud83c\udfdb\ufe0f <strong data-start=\"823\" data-end=\"855\">Pyramidy v G\u00edze a Velk\u00e1 sfinga<\/strong><\/h3>\n<ul data-start=\"858\" data-end=\"1187\">\n<li data-start=\"858\" data-end=\"968\">\n<p data-start=\"860\" data-end=\"968\">Postavte se v \u00fa\u017easu p\u0159ed legend\u00e1rn\u00edm <strong data-start=\"894\" data-end=\"914\">Pyramidy v G\u00edze<\/strong>, jeden z <strong data-start=\"927\" data-end=\"965\">Sedm div\u016f starov\u011bk\u00e9ho sv\u011bta<\/strong>.<\/p>\n<\/li>\n<li data-start=\"969\" data-end=\"1079\">\n<p data-start=\"971\" data-end=\"1079\">Prozkoumejte <strong data-start=\"983\" data-end=\"999\">Velk\u00e1 sfinga<\/strong> \ud83e\udd81, tajemn\u00e9ho str\u00e1\u017ece n\u00e1horn\u00ed plo\u0161iny, a po\u0159\u00eddit nezapomenuteln\u00e9 fotografie.<\/p>\n<\/li>\n<li data-start=\"1080\" data-end=\"1187\">\n<p data-start=\"1082\" data-end=\"1187\">Voliteln\u011b: Vstupte do jedn\u00e9 z pyramid a nahl\u00e9dn\u011bte hloub\u011bji do starov\u011bk\u00e9ho in\u017een\u00fdrstv\u00ed (nutn\u00e1 p\u0159\u00edplatkov\u00e1 vstupenka).<\/p>\n<\/li>\n<\/ul>\n<h3 data-start=\"1194\" data-end=\"1237\">\ud83c\udffa <strong data-start=\"1201\" data-end=\"1235\">Egyptsk\u00e9 muzeum staro\u017eitnost\u00ed<\/strong><\/h3>\n<ul data-start=\"1238\" data-end=\"1473\">\n<li data-start=\"1238\" data-end=\"1372\">\n<p data-start=\"1240\" data-end=\"1372\">Objevte v\u00edce ne\u017e <strong data-start=\"1254\" data-end=\"1275\">120 000 artefakt\u016f<\/strong> ve sv\u011btozn\u00e1m\u00e9m muzeu, v\u010detn\u011b poklad\u016f <strong data-start=\"1327\" data-end=\"1349\">Tutanchamonova hrobka<\/strong> a starov\u011bk\u00e9 mumie.<\/p>\n<\/li>\n<li data-start=\"1373\" data-end=\"1473\">\n<p data-start=\"1375\" data-end=\"1473\">V\u00e1\u0161 egyptologick\u00fd pr\u016fvodce v\u00e1m odhal\u00ed tajemstv\u00ed neoceniteln\u00fdch relikvi\u00ed a kr\u00e1lovsk\u00fdch poklad\u016f.<\/p>\n<\/li>\n<\/ul>\n<h3 data-start=\"1480\" data-end=\"1515\">\ud83c\udf74\u00a0<strong data-start=\"1480\" data-end=\"1504\">Z\u00e1\u017eitek z VIP ob\u011bda<\/strong><\/h3>\n<ul data-start=\"1516\" data-end=\"1669\">\n<li data-start=\"1516\" data-end=\"1610\">\n<p data-start=\"1518\" data-end=\"1610\">U\u017eijte si <strong data-start=\"1526\" data-end=\"1554\">vynikaj\u00edc\u00ed egyptsk\u00fd ob\u011bd<\/strong> \ud83c\udf7d\ufe0f .<\/p>\n<\/li>\n<li data-start=\"1611\" data-end=\"1669\">\n<p data-start=\"1613\" data-end=\"1669\">Ne\u017e budete pokra\u010dovat v dobrodru\u017estv\u00ed, osv\u011b\u017ete se a na\u010derpejte nov\u00e9 s\u00edly<\/p>\n<\/li>\n<\/ul>\n<h3 data-start=\"1676\" data-end=\"1718\">\ud83d\udecd\ufe0f <strong data-start=\"1684\" data-end=\"1716\">Nakupov\u00e1n\u00ed a m\u00edstn\u00ed z\u00e1\u017eitky<\/strong><\/h3>\n<ul data-start=\"1719\" data-end=\"1863\">\n<li data-start=\"1719\" data-end=\"1863\">\n<p data-start=\"1721\" data-end=\"1863\">Projd\u011bte se tradi\u010dn\u00ed <strong data-start=\"1750\" data-end=\"1779\">bazar nebo papyrusov\u00e1 galerie<\/strong> \ud83d\udecd\ufe0f, kde najdete jedine\u010dn\u00e9 suven\u00fdry, parf\u00e9my a prav\u00e1 egyptsk\u00e1 \u0159emesla.<\/p>\n<\/li>\n<\/ul>\n<h3 data-start=\"1870\" data-end=\"1897\">\ud83c\udf07 <strong data-start=\"1877\" data-end=\"1895\">Zp\u00e1te\u010dn\u00ed cesta<\/strong><\/h3>\n<ul data-start=\"1898\" data-end=\"2041\">\n<li data-start=\"1898\" data-end=\"2041\">\n<p data-start=\"1900\" data-end=\"2041\">Po dni pln\u00e9m pozn\u00e1v\u00e1n\u00ed nasedn\u011bte do autobusu a vydejte se na cestu do <strong data-start=\"1954\" data-end=\"1981\">pohodln\u00e1 zp\u00e1te\u010dn\u00ed cesta<\/strong> do sv\u00e9ho hotelu s kouzeln\u00fdmi vzpom\u00ednkami na k\u00e1hirsk\u00e9 poklady.<\/p>\n<\/li>\n<\/ul>\n<h4 data-start=\"328\" data-end=\"356\">\ud83c\udf1f <strong data-start=\"336\" data-end=\"354\">Pro\u010d si vybrat pr\u00e1v\u011b n\u00e1s?<\/strong><\/h4>\n<ul data-start=\"357\" data-end=\"728\">\n<li data-start=\"357\" data-end=\"482\">\n<p data-start=\"359\" data-end=\"482\"><strong data-start=\"359\" data-end=\"385\">Dobrodru\u017estv\u00ed na m\u00edru<\/strong>: P\u0159izp\u016fsobte si trasu sv\u00fdm v\u00e1\u0161n\u00edm - historii, kultu\u0159e, odpo\u010dinku nebo dobrodru\u017estv\u00ed.<\/p>\n<\/li>\n<li data-start=\"483\" data-end=\"597\">\n<p data-start=\"485\" data-end=\"597\"><strong data-start=\"485\" data-end=\"512\">Bezkonkuren\u010dn\u00ed cestovn\u00ed nab\u00eddky<\/strong>: U\u017eijte si exkluzivn\u00ed nab\u00eddky na <strong data-start=\"540\" data-end=\"565\">Cestovn\u00ed bal\u00ed\u010dky do Egypta<\/strong> navr\u017een\u00e9 tak, aby vyhovovaly ka\u017ed\u00e9mu rozpo\u010dtu.<\/p>\n<\/li>\n<li data-start=\"598\" data-end=\"728\">\n<p data-start=\"600\" data-end=\"728\"><strong data-start=\"600\" data-end=\"619\">Odborn\u00e9 poradenstv\u00ed<\/strong>: N\u00e1\u0161 t\u00fdm <strong data-start=\"633\" data-end=\"682\">profesion\u00e1ln\u00ed pr\u016fvodci a licencovan\u00ed pr\u016fvodci<\/strong> zajistit bezprobl\u00e9mov\u00fd a obohacuj\u00edc\u00ed z\u00e1\u017eitek.<\/p>\n<\/li>\n<\/ul>\n<h4 data-start=\"730\" data-end=\"778\">\ud83c\udfc6 <strong data-start=\"738\" data-end=\"776\">Na\u0161e exkluzivn\u00ed z\u00e1\u017eitky zahrnuj\u00ed:<\/strong><\/h4>\n<ul data-start=\"779\" data-end=\"1178\">\n<li data-start=\"779\" data-end=\"886\">\n<p data-start=\"781\" data-end=\"886\"><strong data-start=\"781\" data-end=\"805\">Soukrom\u00e9 prohl\u00eddky s pr\u016fvodcem<\/strong> \ud83d\uddfa\ufe0f: Prozkoumejte majest\u00e1tn\u00ed pyramidy, starov\u011bk\u00e9 chr\u00e1my a skryt\u00e9 skvosty Egypta.<\/p>\n<\/li>\n<li data-start=\"887\" data-end=\"973\"><strong data-start=\"976\" data-end=\"1001\">Plavby po Nilu Dahabiya<\/strong> \u26f5: Za\u017eijte luxus na tradi\u010dn\u00ed plachetnici s individu\u00e1ln\u00edmi slu\u017ebami.<\/li>\n<li data-start=\"1078\" data-end=\"1178\">\n<p data-start=\"1080\" data-end=\"1178\"><strong data-start=\"1080\" data-end=\"1104\">Egyptsk\u00e9 pou\u0161tn\u00ed safari<\/strong> \ud83c\udfdc\ufe0f: Objevte kouzlo Sahary a za\u017eijte vzru\u0161uj\u00edc\u00ed pou\u0161tn\u00ed dobrodru\u017estv\u00ed.<\/p>\n<\/li>\n<\/ul>\n<h4 data-start=\"1180\" data-end=\"1221\">\ud83c\udf0d <strong data-start=\"1188\" data-end=\"1219\">Va\u0161e dobrodru\u017estv\u00ed za\u010d\u00edn\u00e1 zde!<\/strong><\/h4>\n<p data-start=\"1222\" data-end=\"1413\">S Cairo Private Tours je ka\u017ed\u00e1 cesta vytvo\u0159ena tak, abyste <strong data-start=\"1283\" data-end=\"1309\">nezapomenuteln\u00e9 vzpom\u00ednky<\/strong>. A\u0165 u\u017e hled\u00e1te historii, luxus nebo dobrodru\u017estv\u00ed, zajist\u00edme, aby va\u0161e cesta byla jedine\u010dn\u00e1. <strong data-start=\"1399\" data-end=\"1410\">\u00fa\u017easn\u00e9<\/strong>.<\/p>\n<p data-start=\"1415\" data-end=\"1467\"><strong data-start=\"1415\" data-end=\"1461\">P\u0159ipravte se na \u017eivotn\u00ed dobrodru\u017estv\u00ed!<\/strong> \ud83e\uddf3\u2728<\/p>\n<table style=\"height: 140px;\" width=\"770\">\n<tbody>\n<tr>\n<td width=\"126\"><strong>\u00a0\u20ac\u00a0 300.00<\/strong><\/td>\n<td width=\"307\"><strong>K\u00e1hira Soukrom\u00e9 2 osoby<\/strong><\/td>\n<\/tr>\n<tr>\n<td><strong>\u00a0\u20ac\u00a0 450.00<\/strong><\/td>\n<td><strong>K\u00e1hira Soukrom\u00e9 3 a\u017e 4 osoby<\/strong><\/td>\n<\/tr>\n<tr>\n<td><strong>\u00a0\u20ac\u00a0 510.00<\/strong><\/td>\n<td><strong>K\u00e1hira Soukrom\u00e9 5 osob<\/strong><\/td>\n<\/tr>\n<tr>\n<td><strong>\u00a0\u20ac\u00a0 560.00<\/strong><\/td>\n<td><strong>K\u00e1hira Soukrom\u00e9 6 osob<\/strong><\/td>\n<\/tr>\n<\/tbody>\n<\/table>\n<h3 data-start=\"2198\" data-end=\"2225\"><strong data-start=\"2205\" data-end=\"2223\">Platba v USD ($ \ud83c\uddfa\ud83c\uddf8) m\u00edsto v EUR (\u20ac \ud83c\uddea\ud83c\uddfa) je mo\u017en\u00e1 podle denn\u00edho kurzu banky.<\/strong><\/h3>\n<p><strong>Kniha p\u0159es WhatsApp:<\/strong><\/p>\n<p><a href=\"https:\/\/api.whatsapp.com\/send\/?phone=01021058859\" target=\"_blank\" rel=\"noopener\">\u00a0<img decoding=\"async\" class=\"alignnone wp-image-2058\" src=\"https:\/\/poehalisnamiegypt.com\/wp-content\/uploads\/2024\/02\/pngwing.com_-300x300.png\" sizes=\"auto, (max-width: 35px) 100vw, 35px\" srcset=\"https:\/\/poehalisnamiegypt.com\/wp-content\/uploads\/2024\/02\/pngwing.com_-300x300.png 300w, https:\/\/poehalisnamiegypt.com\/wp-content\/uploads\/2024\/02\/pngwing.com_-150x150.png 150w, https:\/\/poehalisnamiegypt.com\/wp-content\/uploads\/2024\/02\/pngwing.com_.png 584w\" alt=\"\" width=\"53\" height=\"53\" \/><\/a><\/p>\n<div id=\"gtx-trans\" style=\"position: absolute; left: 76px; top: 3.375px;\">\n<div class=\"gtx-trans-icon\"><\/div>\n<\/div>","protected":false},"excerpt":{"rendered":"<p>\u2728 Cairo Private Tours \u2013 Your Gateway to the Wonders of Egypt! Embark on an unforgettable journey with Cairo Private Tours, the ultimate choice for creating your dream vacation in Egypt! \ud83c\udf0d\u2728 \ud83c\udf05 Early Morning Departure Hotel Pick-up \ud83d\ude90: Start your adventure with an early pick-up from your hotel in a modern, air-conditioned bus. Scenic [&hellip;]<\/p>\n","protected":false},"featured_media":9447,"comment_status":"open","ping_status":"closed","template":"","meta":{"_monsterinsights_skip_tracking":false,"_monsterinsights_sitenote_active":false,"_monsterinsights_sitenote_note":"","_monsterinsights_sitenote_category":0,"_mbp_gutenberg_autopost":false},"product_brand":[],"product_cat":[58],"product_tag":[],"class_list":{"0":"post-9417","1":"product","2":"type-product","3":"status-publish","4":"has-post-thumbnail","6":"product_cat-cairo","8":"first","9":"instock","10":"shipping-taxable","11":"purchasable","12":"product-type-ovabrw_car_rental"},"_links":{"self":[{"href":"https:\/\/redsea-dream-tours.net\/cs\/wp-json\/wp\/v2\/product\/9417","targetHints":{"allow":["GET"]}}],"collection":[{"href":"https:\/\/redsea-dream-tours.net\/cs\/wp-json\/wp\/v2\/product"}],"about":[{"href":"https:\/\/redsea-dream-tours.net\/cs\/wp-json\/wp\/v2\/types\/product"}],"replies":[{"embeddable":true,"href":"https:\/\/redsea-dream-tours.net\/cs\/wp-json\/wp\/v2\/comments?post=9417"}],"wp:featuredmedia":[{"embeddable":true,"href":"https:\/\/redsea-dream-tours.net\/cs\/wp-json\/wp\/v2\/media\/9447"}],"wp:attachment":[{"href":"https:\/\/redsea-dream-tours.net\/cs\/wp-json\/wp\/v2\/media?parent=9417"}],"wp:term":[{"taxonomy":"product_brand","embeddable":true,"href":"https:\/\/redsea-dream-tours.net\/cs\/wp-json\/wp\/v2\/product_brand?post=9417"},{"taxonomy":"product_cat","embeddable":true,"href":"https:\/\/redsea-dream-tours.net\/cs\/wp-json\/wp\/v2\/product_cat?post=9417"},{"taxonomy":"product_tag","embeddable":true,"href":"https:\/\/redsea-dream-tours.net\/cs\/wp-json\/wp\/v2\/product_tag?post=9417"}],"curies":[{"name":"wp","href":"https:\/\/api.w.org\/{rel}","templated":true}]}}