{"id":9418,"date":"2026-03-01T20:19:58","date_gmt":"2026-03-01T20:19:58","guid":{"rendered":"https:\/\/redsea-dream-tours.net\/?post_type=product&#038;p=9418"},"modified":"2026-03-01T20:20:05","modified_gmt":"2026-03-01T20:20:05","slug":"luxor-full-day-private-tour","status":"publish","type":"product","link":"https:\/\/redsea-dream-tours.net\/cs\/produkt\/luxor-full-day-private-tour\/","title":{"rendered":"Celodenn\u00ed soukrom\u00e1 prohl\u00eddka Luxoru"},"content":{"rendered":"<h3 data-start=\"78\" data-end=\"138\">\u2708\ufe0f <strong data-start=\"85\" data-end=\"138\">Luxor Soukrom\u00e9 celodenn\u00ed ubytov\u00e1n\u00ed<\/strong><\/h3>\n<p data-start=\"140\" data-end=\"378\">Objevte z\u00e1zraky starov\u011bk\u00e9ho Egypta b\u011bhem jedin\u00e9ho dne! P\u0159esto\u017ee <strong data-start=\"207\" data-end=\"250\">Luxor a K\u00e1hira jsou vzd\u00e1leny v\u00edce ne\u017e 400 mil (644 km).<\/strong> krom\u011b toho tento exkluzivn\u00ed <strong data-start=\"273\" data-end=\"298\">soukrom\u00e1 prohl\u00eddka<\/strong>\u00a0umo\u017e\u0148uje prozkoumat poklady Luxoru, ani\u017e by v\u00e1m unikl jedin\u00fd okam\u017eik.<\/p>\n<h4 data-start=\"380\" data-end=\"418\">\ud83c\udfdb <strong data-start=\"388\" data-end=\"418\">Nejd\u016fle\u017eit\u011bj\u0161\u00ed okam\u017eiky va\u0161\u00ed cesty<\/strong><\/h4>\n<ul data-start=\"419\" data-end=\"834\">\n<li data-start=\"419\" data-end=\"525\">\n<p data-start=\"421\" data-end=\"525\"><strong data-start=\"421\" data-end=\"444\">\u00dadol\u00ed kr\u00e1l\u016f<\/strong> - Vstupte do historie, kde legend\u00e1rn\u00ed <strong data-start=\"485\" data-end=\"507\">Tutanchamonova hrobka<\/strong> byl objeven.<\/p>\n<\/li>\n<li data-start=\"526\" data-end=\"629\">\n<p data-start=\"528\" data-end=\"629\"><strong data-start=\"528\" data-end=\"552\">Hat\u0161epsutin chr\u00e1m<\/strong> - Obdivujte ohromuj\u00edc\u00ed m\u00e1rni\u010dn\u00ed chr\u00e1m ikonick\u00e9 egyptsk\u00e9 faraonky.<\/p>\n<\/li>\n<li data-start=\"630\" data-end=\"735\">\n<p data-start=\"632\" data-end=\"735\"><strong data-start=\"632\" data-end=\"658\">Chr\u00e1my v Karnaku a Luxoru<\/strong> - Projd\u011bte se mezi kolos\u00e1ln\u00edmi sloupy, posv\u00e1tn\u00fdmi s\u00e1ly a starov\u011bk\u00fdmi n\u00e1pisy.<\/p>\n<\/li>\n<li data-start=\"736\" data-end=\"834\">\n<p data-start=\"738\" data-end=\"834\"><strong data-start=\"738\" data-end=\"759\">Memnonovy kolosy<\/strong> - Pod\u00edvejte se na vysok\u00e9 sochy, kter\u00e9 po tis\u00edcilet\u00ed st\u0159e\u017e\u00ed Th\u00e9by.<\/p>\n<\/li>\n<\/ul>\n<h4 data-start=\"836\" data-end=\"866\">\ud83d\udc68\u200d\ud83c\udfeb <strong data-start=\"847\" data-end=\"866\">Odborn\u00e9 poradenstv\u00ed<\/strong><\/h4>\n<p data-start=\"867\" data-end=\"987\">Va\u0161e <strong data-start=\"872\" data-end=\"903\">osobn\u00ed pr\u016fvodce egyptologa<\/strong> se s v\u00e1mi pod\u011bl\u00ed o fascinuj\u00edc\u00ed p\u0159\u00edb\u011bhy, tajemstv\u00ed a skrytou historii ka\u017ed\u00e9ho m\u00edsta.<\/p>\n<h4 data-start=\"989\" data-end=\"1025\">\ud83c\udf74 <strong data-start=\"997\" data-end=\"1025\">Lahodn\u00fd egyptsk\u00fd ob\u011bd<\/strong><\/h4>\n<p data-start=\"1026\" data-end=\"1128\">Vychutnejte si autentick\u00e9 j\u00eddlo v m\u00edstn\u00ed restauraci a vychutnejte si chut\u011b tradi\u010dn\u00ed egyptsk\u00e9 kuchyn\u011b.<\/p>\n<h3 data-start=\"493\" data-end=\"529\">\ud83d\udde3\ufe0f <strong data-start=\"501\" data-end=\"527\">Mluv\u00edme va\u0161\u00edm jazykem<\/strong><\/h3>\n<ul data-start=\"530\" data-end=\"594\">\n<li>Polsk\u00fd<\/li>\n<li>Francouz\u0161tina<\/li>\n<li>Angli\u010dtina<\/li>\n<li>N\u011bm\u010dina<\/li>\n<li>Portugal\u0161tina<\/li>\n<li>\u0160pan\u011bl\u0161tina<\/li>\n<li>...a dal\u0161\u00ed!<\/li>\n<\/ul>\n<p data-start=\"596\" data-end=\"678\">A\u0165 u\u017e jste odkudkoli, zajist\u00edme v\u00e1m bezprobl\u00e9movou komunikaci a osobn\u00ed p\u0159\u00edstup.<\/p>\n<h3 data-start=\"2303\" data-end=\"2343\"><strong data-start=\"2307\" data-end=\"2341\">Pro\u010d si vybrat VIP z\u00e1\u017eitek?<\/strong><\/h3>\n<ul data-start=\"2344\" data-end=\"2584\">\n<li data-start=\"2344\" data-end=\"2398\">\n<p data-start=\"2346\" data-end=\"2398\">\ud83d\ude90 Luxusn\u00ed soukrom\u00e1 doprava<\/p>\n<\/li>\n<li data-start=\"2399\" data-end=\"2446\">\n<p data-start=\"2401\" data-end=\"2446\">\ud83c\udfdb\ufe0f Osobn\u00ed pr\u016fvodcovsk\u00e9 slu\u017eby egyptologa<\/p>\n<\/li>\n<li data-start=\"2447\" data-end=\"2490\">\n<p data-start=\"2449\" data-end=\"2490\">\ud83c\udf74 Pr\u00e9miov\u00fd ob\u011bd v malebn\u00e9 restauraci<\/p>\n<\/li>\n<li data-start=\"2491\" data-end=\"2538\">\n<p data-start=\"2493\" data-end=\"2538\">\u23f1\ufe0f Flexibiln\u00ed rozvrh p\u0159izp\u016fsoben\u00fd va\u0161\u00ed skupin\u011b<\/p>\n<\/li>\n<li data-start=\"2539\" data-end=\"2584\">\n<p data-start=\"2541\" data-end=\"2584\">\ud83d\udecd\ufe0f Exkluzivn\u00ed n\u00e1kupn\u00ed zast\u00e1vky na vy\u017e\u00e1d\u00e1n\u00ed<\/p>\n<\/li>\n<\/ul>\n<p data-start=\"1311\" data-end=\"1432\">Tento z\u00e1jezd je ide\u00e1ln\u00ed pro cestuj\u00edc\u00ed, kte\u0159\u00ed maj\u00ed m\u00e1lo \u010dasu, ale cht\u011bj\u00ed se <strong data-start=\"1373\" data-end=\"1430\">od\u0161krtn\u011bte si legend\u00e1rn\u00ed divy Luxoru ze seznamu!<\/strong><\/p>\n<table style=\"height: 395px;\" width=\"844\">\n<tbody>\n<tr>\n<td width=\"126\"><strong>\u00a0\u20ac 300.00<\/strong><\/td>\n<td width=\"307\"><strong>luxor Private 2 osoby<\/strong><\/td>\n<\/tr>\n<tr>\n<td><strong>\u00a0\u20ac\u00a0 450.00<\/strong><\/td>\n<td><strong>luxor Private 3 a\u017e 4 osoby<\/strong><\/td>\n<\/tr>\n<tr>\n<td><strong>\u00a0\u20ac\u00a0 510.00<\/strong><\/td>\n<td><strong>luxor Private 5 osob<\/strong><\/td>\n<\/tr>\n<tr>\n<td><strong>\u00a0\u20ac\u00a0 560.00<\/strong><\/td>\n<td><strong>luxor Private 6 osob<\/strong><\/td>\n<\/tr>\n<tr>\n<td><\/td>\n<td><\/td>\n<\/tr>\n<\/tbody>\n<\/table>\n<h3 data-start=\"2198\" data-end=\"2225\"><strong data-start=\"2205\" data-end=\"2223\">Platba v USD ($ \ud83c\uddfa\ud83c\uddf8) m\u00edsto v EUR (\u20ac \ud83c\uddea\ud83c\uddfa) je mo\u017en\u00e1 podle denn\u00edho kurzu banky.<\/strong><\/h3>\n<p><strong>Kniha p\u0159es WhatsApp:<\/strong><\/p>\n<p><a href=\"https:\/\/api.whatsapp.com\/send\/?phone=01021058859\" target=\"_blank\" rel=\"noopener\">\u00a0<img decoding=\"async\" class=\"alignnone wp-image-2058\" src=\"https:\/\/poehalisnamiegypt.com\/wp-content\/uploads\/2024\/02\/pngwing.com_-300x300.png\" sizes=\"auto, (max-width: 35px) 100vw, 35px\" srcset=\"https:\/\/poehalisnamiegypt.com\/wp-content\/uploads\/2024\/02\/pngwing.com_-300x300.png 300w, https:\/\/poehalisnamiegypt.com\/wp-content\/uploads\/2024\/02\/pngwing.com_-150x150.png 150w, https:\/\/poehalisnamiegypt.com\/wp-content\/uploads\/2024\/02\/pngwing.com_.png 584w\" alt=\"\" width=\"53\" height=\"53\" \/><\/a><\/p>\n<div id=\"simple-translate\" class=\"simple-translate-system-theme\">\n<div>\n<div class=\"simple-translate-button isShow\" style=\"background-image: url('chrome-extension:\/\/cllnohpbfenopiakdcjmjcbaeapmkcdl\/icons\/512.png'); height: 22px; width: 22px; top: 1106px; left: 28px;\"><\/div>\n<div class=\"simple-translate-panel\" style=\"width: 300px; height: 200px; top: 0px; left: 0px; font-size: 13px;\">\n<div class=\"simple-translate-result-wrapper\" style=\"overflow: hidden;\">\n<div class=\"simple-translate-move\" draggable=\"true\"><\/div>\n<div class=\"simple-translate-result-contents\">\n<p class=\"simple-translate-candidate\" dir=\"auto\">\n<\/div>\n<\/div>\n<\/div>\n<\/div>\n<\/div>\n<div id=\"gtx-trans\" style=\"position: absolute; left: 141px; top: 3.375px;\">\n<div class=\"gtx-trans-icon\"><\/div>\n<\/div>","protected":false},"excerpt":{"rendered":"<p>\u2708\ufe0f Luxor Full-Day Private Discover the wonders of ancient Egypt in just one day! Even though Luxor and Cairo are 400+ miles (644 km) apart, this exclusive private tour\u00a0makes it possible to explore the treasures of Luxor without missing a moment. \ud83c\udfdb Highlights of Your Journey Valley of the Kings \u2013 Step into history where [&hellip;]<\/p>\n","protected":false},"featured_media":9453,"comment_status":"open","ping_status":"closed","template":"","meta":{"_monsterinsights_skip_tracking":false,"_monsterinsights_sitenote_active":false,"_monsterinsights_sitenote_note":"","_monsterinsights_sitenote_category":0,"_mbp_gutenberg_autopost":false},"product_brand":[],"product_cat":[59],"product_tag":[],"class_list":{"0":"post-9418","1":"product","2":"type-product","3":"status-publish","4":"has-post-thumbnail","6":"product_cat-luxor","8":"first","9":"instock","10":"shipping-taxable","11":"purchasable","12":"product-type-ovabrw_car_rental"},"_links":{"self":[{"href":"https:\/\/redsea-dream-tours.net\/cs\/wp-json\/wp\/v2\/product\/9418","targetHints":{"allow":["GET"]}}],"collection":[{"href":"https:\/\/redsea-dream-tours.net\/cs\/wp-json\/wp\/v2\/product"}],"about":[{"href":"https:\/\/redsea-dream-tours.net\/cs\/wp-json\/wp\/v2\/types\/product"}],"replies":[{"embeddable":true,"href":"https:\/\/redsea-dream-tours.net\/cs\/wp-json\/wp\/v2\/comments?post=9418"}],"wp:featuredmedia":[{"embeddable":true,"href":"https:\/\/redsea-dream-tours.net\/cs\/wp-json\/wp\/v2\/media\/9453"}],"wp:attachment":[{"href":"https:\/\/redsea-dream-tours.net\/cs\/wp-json\/wp\/v2\/media?parent=9418"}],"wp:term":[{"taxonomy":"product_brand","embeddable":true,"href":"https:\/\/redsea-dream-tours.net\/cs\/wp-json\/wp\/v2\/product_brand?post=9418"},{"taxonomy":"product_cat","embeddable":true,"href":"https:\/\/redsea-dream-tours.net\/cs\/wp-json\/wp\/v2\/product_cat?post=9418"},{"taxonomy":"product_tag","embeddable":true,"href":"https:\/\/redsea-dream-tours.net\/cs\/wp-json\/wp\/v2\/product_tag?post=9418"}],"curies":[{"name":"wp","href":"https:\/\/api.w.org\/{rel}","templated":true}]}}