{"id":9419,"date":"2026-03-01T20:19:58","date_gmt":"2026-03-01T20:19:58","guid":{"rendered":"https:\/\/redsea-dream-tours.net\/?post_type=product&#038;p=9419"},"modified":"2026-03-22T18:43:00","modified_gmt":"2026-03-22T18:43:00","slug":"diving-adventure-in-hurghada","status":"publish","type":"product","link":"https:\/\/redsea-dream-tours.net\/cs\/produkt\/diving-adventure-in-hurghada\/","title":{"rendered":"Pot\u00e1p\u011b\u010dsk\u00e9 dobrodru\u017estv\u00ed v Hurghad\u011b"},"content":{"rendered":"<h2 data-start=\"105\" data-end=\"172\">\ud83c\udf0a <strong data-start=\"111\" data-end=\"172\">Denn\u00ed pot\u00e1p\u011bn\u00ed v Hurghad\u011b - prozkoumejte Rud\u00e9 mo\u0159e!<\/strong><\/h2>\n<p data-start=\"174\" data-end=\"413\">Pono\u0159te se do <strong data-start=\"188\" data-end=\"227\">k\u0159i\u0161\u0165\u00e1lov\u011b \u010dist\u00e9 vody Rud\u00e9ho mo\u0159e<\/strong> v Hurghad\u011b a poznejte sv\u011bt barevn\u00fdch \u00fates\u016f a fascinuj\u00edc\u00edho mo\u0159sk\u00e9ho \u017eivota! \ud83d\udc20 N\u00e1\u0161 profesion\u00e1ln\u00ed t\u00fdm instruktor\u016f je p\u0159ipraven v\u00e1m poskytnout <strong data-start=\"374\" data-end=\"412\">nezapomenuteln\u00e9 podmo\u0159sk\u00e9 dobrodru\u017estv\u00ed<\/strong>.<\/p>\n<hr data-start=\"415\" data-end=\"418\" \/>\n<h3 data-start=\"420\" data-end=\"444\">\ud83d\udd57 <strong data-start=\"427\" data-end=\"444\">Pl\u00e1n v\u00fdlet\u016f<\/strong><\/h3>\n<ul data-start=\"445\" data-end=\"596\">\n<li data-start=\"445\" data-end=\"472\">\n<p data-start=\"447\" data-end=\"472\"><strong data-start=\"447\" data-end=\"462\">\u010cas zah\u00e1jen\u00ed:<\/strong> 8:30<\/p>\n<\/li>\n<li data-start=\"473\" data-end=\"498\">\n<p data-start=\"475\" data-end=\"498\"><strong data-start=\"475\" data-end=\"488\">\u010cas ukon\u010den\u00ed:<\/strong> 16:00<\/p>\n<\/li>\n<li data-start=\"499\" data-end=\"596\">\n<p data-start=\"501\" data-end=\"596\"><strong data-start=\"501\" data-end=\"519\">M\u00edsto setk\u00e1n\u00ed:<\/strong> Na\u0161e pot\u00e1p\u011b\u010dsk\u00e9 centrum v <strong data-start=\"541\" data-end=\"552\">8:00<\/strong> pro p\u0159\u00edpravu a registraci za\u0159\u00edzen\u00ed.<\/p>\n<\/li>\n<\/ul>\n<hr data-start=\"598\" data-end=\"601\" \/>\n<h3 data-start=\"603\" data-end=\"638\">\ud83d\uddfa\ufe0f <strong data-start=\"611\" data-end=\"638\">Pot\u00e1p\u011b\u010dsk\u00e9 lokality a zku\u0161enosti<\/strong><\/h3>\n<ul data-start=\"639\" data-end=\"890\">\n<li data-start=\"639\" data-end=\"719\">\n<p data-start=\"641\" data-end=\"719\">U\u017eijte si <strong data-start=\"647\" data-end=\"675\">dv\u011b r\u016fzn\u00e9 pot\u00e1p\u011b\u010dsk\u00e9 lokality<\/strong> na jeden v\u00fdlet (podle po\u010das\u00ed a proud\u016f).<\/p>\n<\/li>\n<li data-start=\"720\" data-end=\"824\">\n<p data-start=\"722\" data-end=\"824\">Plavba na prvn\u00ed zast\u00e1vku: <strong data-start=\"754\" data-end=\"771\">35-45 minut<\/strong> nebo a\u017e do <strong data-start=\"781\" data-end=\"798\">60-90 minut<\/strong>, v z\u00e1vislosti na lokalit\u011b.<\/p>\n<\/li>\n<li data-start=\"825\" data-end=\"890\">\n<p data-start=\"827\" data-end=\"890\">Na palub\u011b <strong data-start=\"841\" data-end=\"856\">mistr pot\u00e1p\u011bn\u00ed<\/strong> poskytne podrobn\u00e9 informace.<\/p>\n<\/li>\n<\/ul>\n<hr data-start=\"892\" data-end=\"895\" \/>\n<h3 data-start=\"897\" data-end=\"936\">\ud83e\udd3f <strong data-start=\"904\" data-end=\"936\">Nejd\u016fle\u017eit\u011bj\u0161\u00ed z\u00e1\u017eitky z pot\u00e1p\u011bn\u00ed<\/strong><\/h3>\n<ul data-start=\"937\" data-end=\"1228\">\n<li data-start=\"937\" data-end=\"990\">\n<p data-start=\"939\" data-end=\"990\"><strong data-start=\"939\" data-end=\"960\">Dva ponory denn\u011b<\/strong> s odborn\u00fdm veden\u00edm.<\/p>\n<\/li>\n<li data-start=\"991\" data-end=\"1073\">\n<p data-start=\"993\" data-end=\"1073\">Voliteln\u011b <strong data-start=\"1002\" data-end=\"1045\">hl\u00e1\u0161en\u00ed a identifikace mo\u0159sk\u00fdch \u017eivo\u010dich\u016f<\/strong> po ka\u017ed\u00e9m ponoru.<\/p>\n<\/li>\n<li data-start=\"1074\" data-end=\"1148\">\n<p data-start=\"1076\" data-end=\"1148\">D\u00e9lka ponoru z\u00e1vis\u00ed na <strong data-start=\"1101\" data-end=\"1145\">spot\u0159eba vzduchu, proudy a velikost m\u00edsta.<\/strong>.<\/p>\n<\/li>\n<li data-start=\"1149\" data-end=\"1228\">\n<p data-start=\"1151\" data-end=\"1228\">Na\u0161\u00edm c\u00edlem je nav\u0161t\u00edvit co nejv\u00edce <strong data-start=\"1175\" data-end=\"1191\">jedine\u010dn\u00e9 str\u00e1nky<\/strong> co nejpest\u0159ej\u0161\u00ed z\u00e1\u017eitek!<\/p>\n<\/li>\n<\/ul>\n<hr data-start=\"1230\" data-end=\"1233\" \/>\n<h3 data-start=\"1235\" data-end=\"1261\">\ud83c\udf7d\ufe0f <strong data-start=\"1243\" data-end=\"1261\">Ob\u011bd na palub\u011b<\/strong><\/h3>\n<ul data-start=\"1262\" data-end=\"1478\">\n<li data-start=\"1262\" data-end=\"1397\">\n<p data-start=\"1264\" data-end=\"1305\">\u010cerstv\u011b p\u0159ipraven\u00e9 <strong data-start=\"1281\" data-end=\"1297\">ob\u011bdov\u00fd bufet<\/strong> s:<\/p>\n<ul data-start=\"1308\" data-end=\"1397\">\n<li data-start=\"1308\" data-end=\"1325\">\n<p data-start=\"1310\" data-end=\"1325\">M\u00edstn\u00ed ryby \ud83d\udc1f<\/p>\n<\/li>\n<li data-start=\"1328\" data-end=\"1349\">\n<p data-start=\"1330\" data-end=\"1349\">T\u011bstoviny a r\u00fd\u017ee \ud83c\udf5d\ud83c\udf5a<\/p>\n<\/li>\n<li data-start=\"1352\" data-end=\"1375\">\n<p data-start=\"1354\" data-end=\"1375\">Ku\u0159ec\u00ed maso a maso \ud83c\udf57\ud83e\udd69<\/p>\n<\/li>\n<li data-start=\"1378\" data-end=\"1397\">\n<p data-start=\"1380\" data-end=\"1397\">\u010cerstv\u00e9 sal\u00e1ty \ud83e\udd57<\/p>\n<\/li>\n<\/ul>\n<\/li>\n<li data-start=\"1398\" data-end=\"1478\">\n<p data-start=\"1400\" data-end=\"1478\">Zahrnuje <strong data-start=\"1409\" data-end=\"1452\">nealkoholick\u00e9 n\u00e1poje (voda, d\u017eus, \u010daj, k\u00e1va).<\/strong> - omezen\u00fd, ale osv\u011b\u017euj\u00edc\u00ed!<\/p>\n<\/li>\n<\/ul>\n<hr data-start=\"1480\" data-end=\"1483\" \/>\n<h3 data-start=\"1485\" data-end=\"1516\">\ud83d\udee5\ufe0f <strong data-start=\"1493\" data-end=\"1516\">Na\u0161e lodn\u00ed za\u0159\u00edzen\u00ed<\/strong><\/h3>\n<ul data-start=\"1517\" data-end=\"1636\">\n<li data-start=\"1517\" data-end=\"1560\">\n<p data-start=\"1519\" data-end=\"1560\">Prostorn\u00fd <strong data-start=\"1528\" data-end=\"1540\">slune\u010dn\u00ed terasa<\/strong> pro relaxaci \u2600\ufe0f<\/p>\n<\/li>\n<li data-start=\"1561\" data-end=\"1586\">\n<p data-start=\"1563\" data-end=\"1586\">Na palub\u011b <strong data-start=\"1571\" data-end=\"1581\">sprcha<\/strong> \ud83d\udebf<\/p>\n<\/li>\n<li data-start=\"1587\" data-end=\"1636\">\n<p data-start=\"1589\" data-end=\"1636\">Pohodln\u00e9 <strong data-start=\"1601\" data-end=\"1631\">sal\u00f3nek pro stolov\u00e1n\u00ed a n\u00e1poje<\/strong> \ud83c\udf79<\/p>\n<\/li>\n<\/ul>\n<hr data-start=\"1638\" data-end=\"1641\" \/>\n<h3 data-start=\"1643\" data-end=\"1679\">\ud83c\udf0d <strong data-start=\"1650\" data-end=\"1679\">Z\u00e1vazek k ochran\u011b p\u0159\u00edrody<\/strong><\/h3>\n<p data-start=\"1680\" data-end=\"1876\">Hrd\u011b podporujeme <strong data-start=\"1699\" data-end=\"1771\">HEPCA (Hurghada Environmental Protection &amp; Conservation Association)<\/strong> a <strong data-start=\"1780\" data-end=\"1821\">Egyptsk\u00e1 agentura pro \u017eivotn\u00ed prost\u0159ed\u00ed<\/strong> k ochran\u011b <strong data-start=\"1837\" data-end=\"1872\">\u00datesy a mo\u0159sk\u00fd \u017eivot v Rud\u00e9m mo\u0159i<\/strong>. \ud83d\udc22<\/p>\n<p data-start=\"1878\" data-end=\"2011\">Ka\u017ed\u00fd pot\u00e1p\u011b\u010d a \u0161norchla\u0159 - za\u010d\u00e1te\u010dn\u00edk i pokro\u010dil\u00fd - je povinen. <strong data-start=\"1953\" data-end=\"1987\">chr\u00e1nit tento k\u0159ehk\u00fd ekosyst\u00e9m<\/strong> pro budouc\u00ed generace.<\/p>\n<hr data-start=\"2013\" data-end=\"2016\" \/>\n<h3 data-start=\"2018\" data-end=\"2044\"><strong data-start=\"2022\" data-end=\"2042\">Program zahrnuje<\/strong><\/h3>\n<ul data-start=\"2045\" data-end=\"2167\">\n<li data-start=\"2045\" data-end=\"2069\">\n<p data-start=\"2047\" data-end=\"2069\">\ud83d\udc68\u200d\ud83c\udfeb <strong data-start=\"2053\" data-end=\"2067\">Pr\u016fvodce pot\u00e1p\u011bn\u00edm<\/strong><\/p>\n<\/li>\n<li data-start=\"2070\" data-end=\"2090\">\n<p data-start=\"2072\" data-end=\"2090\">\ud83d\udee2\ufe0f <strong data-start=\"2076\" data-end=\"2088\">12l n\u00e1dr\u017e<\/strong><\/p>\n<\/li>\n<li data-start=\"2091\" data-end=\"2109\">\n<p data-start=\"2093\" data-end=\"2109\">\u2696\ufe0f <strong data-start=\"2096\" data-end=\"2107\">Z\u00e1va\u017e\u00ed<\/strong><\/p>\n<\/li>\n<li data-start=\"2110\" data-end=\"2167\">\n<p data-start=\"2112\" data-end=\"2167\">\ud83d\ude90 <strong data-start=\"2115\" data-end=\"2167\">Transfery v r\u00e1mci Hurghady, Makadi a Sahl Ha\u0161i\u0161e<\/strong><\/p>\n<\/li>\n<\/ul>\n<p>\ud83d\udcdd Pozn\u00e1mky<\/p>\n<p>Na po\u017e\u00e1d\u00e1n\u00ed nab\u00edz\u00edme tak\u00e9 pot\u00e1p\u011b\u010dsk\u00e9 certifik\u00e1ty (pro za\u010d\u00e1te\u010dn\u00edky a pokro\u010dil\u00e9).<\/p>\n<p>Mo\u017enost pouze \u0161norchlov\u00e1n\u00ed: 20 \u20ac<\/p>\n<p>Fotografie nejsou sou\u010d\u00e1st\u00ed balen\u00ed.<\/p>\n<p>\ud83e\udd11 Cena z\u00e1jezdu<\/p>\n<p>\ud83d\ude4e\ud83c\udffb\u200d\u2642\ufe0f 10 let a v\u00edce: 30 \u20ac<\/p>\n<p>\ud83e\uddcd\ud83c\udffb\u200d\u2640\ufe0f Do 10 let: \ud83d\udeab Nen\u00ed povoleno.<\/p>\n<p>\ud83d\udc64 Doprovod host\u016f (bez pot\u00e1p\u011bn\u00ed): \u20ac 20<\/p>\n<table style=\"height: 115px;\" width=\"790\">\n<tbody>\n<tr>\n<td width=\"126\"><strong>\u00a0\u20ac\u00a0\u00a0\u00a045.00<\/strong><\/td>\n<td width=\"307\"><strong>Pot\u00e1p\u011b\u010dsk\u00fd profesion\u00e1l<\/strong><\/td>\n<\/tr>\n<tr>\n<td><strong>\u00a0\u20ac\u00a0\u00a0\u00a0 30.00<\/strong><\/td>\n<td><strong>Pot\u00e1p\u011bn\u00ed<\/strong><\/td>\n<\/tr>\n<tr>\n<td><strong>\u00a0\u20ac\u00a0\u00a0\u00a0 20.00<\/strong><\/td>\n<td><strong>\u0160norchlov\u00e1n\u00ed<\/strong><\/td>\n<\/tr>\n<\/tbody>\n<\/table>\n<h3 data-start=\"2198\" data-end=\"2225\"><strong data-start=\"2205\" data-end=\"2223\">Platba v USD ($ \ud83c\uddfa\ud83c\uddf8) m\u00edsto v EUR (\u20ac \ud83c\uddea\ud83c\uddfa) je mo\u017en\u00e1 podle denn\u00edho kurzu banky.<\/strong><\/h3>\n<p><strong>Kniha p\u0159es WhatsApp:<\/strong><\/p>\n<p><a href=\"https:\/\/api.whatsapp.com\/send\/?phone=01021058859\" target=\"_blank\" rel=\"noopener\">\u00a0<img decoding=\"async\" class=\"alignnone wp-image-2058\" src=\"https:\/\/poehalisnamiegypt.com\/wp-content\/uploads\/2024\/02\/pngwing.com_-300x300.png\" sizes=\"auto, (max-width: 35px) 100vw, 35px\" srcset=\"https:\/\/poehalisnamiegypt.com\/wp-content\/uploads\/2024\/02\/pngwing.com_-300x300.png 300w, https:\/\/poehalisnamiegypt.com\/wp-content\/uploads\/2024\/02\/pngwing.com_-150x150.png 150w, https:\/\/poehalisnamiegypt.com\/wp-content\/uploads\/2024\/02\/pngwing.com_.png 584w\" alt=\"\" width=\"53\" height=\"53\" \/><\/a><\/p>\n<div id=\"gtx-trans\" style=\"position: absolute; left: 488px; top: 62.0278px;\">\n<div class=\"gtx-trans-icon\"><\/div>\n<\/div>","protected":false},"excerpt":{"rendered":"<p>\ud83c\udf0a Daily Diving Adventure in Hurghada \u2013 Explore the Red Sea! Dive into the crystal-clear waters of the Red Sea in Hurghada and experience a world of colorful reefs and fascinating marine life! \ud83d\udc20 Our professional team of instructors is ready to give you an unforgettable underwater adventure. \ud83d\udd57 Trip Schedule Start Time: 8:30 AM [&hellip;]<\/p>\n","protected":false},"featured_media":9459,"comment_status":"open","ping_status":"closed","template":"","meta":{"_monsterinsights_skip_tracking":false,"_monsterinsights_sitenote_active":false,"_monsterinsights_sitenote_note":"","_monsterinsights_sitenote_category":0,"_mbp_gutenberg_autopost":false},"product_brand":[],"product_cat":[78,60],"product_tag":[],"class_list":{"0":"post-9419","1":"product","2":"type-product","3":"status-publish","4":"has-post-thumbnail","6":"product_cat-red","7":"product_cat-sea","9":"first","10":"instock","11":"shipping-taxable","12":"purchasable","13":"product-type-ovabrw_car_rental"},"_links":{"self":[{"href":"https:\/\/redsea-dream-tours.net\/cs\/wp-json\/wp\/v2\/product\/9419","targetHints":{"allow":["GET"]}}],"collection":[{"href":"https:\/\/redsea-dream-tours.net\/cs\/wp-json\/wp\/v2\/product"}],"about":[{"href":"https:\/\/redsea-dream-tours.net\/cs\/wp-json\/wp\/v2\/types\/product"}],"replies":[{"embeddable":true,"href":"https:\/\/redsea-dream-tours.net\/cs\/wp-json\/wp\/v2\/comments?post=9419"}],"wp:featuredmedia":[{"embeddable":true,"href":"https:\/\/redsea-dream-tours.net\/cs\/wp-json\/wp\/v2\/media\/9459"}],"wp:attachment":[{"href":"https:\/\/redsea-dream-tours.net\/cs\/wp-json\/wp\/v2\/media?parent=9419"}],"wp:term":[{"taxonomy":"product_brand","embeddable":true,"href":"https:\/\/redsea-dream-tours.net\/cs\/wp-json\/wp\/v2\/product_brand?post=9419"},{"taxonomy":"product_cat","embeddable":true,"href":"https:\/\/redsea-dream-tours.net\/cs\/wp-json\/wp\/v2\/product_cat?post=9419"},{"taxonomy":"product_tag","embeddable":true,"href":"https:\/\/redsea-dream-tours.net\/cs\/wp-json\/wp\/v2\/product_tag?post=9419"}],"curies":[{"name":"wp","href":"https:\/\/api.w.org\/{rel}","templated":true}]}}