{"id":9422,"date":"2026-03-01T20:19:58","date_gmt":"2026-03-01T20:19:58","guid":{"rendered":"https:\/\/redsea-dream-tours.net\/?post_type=product&#038;p=9422"},"modified":"2026-04-10T19:04:56","modified_gmt":"2026-04-10T19:04:56","slug":"luxor-bus-tour-from-hurghada","status":"publish","type":"product","link":"https:\/\/redsea-dream-tours.net\/cs\/produkt\/luxor-bus-tour-from-hurghada\/","title":{"rendered":"Autobusov\u00fd z\u00e1jezd do Luxoru z Hurghady: Cesta do srdce starov\u011bk\u00e9ho Egypta"},"content":{"rendered":"<p><b data-path-to-node=\"2\" data-index-in-node=\"0\">\ud83c\udfdb\ufe0f Luxor Bus Tour z Hurghady: Cesta do srdce starov\u011bk\u00e9ho Egypta<\/b><\/p>\n<p data-path-to-node=\"3\">Vydejte se na <b data-path-to-node=\"3\" data-index-in-node=\"14\">Kone\u010dn\u00fd Luxor Autobusov\u00fd z\u00e1jezd z Hurghady<\/b>, pe\u010dliv\u011b napl\u00e1novan\u00fd <b data-path-to-node=\"3\" data-index-in-node=\"73\">jedine\u010dn\u00e9 dobrodru\u017estv\u00ed<\/b> do nad\u010dasov\u00e9 zem\u011b faraon\u016f. V Luxoru, kter\u00fd je \u010dasto naz\u00fdv\u00e1n nejv\u011bt\u0161\u00edm sv\u011btov\u00fdm muzeem pod \u0161ir\u00fdm nebem, se nach\u00e1z\u00ed t\u00e9m\u011b\u0159 t\u0159etina starov\u011bk\u00fdch pam\u00e1tek sv\u011bta. Tato odborn\u00e1 exkurze nab\u00edz\u00ed <b data-path-to-node=\"3\" data-index-in-node=\"280\">luxusn\u00ed transfer<\/b>, odborn\u00edk <b data-path-to-node=\"3\" data-index-in-node=\"304\">soukrom\u00e9 poradenstv\u00ed<\/b>, a den pln\u00fd <b data-path-to-node=\"3\" data-index-in-node=\"344\">kulturn\u00ed objevov\u00e1n\u00ed<\/b> a <b data-path-to-node=\"3\" data-index-in-node=\"367\">starov\u011bk\u00e9 z\u00e1zraky<\/b>.<\/p>\n<h3 data-path-to-node=\"4\"><b data-path-to-node=\"4\" data-index-in-node=\"0\">\ud83c\udf05 Rann\u00ed odjezd: Kouzeln\u00fd za\u010d\u00e1tek<\/b><\/h3>\n<p data-path-to-node=\"5\">Va\u0161e <b data-path-to-node=\"5\" data-index-in-node=\"5\">Autobusov\u00fd z\u00e1jezd do Luxoru z Hurghady<\/b> za\u010d\u00edn\u00e1 brzk\u00fdm rann\u00edm odjezdem modern\u00edm klimatizovan\u00fdm autobusem. Pohodln\u011b se usa\u010fte a vychutnejte si vyhl\u00eddkovou j\u00edzdu, zat\u00edmco slunce vych\u00e1z\u00ed nad zlat\u00fdmi egyptsk\u00fdmi p\u00edsky. <b data-path-to-node=\"5\" data-index-in-node=\"187\">kouzeln\u00fd okam\u017eik<\/b> kter\u00e1 p\u0159ipravuje p\u016fdu pro <b data-path-to-node=\"5\" data-index-in-node=\"229\">nezapomenuteln\u00e1 vzpom\u00ednka<\/b>. Zaji\u0161\u0165ujeme <b data-path-to-node=\"5\" data-index-in-node=\"263\">bezprobl\u00e9mov\u00e9<\/b> za\u010d\u00e1tek cesty, pohodl\u00ed a odpo\u010dinek ji\u017e od prvn\u00edho kilometru.<\/p>\n<h3 data-start=\"493\" data-end=\"529\">\ud83d\udde3\ufe0f <strong data-start=\"501\" data-end=\"527\">Mluv\u00edme va\u0161\u00edm jazykem<\/strong><\/h3>\n<ul data-start=\"530\" data-end=\"594\">\n<li>Polsk\u00fd<\/li>\n<li>Francouz\u0161tina<\/li>\n<li>Angli\u010dtina<\/li>\n<li>N\u011bm\u010dina<\/li>\n<li>Portugal\u0161tina<\/li>\n<li>\u0160pan\u011bl\u0161tina<\/li>\n<li>...a dal\u0161\u00ed!<\/li>\n<\/ul>\n<p data-start=\"596\" data-end=\"678\">A\u0165 u\u017e jste odkudkoli, zajist\u00edme v\u00e1m bezprobl\u00e9movou komunikaci a osobn\u00ed p\u0159\u00edstup.<\/p>\n<h3 data-path-to-node=\"6\"><b data-path-to-node=\"6\" data-index-in-node=\"0\">\ud83c\udfdc\ufe0f Prozkoumejte Z\u00e1padn\u00ed b\u0159eh Jord\u00e1nu: \u00dadol\u00ed kr\u00e1l\u016f<\/b><\/h3>\n<p data-path-to-node=\"7\">Vydejte se do sv\u011bta starov\u011bk\u00e9 kr\u00e1lovsk\u00e9 rodiny na sv\u00e9 <b data-path-to-node=\"7\" data-index-in-node=\"47\">Autobusov\u00fd z\u00e1jezd do Luxoru z Hurghady<\/b>. Nav\u0161t\u00edv\u00edte legend\u00e1rn\u00ed <b data-path-to-node=\"7\" data-index-in-node=\"106\">\u00dadol\u00ed kr\u00e1l\u016f<\/b> \ud83c\udfdb\ufe0f, m\u00edsto posledn\u00edho odpo\u010dinku velk\u00fdch egyptsk\u00fdch faraon\u016f, v\u010detn\u011b Tutanchamonovy hrobky.<\/p>\n<ul data-path-to-node=\"8\">\n<li>\n<p data-path-to-node=\"8,0,0\"><b data-path-to-node=\"8,0,0\" data-index-in-node=\"0\">Chr\u00e1m Hat\u0161epsut:<\/b> Obdivujte toto mistrovsk\u00e9 architektonick\u00e9 d\u00edlo v\u011bnovan\u00e9 jedin\u00e9 egyptsk\u00e9 faraonce, kter\u00e9 je jako stvo\u0159en\u00e9 pro <b data-path-to-node=\"8,0,0\" data-index-in-node=\"114\">cestovn\u00ed fotografie<\/b>.<\/p>\n<\/li>\n<li>\n<p data-path-to-node=\"8,1,0\"><b data-path-to-node=\"8,1,0\" data-index-in-node=\"0\">Memnonovy kolosy:<\/b> Zachycen\u00ed <b data-path-to-node=\"8,1,0\" data-index-in-node=\"27\">\u00fachvatn\u00fd v\u00fdhled<\/b> t\u011bchto masivn\u00edch kamenn\u00fdch soch, kter\u00e9 stoj\u00ed na str\u00e1\u017ei ji\u017e v\u00edce ne\u017e 3000 let.<\/p>\n<\/li>\n<\/ul>\n<h3 data-path-to-node=\"9\"><b data-path-to-node=\"9\" data-index-in-node=\"0\">\ud83c\udffa Objevte v\u00fdchodn\u00ed b\u0159eh: Chr\u00e1m v Karnaku a Den na Nilu<\/b><\/h3>\n<p data-path-to-node=\"10\">Na str\u00e1nk\u00e1ch <b data-path-to-node=\"10\" data-index-in-node=\"4\">Autobusov\u00fd z\u00e1jezd do Luxoru z Hurghady<\/b> pokra\u010duje plavba lod\u00ed p\u0159es majest\u00e1tn\u00ed \u0159eku Nil. Prozkoumejte <b data-path-to-node=\"10\" data-index-in-node=\"101\">Chr\u00e1mov\u00fd komplex Karnak<\/b> \u26e9\ufe0f, jedno z nejv\u011bt\u0161\u00edch n\u00e1bo\u017eensk\u00fdch m\u00edst na sv\u011bt\u011b. Projd\u011bte se mezi ty\u010d\u00edc\u00edmi se sloupy a posv\u00e1tn\u00fdmi jezery a z\u00e1rove\u0148 se od odborn\u00edka dozv\u00edte p\u0159\u00edb\u011bhy, kter\u00e9 se skr\u00fdvaj\u00ed za starov\u011bk\u00fdmi hieroglyfy. <b data-path-to-node=\"10\" data-index-in-node=\"298\">soukrom\u00e9 poradenstv\u00ed<\/b> specialista.<\/p>\n<h3 data-path-to-node=\"11\"><b data-path-to-node=\"11\" data-index-in-node=\"0\">\ud83c\udf74 Ob\u011bd s v\u00fdhledem a m\u00edstn\u00ed kultura<\/b><\/h3>\n<p data-path-to-node=\"12\">Vychutnejte si lahodnou <b data-path-to-node=\"12\" data-index-in-node=\"18\">gurm\u00e1nsk\u00fd kulin\u00e1\u0159sk\u00fd z\u00e1\u017eitek<\/b> \ud83c\udf7d\ufe0f v m\u00edstn\u00ed restauraci s v\u00fdhledem na Nil. Pot\u00e9 se <b data-path-to-node=\"12\" data-index-in-node=\"107\">Autobusov\u00fd z\u00e1jezd do Luxoru z Hurghady<\/b> zahrnuje zast\u00e1vku na tradi\u010dn\u00edm bazaru \ud83d\udecd\ufe0f. Sv\u011bdectv\u00ed <b data-path-to-node=\"12\" data-index-in-node=\"189\">tradi\u010dn\u00ed dovednosti<\/b> v ru\u010dn\u011b vyr\u00e1b\u011bn\u00fdch \u0159emeslech a naj\u00edt autentick\u00e9 egyptsk\u00e9 v\u00fdrobky, kter\u00e9 v\u00e1m budou p\u0159ipom\u00ednat va\u0161e <b data-path-to-node=\"12\" data-index-in-node=\"281\">jedine\u010dn\u00e9 dobrodru\u017estv\u00ed<\/b>.<\/p>\n<h3 data-path-to-node=\"13\"><b data-path-to-node=\"13\" data-index-in-node=\"0\">\ud83c\udf07 Zp\u00e1te\u010dn\u00ed cesta do Hurghady<\/b><\/h3>\n<p data-path-to-node=\"14\">Na z\u00e1v\u011br dne nastoup\u00edte do autobusu a vyd\u00e1te se na pohodlnou zp\u00e1te\u010dn\u00ed cestu. Vr\u00e1t\u00edte se zp\u011bt do sv\u00e9ho hotelu a budete m\u00edt na sob\u011b <b data-path-to-node=\"14\" data-index-in-node=\"120\">nezapomenuteln\u00e9 vzpom\u00ednky<\/b> z <b data-path-to-node=\"14\" data-index-in-node=\"146\">starov\u011bk\u00e9 z\u00e1zraky<\/b>, z\u00e1\u0159iv\u00fd <b data-path-to-node=\"14\" data-index-in-node=\"171\">um\u011bn\u00ed a kultura<\/b>, a \u00fachvatn\u00e9 scen\u00e9rie Luxoru.<\/p>\n<hr data-path-to-node=\"15\" \/>\n<h3 data-path-to-node=\"16\"><b data-path-to-node=\"16\" data-index-in-node=\"0\">\ud83d\udccc Nejd\u016fle\u017eit\u011bj\u0161\u00ed ud\u00e1losti turn\u00e9 (vyd\u00e1n\u00ed 2026):<\/b><\/h3>\n<ul data-path-to-node=\"17\">\n<li>\n<p data-path-to-node=\"17,0,0\">\ud83d\ude8c <b data-path-to-node=\"17,0,0\" data-index-in-node=\"3\">Luxury_Transfer:<\/b> Pohodln\u00e1 zp\u00e1te\u010dn\u00ed cesta z Hurghady.<\/p>\n<\/li>\n<li>\n<p data-path-to-node=\"17,1,0\">\ud83d\udcdc <b data-path-to-node=\"17,1,0\" data-index-in-node=\"3\">Soukrom\u00e9 poradenstv\u00ed:<\/b> Profesion\u00e1ln\u00ed egyptolog (Mluv\u00edme anglicky, n\u011bmecky, polsky, francouzsky, portugalsky a \u0161pan\u011blsky!).<\/p>\n<\/li>\n<li>\n<p data-path-to-node=\"17,2,0\">\ud83c\udfdb\ufe0f <b data-path-to-node=\"17,2,0\" data-index-in-node=\"4\">Starov\u011bk\u00e9 divy:<\/b> N\u00e1v\u0161t\u011bva \u00dadol\u00ed kr\u00e1l\u016f, Hat\u0161epsut a Karnaku s pr\u016fvodcem.<\/p>\n<\/li>\n<li>\n<p data-path-to-node=\"17,3,0\">\u26f4\ufe0f <b data-path-to-node=\"17,3,0\" data-index-in-node=\"3\">P\u0159echod p\u0159es Nil:<\/b> Ikonick\u00fd v\u00fdlet lod\u00ed v cen\u011b.<\/p>\n<\/li>\n<li>\n<p data-path-to-node=\"17,4,0\">\ud83d\udee1\ufe0f <b data-path-to-node=\"17,4,0\" data-index-in-node=\"4\">\u017d\u00e1dn\u00e1 platba p\u0159edem:<\/b> Rezervujte si nyn\u00ed, zapla\u0165te v den kon\u00e1n\u00ed!<\/p>\n<\/li>\n<\/ul>\n<h3 data-path-to-node=\"18\"><b data-path-to-node=\"18\" data-index-in-node=\"0\">\ud83e\udd11 Cena exkurze:<\/b><\/h3>\n<ul data-path-to-node=\"19\">\n<li>\n<p data-path-to-node=\"19,0,0\"><b data-path-to-node=\"19,0,0\" data-index-in-node=\"0\">Dosp\u011bl\u00ed (nad 12 let):<\/b> 65 \u20ac (\u00dadol\u00ed kr\u00e1l\u016f) \/ 55 \u20ac (\u00dadol\u00ed kr\u00e1loven).<\/p>\n<\/li>\n<li>\n<p data-path-to-node=\"19,1,0\"><b data-path-to-node=\"19,1,0\" data-index-in-node=\"0\">D\u011bti (6-11 let):<\/b> 30 \u20ac.<\/p>\n<\/li>\n<li>\n<p data-path-to-node=\"19,2,0\"><b data-path-to-node=\"19,2,0\" data-index-in-node=\"0\">Kojenci (do 6 let):<\/b> 15 \u20ac.<\/p>\n<\/li>\n<\/ul>\n<p><strong data-start=\"2205\" data-end=\"2223\">Platba v USD ($ \ud83c\uddfa\ud83c\uddf8) m\u00edsto v EUR (\u20ac \ud83c\uddea\ud83c\uddfa) je mo\u017en\u00e1 podle denn\u00edho kurzu banky.<\/strong><\/p>\n<p><strong>Kniha p\u0159es WhatsApp:<\/strong><\/p>\n<p><a href=\"https:\/\/api.whatsapp.com\/send\/?phone=01021058859\" target=\"_blank\" rel=\"noopener\">\u00a0<img fetchpriority=\"high\" decoding=\"async\" class=\"wp-image-2058 aligncenter\" src=\"https:\/\/poehalisnamiegypt.com\/wp-content\/uploads\/2024\/02\/pngwing.com_-300x300.png\" sizes=\"auto, (max-width: 35px) 100vw, 35px\" srcset=\"https:\/\/poehalisnamiegypt.com\/wp-content\/uploads\/2024\/02\/pngwing.com_-300x300.png 300w, https:\/\/poehalisnamiegypt.com\/wp-content\/uploads\/2024\/02\/pngwing.com_-150x150.png 150w, https:\/\/poehalisnamiegypt.com\/wp-content\/uploads\/2024\/02\/pngwing.com_.png 584w\" alt=\"\" width=\"229\" height=\"229\" \/><\/a><\/p>\n<p><img decoding=\"async\" class=\"wp-image-9456 aligncenter\" src=\"https:\/\/redsea-dream-tours.net\/wp-content\/uploads\/2026\/03\/Best-Time-to-Visit-Luxor-and-Thebes-300x225.webp\" alt=\"Luxor Bus Tour from Hurghada: Journey to the Heart of Ancient Egypt\" width=\"479\" height=\"359\" srcset=\"https:\/\/redsea-dream-tours.net\/wp-content\/uploads\/2026\/03\/Best-Time-to-Visit-Luxor-and-Thebes-300x225.webp 300w, https:\/\/redsea-dream-tours.net\/wp-content\/uploads\/2026\/03\/Best-Time-to-Visit-Luxor-and-Thebes-600x450.webp 600w, https:\/\/redsea-dream-tours.net\/wp-content\/uploads\/2026\/03\/Best-Time-to-Visit-Luxor-and-Thebes-1024x768.webp 1024w, https:\/\/redsea-dream-tours.net\/wp-content\/uploads\/2026\/03\/Best-Time-to-Visit-Luxor-and-Thebes-768x576.webp 768w, https:\/\/redsea-dream-tours.net\/wp-content\/uploads\/2026\/03\/Best-Time-to-Visit-Luxor-and-Thebes-1536x1152.webp 1536w, https:\/\/redsea-dream-tours.net\/wp-content\/uploads\/2026\/03\/Best-Time-to-Visit-Luxor-and-Thebes.webp 1600w\" sizes=\"(max-width: 479px) 100vw, 479px\" \/><\/p>\n<h3 data-path-to-node=\"2\"><b data-path-to-node=\"2\" data-index-in-node=\"0\">\u2753 \u010casto kladen\u00e9 ot\u00e1zky (FAQ)<\/b><\/h3>\n<p data-path-to-node=\"3\"><b data-path-to-node=\"3\" data-index-in-node=\"0\">1. Je Luxor Bus Tour z Hurghady vhodn\u00fd pro rodiny?<\/b><\/p>\n<blockquote>\n<p data-path-to-node=\"3\">Ano! Na\u0161e <b data-path-to-node=\"3\" data-index-in-node=\"71\">Autobusov\u00e1 prohl\u00eddka Luxoru - z Hurghady<\/b> je rodinn\u00fd <b data-path-to-node=\"3\" data-index-in-node=\"121\">jedine\u010dn\u00e9 dobrodru\u017estv\u00ed<\/b>. Poskytujeme <b data-path-to-node=\"3\" data-index-in-node=\"152\">luxusn\u00ed transfer<\/b> s klimatizac\u00ed a pohodln\u00fdmi sedadly, kter\u00e9 zp\u0159\u00edjemn\u00ed cestu d\u011btem i senior\u016fm. Pro d\u011bti ve v\u011bku 6-11 let jsou k dispozici speci\u00e1ln\u00ed ceny.<\/p>\n<\/blockquote>\n<p data-path-to-node=\"4\"><b data-path-to-node=\"4\" data-index-in-node=\"0\">2. Mus\u00edm platit p\u0159edem za autobusov\u00fd z\u00e1jezd do Luxoru z Hurghady?<\/b><\/p>\n<blockquote>\n<p data-path-to-node=\"4\">Ne. Jednou z na\u0161ich nejlep\u0161\u00edch funkc\u00ed je <b data-path-to-node=\"4\" data-index-in-node=\"101\">\u017d\u00e1dn\u00e1 platba p\u0159edem<\/b>. M\u016f\u017eete si rezervovat <b data-path-to-node=\"4\" data-index-in-node=\"134\">2026 exkurze<\/b> nyn\u00ed, abyste si zajistili m\u00edsto a zaplatili v den v\u00fdletu. T\u00edm si zajist\u00edte <b data-path-to-node=\"4\" data-index-in-node=\"221\">bezprobl\u00e9mov\u00e9<\/b> z\u00e1\u017eitek z rezervace pro v\u0161echny na\u0161e hosty.<\/p>\n<\/blockquote>\n<p data-path-to-node=\"5\"><b data-path-to-node=\"5\" data-index-in-node=\"0\">3. Co je zahrnuto v cen\u011b z\u00e1jezdu autobusem z Hurgady do Luxoru?<\/b><\/p>\n<blockquote>\n<p data-path-to-node=\"5\">Z\u00e1jezd je all-inclusive <b data-path-to-node=\"5\" data-index-in-node=\"92\">kulturn\u00ed objevov\u00e1n\u00ed<\/b>. Obsahuje <b data-path-to-node=\"5\" data-index-in-node=\"126\">luxusn\u00ed transfer<\/b>, profesion\u00e1ln\u00ed <b data-path-to-node=\"5\" data-index-in-node=\"156\">soukrom\u00e9 poradenstv\u00ed<\/b> (egyptolog), vstupn\u00e9 do <b data-path-to-node=\"5\" data-index-in-node=\"210\">\u00dadol\u00ed_kr\u00e1l\u016f<\/b> a Karnak, a <b data-path-to-node=\"5\" data-index-in-node=\"244\">P\u0159echod p\u0159es Nil<\/b> lod\u00ed a gurm\u00e1nsk\u00fd ob\u011bd s v\u00fdhledem na \u0159eku.<\/p>\n<\/blockquote>\n<p data-path-to-node=\"6\"><b data-path-to-node=\"6\" data-index-in-node=\"0\">4. Jak dlouho trv\u00e1 cesta autobusem z Hurghady do Luxoru?<\/b><\/p>\n<blockquote>\n<p data-path-to-node=\"6\">Prohl\u00eddka je celodenn\u00ed a za\u010d\u00edn\u00e1 brzy r\u00e1no, abyste se mohli pod\u00edvat na <b data-path-to-node=\"6\" data-index-in-node=\"145\">ancient_wonders<\/b> p\u0159i v\u00fdchodu slunce. Ne\u017e se ve\u010der vr\u00e1t\u00edte do Hurghady, prohl\u00e9dnete si v\u00fdchodn\u00ed i z\u00e1padn\u00ed b\u0159eh Luxoru. <b data-path-to-node=\"6\" data-index-in-node=\"282\">nezapomenuteln\u00e9 vzpom\u00ednky<\/b>.<\/p>\n<\/blockquote>\n<p data-path-to-node=\"7\"><b data-path-to-node=\"7\" data-index-in-node=\"0\">5. Jak\u00e9 jazyky jsou k dispozici v autobusov\u00e9 doprav\u011b Luxor Bus_Tour z Hurghady?<\/b><\/p>\n<blockquote>\n<p data-path-to-node=\"7\">Jsme hrd\u00ed na na\u0161e <b data-path-to-node=\"7\" data-index-in-node=\"90\">personalizovan\u00fd itiner\u00e1\u0159<\/b>. Na\u0161i odborn\u00ed pr\u016fvodci poskytuj\u00ed <b data-path-to-node=\"7\" data-index-in-node=\"140\">soukrom\u00e9 poradenstv\u00ed<\/b> v n\u011bkolika jazyc\u00edch, v\u010detn\u011b angli\u010dtiny, n\u011bm\u010diny, francouz\u0161tiny, pol\u0161tiny, \u0161pan\u011bl\u0161tiny a portugal\u0161tiny. Zajist\u00edme, abyste se dozv\u011bd\u011bli o historii Egypta v jazyce, kter\u00fd ovl\u00e1d\u00e1te nejl\u00e9pe.<\/p>\n<\/blockquote>\n<div id=\"gtx-trans\" style=\"position: absolute; left: 80px; top: 53.7083px;\">\n<div class=\"gtx-trans-icon\"><\/div>\n<\/div>\n<div id=\"gtx-trans\" style=\"position: absolute; left: 79px; top: 53.7083px;\">\n<div class=\"gtx-trans-icon\"><\/div>\n<\/div>","protected":false},"excerpt":{"rendered":"<p>\ud83c\udfdb\ufe0f Luxor Bus Tour from Hurghada: Journey to the Heart of Ancient Egypt Embark on the ultimate Luxor Bus Tour from Hurghada, a carefully planned unique adventure to the timeless land of the pharaohs. Luxor, often called the world&#8217;s greatest open-air museum, holds nearly one-third of the world\u2019s ancient monuments. This professional excursion offers a [&hellip;]<\/p>\n","protected":false},"featured_media":9456,"comment_status":"open","ping_status":"closed","template":"","meta":{"_monsterinsights_skip_tracking":false,"_monsterinsights_sitenote_active":false,"_monsterinsights_sitenote_note":"","_monsterinsights_sitenote_category":0,"_mbp_gutenberg_autopost":false},"product_brand":[],"product_cat":[59,78],"product_tag":[],"class_list":{"0":"post-9422","1":"product","2":"type-product","3":"status-publish","4":"has-post-thumbnail","6":"product_cat-luxor","7":"product_cat-red","9":"first","10":"instock","11":"shipping-taxable","12":"purchasable","13":"product-type-ovabrw_car_rental"},"_links":{"self":[{"href":"https:\/\/redsea-dream-tours.net\/cs\/wp-json\/wp\/v2\/product\/9422","targetHints":{"allow":["GET"]}}],"collection":[{"href":"https:\/\/redsea-dream-tours.net\/cs\/wp-json\/wp\/v2\/product"}],"about":[{"href":"https:\/\/redsea-dream-tours.net\/cs\/wp-json\/wp\/v2\/types\/product"}],"replies":[{"embeddable":true,"href":"https:\/\/redsea-dream-tours.net\/cs\/wp-json\/wp\/v2\/comments?post=9422"}],"wp:featuredmedia":[{"embeddable":true,"href":"https:\/\/redsea-dream-tours.net\/cs\/wp-json\/wp\/v2\/media\/9456"}],"wp:attachment":[{"href":"https:\/\/redsea-dream-tours.net\/cs\/wp-json\/wp\/v2\/media?parent=9422"}],"wp:term":[{"taxonomy":"product_brand","embeddable":true,"href":"https:\/\/redsea-dream-tours.net\/cs\/wp-json\/wp\/v2\/product_brand?post=9422"},{"taxonomy":"product_cat","embeddable":true,"href":"https:\/\/redsea-dream-tours.net\/cs\/wp-json\/wp\/v2\/product_cat?post=9422"},{"taxonomy":"product_tag","embeddable":true,"href":"https:\/\/redsea-dream-tours.net\/cs\/wp-json\/wp\/v2\/product_tag?post=9422"}],"curies":[{"name":"wp","href":"https:\/\/api.w.org\/{rel}","templated":true}]}}