{"id":9423,"date":"2026-03-01T20:19:58","date_gmt":"2026-03-01T20:19:58","guid":{"rendered":"https:\/\/redsea-dream-tours.net\/?post_type=product&#038;p=9423"},"modified":"2026-03-01T20:20:22","modified_gmt":"2026-03-01T20:20:22","slug":"luxor-vip-tour-private-luxury-for-8-guests","status":"publish","type":"product","link":"https:\/\/redsea-dream-tours.net\/cs\/produkt\/luxor-vip-tour-private-luxury-for-8-guests\/","title":{"rendered":"Luxor VIP Tour: Luxusn\u00ed soukrom\u00fd hotel pro 8 host\u016f"},"content":{"rendered":"<h3 data-start=\"209\" data-end=\"276\">\ud83d\ude90 <strong data-start=\"216\" data-end=\"274\">Luxor VIP Tour - soukrom\u00fd z\u00e1\u017eitek a\u017e pro 8 host\u016f<\/strong><\/h3>\n<p data-start=\"278\" data-end=\"557\">Dop\u0159ejte si <strong data-start=\"293\" data-end=\"329\">dokonal\u00e1 luxusn\u00ed cesta do Luxoru<\/strong>, kde historie o\u017e\u00edv\u00e1 mezi starobyl\u00fdmi chr\u00e1my, kr\u00e1lovsk\u00fdmi hrobkami a nad\u010dasovou nilskou krajinou. Tento <strong data-start=\"428\" data-end=\"467\">VIP soukrom\u00e1 prohl\u00eddka a\u017e pro 8 osob<\/strong> je ur\u010den pro cestuj\u00edc\u00ed, kte\u0159\u00ed si cen\u00ed <strong data-start=\"504\" data-end=\"554\">pohodl\u00ed, exkluzivita a individu\u00e1ln\u00ed slu\u017eby<\/strong>.<\/p>\n<hr data-start=\"559\" data-end=\"562\" \/>\n<h3 data-start=\"564\" data-end=\"613\">\ud83c\udf05 <strong data-start=\"571\" data-end=\"611\">Exkluzivn\u00ed vyzvednut\u00ed a soukrom\u00fd transfer<\/strong><\/h3>\n<ul data-start=\"614\" data-end=\"895\">\n<li data-start=\"614\" data-end=\"727\">\n<p data-start=\"616\" data-end=\"727\">U\u017eijte si <strong data-start=\"624\" data-end=\"643\">soukrom\u00e9 vyzvednut\u00ed<\/strong> p\u0159\u00edmo z va\u0161eho hotelu nebo letoviska v <strong data-start=\"684\" data-end=\"721\">luxusn\u00ed klimatizovan\u00fd minibus<\/strong> \ud83d\ude90.<\/p>\n<\/li>\n<li data-start=\"728\" data-end=\"811\">\n<p data-start=\"730\" data-end=\"811\">Relaxujte v <strong data-start=\"739\" data-end=\"759\">prostorn\u00e9 sezen\u00ed<\/strong> navr\u017een\u00e9 pro va\u0161e pohodl\u00ed b\u011bhem cesty.<\/p>\n<\/li>\n<li data-start=\"812\" data-end=\"895\">\n<p data-start=\"814\" data-end=\"895\">Bezplatn\u00e9 <strong data-start=\"828\" data-end=\"862\">ob\u010derstven\u00ed a balen\u00e1 voda<\/strong> \ud83d\udca7 jsou k dispozici na cest\u011b.<\/p>\n<\/li>\n<\/ul>\n<hr data-start=\"897\" data-end=\"900\" \/>\n<h3 data-start=\"902\" data-end=\"950\">\ud83c\udfdc\ufe0f <strong data-start=\"910\" data-end=\"948\">Prozkoumejte bez\u010das\u00fd z\u00e1padn\u00ed b\u0159eh Luxoru<\/strong><\/h3>\n<p data-start=\"951\" data-end=\"1049\">V\u00e1\u0161 soukrom\u00fd pr\u016fvodce egyptolog v\u00e1s zavede k nejzn\u00e1m\u011bj\u0161\u00edm poklad\u016fm egyptsk\u00e9 historie. <strong data-start=\"1033\" data-end=\"1046\">Z\u00e1padn\u00ed b\u0159eh Jord\u00e1nu<\/strong>:<\/p>\n<ul data-start=\"1050\" data-end=\"1384\">\n<li data-start=\"1050\" data-end=\"1151\">\n<p data-start=\"1052\" data-end=\"1151\"><strong data-start=\"1052\" data-end=\"1075\">\u00dadol\u00ed kr\u00e1l\u016f<\/strong> \ud83c\udfdb\ufe0f - Prozkoumejte starov\u011bk\u00e9 poh\u0159ebi\u0161t\u011b nejslavn\u011bj\u0161\u00edch egyptsk\u00fdch faraon\u016f.<\/p>\n<\/li>\n<li data-start=\"1152\" data-end=\"1263\">\n<p data-start=\"1154\" data-end=\"1263\"><strong data-start=\"1154\" data-end=\"1175\">Chr\u00e1m Hat\u0161epsut<\/strong> \u26e9\ufe0f - Obdivujte elegantn\u00ed architekturu jedin\u00e9ho \u017eensk\u00e9ho faraonsk\u00e9ho m\u00e1rni\u010dn\u00edho chr\u00e1mu.<\/p>\n<\/li>\n<li data-start=\"1264\" data-end=\"1384\">\n<p data-start=\"1266\" data-end=\"1384\"><strong data-start=\"1266\" data-end=\"1287\">Memnonovy kolosy<\/strong> \ud83d\uddff - Po\u0159i\u010fte si nezapomenuteln\u00e9 fotografie u t\u011bchto kolos\u00e1ln\u00edch soch, kter\u00e9 tu stoj\u00ed u\u017e po tis\u00edcilet\u00ed.<\/p>\n<\/li>\n<\/ul>\n<hr data-start=\"1386\" data-end=\"1389\" \/>\n<h3 data-start=\"1391\" data-end=\"1433\">\ud83c\udffa <strong data-start=\"1398\" data-end=\"1431\">Nejd\u016fle\u017eit\u011bj\u0161\u00ed ud\u00e1losti na v\u00fdchodn\u00edm b\u0159ehu ve velk\u00e9m stylu<\/strong><\/h3>\n<ul data-start=\"1434\" data-end=\"1664\">\n<li data-start=\"1434\" data-end=\"1539\">\n<p data-start=\"1436\" data-end=\"1539\">Nav\u0161tivte n\u00e1dhern\u00e9 <strong data-start=\"1458\" data-end=\"1483\">Chr\u00e1mov\u00fd komplex Karnak<\/strong> - jedna z nejv\u011bt\u0161\u00edch n\u00e1bo\u017eensk\u00fdch staveb, kter\u00e1 kdy byla postavena.<\/p>\n<\/li>\n<li data-start=\"1540\" data-end=\"1664\">\n<p data-start=\"1542\" data-end=\"1664\">Projd\u011bte se starobyl\u00fdmi uli\u010dkami sfing a vysok\u00fdch sloup\u016f a v\u00e1\u0161 pr\u016fvodce se s v\u00e1mi pod\u011bl\u00ed o fascinuj\u00edc\u00ed tajemstv\u00ed minulosti.<\/p>\n<\/li>\n<\/ul>\n<hr data-start=\"1666\" data-end=\"1669\" \/>\n<h3 data-start=\"1671\" data-end=\"1704\">\ud83c\udf74 <strong data-start=\"1678\" data-end=\"1702\">Z\u00e1\u017eitek z VIP ob\u011bda<\/strong><\/h3>\n<p data-start=\"1705\" data-end=\"1880\">Vychutnejte si <strong data-start=\"1713\" data-end=\"1730\">gurm\u00e1nsk\u00fd ob\u011bd<\/strong> \ud83c\udf7d\ufe0f v pe\u010dliv\u011b vybran\u00e9 restauraci na b\u0159ehu Nilu. Vychutnejte si autentickou egyptskou kuchyni s \u00fachvatn\u00fdm v\u00fdhledem, kter\u00fd va\u0161emu j\u00eddlu dod\u00e1 kouzlo.<\/p>\n<hr data-start=\"1882\" data-end=\"1885\" \/>\n<h3 data-start=\"1887\" data-end=\"1931\">\ud83d\udecd\ufe0f <strong data-start=\"1895\" data-end=\"1929\">N\u00e1kupn\u00ed zku\u0161enosti na m\u00edru<\/strong><\/h3>\n<p data-start=\"1932\" data-end=\"2078\">Zastavte se v exkluzivn\u00edch obchodech a bazarech \ud83d\udecd\ufe0f a prozkoumejte je. <strong data-start=\"1983\" data-end=\"2053\">ru\u010dn\u011b vyr\u00e1b\u011bn\u00e9 suven\u00fdry, alabastrov\u00e9 um\u011bn\u00ed a autentick\u00e9 egyptsk\u00e9 zbo\u017e\u00ed.<\/strong>, a to v\u0161e vlastn\u00edm tempem.<\/p>\n<hr data-start=\"2080\" data-end=\"2083\" \/>\n<h3 data-start=\"2085\" data-end=\"2121\">\ud83c\udf07 <strong data-start=\"2092\" data-end=\"2119\">Bezprobl\u00e9mov\u00e1 cesta zp\u011bt<\/strong><\/h3>\n<p data-start=\"2122\" data-end=\"2296\">Zakon\u010dete sv\u016fj den <strong data-start=\"2142\" data-end=\"2175\">pohodln\u00e1 soukrom\u00e1 j\u00edzda zp\u011bt<\/strong> do va\u0161eho hotelu se vzpom\u00ednkami na skute\u010dn\u011b <strong data-start=\"2216\" data-end=\"2269\">luxusn\u00ed, bezprobl\u00e9mov\u00e1 a nezapomenuteln\u00e1 cesta<\/strong> po z\u00e1zrac\u00edch Luxoru.<\/p>\n<hr data-start=\"2298\" data-end=\"2301\" \/>\n<h3 data-start=\"493\" data-end=\"529\">\ud83d\udde3\ufe0f <strong data-start=\"501\" data-end=\"527\">Mluv\u00edme va\u0161\u00edm jazykem<\/strong><\/h3>\n<ul data-start=\"530\" data-end=\"594\">\n<li>Polsk\u00fd<\/li>\n<li>Francouz\u0161tina<\/li>\n<li>Angli\u010dtina<\/li>\n<li>N\u011bm\u010dina<\/li>\n<li>Portugal\u0161tina<\/li>\n<li>\u0160pan\u011bl\u0161tina<\/li>\n<li>...a dal\u0161\u00ed!<\/li>\n<\/ul>\n<p data-start=\"596\" data-end=\"678\">A\u0165 u\u017e jste odkudkoli, zajist\u00edme v\u00e1m bezprobl\u00e9movou komunikaci a osobn\u00ed p\u0159\u00edstup.<\/p>\n<hr data-start=\"2298\" data-end=\"2301\" \/>\n<h3 data-start=\"2303\" data-end=\"2343\"><strong data-start=\"2307\" data-end=\"2341\">Pro\u010d si vybrat VIP z\u00e1\u017eitek?<\/strong><\/h3>\n<ul data-start=\"2344\" data-end=\"2584\">\n<li data-start=\"2344\" data-end=\"2398\">\n<p data-start=\"2346\" data-end=\"2398\">\ud83d\ude90 Luxusn\u00ed soukrom\u00e1 doprava a\u017e pro 8 cestuj\u00edc\u00edch<\/p>\n<\/li>\n<li data-start=\"2399\" data-end=\"2446\">\n<p data-start=\"2401\" data-end=\"2446\">\ud83c\udfdb\ufe0f Osobn\u00ed pr\u016fvodcovsk\u00e9 slu\u017eby egyptologa<\/p>\n<\/li>\n<li data-start=\"2447\" data-end=\"2490\">\n<p data-start=\"2449\" data-end=\"2490\">\ud83c\udf74 Pr\u00e9miov\u00fd ob\u011bd v malebn\u00e9 restauraci<\/p>\n<\/li>\n<li data-start=\"2491\" data-end=\"2538\">\n<p data-start=\"2493\" data-end=\"2538\">\u23f1\ufe0f Flexibiln\u00ed rozvrh p\u0159izp\u016fsoben\u00fd va\u0161\u00ed skupin\u011b<\/p>\n<\/li>\n<li data-start=\"2539\" data-end=\"2584\">\n<p data-start=\"2541\" data-end=\"2584\">\ud83d\udecd\ufe0f Exkluzivn\u00ed n\u00e1kupn\u00ed zast\u00e1vky na vy\u017e\u00e1d\u00e1n\u00ed<\/p>\n<\/li>\n<\/ul>\n<hr data-start=\"2298\" data-end=\"2301\" \/>\n<h3 data-start=\"2198\" data-end=\"2225\"><strong data-start=\"2205\" data-end=\"2223\">\ud83e\udd11 Cena exkurze<\/strong><\/h3>\n<p data-start=\"2228\" data-end=\"2260\"><strong data-start=\"2233\" data-end=\"2258\">\u00a0 \u00a0<img decoding=\"async\" class=\"emoji\" role=\"img\" draggable=\"false\" src=\"https:\/\/s.w.org\/images\/core\/emoji\/16.0.1\/svg\/1f64e-1f3fb-200d-2642-fe0f.svg\" alt=\"\ud83d\ude4e\ud83c\udffb\u200d\u2642\ufe0f\" \/> 12 let a v\u00edce 80 \u20ac<\/strong><\/p>\n<p data-start=\"2228\" data-end=\"2260\"><strong data-start=\"2263\" data-end=\"2280\">\u00a0 \u00a0<img decoding=\"async\" class=\"emoji\" role=\"img\" draggable=\"false\" src=\"https:\/\/s.w.org\/images\/core\/emoji\/16.0.1\/svg\/1f9cd-1f3fb-200d-2640-fe0f.svg\" alt=\"\ud83e\uddcd\ud83c\udffb\u200d\u2640\ufe0f\" \/> 6\/11 let 40 \u20ac<\/strong><\/p>\n<p data-start=\"2228\" data-end=\"2260\"><strong data-start=\"2327\" data-end=\"2355\">\u00a0 \u00a0<img decoding=\"async\" class=\"emoji\" role=\"img\" draggable=\"false\" src=\"https:\/\/s.w.org\/images\/core\/emoji\/16.0.1\/svg\/1f47c-1f3fc.svg\" alt=\"\ud83d\udc7c\ud83c\udffc\" \/> - 6 let 20 \u20ac<\/strong><\/p>\n<h3 data-start=\"2198\" data-end=\"2225\"><strong data-start=\"2205\" data-end=\"2223\">Platba v USD ($ \ud83c\uddfa\ud83c\uddf8) m\u00edsto v EUR (\u20ac \ud83c\uddea\ud83c\uddfa) je mo\u017en\u00e1 podle denn\u00edho kurzu banky.<\/strong><\/h3>\n<p data-start=\"2228\" data-end=\"2260\"><strong>\ud83d\ude90\ud83c\udf0a Pro hosty ubytovan\u00e9 mimo m\u011bsto Hurghada (Safaga - Makadi - Sahl Hasheesh - El Gouna) je za mal\u00fd p\u0159\u00edplatek zaji\u0161t\u011bn bezprobl\u00e9mov\u00fd a pohodln\u00fd transfer.<\/strong><\/p>\n<p><strong>Kniha p\u0159es WhatsApp:<\/strong><\/p>\n<p><a href=\"https:\/\/api.whatsapp.com\/send\/?phone=01021058859\" target=\"_blank\" rel=\"noopener\">\u00a0<img decoding=\"async\" class=\"alignnone wp-image-2058\" src=\"https:\/\/poehalisnamiegypt.com\/wp-content\/uploads\/2024\/02\/pngwing.com_-300x300.png\" sizes=\"auto, (max-width: 35px) 100vw, 35px\" srcset=\"https:\/\/poehalisnamiegypt.com\/wp-content\/uploads\/2024\/02\/pngwing.com_-300x300.png 300w, https:\/\/poehalisnamiegypt.com\/wp-content\/uploads\/2024\/02\/pngwing.com_-150x150.png 150w, https:\/\/poehalisnamiegypt.com\/wp-content\/uploads\/2024\/02\/pngwing.com_.png 584w\" alt=\"\" width=\"53\" height=\"53\" \/><\/a><\/p>\n<div id=\"gtx-trans\" style=\"position: absolute; left: 299px; top: 3.375px;\">\n<div class=\"gtx-trans-icon\"><\/div>\n<\/div>","protected":false},"excerpt":{"rendered":"<p>\ud83d\ude90 Luxor VIP Tour \u2013 Private Experience for up to 8 Guests Indulge in the ultimate luxury journey to Luxor, where history comes alive among ancient temples, royal tombs, and timeless Nile landscapes. This VIP private tour for up to 8 guests is designed for travelers who value comfort, exclusivity, and personalized service. \ud83c\udf05 Exclusive [&hellip;]<\/p>\n","protected":false},"featured_media":9484,"comment_status":"open","ping_status":"closed","template":"","meta":{"_monsterinsights_skip_tracking":false,"_monsterinsights_sitenote_active":false,"_monsterinsights_sitenote_note":"","_monsterinsights_sitenote_category":0,"_mbp_gutenberg_autopost":false},"product_brand":[],"product_cat":[59],"product_tag":[],"class_list":{"0":"post-9423","1":"product","2":"type-product","3":"status-publish","4":"has-post-thumbnail","6":"product_cat-luxor","8":"first","9":"instock","10":"shipping-taxable","11":"purchasable","12":"product-type-ovabrw_car_rental"},"_links":{"self":[{"href":"https:\/\/redsea-dream-tours.net\/cs\/wp-json\/wp\/v2\/product\/9423","targetHints":{"allow":["GET"]}}],"collection":[{"href":"https:\/\/redsea-dream-tours.net\/cs\/wp-json\/wp\/v2\/product"}],"about":[{"href":"https:\/\/redsea-dream-tours.net\/cs\/wp-json\/wp\/v2\/types\/product"}],"replies":[{"embeddable":true,"href":"https:\/\/redsea-dream-tours.net\/cs\/wp-json\/wp\/v2\/comments?post=9423"}],"wp:featuredmedia":[{"embeddable":true,"href":"https:\/\/redsea-dream-tours.net\/cs\/wp-json\/wp\/v2\/media\/9484"}],"wp:attachment":[{"href":"https:\/\/redsea-dream-tours.net\/cs\/wp-json\/wp\/v2\/media?parent=9423"}],"wp:term":[{"taxonomy":"product_brand","embeddable":true,"href":"https:\/\/redsea-dream-tours.net\/cs\/wp-json\/wp\/v2\/product_brand?post=9423"},{"taxonomy":"product_cat","embeddable":true,"href":"https:\/\/redsea-dream-tours.net\/cs\/wp-json\/wp\/v2\/product_cat?post=9423"},{"taxonomy":"product_tag","embeddable":true,"href":"https:\/\/redsea-dream-tours.net\/cs\/wp-json\/wp\/v2\/product_tag?post=9423"}],"curies":[{"name":"wp","href":"https:\/\/api.w.org\/{rel}","templated":true}]}}