{"id":9425,"date":"2026-03-01T20:19:58","date_gmt":"2026-03-01T20:19:58","guid":{"rendered":"https:\/\/redsea-dream-tours.net\/?post_type=product&#038;p=9425"},"modified":"2026-03-01T20:20:31","modified_gmt":"2026-03-01T20:20:31","slug":"luxor-balloon-ride-sunrise-views-west-bank-tour","status":"publish","type":"product","link":"https:\/\/redsea-dream-tours.net\/cs\/produkt\/luxor-balloon-ride-sunrise-views-west-bank-tour\/","title":{"rendered":"J\u00edzda bal\u00f3nem v Luxoru: v\u00fdhled na v\u00fdchod slunce a prohl\u00eddka z\u00e1padn\u00edho b\u0159ehu Jord\u00e1nu"},"content":{"rendered":"<h3 data-start=\"212\" data-end=\"291\">\ud83c\udf88 <strong data-start=\"219\" data-end=\"289\">J\u00edzda horkovzdu\u0161n\u00fdm balonem v Luxoru - kouzeln\u00e1 cesta nad starov\u011bk\u00fdm Egyptem<\/strong><\/h3>\n<p data-start=\"293\" data-end=\"599\">Za\u017eijte <strong data-start=\"308\" data-end=\"341\">vrcholn\u00e9 dobrodru\u017estv\u00ed p\u0159i v\u00fdchodu slunce<\/strong> s dechberouc\u00edm <strong data-start=\"362\" data-end=\"397\">let horkovzdu\u0161n\u00fdm bal\u00f3nem nad Luxorem<\/strong>, nejv\u011bt\u0161\u00ed muzeum pod \u0161ir\u00fdm nebem na sv\u011bt\u011b. Ti\u0161e se vzn\u00e1\u0161ejte nad nad\u010dasovou krajinou, kde kdysi vl\u00e1dli mocn\u00ed faraoni, a sta\u0148te se sv\u011bdky <strong data-start=\"535\" data-end=\"596\">Nil, chr\u00e1my a \u00fadol\u00ed zalit\u00e9 zlat\u00fdm rann\u00edm sv\u011btlem.<\/strong>.<\/p>\n<hr data-start=\"601\" data-end=\"604\" \/>\n<h3 data-start=\"606\" data-end=\"659\"><strong data-start=\"610\" data-end=\"657\">Brzk\u00fd rann\u00ed start - dokonal\u00fd za\u010d\u00e1tek<\/strong><\/h3>\n<ul data-start=\"660\" data-end=\"959\">\n<li data-start=\"660\" data-end=\"773\">\n<p data-start=\"662\" data-end=\"773\"><strong data-start=\"662\" data-end=\"681\">Slu\u017eba vyzvednut\u00ed<\/strong> \ud83d\ude90: Za\u010dn\u011bte sv\u016fj den brzk\u00fdm rann\u00edm vyzvednut\u00edm z hotelu nebo v\u00fdletn\u00ed lodi v Luxoru.<\/p>\n<\/li>\n<li data-start=\"774\" data-end=\"853\">\n<p data-start=\"776\" data-end=\"853\"><strong data-start=\"776\" data-end=\"798\">Lehk\u00e9 ob\u010derstven\u00ed<\/strong> \u2615: Vychutnejte si \u010daj nebo k\u00e1vu p\u0159ed za\u010d\u00e1tkem dobrodru\u017estv\u00ed.<\/p>\n<\/li>\n<li data-start=\"854\" data-end=\"959\">\n<p data-start=\"856\" data-end=\"959\"><strong data-start=\"856\" data-end=\"878\">P\u0159eprava lod\u00ed po Nilu<\/strong> \u26f4\ufe0f: P\u0159es klidnou \u0159eku Nil se dostanete na z\u00e1padn\u00ed b\u0159eh, kde na v\u00e1s \u010dek\u00e1 balon.<\/p>\n<\/li>\n<\/ul>\n<hr data-start=\"961\" data-end=\"964\" \/>\n<h3 data-start=\"966\" data-end=\"997\"><strong data-start=\"970\" data-end=\"995\">Z\u00e1\u017eitek z letu<\/strong><\/h3>\n<ul data-start=\"998\" data-end=\"1430\">\n<li data-start=\"998\" data-end=\"1132\">\n<p data-start=\"1000\" data-end=\"1132\"><strong data-start=\"1000\" data-end=\"1023\">Vzlet p\u0159i v\u00fdchodu slunce<\/strong> \ud83c\udf05: Jakmile prvn\u00ed slune\u010dn\u00ed paprsky oz\u00e1\u0159\u00ed obzor, v\u00e1\u0161 bal\u00f3n za\u010dne m\u00edrn\u011b stoupat k obloze.<\/p>\n<\/li>\n<li data-start=\"1133\" data-end=\"1295\">\n<p data-start=\"1135\" data-end=\"1295\"><strong data-start=\"1135\" data-end=\"1157\">\u00dachvatn\u00e9 v\u00fdhledy<\/strong> \ud83c\udfdc\ufe0f: Klouzejte nad ikonick\u00fdmi pam\u00e1tkami, jako je nap\u0159. <strong data-start=\"1203\" data-end=\"1226\">\u00dadol\u00ed kr\u00e1l\u016f<\/strong>, <strong data-start=\"1228\" data-end=\"1249\">Chr\u00e1m Hat\u0161epsut<\/strong>, a bujnou zem\u011bd\u011blskou p\u016fdu v \u00fadol\u00ed Nilu.<\/p>\n<\/li>\n<li data-start=\"1296\" data-end=\"1430\">\n<p data-start=\"1298\" data-end=\"1430\"><strong data-start=\"1298\" data-end=\"1324\">Odborn\u00ed piloti a bezpe\u010dnost<\/strong> \ud83e\uddd1\u200d\u2708\ufe0f: L\u00e9tejte se zku\u0161en\u00fdmi licencovan\u00fdmi piloty, kte\u0159\u00ed v\u00e1m zajist\u00ed bezpe\u010dnost i nezapomenuteln\u00fd z\u00e1\u017eitek.<\/p>\n<\/li>\n<\/ul>\n<hr data-start=\"1432\" data-end=\"1435\" \/>\n<h3 data-start=\"1437\" data-end=\"1466\"><strong data-start=\"1441\" data-end=\"1464\">Doba trv\u00e1n\u00ed a vzpom\u00ednky<\/strong><\/h3>\n<ul data-start=\"1467\" data-end=\"1798\">\n<li data-start=\"1467\" data-end=\"1571\">\n<p data-start=\"1469\" data-end=\"1571\"><strong data-start=\"1469\" data-end=\"1484\">Doba letu<\/strong> \u23f1\ufe0f: J\u00edzda trv\u00e1 p\u0159ibli\u017en\u011b 45 minut a\u017e 1 hodinu v z\u00e1vislosti na v\u011btrn\u00fdch podm\u00ednk\u00e1ch.<\/p>\n<\/li>\n<li data-start=\"1572\" data-end=\"1707\">\n<p data-start=\"1574\" data-end=\"1707\"><strong data-start=\"1574\" data-end=\"1596\">Fotografick\u00e9 nebe<\/strong> \ud83d\udcf8: Vychutnejte si jedine\u010dn\u00e9 v\u00fdhledy na starov\u011bk\u00e9 chr\u00e1my, klikat\u00edc\u00ed se cestu Nilu a zlatou pou\u0161\u0165 Luxoru.<\/p>\n<\/li>\n<li data-start=\"1708\" data-end=\"1798\">\n<p data-start=\"1710\" data-end=\"1798\"><strong data-start=\"1710\" data-end=\"1730\">Ob\u0159ad vylod\u011bn\u00ed<\/strong> \ud83c\udf89: Oslavte sv\u016fj let tradi\u010dn\u00edm certifik\u00e1tem o p\u0159ist\u00e1n\u00ed.<\/p>\n<\/li>\n<\/ul>\n<hr data-start=\"1800\" data-end=\"1803\" \/>\n<h3 data-start=\"902\" data-end=\"950\">\ud83c\udfdc\ufe0f <strong data-start=\"910\" data-end=\"948\">Prozkoumejte bez\u010das\u00fd z\u00e1padn\u00ed b\u0159eh Luxoru po letu balonem\u00a0 \u00a0\u00a0<\/strong><\/h3>\n<p data-start=\"951\" data-end=\"1049\">V\u00e1\u0161 soukrom\u00fd pr\u016fvodce egyptolog v\u00e1s zavede k nejzn\u00e1m\u011bj\u0161\u00edm poklad\u016fm egyptsk\u00e9 historie. <strong data-start=\"1033\" data-end=\"1046\">Z\u00e1padn\u00ed b\u0159eh Jord\u00e1nu<\/strong>:<\/p>\n<ul data-start=\"1050\" data-end=\"1384\">\n<li data-start=\"1050\" data-end=\"1151\">\n<p data-start=\"1052\" data-end=\"1151\"><strong data-start=\"1052\" data-end=\"1075\">\u00dadol\u00ed kr\u00e1l\u016f<\/strong> \ud83c\udfdb\ufe0f - Prozkoumejte starov\u011bk\u00e9 poh\u0159ebi\u0161t\u011b nejslavn\u011bj\u0161\u00edch egyptsk\u00fdch faraon\u016f.<\/p>\n<\/li>\n<li data-start=\"1152\" data-end=\"1263\">\n<p data-start=\"1154\" data-end=\"1263\"><strong data-start=\"1154\" data-end=\"1175\">Chr\u00e1m Hat\u0161epsut<\/strong> \u26e9\ufe0f - Obdivujte elegantn\u00ed architekturu jedin\u00e9ho \u017eensk\u00e9ho faraonsk\u00e9ho m\u00e1rni\u010dn\u00edho chr\u00e1mu.<\/p>\n<\/li>\n<li data-start=\"1264\" data-end=\"1384\">\n<p data-start=\"1266\" data-end=\"1384\"><strong data-start=\"1266\" data-end=\"1287\">Memnonovy kolosy<\/strong> \ud83d\uddff - Po\u0159i\u010fte si nezapomenuteln\u00e9 fotografie u t\u011bchto kolos\u00e1ln\u00edch soch, kter\u00e9 tu stoj\u00ed u\u017e po tis\u00edcilet\u00ed.<\/p>\n<\/li>\n<\/ul>\n<hr data-start=\"1386\" data-end=\"1389\" \/>\n<h3 data-start=\"1391\" data-end=\"1433\">\ud83c\udffa <strong data-start=\"1398\" data-end=\"1431\">Nejd\u016fle\u017eit\u011bj\u0161\u00ed ud\u00e1losti na v\u00fdchodn\u00edm b\u0159ehu ve velk\u00e9m stylu<\/strong><\/h3>\n<ul data-start=\"1434\" data-end=\"1664\">\n<li data-start=\"1434\" data-end=\"1539\">\n<p data-start=\"1436\" data-end=\"1539\">Nav\u0161tivte n\u00e1dhern\u00e9 <strong data-start=\"1458\" data-end=\"1483\">Chr\u00e1mov\u00fd komplex Karnak<\/strong> - jedna z nejv\u011bt\u0161\u00edch n\u00e1bo\u017eensk\u00fdch staveb, kter\u00e1 kdy byla postavena.<\/p>\n<\/li>\n<li data-start=\"1540\" data-end=\"1664\">\n<p data-start=\"1542\" data-end=\"1664\">Projd\u011bte se starobyl\u00fdmi uli\u010dkami sfing a vysok\u00fdch sloup\u016f a v\u00e1\u0161 pr\u016fvodce se s v\u00e1mi pod\u011bl\u00ed o fascinuj\u00edc\u00ed tajemstv\u00ed minulosti.<\/p>\n<\/li>\n<\/ul>\n<hr data-start=\"1386\" data-end=\"1389\" \/>\n<h3 data-start=\"1805\" data-end=\"1831\"><strong data-start=\"1809\" data-end=\"1829\">Po letu<\/strong><\/h3>\n<ul data-start=\"1832\" data-end=\"2012\">\n<li data-start=\"1832\" data-end=\"1915\">\n<p data-start=\"1834\" data-end=\"1915\"><strong data-start=\"1834\" data-end=\"1853\">Zp\u011btn\u00fd p\u0159evod<\/strong> \ud83d\ude90: Odpo\u010di\u0148te si, a\u017e v\u00e1s odvezeme zp\u011bt do va\u0161eho hotelu nebo na v\u00fdletn\u00ed lo\u010f.<\/p>\n<\/li>\n<li data-start=\"1916\" data-end=\"2012\">\n<p data-start=\"1918\" data-end=\"2012\"><strong data-start=\"1918\" data-end=\"1940\">Voliteln\u00e1 sn\u00eddan\u011b<\/strong> \ud83c\udf74: P\u0159idejte vydatnou egyptskou sn\u00eddani, kter\u00e1 dopln\u00ed va\u0161e kouzeln\u00e9 r\u00e1no.<\/p>\n<\/li>\n<\/ul>\n<hr data-start=\"2014\" data-end=\"2017\" \/>\n<h3 data-start=\"2019\" data-end=\"2072\"><strong data-start=\"2023\" data-end=\"2070\">Pro\u010d si vybrat let horkovzdu\u0161n\u00fdm balonem v Luxoru?<\/strong><\/h3>\n<ul data-start=\"2073\" data-end=\"2354\">\n<li data-start=\"2073\" data-end=\"2146\">\n<p data-start=\"2075\" data-end=\"2146\">\ud83c\udf88 Jedine\u010dn\u00fd leteck\u00fd pohled na nejzn\u00e1m\u011bj\u0161\u00ed archeologick\u00e1 nalezi\u0161t\u011b sv\u011bta<\/p>\n<\/li>\n<li data-start=\"2147\" data-end=\"2194\">\n<p data-start=\"2149\" data-end=\"2194\">\ud83c\udf05 \u00dachvatn\u00fd v\u00fdchod slunce nad \u00fadol\u00edm Nilu<\/p>\n<\/li>\n<li data-start=\"2195\" data-end=\"2249\">\n<p data-start=\"2197\" data-end=\"2249\">\ud83e\uddd1\u200d\u2708\ufe0f Profesion\u00e1ln\u00ed piloti a nejvy\u0161\u0161\u00ed bezpe\u010dnostn\u00ed standardy<\/p>\n<\/li>\n<li data-start=\"2250\" data-end=\"2309\">\n<p data-start=\"2252\" data-end=\"2309\">\ud83d\udcf8 Ide\u00e1ln\u00ed pro milovn\u00edky fotografov\u00e1n\u00ed a zvl\u00e1\u0161tn\u00edch p\u0159\u00edle\u017eitost\u00ed<\/p>\n<\/li>\n<li data-start=\"2310\" data-end=\"2354\">\n<p data-start=\"2312\" data-end=\"2354\">\ud83d\ude90 Pohodln\u00e9 vyzvednut\u00ed a odvoz z hotelu<\/p>\n<\/li>\n<\/ul>\n<hr data-start=\"2014\" data-end=\"2017\" \/>\n<h3 data-start=\"493\" data-end=\"529\">\ud83d\udde3\ufe0f <strong data-start=\"501\" data-end=\"527\">Mluv\u00edme va\u0161\u00edm jazykem<\/strong><\/h3>\n<ul data-start=\"530\" data-end=\"594\">\n<li>Polsk\u00fd<\/li>\n<li>Francouz\u0161tina<\/li>\n<li>Angli\u010dtina<\/li>\n<li>N\u011bm\u010dina<\/li>\n<li>Portugal\u0161tina<\/li>\n<li>\u0160pan\u011bl\u0161tina<\/li>\n<li>...a dal\u0161\u00ed!<\/li>\n<\/ul>\n<p data-start=\"596\" data-end=\"678\">A\u0165 u\u017e jste odkudkoli, zajist\u00edme v\u00e1m bezprobl\u00e9movou komunikaci a osobn\u00ed p\u0159\u00edstup.<\/p>\n<hr data-start=\"2014\" data-end=\"2017\" \/>\n<h3 data-start=\"2198\" data-end=\"2225\"><strong data-start=\"2205\" data-end=\"2223\">\ud83e\udd11 Cena exkurze<\/strong><\/h3>\n<table style=\"height: 189px;\" width=\"596\">\n<tbody>\n<tr>\n<td width=\"64\"><strong>pax<\/strong><\/td>\n<td width=\"66\"><strong><img decoding=\"async\" class=\"emoji\" role=\"img\" draggable=\"false\" src=\"https:\/\/s.w.org\/images\/core\/emoji\/16.0.1\/svg\/1f64e-1f3fb-200d-2642-fe0f.svg\" alt=\"\ud83d\ude4e\ud83c\udffb\u200d\u2642\ufe0f\" \/> 12 let a v\u00edce<\/strong><\/td>\n<td width=\"80\"><strong><img decoding=\"async\" class=\"emoji\" role=\"img\" draggable=\"false\" src=\"https:\/\/s.w.org\/images\/core\/emoji\/16.0.1\/svg\/1f9cd-1f3fb-200d-2640-fe0f.svg\" alt=\"\ud83e\uddcd\ud83c\udffb\u200d\u2640\ufe0f\" \/> 6\/11 let<\/strong><\/td>\n<\/tr>\n<tr>\n<td style=\"text-align: center;\"><strong>2<\/strong><\/td>\n<td style=\"text-align: center;\"><strong>\u00a0\u20ac\u00a0\u00a0 230.00<\/strong><\/td>\n<td style=\"text-align: center;\"><strong>\u00a0\u20ac\u00a0\u00a0\u00a0\u00a0\u00a0\u00a0\u00a0\u00a0\u00a0\u00a0\u00a0\u00a0 130<\/strong><\/td>\n<\/tr>\n<tr>\n<td style=\"text-align: center;\"><strong>3<\/strong><\/td>\n<td style=\"text-align: center;\"><strong>\u00a0\u20ac\u00a0\u00a0 210.00<\/strong><\/td>\n<td style=\"text-align: center;\"><strong>\u00a0\u20ac\u00a0\u00a0\u00a0\u00a0\u00a0\u00a0\u00a0\u00a0\u00a0\u00a0\u00a0\u00a0 130<\/strong><\/td>\n<\/tr>\n<tr>\n<td style=\"text-align: center;\"><strong>4<\/strong><\/td>\n<td style=\"text-align: center;\"><strong>\u00a0\u20ac\u00a0\u00a0 185.00<\/strong><\/td>\n<td style=\"text-align: center;\"><strong>\u00a0\u20ac\u00a0\u00a0\u00a0\u00a0\u00a0\u00a0\u00a0\u00a0\u00a0\u00a0\u00a0\u00a0 130<\/strong><\/td>\n<\/tr>\n<tr>\n<td style=\"text-align: center;\"><strong>5<\/strong><\/td>\n<td style=\"text-align: center;\"><strong>\u00a0\u20ac\u00a0\u00a0 175.00<\/strong><\/td>\n<td style=\"text-align: center;\"><strong>\u00a0\u20ac\u00a0\u00a0\u00a0\u00a0\u00a0\u00a0\u00a0\u00a0\u00a0\u00a0\u00a0\u00a0 130<\/strong><\/td>\n<\/tr>\n<tr>\n<td style=\"text-align: center;\"><strong>6<\/strong><\/td>\n<td style=\"text-align: center;\"><strong>\u00a0\u20ac\u00a0\u00a0 165.00<\/strong><\/td>\n<td style=\"text-align: center;\"><strong>\u00a0\u20ac\u00a0\u00a0\u00a0\u00a0\u00a0\u00a0\u00a0\u00a0\u00a0\u00a0\u00a0\u00a0 130<\/strong><\/td>\n<\/tr>\n<\/tbody>\n<\/table>\n<p data-start=\"2228\" data-end=\"2260\"><strong data-start=\"2327\" data-end=\"2355\"> \u00a0<img decoding=\"async\" class=\"emoji\" role=\"img\" draggable=\"false\" src=\"https:\/\/s.w.org\/images\/core\/emoji\/16.0.1\/svg\/1f47c-1f3fc.svg\" alt=\"\ud83d\udc7c\ud83c\udffc\" \/> -5 let Zak\u00e1z\u00e1no<\/strong><\/p>\n<h3 data-start=\"2198\" data-end=\"2225\"><strong data-start=\"2205\" data-end=\"2223\">Platba v USD ($ \ud83c\uddfa\ud83c\uddf8) m\u00edsto v EUR (\u20ac \ud83c\uddea\ud83c\uddfa) je mo\u017en\u00e1 podle denn\u00edho kurzu banky.<\/strong><\/h3>\n<p><strong>Kniha p\u0159es WhatsApp:<\/strong><\/p>\n<p><a href=\"https:\/\/api.whatsapp.com\/send\/?phone=01021058859\" target=\"_blank\" rel=\"noopener\">\u00a0<img decoding=\"async\" class=\"alignnone wp-image-2058\" src=\"https:\/\/poehalisnamiegypt.com\/wp-content\/uploads\/2024\/02\/pngwing.com_-300x300.png\" sizes=\"auto, (max-width: 35px) 100vw, 35px\" srcset=\"https:\/\/poehalisnamiegypt.com\/wp-content\/uploads\/2024\/02\/pngwing.com_-300x300.png 300w, https:\/\/poehalisnamiegypt.com\/wp-content\/uploads\/2024\/02\/pngwing.com_-150x150.png 150w, https:\/\/poehalisnamiegypt.com\/wp-content\/uploads\/2024\/02\/pngwing.com_.png 584w\" alt=\"\" width=\"53\" height=\"53\" \/><\/a><\/p>\n<div id=\"gtx-trans\" style=\"position: absolute; left: 297px; top: 3.375px;\">\n<div class=\"gtx-trans-icon\"><\/div>\n<\/div>","protected":false},"excerpt":{"rendered":"<p>\ud83c\udf88 Luxor Hot Air Balloon Ride \u2013 A Magical Journey Above Ancient Egypt Experience the ultimate adventure at sunrise with a breathtaking hot air balloon ride over Luxor, the world\u2019s largest open-air museum. Float silently above the timeless landscapes where the mighty pharaohs once ruled, and witness the Nile, temples, and valleys bathed in golden [&hellip;]<\/p>\n","protected":false},"featured_media":9492,"comment_status":"open","ping_status":"closed","template":"","meta":{"_monsterinsights_skip_tracking":false,"_monsterinsights_sitenote_active":false,"_monsterinsights_sitenote_note":"","_monsterinsights_sitenote_category":0,"_mbp_gutenberg_autopost":false},"product_brand":[],"product_cat":[59],"product_tag":[],"class_list":{"0":"post-9425","1":"product","2":"type-product","3":"status-publish","4":"has-post-thumbnail","6":"product_cat-luxor","8":"first","9":"instock","10":"shipping-taxable","11":"purchasable","12":"product-type-ovabrw_car_rental"},"_links":{"self":[{"href":"https:\/\/redsea-dream-tours.net\/cs\/wp-json\/wp\/v2\/product\/9425","targetHints":{"allow":["GET"]}}],"collection":[{"href":"https:\/\/redsea-dream-tours.net\/cs\/wp-json\/wp\/v2\/product"}],"about":[{"href":"https:\/\/redsea-dream-tours.net\/cs\/wp-json\/wp\/v2\/types\/product"}],"replies":[{"embeddable":true,"href":"https:\/\/redsea-dream-tours.net\/cs\/wp-json\/wp\/v2\/comments?post=9425"}],"wp:featuredmedia":[{"embeddable":true,"href":"https:\/\/redsea-dream-tours.net\/cs\/wp-json\/wp\/v2\/media\/9492"}],"wp:attachment":[{"href":"https:\/\/redsea-dream-tours.net\/cs\/wp-json\/wp\/v2\/media?parent=9425"}],"wp:term":[{"taxonomy":"product_brand","embeddable":true,"href":"https:\/\/redsea-dream-tours.net\/cs\/wp-json\/wp\/v2\/product_brand?post=9425"},{"taxonomy":"product_cat","embeddable":true,"href":"https:\/\/redsea-dream-tours.net\/cs\/wp-json\/wp\/v2\/product_cat?post=9425"},{"taxonomy":"product_tag","embeddable":true,"href":"https:\/\/redsea-dream-tours.net\/cs\/wp-json\/wp\/v2\/product_tag?post=9425"}],"curies":[{"name":"wp","href":"https:\/\/api.w.org\/{rel}","templated":true}]}}