{"id":9426,"date":"2026-03-01T20:19:58","date_gmt":"2026-03-01T20:19:58","guid":{"rendered":"https:\/\/redsea-dream-tours.net\/?post_type=product&#038;p=9426"},"modified":"2026-03-09T20:14:49","modified_gmt":"2026-03-09T20:14:49","slug":"cairo-bus-tour-pyramids-sphinx-museum-day","status":"publish","type":"product","link":"https:\/\/redsea-dream-tours.net\/cs\/produkt\/cairo-bus-tour-pyramids-sphinx-museum-day\/","title":{"rendered":"Autobusov\u00fd z\u00e1jezd do K\u00e1hiry: Pyramidy, Sfinga a den v muzeu"},"content":{"rendered":"<h3 data-start=\"187\" data-end=\"250\">\ud83d\ude8c <strong data-start=\"194\" data-end=\"248\">Celodenn\u00ed v\u00fdlet autobusem do K\u00e1hiry - poznejte srdce Egypta<\/strong><\/h3>\n<p data-start=\"252\" data-end=\"513\">Vydejte se na nezapomenutelnou cestu do <strong data-start=\"290\" data-end=\"299\">K\u00e1hira<\/strong>, ru\u0161n\u00e9m hlavn\u00edm m\u011bst\u011b, kde se setk\u00e1vaj\u00ed starov\u011bk\u00e9 divy s modern\u00edm \u017eivotem. Tento celodenn\u00ed autobusov\u00fd z\u00e1jezd je ur\u010den pro cestovatele, kte\u0159\u00ed cht\u011bj\u00ed prozkoumat <strong data-start=\"431\" data-end=\"464\">Nejzn\u00e1m\u011bj\u0161\u00ed egyptsk\u00e9 pam\u00e1tky<\/strong> a z\u00e1rove\u0148 si u\u017e\u00edvat pohodl\u00ed, poradenstv\u00ed a kultury.<\/p>\n<hr data-start=\"515\" data-end=\"518\" \/>\n<h3 data-start=\"493\" data-end=\"529\">\ud83d\udde3\ufe0f <strong data-start=\"501\" data-end=\"527\">Mluv\u00edme va\u0161\u00edm jazykem<\/strong><\/h3>\n<ul data-start=\"530\" data-end=\"594\">\n<li>Polsk\u00fd<\/li>\n<li>Francouz\u0161tina<\/li>\n<li>Angli\u010dtina<\/li>\n<li>N\u011bm\u010dina<\/li>\n<li>Portugal\u0161tina<\/li>\n<li>\u0160pan\u011bl\u0161tina<\/li>\n<li>...a dal\u0161\u00ed!<\/li>\n<\/ul>\n<p data-start=\"596\" data-end=\"678\">A\u0165 u\u017e jste odkudkoli, zajist\u00edme v\u00e1m bezprobl\u00e9movou komunikaci a osobn\u00ed p\u0159\u00edstup.<\/p>\n<hr data-start=\"515\" data-end=\"518\" \/>\n<h3 data-start=\"520\" data-end=\"556\">\ud83c\udf05 <strong data-start=\"527\" data-end=\"554\">Rann\u00ed odjezd<\/strong><\/h3>\n<ul data-start=\"557\" data-end=\"808\">\n<li data-start=\"557\" data-end=\"675\">\n<p data-start=\"559\" data-end=\"675\"><strong data-start=\"559\" data-end=\"576\">Vyzvednut\u00ed v hotelu<\/strong> \ud83d\ude90: Za\u010dn\u011bte sv\u00e9 dobrodru\u017estv\u00ed brzk\u00fdm vyzvednut\u00edm z hotelu modern\u00edm klimatizovan\u00fdm autobusem.<\/p>\n<\/li>\n<li data-start=\"676\" data-end=\"808\">\n<p data-start=\"678\" data-end=\"808\"><strong data-start=\"678\" data-end=\"701\">Sc\u00e9nick\u00fd pou\u0161tn\u00ed autobus <\/strong>\ud83c\udfdc\ufe0f: Odpo\u010di\u0148te si a vychutnejte si m\u011bn\u00edc\u00ed se krajinu p\u0159i cest\u011b zlat\u00fdmi egyptsk\u00fdmi pou\u0161t\u011bmi sm\u011brem ke K\u00e1hi\u0159e.<\/p>\n<\/li>\n<\/ul>\n<hr data-start=\"810\" data-end=\"813\" \/>\n<h3 data-start=\"815\" data-end=\"857\">\ud83c\udfdb\ufe0f <strong data-start=\"823\" data-end=\"855\">Pyramidy v G\u00edze a Velk\u00e1 sfinga<\/strong><\/h3>\n<ul data-start=\"858\" data-end=\"1187\">\n<li data-start=\"858\" data-end=\"968\">\n<p data-start=\"860\" data-end=\"968\">Postavte se v \u00fa\u017easu p\u0159ed legend\u00e1rn\u00edm <strong data-start=\"894\" data-end=\"914\">Pyramidy v G\u00edze<\/strong>, jeden z <strong data-start=\"927\" data-end=\"965\">Sedm div\u016f starov\u011bk\u00e9ho sv\u011bta<\/strong>.<\/p>\n<\/li>\n<li data-start=\"969\" data-end=\"1079\">\n<p data-start=\"971\" data-end=\"1079\">Prozkoumejte <strong data-start=\"983\" data-end=\"999\">Velk\u00e1 sfinga<\/strong> \ud83e\udd81, tajemn\u00e9ho str\u00e1\u017ece n\u00e1horn\u00ed plo\u0161iny, a po\u0159\u00eddit nezapomenuteln\u00e9 fotografie.<\/p>\n<\/li>\n<li data-start=\"1080\" data-end=\"1187\">\n<p data-start=\"1082\" data-end=\"1187\">Voliteln\u011b: Vstupte do jedn\u00e9 z pyramid a nahl\u00e9dn\u011bte hloub\u011bji do starov\u011bk\u00e9ho in\u017een\u00fdrstv\u00ed (nutn\u00e1 p\u0159\u00edplatkov\u00e1 vstupenka).<\/p>\n<\/li>\n<\/ul>\n<hr data-start=\"1189\" data-end=\"1192\" \/>\n<h3 data-start=\"1194\" data-end=\"1237\">\ud83c\udffa <strong data-start=\"1201\" data-end=\"1235\">Egyptsk\u00e9 muzeum staro\u017eitnost\u00ed<\/strong><\/h3>\n<ul data-start=\"1238\" data-end=\"1473\">\n<li data-start=\"1238\" data-end=\"1372\">\n<p data-start=\"1240\" data-end=\"1372\">Objevte v\u00edce ne\u017e <strong data-start=\"1254\" data-end=\"1275\">120 000 artefakt\u016f<\/strong> ve sv\u011btozn\u00e1m\u00e9m muzeu, v\u010detn\u011b poklad\u016f <strong data-start=\"1327\" data-end=\"1349\">Tutanchamonova hrobka<\/strong> a starov\u011bk\u00e9 mumie.<\/p>\n<\/li>\n<li data-start=\"1373\" data-end=\"1473\">\n<p data-start=\"1375\" data-end=\"1473\">V\u00e1\u0161 egyptologick\u00fd pr\u016fvodce v\u00e1m odhal\u00ed tajemstv\u00ed neoceniteln\u00fdch relikvi\u00ed a kr\u00e1lovsk\u00fdch poklad\u016f.<\/p>\n<\/li>\n<\/ul>\n<hr data-start=\"1475\" data-end=\"1478\" \/>\n<h3 data-start=\"1480\" data-end=\"1515\">\ud83c\udf74 <strong data-start=\"1487\" data-end=\"1513\">Ob\u011bd v kvalitn\u00ed m\u00edstn\u00ed restauraci<\/strong><\/h3>\n<ul data-start=\"1516\" data-end=\"1669\">\n<li data-start=\"1516\" data-end=\"1610\">\n<p data-start=\"1518\" data-end=\"1610\">U\u017eijte si <strong data-start=\"1526\" data-end=\"1554\">vynikaj\u00edc\u00ed egyptsk\u00fd ob\u011bd<\/strong> \ud83c\udf7d\ufe0f .<\/p>\n<\/li>\n<li data-start=\"1611\" data-end=\"1669\">\n<p data-start=\"1613\" data-end=\"1669\">Ne\u017e budete pokra\u010dovat v dobrodru\u017estv\u00ed, osv\u011b\u017ete se a na\u010derpejte nov\u00e9 s\u00edly.<\/p>\n<\/li>\n<\/ul>\n<hr data-start=\"1671\" data-end=\"1674\" \/>\n<h3 data-start=\"1676\" data-end=\"1718\">\ud83d\udecd\ufe0f <strong data-start=\"1684\" data-end=\"1716\">Nakupov\u00e1n\u00ed a m\u00edstn\u00ed z\u00e1\u017eitky<\/strong><\/h3>\n<ul data-start=\"1719\" data-end=\"1863\">\n<li data-start=\"1719\" data-end=\"1863\">\n<p data-start=\"1721\" data-end=\"1863\">Projd\u011bte se tradi\u010dn\u00ed <strong data-start=\"1750\" data-end=\"1779\">bazar nebo papyrusov\u00e1 galerie<\/strong> \ud83d\udecd\ufe0f, kde najdete jedine\u010dn\u00e9 suven\u00fdry, parf\u00e9my a prav\u00e1 egyptsk\u00e1 \u0159emesla.<\/p>\n<\/li>\n<\/ul>\n<hr data-start=\"1865\" data-end=\"1868\" \/>\n<h3 data-start=\"1870\" data-end=\"1897\">\ud83c\udf07 <strong data-start=\"1877\" data-end=\"1895\">Zp\u00e1te\u010dn\u00ed cesta<\/strong><\/h3>\n<ul data-start=\"1898\" data-end=\"2041\">\n<li data-start=\"1898\" data-end=\"2041\">\n<p data-start=\"1900\" data-end=\"2041\">Po dni pln\u00e9m pozn\u00e1v\u00e1n\u00ed nasedn\u011bte do autobusu a vydejte se na cestu do <strong data-start=\"1954\" data-end=\"1981\">pohodln\u00e1 zp\u00e1te\u010dn\u00ed cesta<\/strong> do sv\u00e9ho hotelu s kouzeln\u00fdmi vzpom\u00ednkami na k\u00e1hirsk\u00e9 poklady.<\/p>\n<\/li>\n<\/ul>\n<hr data-start=\"2043\" data-end=\"2046\" \/>\n<h3 data-start=\"2048\" data-end=\"2073\"><strong data-start=\"2052\" data-end=\"2071\">Nejd\u016fle\u017eit\u011bj\u0161\u00ed informace o prohl\u00eddce<\/strong><\/h3>\n<ul data-start=\"2074\" data-end=\"2327\">\n<li data-start=\"2074\" data-end=\"2129\">\n<p data-start=\"2076\" data-end=\"2129\">\ud83d\ude8c doprava klimatizovan\u00fdm autobusem tam i zp\u011bt<\/p>\n<\/li>\n<li data-start=\"2130\" data-end=\"2186\">\n<p data-start=\"2132\" data-end=\"2186\">\ud83c\udfdb\ufe0f N\u00e1v\u0161t\u011bva pyramid v G\u00edze, Sfingy a Egyptsk\u00e9ho muzea<\/p>\n<\/li>\n<li data-start=\"2187\" data-end=\"2230\">\n<p data-start=\"2189\" data-end=\"2230\">\ud83c\udf7d\ufe0f Ob\u011bd v kvalitn\u00ed m\u00edstn\u00ed restauraci<\/p>\n<\/li>\n<li data-start=\"2231\" data-end=\"2269\">\n<p data-start=\"2233\" data-end=\"2269\">\ud83d\udcdc Profesion\u00e1ln\u00ed pr\u016fvodce egyptologem<\/p>\n<\/li>\n<li data-start=\"2270\" data-end=\"2327\">\n<p data-start=\"2272\" data-end=\"2327\">\ud83d\udecd\ufe0f N\u00e1kupn\u00ed p\u0159\u00edle\u017eitosti na autentick\u00fdch m\u00edstn\u00edch bazarech<\/p>\n<\/li>\n<\/ul>\n<h3 data-start=\"2198\" data-end=\"2225\"><strong data-start=\"2205\" data-end=\"2223\">\ud83e\udd11 Cena exkurze<\/strong><\/h3>\n<ul data-start=\"2226\" data-end=\"2413\">\n<li data-start=\"2226\" data-end=\"2260\">\n<p data-start=\"2228\" data-end=\"2260\"><strong data-start=\"2233\" data-end=\"2258\"><img decoding=\"async\" class=\"emoji\" role=\"img\" draggable=\"false\" src=\"https:\/\/s.w.org\/images\/core\/emoji\/16.0.1\/svg\/1f64e-1f3fb-200d-2642-fe0f.svg\" alt=\"\ud83d\ude4e\ud83c\udffb\u200d\u2642\ufe0f\" \/> 12 let a v\u00edce 55 \u20ac<\/strong><\/p>\n<\/li>\n<li data-start=\"2261\" data-end=\"2309\">\n<p data-start=\"2263\" data-end=\"2309\"><strong data-start=\"2263\" data-end=\"2280\"><img decoding=\"async\" class=\"emoji\" role=\"img\" draggable=\"false\" src=\"https:\/\/s.w.org\/images\/core\/emoji\/16.0.1\/svg\/1f9cd-1f3fb-200d-2640-fe0f.svg\" alt=\"\ud83e\uddcd\ud83c\udffb\u200d\u2640\ufe0f\" \/> 6\/11 let 30 \u20ac<\/strong><\/p>\n<\/li>\n<li data-start=\"2310\" data-end=\"2357\">\n<p data-start=\"2312\" data-end=\"2357\"><strong data-start=\"2327\" data-end=\"2355\"><img decoding=\"async\" class=\"emoji\" role=\"img\" draggable=\"false\" src=\"https:\/\/s.w.org\/images\/core\/emoji\/16.0.1\/svg\/1f47c-1f3fc.svg\" alt=\"\ud83d\udc7c\ud83c\udffc\" \/> -6 let 15 \u20ac<\/strong><\/p>\n<\/li>\n<\/ul>\n<h3 data-start=\"2198\" data-end=\"2225\"><strong data-start=\"2205\" data-end=\"2223\">Platba v USD ($ \ud83c\uddfa\ud83c\uddf8) m\u00edsto v EUR (\u20ac \ud83c\uddea\ud83c\uddfa) je mo\u017en\u00e1 podle denn\u00edho kurzu banky.<\/strong><\/h3>","protected":false},"excerpt":{"rendered":"<p>\ud83d\ude8c Cairo Day Trip by Bus \u2013 Explore the Heart of Egypt Embark on an unforgettable journey to Cairo, the bustling capital where ancient wonders meet modern life. This full-day bus tour is designed for travelers who want to explore Egypt\u2019s most iconic landmarks while enjoying comfort, guidance, and culture. \ud83d\udde3\ufe0f We Speak Your Language [&hellip;]<\/p>\n","protected":false},"featured_media":9497,"comment_status":"open","ping_status":"closed","template":"","meta":{"_monsterinsights_skip_tracking":false,"_monsterinsights_sitenote_active":false,"_monsterinsights_sitenote_note":"","_monsterinsights_sitenote_category":0,"_mbp_gutenberg_autopost":false},"product_brand":[],"product_cat":[58,78],"product_tag":[],"class_list":{"0":"post-9426","1":"product","2":"type-product","3":"status-publish","4":"has-post-thumbnail","6":"product_cat-cairo","7":"product_cat-red","9":"first","10":"instock","11":"shipping-taxable","12":"purchasable","13":"product-type-ovabrw_car_rental"},"_links":{"self":[{"href":"https:\/\/redsea-dream-tours.net\/cs\/wp-json\/wp\/v2\/product\/9426","targetHints":{"allow":["GET"]}}],"collection":[{"href":"https:\/\/redsea-dream-tours.net\/cs\/wp-json\/wp\/v2\/product"}],"about":[{"href":"https:\/\/redsea-dream-tours.net\/cs\/wp-json\/wp\/v2\/types\/product"}],"replies":[{"embeddable":true,"href":"https:\/\/redsea-dream-tours.net\/cs\/wp-json\/wp\/v2\/comments?post=9426"}],"wp:featuredmedia":[{"embeddable":true,"href":"https:\/\/redsea-dream-tours.net\/cs\/wp-json\/wp\/v2\/media\/9497"}],"wp:attachment":[{"href":"https:\/\/redsea-dream-tours.net\/cs\/wp-json\/wp\/v2\/media?parent=9426"}],"wp:term":[{"taxonomy":"product_brand","embeddable":true,"href":"https:\/\/redsea-dream-tours.net\/cs\/wp-json\/wp\/v2\/product_brand?post=9426"},{"taxonomy":"product_cat","embeddable":true,"href":"https:\/\/redsea-dream-tours.net\/cs\/wp-json\/wp\/v2\/product_cat?post=9426"},{"taxonomy":"product_tag","embeddable":true,"href":"https:\/\/redsea-dream-tours.net\/cs\/wp-json\/wp\/v2\/product_tag?post=9426"}],"curies":[{"name":"wp","href":"https:\/\/api.w.org\/{rel}","templated":true}]}}