{"id":9429,"date":"2026-03-01T20:19:58","date_gmt":"2026-03-01T20:19:58","guid":{"rendered":"https:\/\/redsea-dream-tours.net\/?post_type=product&#038;p=9429"},"modified":"2026-03-01T20:20:42","modified_gmt":"2026-03-01T20:20:42","slug":"cairo-overnight-pyramids-museum-old-cairo","status":"publish","type":"product","link":"https:\/\/redsea-dream-tours.net\/cs\/produkt\/cairo-overnight-pyramids-museum-old-cairo\/","title":{"rendered":"K\u00e1hira p\u0159es noc : Pyramidy, muzeum a star\u00e1 K\u00e1hira"},"content":{"rendered":"<h3 data-start=\"149\" data-end=\"222\">\ud83c\udf0d <strong data-start=\"156\" data-end=\"220\">Objevte Egypt s bezkonkuren\u010dn\u00ed kvalitou a individu\u00e1ln\u00edmi slu\u017ebami<\/strong><\/h3>\n<p data-start=\"224\" data-end=\"486\">Na adrese <strong data-start=\"227\" data-end=\"252\">K\u00e1hira - no\u010dn\u00ed v\u00fdlety<\/strong>, jsme p\u0159esv\u011bd\u010deni, \u017ee <strong data-start=\"270\" data-end=\"319\">vynikaj\u00edc\u00ed kvalita by nikdy nem\u011bla b\u00fdt ohro\u017eena<\/strong>. S v\u00edce ne\u017e <strong data-start=\"331\" data-end=\"381\">20 let zku\u0161enost\u00ed v cestovn\u00edm ruchu<\/strong>, na\u0161\u00edm posl\u00e1n\u00edm je poskytovat v\u00e1m <strong data-start=\"418\" data-end=\"483\">jedine\u010dn\u00e9, autentick\u00e9 a nezapomenuteln\u00e9 z\u00e1\u017eitky po cel\u00e9m Egypt\u011b.<\/strong>.<\/p>\n<p data-start=\"224\" data-end=\"486\">\u2728 Prvn\u00ed den,<\/p>\n<p data-start=\"224\" data-end=\"486\">stanete v \u00fa\u017easu p\u0159ed legend\u00e1rn\u00edmi pyramidami v G\u00edze a nad\u010dasovou Sfingou a pak odhal\u00edte neoceniteln\u00e9 poklady v Egyptsk\u00e9m muzeu. Se z\u00e1padem slunce si p\u0159ed ubytov\u00e1n\u00edm v hotelu vychutnejte klidnou proch\u00e1zku po Nilu. Ve\u010der zakon\u010d\u00edte chutnou tradi\u010dn\u00ed ve\u010de\u0159\u00ed a \u017eiv\u00fdm kouzlem bazaru Khan El Khalili.<\/p>\n<p data-start=\"224\" data-end=\"486\">\ud83c\udf05 Druh\u00fd den r\u00e1no,<\/p>\n<p data-start=\"224\" data-end=\"486\">po vydatn\u00e9 sn\u00eddani si prohl\u00e9dn\u011bte majest\u00e1tn\u00ed citadelu Salah El-Din a pot\u00e9 pokra\u010dujte v dobrodru\u017estv\u00ed sm\u011brem k t\u0159pytiv\u00e9mu pob\u0159e\u017e\u00ed Hurghady.<\/p>\n<hr data-start=\"488\" data-end=\"491\" \/>\n<h3 data-start=\"493\" data-end=\"529\">\ud83d\udde3\ufe0f <strong data-start=\"501\" data-end=\"527\">Mluv\u00edme va\u0161\u00edm jazykem<\/strong><\/h3>\n<ul data-start=\"530\" data-end=\"594\">\n<li>Polsk\u00fd<\/li>\n<li>Francouz\u0161tina<\/li>\n<li>Angli\u010dtina<\/li>\n<li>N\u011bm\u010dina<\/li>\n<li>Portugal\u0161tina<\/li>\n<li>\u0160pan\u011bl\u0161tina<\/li>\n<li>...a dal\u0161\u00ed!<\/li>\n<\/ul>\n<p data-start=\"596\" data-end=\"678\">A\u0165 u\u017e jste odkudkoli, zajist\u00edme v\u00e1m bezprobl\u00e9movou komunikaci a osobn\u00ed p\u0159\u00edstup.<\/p>\n<hr data-start=\"680\" data-end=\"683\" \/>\n<h3 data-start=\"685\" data-end=\"719\">\ud83c\udfdb\ufe0f <strong data-start=\"693\" data-end=\"717\">Na\u0161e z\u00e1jezdy a bal\u00ed\u010dky<\/strong><\/h3>\n<ul data-start=\"720\" data-end=\"1005\">\n<li data-start=\"720\" data-end=\"797\">\n<p data-start=\"722\" data-end=\"797\"><strong data-start=\"722\" data-end=\"747\">Odpo\u010dinek a denn\u00ed prohl\u00eddky<\/strong>: Od p\u011btihodinov\u00fdch v\u00fdlet\u016f po celodenn\u00ed dobrodru\u017estv\u00ed.<\/p>\n<\/li>\n<li data-start=\"798\" data-end=\"903\">\n<p data-start=\"800\" data-end=\"903\"><strong data-start=\"800\" data-end=\"822\">V\u00edcedenn\u00ed bal\u00ed\u010dky<\/strong>: Prozkoumejte egyptsk\u00e9 poklady b\u011bhem n\u011bkolika dn\u00ed s pe\u010dliv\u011b sestaven\u00fdmi trasami.<\/p>\n<\/li>\n<li data-start=\"904\" data-end=\"1005\">\n<p data-start=\"906\" data-end=\"1005\"><strong data-start=\"906\" data-end=\"932\">Z\u00e1\u017eitky na m\u00edru<\/strong>: Obchodn\u00ed, l\u00e9ka\u0159sk\u00e1 pomoc nebo soukrom\u00e9 prohl\u00eddky ur\u010den\u00e9 p\u0159\u00edmo pro v\u00e1s.<\/p>\n<\/li>\n<\/ul>\n<hr data-start=\"1007\" data-end=\"1010\" \/>\n<h3 data-start=\"1012\" data-end=\"1057\">\ud83d\udd0e <strong data-start=\"1019\" data-end=\"1055\">Objevte skryt\u00e9 klenoty Egypta<\/strong><\/h3>\n<ul data-start=\"1058\" data-end=\"1248\">\n<li data-start=\"1058\" data-end=\"1122\">\n<p data-start=\"1060\" data-end=\"1122\">Projd\u011bte se <strong data-start=\"1071\" data-end=\"1087\">zadn\u00ed ulice<\/strong> a objevte fascinuj\u00edc\u00ed pam\u00e1tky.<\/p>\n<\/li>\n<li data-start=\"1123\" data-end=\"1175\">\n<p data-start=\"1125\" data-end=\"1175\">Zku\u0161enosti <strong data-start=\"1136\" data-end=\"1172\">m\u00edstn\u00ed j\u00eddlo, kultura a tradice<\/strong>.<\/p>\n<\/li>\n<li data-start=\"1176\" data-end=\"1248\">\n<p data-start=\"1178\" data-end=\"1248\">Zapojte se do <strong data-start=\"1190\" data-end=\"1204\">m\u00edstn\u00ed \u017eivot<\/strong> zp\u016fsobem, kter\u00fd v\u00e1m mohou uk\u00e1zat jen skute\u010dn\u00ed zasv\u011bcenci.<\/p>\n<\/li>\n<\/ul>\n<hr data-start=\"1250\" data-end=\"1253\" \/>\n<h3 data-start=\"1255\" data-end=\"1292\">\ud83e\udd1d <strong data-start=\"1262\" data-end=\"1290\">Na m\u00edru p\u0159esn\u011b pro v\u00e1s<\/strong><\/h3>\n<p data-start=\"1293\" data-end=\"1486\">Nena\u0161li jste p\u0159esn\u011b tu prohl\u00eddku, kterou jste hledali? <strong data-start=\"1344\" data-end=\"1367\">Kontaktujte n\u00e1s kdykoli!<\/strong><br data-start=\"1367\" data-end=\"1370\" \/>Na\u0161i specializovan\u00ed odborn\u00edci s v\u00e1mi budou \u00fazce spolupracovat na <strong data-start=\"1426\" data-end=\"1469\">upravit, p\u0159idat nebo zm\u011bnit pl\u00e1n cesty.<\/strong> aby odpov\u00eddala va\u0161\u00ed:<\/p>\n<ul data-start=\"1487\" data-end=\"1554\">\n<li data-start=\"1487\" data-end=\"1508\">\n<p data-start=\"1489\" data-end=\"1508\"><strong data-start=\"1489\" data-end=\"1503\">\u010casov\u00fd r\u00e1mec<\/strong> \u23f1\ufe0f<\/p>\n<\/li>\n<li data-start=\"1509\" data-end=\"1526\">\n<p data-start=\"1511\" data-end=\"1526\"><strong data-start=\"1511\" data-end=\"1521\">Rozpo\u010det<\/strong> \ud83d\udcb0<\/p>\n<\/li>\n<li data-start=\"1527\" data-end=\"1554\">\n<p data-start=\"1529\" data-end=\"1554\"><strong data-start=\"1529\" data-end=\"1549\">Zvl\u00e1\u0161tn\u00ed po\u017eadavky<\/strong> \ud83d\udcdd<\/p>\n<\/li>\n<\/ul>\n<p data-start=\"1556\" data-end=\"1649\">Zaru\u010dujeme odpov\u011b\u010f do <strong data-start=\"1587\" data-end=\"1599\">24 hodin<\/strong> aby va\u0161e dovolen\u00e1 nebo slu\u017eebn\u00ed cesta prob\u011bhla bez probl\u00e9m\u016f.<\/p>\n<hr data-start=\"1651\" data-end=\"1654\" \/>\n<h3 data-start=\"1656\" data-end=\"1682\">\ud83d\ude90 <strong data-start=\"1663\" data-end=\"1680\">Co nab\u00edz\u00edme<\/strong><\/h3>\n<ul data-start=\"1683\" data-end=\"1886\">\n<li data-start=\"1683\" data-end=\"1716\">\n<p data-start=\"1685\" data-end=\"1716\">P\u016fldenn\u00ed a celodenn\u00ed soukrom\u00e9 prohl\u00eddky<\/p>\n<\/li>\n<li data-start=\"1717\" data-end=\"1750\">\n<p data-start=\"1719\" data-end=\"1750\">Obchodn\u00ed a l\u00e9ka\u0159sk\u00e1 pomoc<\/p>\n<\/li>\n<li data-start=\"1751\" data-end=\"1818\">\n<p data-start=\"1753\" data-end=\"1818\">Kvalifikovan\u00fd, up\u0159\u00edmn\u00fd a informativn\u00ed <strong data-start=\"1788\" data-end=\"1816\">soukrom\u00ed pr\u016fvodci a \u0159idi\u010di<\/strong><\/p>\n<\/li>\n<li data-start=\"1819\" data-end=\"1886\">\n<p data-start=\"1821\" data-end=\"1886\">Flexibiln\u00ed trasy - i <strong data-start=\"1849\" data-end=\"1884\">zm\u011bny na posledn\u00ed chv\u00edli jsou v\u00edt\u00e1ny<\/strong><\/p>\n<\/li>\n<\/ul>\n<hr data-start=\"1888\" data-end=\"1891\" \/>\n<h3 data-start=\"1893\" data-end=\"1917\">\u2764\ufe0f <strong data-start=\"1900\" data-end=\"1915\">N\u00e1\u0161 slib<\/strong><\/h3>\n<p data-start=\"1918\" data-end=\"2065\">Tvrd\u011b jste pracovali a snili jste o n\u00e1v\u0161t\u011bv\u011b Egypta - jsme tu, abychom v\u00e1m pomohli <strong data-start=\"1986\" data-end=\"2015\">spl\u0148te si sv\u016fj sen<\/strong>. A\u0165 u\u017e jedete na dovolenou, nebo za prac\u00ed, my v\u00e1m:<\/p>\n<ul data-start=\"2066\" data-end=\"2191\">\n<li data-start=\"2066\" data-end=\"2083\">\n<p data-start=\"2068\" data-end=\"2083\">Doprov\u00e1zet v\u00e1s<\/p>\n<\/li>\n<li data-start=\"2084\" data-end=\"2108\">\n<p data-start=\"2086\" data-end=\"2108\">Navigace a p\u0159eklad<\/p>\n<\/li>\n<li data-start=\"2109\" data-end=\"2191\">\n<p data-start=\"2111\" data-end=\"2191\">Ujist\u011bte se, \u017ee va\u0161e zku\u0161enosti jsou <strong data-start=\"2137\" data-end=\"2189\">bezprobl\u00e9mov\u00e9, privilegovan\u00e9 a skute\u010dn\u011b individu\u00e1ln\u00ed.<\/strong><\/p>\n<\/li>\n<\/ul>\n<hr data-start=\"2193\" data-end=\"2196\" \/>\n<h3 data-start=\"2198\" data-end=\"2225\">\ud83c\udf1f <strong data-start=\"2205\" data-end=\"2223\">Pro\u010d si vybrat pr\u00e1v\u011b n\u00e1s?<\/strong><\/h3>\n<ul data-start=\"2226\" data-end=\"2413\">\n<li data-start=\"2226\" data-end=\"2260\">\n<p data-start=\"2228\" data-end=\"2260\">V\u00edce ne\u017e <strong data-start=\"2233\" data-end=\"2258\">20 let zku\u0161enost\u00ed<\/strong><\/p>\n<\/li>\n<li data-start=\"2261\" data-end=\"2309\">\n<p data-start=\"2263\" data-end=\"2309\"><strong data-start=\"2263\" data-end=\"2280\">M\u00edstn\u00ed vhled<\/strong> od d\u016fv\u011bryhodn\u00fdch odborn\u00edk\u016f<\/p>\n<\/li>\n<li data-start=\"2310\" data-end=\"2357\">\n<p data-start=\"2312\" data-end=\"2357\">Z\u00e1jezdy, kter\u00e9 se hod\u00ed <strong data-start=\"2327\" data-end=\"2355\">v\u00e1\u0161 pl\u00e1n a rozpo\u010det<\/strong><\/p>\n<\/li>\n<li data-start=\"2358\" data-end=\"2413\">\n<p data-start=\"2360\" data-end=\"2413\">Z\u00e1vazek, \u017ee va\u0161e <strong data-start=\"2386\" data-end=\"2411\">nezapomenuteln\u00e1 dovolen\u00e1<\/strong><\/p>\n<\/li>\n<\/ul>\n<hr data-start=\"2193\" data-end=\"2196\" \/>\n<h3 data-start=\"2198\" data-end=\"2225\"><strong data-start=\"2205\" data-end=\"2223\">\ud83e\udd11 Cena exkurze<\/strong><\/h3>\n<ul data-start=\"2226\" data-end=\"2413\">\n<li data-start=\"2226\" data-end=\"2260\">\n<p data-start=\"2228\" data-end=\"2260\"><strong data-start=\"2233\" data-end=\"2258\"><img decoding=\"async\" class=\"emoji\" role=\"img\" draggable=\"false\" src=\"https:\/\/s.w.org\/images\/core\/emoji\/16.0.1\/svg\/1f64e-1f3fb-200d-2642-fe0f.svg\" alt=\"\ud83d\ude4e\ud83c\udffb\u200d\u2642\ufe0f\" \/> 12 let a v\u00edce 240 \u20ac<\/strong><\/p>\n<\/li>\n<li data-start=\"2261\" data-end=\"2309\">\n<p data-start=\"2263\" data-end=\"2309\"><strong data-start=\"2263\" data-end=\"2280\"><img decoding=\"async\" class=\"emoji\" role=\"img\" draggable=\"false\" src=\"https:\/\/s.w.org\/images\/core\/emoji\/16.0.1\/svg\/1f9cd-1f3fb-200d-2640-fe0f.svg\" alt=\"\ud83e\uddcd\ud83c\udffb\u200d\u2640\ufe0f\" \/> 6\/11 let 120 \u20ac<\/strong><\/p>\n<\/li>\n<li data-start=\"2310\" data-end=\"2357\">\n<p data-start=\"2312\" data-end=\"2357\"><strong data-start=\"2327\" data-end=\"2355\"><img decoding=\"async\" class=\"emoji\" role=\"img\" draggable=\"false\" src=\"https:\/\/s.w.org\/images\/core\/emoji\/16.0.1\/svg\/1f47c-1f3fc.svg\" alt=\"\ud83d\udc7c\ud83c\udffc\" \/> - 6 let 20 \u20ac<\/strong><\/p>\n<\/li>\n<\/ul>\n<h3 data-start=\"2198\" data-end=\"2225\"><strong data-start=\"2205\" data-end=\"2223\">Platba v USD ($ \ud83c\uddfa\ud83c\uddf8) m\u00edsto v EUR (\u20ac \ud83c\uddea\ud83c\uddfa) je mo\u017en\u00e1 podle denn\u00edho kurzu banky.<\/strong><\/h3>\n<p>Egypt - <strong data-start=\"2423\" data-end=\"2446\">srdce Afriky<\/strong> - vol\u00e1. <strong data-start=\"2461\" data-end=\"2489\">Jste p\u0159ipraveni odpov\u011bd\u011bt?<\/strong><\/p>\n<p><strong>Kniha p\u0159es WhatsApp:<\/strong><\/p>\n<p><a href=\"https:\/\/wa.me\/201021058859\" target=\"_blank\" rel=\"noopener\">\u00a0<img decoding=\"async\" class=\"alignnone wp-image-2058\" src=\"https:\/\/poehalisnamiegypt.com\/wp-content\/uploads\/2024\/02\/pngwing.com_-300x300.png\" sizes=\"auto, (max-width: 35px) 100vw, 35px\" srcset=\"https:\/\/poehalisnamiegypt.com\/wp-content\/uploads\/2024\/02\/pngwing.com_-300x300.png 300w, https:\/\/poehalisnamiegypt.com\/wp-content\/uploads\/2024\/02\/pngwing.com_-150x150.png 150w, https:\/\/poehalisnamiegypt.com\/wp-content\/uploads\/2024\/02\/pngwing.com_.png 584w\" alt=\"\" width=\"53\" height=\"53\" \/><\/a><\/p>\n<div id=\"gtx-trans\" style=\"position: absolute; left: 243px; top: 3.9125px;\">\n<div class=\"gtx-trans-icon\"><\/div>\n<\/div>\n<div id=\"gtx-trans\" style=\"position: absolute; left: 243px; top: 3.9125px;\">\n<div class=\"gtx-trans-icon\"><\/div>\n<\/div>","protected":false},"excerpt":{"rendered":"<p>\ud83c\udf0d Discover Egypt with Unmatched Quality &amp; Personalized Service At Cairo-Overnight Tours, we believe that excellent quality should never be compromised. With over 20 years of experience in the tourism industry, our mission is to provide you with unique, authentic, and unforgettable experiences across Egypt. \u2728 On your first day, stand in awe before the [&hellip;]<\/p>\n","protected":false},"featured_media":9511,"comment_status":"open","ping_status":"closed","template":"","meta":{"_monsterinsights_skip_tracking":false,"_monsterinsights_sitenote_active":false,"_monsterinsights_sitenote_note":"","_monsterinsights_sitenote_category":0,"_mbp_gutenberg_autopost":false},"product_brand":[],"product_cat":[58],"product_tag":[],"class_list":{"0":"post-9429","1":"product","2":"type-product","3":"status-publish","4":"has-post-thumbnail","6":"product_cat-cairo","8":"first","9":"instock","10":"shipping-taxable","11":"purchasable","12":"product-type-ovabrw_car_rental"},"_links":{"self":[{"href":"https:\/\/redsea-dream-tours.net\/cs\/wp-json\/wp\/v2\/product\/9429","targetHints":{"allow":["GET"]}}],"collection":[{"href":"https:\/\/redsea-dream-tours.net\/cs\/wp-json\/wp\/v2\/product"}],"about":[{"href":"https:\/\/redsea-dream-tours.net\/cs\/wp-json\/wp\/v2\/types\/product"}],"replies":[{"embeddable":true,"href":"https:\/\/redsea-dream-tours.net\/cs\/wp-json\/wp\/v2\/comments?post=9429"}],"wp:featuredmedia":[{"embeddable":true,"href":"https:\/\/redsea-dream-tours.net\/cs\/wp-json\/wp\/v2\/media\/9511"}],"wp:attachment":[{"href":"https:\/\/redsea-dream-tours.net\/cs\/wp-json\/wp\/v2\/media?parent=9429"}],"wp:term":[{"taxonomy":"product_brand","embeddable":true,"href":"https:\/\/redsea-dream-tours.net\/cs\/wp-json\/wp\/v2\/product_brand?post=9429"},{"taxonomy":"product_cat","embeddable":true,"href":"https:\/\/redsea-dream-tours.net\/cs\/wp-json\/wp\/v2\/product_cat?post=9429"},{"taxonomy":"product_tag","embeddable":true,"href":"https:\/\/redsea-dream-tours.net\/cs\/wp-json\/wp\/v2\/product_tag?post=9429"}],"curies":[{"name":"wp","href":"https:\/\/api.w.org\/{rel}","templated":true}]}}