{"id":9431,"date":"2026-03-01T20:19:58","date_gmt":"2026-03-01T20:19:58","guid":{"rendered":"https:\/\/redsea-dream-tours.net\/?post_type=product&#038;p=9431"},"modified":"2026-03-18T06:10:00","modified_gmt":"2026-03-18T06:10:00","slug":"orange-bay-hurghada","status":"publish","type":"product","link":"https:\/\/redsea-dream-tours.net\/cs\/produkt\/orange-bay-hurghada\/","title":{"rendered":"Orange Bay: Relax na pl\u00e1\u017ei, \u0161norchlov\u00e1n\u00ed"},"content":{"rendered":"<h1 data-path-to-node=\"3\">\ud83c\udfdd\ufe0f Dobrodru\u017estv\u00ed na ostrov\u011b Orange Bay Hurghada: \u0160norchlov\u00e1n\u00ed, relaxace a hry<\/h1>\n<h3 data-path-to-node=\"4\">\ud83c\udf05 \u00davod: Objevte \u201cegyptsk\u00e9 Maledivy\u201d<\/h3>\n<p data-path-to-node=\"5\">Hled\u00e1te dokonal\u00fd \u00fanik na pl\u00e1\u017e? <b data-path-to-node=\"5\" data-index-in-node=\"39\">Orange Bay Hurghada<\/b>, kter\u00fd se nach\u00e1z\u00ed v chr\u00e1n\u011bn\u00e9m n\u00e1rodn\u00edm parku Giftun Island, je spln\u011bn\u00edm snu ka\u017ed\u00e9ho cestovatele. Tato \u00fa\u017easn\u00e1 z\u00e1toka, \u010dasto ozna\u010dovan\u00e1 jako \u201cegyptsk\u00e9 Maledivy\u201d, nab\u00edz\u00ed jedine\u010dnou kombinaci karibsk\u00e9 estetiky a biodiverzity Rud\u00e9ho mo\u0159e.<\/p>\n<p data-path-to-node=\"6\">Na adrese <b data-path-to-node=\"6\" data-index-in-node=\"3\">Z\u00e1jezdy k Rud\u00e9mu mo\u0159i sn\u016f<\/b>, p\u0159ipravili jsme pro v\u00e1s komplexn\u00ed nab\u00eddku. <b data-path-to-node=\"6\" data-index-in-node=\"57\">V\u00fdlet do Orange Bay<\/b> kter\u00fd p\u0159esahuje r\u00e1mec oby\u010dejn\u00e9 proj\u00ed\u017e\u010fky lod\u00ed; jedn\u00e1 se o celodenn\u00ed z\u00e1\u017eitek ur\u010den\u00fd rodin\u00e1m, p\u00e1r\u016fm a milovn\u00edk\u016fm dobrodru\u017estv\u00ed, kte\u0159\u00ed cht\u011bj\u00ed poznat skute\u010dnou kr\u00e1su Rud\u00e9ho mo\u0159e v roce 2026. \ud83c\udf0a\u2728<\/p>\n<hr data-path-to-node=\"7\" \/>\n<h2 data-path-to-node=\"8\">\ud83d\ude90 1. Bezprobl\u00e9mov\u00e1 doprava do Orange Bay Hurghada<\/h2>\n<p data-path-to-node=\"9\">V\u011b\u0159\u00edme, \u017ee dokonal\u00fd v\u00fdlet za\u010d\u00edn\u00e1 pohodl\u00edm. Na\u0161e profesion\u00e1ln\u00ed slu\u017eby za\u010d\u00ednaj\u00ed bezprobl\u00e9mov\u00fdm p\u0159esunem na lo\u010f, kter\u00e1 sm\u011b\u0159uje k proslul\u00e9mu mo\u0159i. <b data-path-to-node=\"9\" data-index-in-node=\"142\">Orange Bay Hurghada<\/b> b\u0159eh\u016f.<\/p>\n<ul data-path-to-node=\"10\">\n<li>\n<p data-path-to-node=\"10,0,0\"><b data-path-to-node=\"10,0,0\" data-index-in-node=\"0\">\u2744\ufe0f Klimatizovan\u00e9 pohodl\u00ed:<\/b> A\u0165 u\u017e jste ubytov\u00e1ni v centru Hurghady, v z\u00e1toce Makadi nebo v Sahl Hasheesh, na\u0161e modern\u00ed flotila v\u00e1m zajist\u00ed pohodov\u00fd transfer.<\/p>\n<\/li>\n<li>\n<p data-path-to-node=\"10,1,0\"><b data-path-to-node=\"10,1,0\" data-index-in-node=\"0\">\ud83d\udd52 dochvilnost a profesionalita:<\/b> Na\u0161i koordin\u00e1to\u0159i se postaraj\u00ed o to, abyste si v\u00edce \u010dasu u\u017eili. <b data-path-to-node=\"10,1,0\" data-index-in-node=\"92\">V\u00fdlet do Orange Bay<\/b> a m\u00e9n\u011b \u010dasu na \u010dek\u00e1n\u00ed.<\/p>\n<\/li>\n<\/ul>\n<hr data-path-to-node=\"11\" \/>\n<h2 data-path-to-node=\"12\">\ud83e\udd3f 2. \u0160norchlovac\u00ed r\u00e1j na cest\u011b na ostrov<\/h2>\n<p data-path-to-node=\"13\">Cesta k <b data-path-to-node=\"13\" data-index-in-node=\"15\">Orange Bay v Hurghad\u011b<\/b> zahrnuje dv\u011b vyhrazen\u00e9 zast\u00e1vky na \u0161norchlov\u00e1n\u00ed v nejlep\u0161\u00edch lokalit\u00e1ch pe\u010dliv\u011b vybran\u00fdch na\u0161imi odborn\u00fdmi pr\u016fvodci.<\/p>\n<h3 data-path-to-node=\"14\">\ud83d\udc20 Podmo\u0159sk\u00e9 prohl\u00eddky s pr\u016fvodcem<\/h3>\n<p data-path-to-node=\"15\">Ne\u017e doraz\u00edte k b\u0159eh\u016fm ostrova, prozkoumejte \u017eiv\u00e9 kor\u00e1lov\u00e9 \u00fatesy. Na ka\u017ed\u00e9m <b data-path-to-node=\"15\" data-index-in-node=\"82\">V\u00fdlet do Orange Bay<\/b>, poskytujeme v\u0161em na\u0161im host\u016fm vysoce kvalitn\u00ed, dezinfikovan\u00e9 masky a ploutve.<\/p>\n<h3 data-path-to-node=\"16\">\ud83d\udc22 Biodiverzita mo\u0159\u00ed<\/h3>\n<p data-path-to-node=\"17\">V k\u0159i\u0161\u0165\u00e1lov\u011b \u010dist\u00fdch vod\u00e1ch, kter\u00e9 oblast obklopuj\u00ed, si m\u016f\u017eete zaplavat s exotick\u00fdmi rybami a barevn\u00fdmi kor\u00e1ly. Je to podmo\u0159sk\u00fd r\u00e1j, kter\u00fd mus\u00ed p\u0159i sv\u00e9 n\u00e1v\u0161t\u011bv\u011b vid\u011bt ka\u017ed\u00fd evropsk\u00fd cestovatel Vydejte se na nezapomenuteln\u00fd v\u00fdlet do Orange Bay, kde se relaxace snoub\u00ed s dobrodru\u017estv\u00edm. Objevte kr\u00e1sy Orange Bay v Hurghad\u011b, \u00fa\u017easn\u00e9 destinace proslul\u00e9 pestr\u00fdm podmo\u0159sk\u00fdm \u017eivotem a nedot\u010den\u00fdmi pl\u00e1\u017eemi. P\u0159i \u0161norchlov\u00e1n\u00ed v tepl\u00fdch azurov\u00fdch vod\u00e1ch budete uchv\u00e1ceni bohatou biodiverzitou, kter\u00e1 tento podmo\u0159sk\u00fd r\u00e1j naz\u00fdv\u00e1 sv\u00fdm domovem. Ostrov Orange Bay je ide\u00e1ln\u00ed pro zku\u0161en\u00e9 \u0161norchla\u0159e i za\u010d\u00e1te\u010dn\u00edky a slibuje nezapomenuteln\u00e9 z\u00e1\u017eitky pln\u00e9 slunce, mo\u0159e a klidu.<\/p>\n<hr data-path-to-node=\"18\" \/>\n<h2 data-path-to-node=\"19\">\ud83c\udf34 3. Ostrovn\u00ed relaxace: Pl\u00e1\u017e Orange Bay v Hurghad\u011b<\/h2>\n<p data-path-to-node=\"20\">Po \u0161norchlov\u00e1n\u00ed lo\u010f zakotv\u00ed u zn\u00e1m\u00e9ho d\u0159ev\u011bn\u00e9ho mola v oblasti <b data-path-to-node=\"20\" data-index-in-node=\"75\">Ostrov Orange Bay <\/b>\u00a0V tomto p\u0159\u00edpad\u011b z\u00edsk\u00e1v\u00e1 slovo \u201cpl\u00e1\u017eov\u00fd relax\u201d zcela nov\u00fd v\u00fdznam.<\/p>\n<ul data-path-to-node=\"21\">\n<li>\n<p data-path-to-node=\"21,0,0\"><b data-path-to-node=\"21,0,0\" data-index-in-node=\"0\">\u26f1\ufe0f Va\u0161e vlastn\u00ed tropick\u00e9 \u00fato\u010di\u0161t\u011b:<\/b> Vychutnejte si vyhrazen\u00e9 m\u00edsto ve st\u00ednu na m\u011bkk\u00e9m p\u00edsku <b data-path-to-node=\"21,0,0\" data-index-in-node=\"87\">Orange Bay v Hurghad\u011b<\/b>.<\/p>\n<\/li>\n<li>\n<p data-path-to-node=\"21,1,0\"><b data-path-to-node=\"21,1,0\" data-index-in-node=\"0\">\ud83d\udca7 M\u011blk\u00e9 tyrkysov\u00e9 vody:<\/b> Z\u00e1toka je proslul\u00e1 dlouh\u00fdm \u00fasekem m\u011blk\u00e9 vody - bezpe\u010dn\u00fdm \u00fato\u010di\u0161t\u011bm pro d\u011bti a neplavce.<\/p>\n<\/li>\n<li>\n<p data-path-to-node=\"21,2,0\"><b data-path-to-node=\"21,2,0\" data-index-in-node=\"0\">\ud83d\udcf8 Ikonick\u00e9 fotografick\u00e9 akce:<\/b> D\u0159ev\u011bn\u00e9 houpa\u010dky v oce\u00e1nu u <b data-path-to-node=\"21,2,0\" data-index-in-node=\"55\">Orange Bay<\/b> jsou r\u00e1jem instagramist\u016f.<\/p>\n<\/li>\n<\/ul>\n<hr data-path-to-node=\"22\" \/>\n<h2 data-path-to-node=\"23\">\ud83c\udf7d\ufe0f 4. Lahodn\u00fd kulin\u00e1\u0159sk\u00fd z\u00e1\u017eitek na palub\u011b<\/h2>\n<p data-path-to-node=\"24\">Dobrodru\u017estv\u00ed b\u011bhem va\u0161eho <b data-path-to-node=\"24\" data-index-in-node=\"22\">V\u00fdlet do Orange Bay<\/b> vyvol\u00e1v\u00e1 chu\u0165 k j\u00eddlu! Jsme hrd\u00ed na kvalitu j\u00eddla, kter\u00e9 pod\u00e1v\u00e1me na na\u0161ich lod\u00edch.<\/p>\n<ul data-path-to-node=\"25\">\n<li>\n<p data-path-to-node=\"25,0,0\"><b data-path-to-node=\"25,0,0\" data-index-in-node=\"0\">\ud83e\udd57 \u010cerstv\u011b p\u0159ipraven\u00fd bufet:<\/b> Vychutnejte si \u0159adu m\u00edstn\u00edch i mezin\u00e1rodn\u00edch pokrm\u016f v\u010detn\u011b \u010derstv\u00fdch sal\u00e1t\u016f, t\u011bstovin a ryb.<\/p>\n<\/li>\n<li>\n<p data-path-to-node=\"25,1,0\"><b data-path-to-node=\"25,1,0\" data-index-in-node=\"0\">\u2615 Neomezen\u00e9 ob\u010derstven\u00ed:<\/b> Z\u016fsta\u0148te hydratovan\u00ed po cel\u00fd den <b data-path-to-node=\"25,1,0\" data-index-in-node=\"65\">Orange Bay Hurghada<\/b> z\u00e1\u017eitek s vodou a nealkoholick\u00fdmi n\u00e1poji zdarma.<\/p>\n<\/li>\n<\/ul>\n<hr data-path-to-node=\"26\" \/>\n<h2 data-path-to-node=\"27\">\ud83d\ude80 5. Adrenalin a z\u00e1bava: Vydejte se na ban\u00e1nov\u00fd \u010dlun<\/h2>\n<p data-path-to-node=\"28\">\u017d\u00e1dn\u00e1 n\u00e1v\u0161t\u011bva <b data-path-to-node=\"28\" data-index-in-node=\"12\">Orange Bay Hurghada<\/b> bez kapky adrenalinu!<\/p>\n<ul data-path-to-node=\"29\">\n<li>\n<p data-path-to-node=\"29,0,0\"><b data-path-to-node=\"29,0,0\" data-index-in-node=\"0\">\ud83c\udf4c Rychlost nap\u0159\u00ed\u010d vlnami:<\/b> Ne\u017e zakon\u010d\u00edte sv\u016fj den, nasko\u010dte na ban\u00e1novou lo\u010f a proje\u010fte se vysokou rychlost\u00ed. Je to chv\u00edle \u010dist\u00e9ho sm\u00edchu a vzru\u0161en\u00ed pro celou rodinu b\u011bhem jejich n\u00e1v\u0161t\u011bvy. <b data-path-to-node=\"29,0,0\" data-index-in-node=\"180\">V\u00fdlet do Orange Bay<\/b>!<\/p>\n<\/li>\n<\/ul>\n<hr data-path-to-node=\"30\" \/>\n<h2 data-path-to-node=\"31\">\u2b50 6. Pro\u010d si objednat Orange Bay Hurghada s Red Sea Dream Tours?<\/h2>\n<p data-path-to-node=\"32\">Na konkuren\u010dn\u00edm trhu se vyzna\u010dujeme kvalitou a \u201cevropsk\u00fdm standardem\u201d slu\u017eeb.<\/p>\n<ul data-path-to-node=\"33\">\n<li>\n<p data-path-to-node=\"33,0,0\"><b data-path-to-node=\"33,0,0\" data-index-in-node=\"0\">\ud83c\udf0d Odpov\u011bdnost k \u017eivotn\u00edmu prost\u0159ed\u00ed:<\/b> Chr\u00e1n\u00edme \u00fatesy Rud\u00e9ho mo\u0159e prost\u0159ednictv\u00edm ekologick\u00fdch postup\u016f b\u011bhem ka\u017ed\u00e9ho v\u00fdletu. <b data-path-to-node=\"33,0,0\" data-index-in-node=\"113\">V\u00fdlet do Orange Bay<\/b>.<\/p>\n<\/li>\n<li>\n<p data-path-to-node=\"33,1,0\"><b data-path-to-node=\"2\" data-index-in-node=\"0\">\ud83d\udde3\ufe0f V\u00edcejazy\u010dn\u00e1 podpora: Rezervujte si sv\u00e9 dobrodru\u017estv\u00ed v Orange Bay ve sv\u00e9m rodn\u00e9m jazyce s na\u0161\u00edm specializovan\u00fdm t\u00fdmem podpory.<\/b><\/p>\n<\/li>\n<\/ul>\n<hr data-path-to-node=\"34\" \/>\n<h2 data-path-to-node=\"35\">\ud83d\udcb0 7. Cena exkurze a podrobnosti o rezervaci<\/h2>\n<p data-path-to-node=\"36\">Nab\u00edz\u00edme transparentn\u00ed ceny za <b data-path-to-node=\"36\" data-index-in-node=\"37\">Orange Bay Hurghada<\/b> zku\u0161enosti:<\/p>\n<div class=\"horizontal-scroll-wrapper\">\n<div class=\"table-block-component\">\n<div class=\"table-block has-export-button new-table-style is-at-scroll-start is-at-scroll-end\">\n<div class=\"table-content not-end-of-paragraph\" data-hveid=\"0\" data-ved=\"0CAAQ3ecQahgKEwjFwZzpxKiTAxUAAAAAHQAAAAAQygI\">\n<table data-path-to-node=\"37\">\n<thead>\n<tr>\n<td><span data-path-to-node=\"37,0,0,0\">Kategorie<\/span><\/td>\n<td><span data-path-to-node=\"37,0,1,0\">Cena (EUR \u20ac)<\/span><\/td>\n<\/tr>\n<\/thead>\n<tbody>\n<tr>\n<td><span data-path-to-node=\"37,1,0,0\"><b data-path-to-node=\"37,1,0,0\" data-index-in-node=\"0\">Dosp\u011bl\u00ed (od 10 let)<\/b><\/span><\/td>\n<td><span data-path-to-node=\"37,1,1,0\"><b data-path-to-node=\"37,1,1,0\" data-index-in-node=\"0\">30 \u20ac<\/b><\/span><\/td>\n<\/tr>\n<tr>\n<td><span data-path-to-node=\"37,2,0,0\"><b data-path-to-node=\"37,2,0,0\" data-index-in-node=\"0\">D\u011bti (6 a\u017e 9 let)<\/b><\/span><\/td>\n<td><span data-path-to-node=\"37,2,1,0\"><b data-path-to-node=\"37,2,1,0\" data-index-in-node=\"0\">15 \u20ac<\/b><\/span><\/td>\n<\/tr>\n<tr>\n<td><span data-path-to-node=\"37,3,0,0\"><b data-path-to-node=\"37,3,0,0\" data-index-in-node=\"0\">Kojenci (do 6 let)<\/b><\/span><\/td>\n<td><span data-path-to-node=\"37,3,1,0\"><b data-path-to-node=\"37,3,1,0\" data-index-in-node=\"0\">ZDARMA<\/b><\/span><\/td>\n<\/tr>\n<\/tbody>\n<\/table>\n<\/div>\n<div class=\"table-footer hide-from-message-actions\"><\/div>\n<\/div>\n<\/div>\n<\/div>\n<blockquote data-path-to-node=\"38\">\n<p data-path-to-node=\"38,0\"><b data-path-to-node=\"38,0\" data-index-in-node=\"0\">Pozn\u00e1mka:<\/b> Platba v <b data-path-to-node=\"38,0\" data-index-in-node=\"17\">USD ($)<\/b> \ud83c\uddfa\ud83c\uddf8 je k dispozici podle denn\u00edho kurzu banky.<\/p>\n<\/blockquote>\n<hr data-path-to-node=\"39\" \/>\n<h2 data-path-to-node=\"40\">\u2705 Z\u00e1v\u011br: V\u00e1\u0161 v\u00fdlet sn\u016f \u010dek\u00e1<\/h2>\n<p data-path-to-node=\"41\">Exkurze do <b data-path-to-node=\"41\" data-index-in-node=\"16\">V\u00fdlet do Orange Bay<\/b> je v\u00edc ne\u017e pouh\u00fd v\u00fdlet, je to soubor kouzeln\u00fdch okam\u017eik\u016f.<\/p>\n<p data-path-to-node=\"42\"><b data-path-to-node=\"42\" data-index-in-node=\"0\">\ud83d\udcc5 Rezervujte si ostrovn\u00ed dobrodru\u017estv\u00ed Orange Bay Trip je\u0161t\u011b dnes a za\u017eijte to nejlep\u0161\u00ed z Rud\u00e9ho mo\u0159e!<\/b><\/p>\n<p data-path-to-node=\"42\"><img fetchpriority=\"high\" decoding=\"async\" class=\"alignnone size-medium wp-image-9532\" src=\"https:\/\/redsea-dream-tours.net\/wp-content\/uploads\/2026\/03\/2c-300x200.jpg\" alt=\"Orange Bay Hurghada beach trip by Red Sea Dream Tours\" width=\"300\" height=\"200\" srcset=\"https:\/\/redsea-dream-tours.net\/wp-content\/uploads\/2026\/03\/2c-300x200.jpg 300w, https:\/\/redsea-dream-tours.net\/wp-content\/uploads\/2026\/03\/2c-600x400.jpg 600w, https:\/\/redsea-dream-tours.net\/wp-content\/uploads\/2026\/03\/2c-636x426.jpg 636w, https:\/\/redsea-dream-tours.net\/wp-content\/uploads\/2026\/03\/2c.jpg 669w\" sizes=\"(max-width: 300px) 100vw, 300px\" \/><\/p>\n<h2 data-path-to-node=\"3\">\u2753 \u010casto kladen\u00e9 ot\u00e1zky (FAQ)<\/h2>\n<h3 data-path-to-node=\"4\"><b data-path-to-node=\"4\" data-index-in-node=\"0\">Ot\u00e1zka 1: Kolik stoj\u00ed v\u00fdlet do Orange Bay Hurghada?<\/b><\/h3>\n<blockquote>\n<p data-path-to-node=\"5\"><b data-path-to-node=\"5\" data-index-in-node=\"0\">A:<\/b> Cena exkurze je <b data-path-to-node=\"5\" data-index-in-node=\"30\">30 \u20ac pro dosp\u011bl\u00e9<\/b> a <b data-path-to-node=\"5\" data-index-in-node=\"50\">15 \u20ac pro d\u011bti<\/b> (6-9 let). D\u011bti do 6 let se p\u0159ipojuj\u00ed k <b data-path-to-node=\"5\" data-index-in-node=\"115\">ZDARMA<\/b>. Na\u0161e ceny jsou transparentn\u00ed a bez skryt\u00fdch poplatk\u016f.<\/p>\n<\/blockquote>\n<hr data-path-to-node=\"6\" \/>\n<h3 data-path-to-node=\"7\"><b data-path-to-node=\"7\" data-index-in-node=\"0\">Ot\u00e1zka 2: Co si m\u00e1m vz\u00edt s sebou na v\u00fdlet do Orange Bay?<\/b><\/h3>\n<blockquote>\n<p data-path-to-node=\"8\"><b data-path-to-node=\"8\" data-index-in-node=\"0\">A:<\/b> Doporu\u010dujeme vz\u00edt si s sebou plavky, ru\u010dn\u00edk, opalovac\u00ed kr\u00e9m a slune\u010dn\u00ed br\u00fdle. S v\u00fdbavou si ned\u011blejte starosti, poskytujeme kvalitn\u00ed <b data-path-to-node=\"8\" data-index-in-node=\"119\">vybaven\u00ed pro \u0161norchlov\u00e1n\u00ed<\/b> (masky a ploutve) pro v\u0161echny na\u0161e hosty.<\/p>\n<\/blockquote>\n<hr data-path-to-node=\"9\" \/>\n<h3 data-path-to-node=\"10\"><b data-path-to-node=\"10\" data-index-in-node=\"0\">Ot\u00e1zka 3: Je sou\u010d\u00e1st\u00ed v\u00fdletu do Orange Bay Hurghada ob\u011bd?<\/b><\/h3>\n<blockquote>\n<p data-path-to-node=\"11\"><b data-path-to-node=\"11\" data-index-in-node=\"0\">A:<\/b> Ano! Ka\u017ed\u00fd v\u00fdlet zahrnuje <b data-path-to-node=\"11\" data-index-in-node=\"30\">\u010derstv\u011b p\u0159ipraven\u00fd ob\u011bd formou bufetu<\/b> na palub\u011b a neomezen\u00e9 mno\u017estv\u00ed nealkoholick\u00fdch n\u00e1poj\u016f a miner\u00e1ln\u00ed vody, abyste byli hydratovan\u00ed po cel\u00fd den.<\/p>\n<\/blockquote>\n<hr data-path-to-node=\"12\" \/>\n<h3 data-path-to-node=\"13\"><b data-path-to-node=\"13\" data-index-in-node=\"0\">Ot\u00e1zka 4: Jak dlouho trv\u00e1 pobyt na ostrov\u011b Orange Bay?<\/b><\/h3>\n<blockquote>\n<p data-path-to-node=\"14\"><b data-path-to-node=\"14\" data-index-in-node=\"0\">A:<\/b> U\u017eijete si p\u0159ibli\u017en\u011b <b data-path-to-node=\"14\" data-index-in-node=\"32\">2 hodiny<\/b> relaxace na b\u00edl\u00e9m p\u00edsku <b data-path-to-node=\"14\" data-index-in-node=\"76\">Orange Bay Hurghada<\/b>, dv\u011b zast\u00e1vky na \u0161norchlov\u00e1n\u00ed s pr\u016fvodcem a vzru\u0161uj\u00edc\u00ed vodn\u00ed sporty, jako je j\u00edzda na ban\u00e1nu.<\/p>\n<\/blockquote>\n<hr data-path-to-node=\"15\" \/>\n<h3 data-path-to-node=\"16\"><b data-path-to-node=\"16\" data-index-in-node=\"0\">Ot\u00e1zka 5: Je Orange Bay vhodn\u00fd pro rodiny s d\u011btmi?<\/b><\/h3>\n<blockquote>\n<p data-path-to-node=\"17\"><b data-path-to-node=\"17\" data-index-in-node=\"0\">A:<\/b> Rozhodn\u011b! <b data-path-to-node=\"17\" data-index-in-node=\"15\">Orange Bay<\/b> je proslul\u00e9 sv\u00fdmi velmi m\u011blk\u00fdmi a klidn\u00fdmi tyrkysov\u00fdmi vodami, co\u017e z n\u011bj \u010din\u00ed nejbezpe\u010dn\u011bj\u0161\u00ed a nejp\u0159\u00edjemn\u011bj\u0161\u00ed m\u00edsto pro plavbu. <b data-path-to-node=\"17\" data-index-in-node=\"133\">d\u011bti a neplavci<\/b> v Rud\u00e9m mo\u0159i.<\/p>\n<\/blockquote>","protected":false},"excerpt":{"rendered":"<p>\ud83c\udfdd\ufe0f Orange Bay Hurghada Island Adventure: Snorkel, Relax &amp; Play \ud83c\udf05 Introduction: Discover the &#8220;Maldives of Egypt&#8221; Looking for the ultimate beach escape? Orange Bay Hurghada, located in the protected Giftun Island National Park, is the realization of every traveler&#8217;s dream. Often referred to as the &#8220;Maldives of Egypt,&#8221; this stunning bay offers a unique [&hellip;]<\/p>\n","protected":false},"featured_media":9532,"comment_status":"open","ping_status":"closed","template":"","meta":{"_monsterinsights_skip_tracking":false,"_monsterinsights_sitenote_active":false,"_monsterinsights_sitenote_note":"","_monsterinsights_sitenote_category":0,"_mbp_gutenberg_autopost":false},"product_brand":[],"product_cat":[78,60],"product_tag":[],"class_list":{"0":"post-9431","1":"product","2":"type-product","3":"status-publish","4":"has-post-thumbnail","6":"product_cat-red","7":"product_cat-sea","9":"first","10":"instock","11":"shipping-taxable","12":"purchasable","13":"product-type-ovabrw_car_rental"},"_links":{"self":[{"href":"https:\/\/redsea-dream-tours.net\/cs\/wp-json\/wp\/v2\/product\/9431","targetHints":{"allow":["GET"]}}],"collection":[{"href":"https:\/\/redsea-dream-tours.net\/cs\/wp-json\/wp\/v2\/product"}],"about":[{"href":"https:\/\/redsea-dream-tours.net\/cs\/wp-json\/wp\/v2\/types\/product"}],"replies":[{"embeddable":true,"href":"https:\/\/redsea-dream-tours.net\/cs\/wp-json\/wp\/v2\/comments?post=9431"}],"wp:featuredmedia":[{"embeddable":true,"href":"https:\/\/redsea-dream-tours.net\/cs\/wp-json\/wp\/v2\/media\/9532"}],"wp:attachment":[{"href":"https:\/\/redsea-dream-tours.net\/cs\/wp-json\/wp\/v2\/media?parent=9431"}],"wp:term":[{"taxonomy":"product_brand","embeddable":true,"href":"https:\/\/redsea-dream-tours.net\/cs\/wp-json\/wp\/v2\/product_brand?post=9431"},{"taxonomy":"product_cat","embeddable":true,"href":"https:\/\/redsea-dream-tours.net\/cs\/wp-json\/wp\/v2\/product_cat?post=9431"},{"taxonomy":"product_tag","embeddable":true,"href":"https:\/\/redsea-dream-tours.net\/cs\/wp-json\/wp\/v2\/product_tag?post=9431"}],"curies":[{"name":"wp","href":"https:\/\/api.w.org\/{rel}","templated":true}]}}