{"id":9433,"date":"2026-03-01T20:19:58","date_gmt":"2026-03-01T20:19:58","guid":{"rendered":"https:\/\/redsea-dream-tours.net\/?post_type=product&#038;p=9433"},"modified":"2026-03-22T18:43:00","modified_gmt":"2026-03-22T18:43:00","slug":"dolphin-house-snorkeling-dolphins-sea-fun","status":"publish","type":"product","link":"https:\/\/redsea-dream-tours.net\/cs\/produkt\/dolphin-house-snorkeling-dolphins-sea-fun\/","title":{"rendered":"D\u016fm delf\u00edn\u016f: \u0160norchlov\u00e1n\u00ed, delf\u00edni a mo\u0159sk\u00e1 z\u00e1bava"},"content":{"rendered":"<h3 data-start=\"89\" data-end=\"172\"><strong data-start=\"93\" data-end=\"170\">\ud83d\udc2c V\u00fdlet lod\u00ed Dolphin House Hurghada - plav\u00e1n\u00ed, \u0161norchlov\u00e1n\u00ed a den na mo\u0159i!<\/strong><\/h3>\n<p data-start=\"174\" data-end=\"428\">Ute\u010dte od rutiny a vydejte se na <strong data-start=\"209\" data-end=\"248\">relaxa\u010dn\u00ed a dobrodru\u017en\u00fd den na mo\u0159i<\/strong> se slavn\u00fdm <strong data-start=\"265\" data-end=\"297\">V\u00fdlet do Dolphin House Hurghada!<\/strong> Plavte se po \u0161um\u00edc\u00edm Rud\u00e9m mo\u0159i, opalujte se a za\u017eijte nezapomenuteln\u00e9 chv\u00edle s delf\u00edny a pestr\u00fdm mo\u0159sk\u00fdm \u017eivotem.<\/p>\n<h4 data-start=\"430\" data-end=\"460\"><strong data-start=\"435\" data-end=\"458\">\ud83c\udf0a Hlavn\u00ed body v\u00fdletu:<\/strong><\/h4>\n<ul data-start=\"461\" data-end=\"1260\">\n<li data-start=\"461\" data-end=\"642\">\n<p data-start=\"463\" data-end=\"642\"><strong data-start=\"463\" data-end=\"491\">\ud83e\udd3f Dobrodru\u017estv\u00ed p\u0159i \u0161norchlov\u00e1n\u00ed:<\/strong> Prozkoumejte ohromuj\u00edc\u00ed <strong data-start=\"513\" data-end=\"535\">\u00dates Dolphin House<\/strong> s <strong data-start=\"541\" data-end=\"566\">poskytovan\u00e9 vybaven\u00ed pro \u0161norchlov\u00e1n\u00ed<\/strong>, plavat mezi pestrobarevn\u00fdmi kor\u00e1lov\u00fdmi zahradami a objevovat \u0159adu exotick\u00fdch ryb.<\/p>\n<\/li>\n<li data-start=\"643\" data-end=\"774\">\n<p data-start=\"645\" data-end=\"774\"><strong data-start=\"645\" data-end=\"669\">\ud83d\udc2c Pozorov\u00e1n\u00ed delf\u00edn\u016f:<\/strong> Sko\u010dte si zaplavat a pozorn\u011b sledujte hrav\u00e9 delf\u00edny v jejich p\u0159irozen\u00e9m prost\u0159ed\u00ed.<\/p>\n<\/li>\n<li data-start=\"775\" data-end=\"885\">\n<p data-start=\"777\" data-end=\"885\"><strong data-start=\"777\" data-end=\"799\">\ud83c\udfb6 Cruise &amp; Chill:<\/strong> P\u0159i plavb\u011b z jednoho malebn\u00e9ho m\u00edsta na druh\u00e9 si m\u016f\u017eete vychutnat hudbu a uvoln\u011bnou atmosf\u00e9ru.<\/p>\n<\/li>\n<li data-start=\"886\" data-end=\"1043\">\n<p data-start=\"888\" data-end=\"1043\"><strong data-start=\"888\" data-end=\"919\">\ud83c\udf74 Lahodn\u00fd ob\u011bd na palub\u011b:<\/strong> Hodujte na <strong data-start=\"931\" data-end=\"1011\">\u010derstv\u011b p\u0159ipraven\u00e9 j\u00eddlo z hov\u011bz\u00edho masa, kalam\u00e1r\u016f, r\u00fd\u017ee s krevetami a k\u0159upav\u00fdch sal\u00e1t\u016f.<\/strong>, kter\u00e9 se pod\u00e1vaj\u00ed na palub\u011b v polovin\u011b cesty.<\/p>\n<\/li>\n<li data-start=\"1044\" data-end=\"1150\">\n<p data-start=\"1046\" data-end=\"1150\"><strong data-start=\"1046\" data-end=\"1075\">\ud83e\udd64 Ob\u010derstven\u00ed v cen\u011b:<\/strong> Z\u016fsta\u0148te hydratovan\u00ed s <strong data-start=\"1095\" data-end=\"1148\">bezplatn\u00e9 nealkoholick\u00e9 n\u00e1poje po celou dobu j\u00edzdy.<\/strong><\/p>\n<\/li>\n<li data-start=\"1151\" data-end=\"1260\">\n<p data-start=\"1153\" data-end=\"1260\"><strong data-start=\"1153\" data-end=\"1177\">\ud83c\udf4c Z\u00e1bavn\u00e9 vodn\u00ed sporty:<\/strong> Rozproud\u011bte sv\u016fj adrenalin s <strong data-start=\"1211\" data-end=\"1258\">j\u00edzda na ban\u00e1nu a vzru\u0161uj\u00edc\u00ed vodn\u00ed hry!<\/strong><\/p>\n<\/li>\n<\/ul>\n<h4 data-start=\"1262\" data-end=\"1309\"><strong data-start=\"1267\" data-end=\"1307\">\u2728 Pro\u010d si vybrat v\u00fdlet do Domu delf\u00edn\u016f?<\/strong><\/h4>\n<ul data-start=\"1310\" data-end=\"1555\">\n<li data-start=\"1310\" data-end=\"1382\">\n<p data-start=\"1312\" data-end=\"1382\">Dokonal\u00e1 kombinace <strong data-start=\"1329\" data-end=\"1379\">relaxace, dobrodru\u017estv\u00ed a setk\u00e1n\u00ed s divokou p\u0159\u00edrodou<\/strong>.<\/p>\n<\/li>\n<li data-start=\"1383\" data-end=\"1474\">\n<p data-start=\"1385\" data-end=\"1474\">Ide\u00e1ln\u00ed pro rodiny, p\u00e1ry a skupiny, kter\u00e9 hledaj\u00ed <strong data-start=\"1439\" data-end=\"1471\">nezapomenuteln\u00fd celodenn\u00ed v\u00fdlet<\/strong>.<\/p>\n<\/li>\n<li data-start=\"1475\" data-end=\"1555\">\n<p data-start=\"1477\" data-end=\"1555\">V\u0161e je pro v\u00e1s p\u0159ipraveno - sta\u010d\u00ed si vz\u00edt plavky a u\u017e\u00edt si j\u00edzdu!<\/p>\n<\/li>\n<\/ul>\n<p data-start=\"1557\" data-end=\"1655\"><strong data-start=\"1557\" data-end=\"1653\">Vyplujte do Dolphin House Hurghada a vytvo\u0159te si kouzeln\u00e9 vzpom\u00ednky v srdci Rud\u00e9ho mo\u0159e!<\/strong><\/p>\n<h3 data-start=\"2198\" data-end=\"2225\"><strong data-start=\"2205\" data-end=\"2223\">\ud83e\udd11 Cena exkurze<\/strong><\/h3>\n<p data-start=\"2228\" data-end=\"2260\"><strong data-start=\"2233\" data-end=\"2258\">\u00a0 \u00a0<img decoding=\"async\" class=\"emoji\" role=\"img\" draggable=\"false\" src=\"https:\/\/s.w.org\/images\/core\/emoji\/16.0.1\/svg\/1f64e-1f3fb-200d-2642-fe0f.svg\" alt=\"\ud83d\ude4e\ud83c\udffb\u200d\u2642\ufe0f\" \/> 11 let a v\u00edce 25 \u20ac<\/strong><\/p>\n<p data-start=\"2228\" data-end=\"2260\"><strong data-start=\"2263\" data-end=\"2280\">\u00a0 \u00a0<img decoding=\"async\" class=\"emoji\" role=\"img\" draggable=\"false\" src=\"https:\/\/s.w.org\/images\/core\/emoji\/16.0.1\/svg\/1f9cd-1f3fb-200d-2640-fe0f.svg\" alt=\"\ud83e\uddcd\ud83c\udffb\u200d\u2640\ufe0f\" \/> 6\/10 let 15 \u20ac<\/strong><\/p>\n<p data-start=\"2228\" data-end=\"2260\"><strong data-start=\"2327\" data-end=\"2355\">\u00a0 \u00a0<img decoding=\"async\" class=\"emoji\" role=\"img\" draggable=\"false\" src=\"https:\/\/s.w.org\/images\/core\/emoji\/16.0.1\/svg\/1f47c-1f3fc.svg\" alt=\"\ud83d\udc7c\ud83c\udffc\" \/> -6 let zdarma<\/strong><\/p>\n<p><strong>Kniha p\u0159es WhatsApp:<\/strong><\/p>\n<p><a href=\"https:\/\/api.whatsapp.com\/send\/?phone=01021058859\" target=\"_blank\" rel=\"noopener\">\u00a0<img decoding=\"async\" class=\"alignnone wp-image-2058\" src=\"https:\/\/poehalisnamiegypt.com\/wp-content\/uploads\/2024\/02\/pngwing.com_-300x300.png\" sizes=\"auto, (max-width: 35px) 100vw, 35px\" srcset=\"https:\/\/poehalisnamiegypt.com\/wp-content\/uploads\/2024\/02\/pngwing.com_-300x300.png 300w, https:\/\/poehalisnamiegypt.com\/wp-content\/uploads\/2024\/02\/pngwing.com_-150x150.png 150w, https:\/\/poehalisnamiegypt.com\/wp-content\/uploads\/2024\/02\/pngwing.com_.png 584w\" alt=\"\" width=\"53\" height=\"53\" \/><\/a><\/p>","protected":false},"excerpt":{"rendered":"<p>\ud83d\udc2c Dolphin House Hurghada Boat Trip \u2013 Swim, Snorkel &amp; Enjoy a Day at Sea! Escape the routine and embark on a relaxing and adventurous day at sea with the famous Dolphin House Hurghada trip! Cruise along the sparkling Red Sea, soak up the sun, and experience unforgettable moments with dolphins and vibrant marine life. [&hellip;]<\/p>\n","protected":false},"featured_media":9553,"comment_status":"open","ping_status":"closed","template":"","meta":{"_monsterinsights_skip_tracking":false,"_monsterinsights_sitenote_active":false,"_monsterinsights_sitenote_note":"","_monsterinsights_sitenote_category":0,"_mbp_gutenberg_autopost":false},"product_brand":[],"product_cat":[78,60],"product_tag":[],"class_list":{"0":"post-9433","1":"product","2":"type-product","3":"status-publish","4":"has-post-thumbnail","6":"product_cat-red","7":"product_cat-sea","9":"first","10":"instock","11":"shipping-taxable","12":"purchasable","13":"product-type-ovabrw_car_rental"},"_links":{"self":[{"href":"https:\/\/redsea-dream-tours.net\/cs\/wp-json\/wp\/v2\/product\/9433","targetHints":{"allow":["GET"]}}],"collection":[{"href":"https:\/\/redsea-dream-tours.net\/cs\/wp-json\/wp\/v2\/product"}],"about":[{"href":"https:\/\/redsea-dream-tours.net\/cs\/wp-json\/wp\/v2\/types\/product"}],"replies":[{"embeddable":true,"href":"https:\/\/redsea-dream-tours.net\/cs\/wp-json\/wp\/v2\/comments?post=9433"}],"wp:featuredmedia":[{"embeddable":true,"href":"https:\/\/redsea-dream-tours.net\/cs\/wp-json\/wp\/v2\/media\/9553"}],"wp:attachment":[{"href":"https:\/\/redsea-dream-tours.net\/cs\/wp-json\/wp\/v2\/media?parent=9433"}],"wp:term":[{"taxonomy":"product_brand","embeddable":true,"href":"https:\/\/redsea-dream-tours.net\/cs\/wp-json\/wp\/v2\/product_brand?post=9433"},{"taxonomy":"product_cat","embeddable":true,"href":"https:\/\/redsea-dream-tours.net\/cs\/wp-json\/wp\/v2\/product_cat?post=9433"},{"taxonomy":"product_tag","embeddable":true,"href":"https:\/\/redsea-dream-tours.net\/cs\/wp-json\/wp\/v2\/product_tag?post=9433"}],"curies":[{"name":"wp","href":"https:\/\/api.w.org\/{rel}","templated":true}]}}