{"id":9438,"date":"2026-03-01T20:19:58","date_gmt":"2026-03-01T20:19:58","guid":{"rendered":"https:\/\/redsea-dream-tours.net\/?post_type=product&#038;p=9438"},"modified":"2026-03-01T20:21:29","modified_gmt":"2026-03-01T20:21:29","slug":"royal-sea-scope-underwater-views-marine-life","status":"publish","type":"product","link":"https:\/\/redsea-dream-tours.net\/cs\/produkt\/royal-sea-scope-underwater-views-marine-life\/","title":{"rendered":"Royal Sea Scope: Podvodn\u00ed pohledy a mo\u0159sk\u00fd \u017eivot"},"content":{"rendered":"<p data-start=\"78\" data-end=\"144\"><strong data-start=\"78\" data-end=\"142\">\ud83c\udf0a Objevte divy Rud\u00e9ho mo\u0159e s Royal Sea Scope!<\/strong><\/p>\n<p data-start=\"146\" data-end=\"493\">Nastupte na palubu <strong data-start=\"162\" data-end=\"199\">Poloponorka Royal Sea Scope \ud83d\udea2<\/strong>, kter\u00fd obsahuje <strong data-start=\"213\" data-end=\"252\">panoramatick\u00e1 prosklen\u00e1 kabina pod vodou \ud83e\ude9f<\/strong>, a p\u0159ipravte se na nezapomenutelnou cestu pod vlny! Obdivujte <strong data-start=\"330\" data-end=\"411\">\u017eiv\u00e9 kor\u00e1lov\u00e9 \u00fatesy \ud83e\udeb8, pestrobarevn\u00e9 ryby \ud83d\udc20 a fascinuj\u00edc\u00ed mo\u0159\u0161t\u00ed \u017eivo\u010dichov\u00e9 \ud83d\udc22.<\/strong> kter\u00e9 d\u011blaj\u00ed z Rud\u00e9ho mo\u0159e jeden z nejpozoruhodn\u011bj\u0161\u00edch podmo\u0159sk\u00fdch poklad\u016f na sv\u011bt\u011b.<\/p>\n<p data-start=\"495\" data-end=\"530\"><strong data-start=\"495\" data-end=\"528\">\u2728 Pro\u010d si vybrat Royal Sea Scope?<\/strong><\/p>\n<ul data-start=\"531\" data-end=\"842\">\n<li data-start=\"531\" data-end=\"616\">\n<p data-start=\"533\" data-end=\"616\"><strong data-start=\"533\" data-end=\"578\">Prohl\u00ed\u017een\u00ed pod vodou bez namo\u010den\u00ed \ud83d\udca6<\/strong> - zajistit si pohodl\u00ed p\u0159i objevov\u00e1n\u00ed.<\/p>\n<\/li>\n<li data-start=\"617\" data-end=\"693\">\n<p data-start=\"619\" data-end=\"693\"><strong data-start=\"619\" data-end=\"657\">K\u0159i\u0161\u0165\u00e1lov\u011b \u010dist\u00e1 panoramatick\u00e1 okna \ud83c\udf10<\/strong> pro nejlep\u0161\u00ed v\u00fdhled na mo\u0159sk\u00fd \u017eivot.<\/p>\n<\/li>\n<li data-start=\"694\" data-end=\"765\">\n<p data-start=\"696\" data-end=\"765\"><strong data-start=\"696\" data-end=\"725\">Pln\u011b vybaven\u00e9 a bezpe\u010dn\u00e9 \u2693<\/strong> pro pohodov\u00e9 dobrodru\u017estv\u00ed bez starost\u00ed.<\/p>\n<\/li>\n<li data-start=\"766\" data-end=\"842\">\n<p data-start=\"768\" data-end=\"842\"><strong data-start=\"768\" data-end=\"840\">Ide\u00e1ln\u00ed pro rodiny \ud83d\udc68\u200d\ud83d\udc69\u200d\ud83d\udc67\u200d\ud83d\udc66, p\u00e1ry \u2764\ufe0f a skupiny p\u0159\u00e1tel!<\/strong><\/p>\n<\/li>\n<\/ul>\n<p data-start=\"844\" data-end=\"1083\">Tohle nen\u00ed jen v\u00fdlet - je to <strong data-start=\"877\" data-end=\"910\">jedine\u010dn\u00fd z\u00e1\u017eitek<\/strong> vid\u011bt kouzlo Rud\u00e9ho mo\u0159e jako nikdy p\u0159edt\u00edm. Pohodln\u011b se usa\u010fte a nechte se un\u00e1\u0161et <strong data-start=\"995\" data-end=\"1014\">Royal Sea Scope<\/strong> v\u00e1s vezme na cestu <strong data-start=\"1045\" data-end=\"1080\">podmo\u0159sk\u00fd r\u00e1j p\u0159\u00edrody \ud83c\udf05<\/strong>.<\/p>\n<p data-start=\"41\" data-end=\"65\">\ud83e\udd11 <strong data-start=\"44\" data-end=\"63\">Cena aktivity:<\/strong><\/p>\n<ul data-start=\"66\" data-end=\"137\" data-is-only-node=\"\">\n<li data-start=\"66\" data-end=\"81\">\n<p data-start=\"68\" data-end=\"81\">Dosp\u011bl\u00ed:                 18 \u20ac<\/p>\n<\/li>\n<li data-start=\"82\" data-end=\"103\">\n<p data-start=\"84\" data-end=\"103\">V\u011bk 5 a\u017e 11 let: 10 \u20ac<\/p>\n<\/li>\n<li data-start=\"104\" data-end=\"137\">\n<p data-start=\"106\" data-end=\"137\">Mlad\u0161\u00ed 5 let: zdarma<\/p>\n<\/li>\n<\/ul>\n<h3 data-start=\"2198\" data-end=\"2225\"><strong data-start=\"2205\" data-end=\"2223\">Platba v USD ($ \ud83c\uddfa\ud83c\uddf8) m\u00edsto v EUR (\u20ac \ud83c\uddea\ud83c\uddfa) je mo\u017en\u00e1 podle denn\u00edho kurzu banky.<\/strong><\/h3>\n<p><strong>Kniha p\u0159es WhatsApp:<\/strong><\/p>\n<p><a href=\"https:\/\/wa.me\/201021058859\" target=\"_blank\" rel=\"noopener\">\u00a0<img decoding=\"async\" class=\"alignnone wp-image-2058\" src=\"https:\/\/poehalisnamiegypt.com\/wp-content\/uploads\/2024\/02\/pngwing.com_-300x300.png\" sizes=\"auto, (max-width: 35px) 100vw, 35px\" srcset=\"https:\/\/poehalisnamiegypt.com\/wp-content\/uploads\/2024\/02\/pngwing.com_-300x300.png 300w, https:\/\/poehalisnamiegypt.com\/wp-content\/uploads\/2024\/02\/pngwing.com_-150x150.png 150w, https:\/\/poehalisnamiegypt.com\/wp-content\/uploads\/2024\/02\/pngwing.com_.png 584w\" alt=\"\" width=\"53\" height=\"53\" \/><\/a><\/p>\n<p>&nbsp;<\/p>\n<div id=\"gtx-trans\" style=\"position: absolute; left: 279px; top: 1.2px;\">\n<div class=\"gtx-trans-icon\"><\/div>\n<\/div>\n<div id=\"gtx-trans\" style=\"position: absolute; left: 279px; top: 1.2px;\">\n<div class=\"gtx-trans-icon\"><\/div>\n<\/div>","protected":false},"excerpt":{"rendered":"<p>\ud83c\udf0a Discover the Wonders of the Red Sea with Royal Sea Scope! Step aboard the Royal Sea Scope semi-submarine \ud83d\udea2, featuring a panoramic underwater glass cabin \ud83e\ude9f, and get ready for an unforgettable journey beneath the waves! Marvel at the vibrant coral reefs \ud83e\udeb8, colorful fish \ud83d\udc20, and fascinating marine creatures \ud83d\udc22 that make the [&hellip;]<\/p>\n","protected":false},"featured_media":9593,"comment_status":"open","ping_status":"closed","template":"","meta":{"_monsterinsights_skip_tracking":false,"_monsterinsights_sitenote_active":false,"_monsterinsights_sitenote_note":"","_monsterinsights_sitenote_category":0,"_mbp_gutenberg_autopost":false},"product_brand":[],"product_cat":[61],"product_tag":[],"class_list":{"0":"post-9438","1":"product","2":"type-product","3":"status-publish","4":"has-post-thumbnail","6":"product_cat-entertaining","8":"first","9":"instock","10":"shipping-taxable","11":"purchasable","12":"product-type-ovabrw_car_rental"},"_links":{"self":[{"href":"https:\/\/redsea-dream-tours.net\/cs\/wp-json\/wp\/v2\/product\/9438","targetHints":{"allow":["GET"]}}],"collection":[{"href":"https:\/\/redsea-dream-tours.net\/cs\/wp-json\/wp\/v2\/product"}],"about":[{"href":"https:\/\/redsea-dream-tours.net\/cs\/wp-json\/wp\/v2\/types\/product"}],"replies":[{"embeddable":true,"href":"https:\/\/redsea-dream-tours.net\/cs\/wp-json\/wp\/v2\/comments?post=9438"}],"wp:featuredmedia":[{"embeddable":true,"href":"https:\/\/redsea-dream-tours.net\/cs\/wp-json\/wp\/v2\/media\/9593"}],"wp:attachment":[{"href":"https:\/\/redsea-dream-tours.net\/cs\/wp-json\/wp\/v2\/media?parent=9438"}],"wp:term":[{"taxonomy":"product_brand","embeddable":true,"href":"https:\/\/redsea-dream-tours.net\/cs\/wp-json\/wp\/v2\/product_brand?post=9438"},{"taxonomy":"product_cat","embeddable":true,"href":"https:\/\/redsea-dream-tours.net\/cs\/wp-json\/wp\/v2\/product_cat?post=9438"},{"taxonomy":"product_tag","embeddable":true,"href":"https:\/\/redsea-dream-tours.net\/cs\/wp-json\/wp\/v2\/product_tag?post=9438"}],"curies":[{"name":"wp","href":"https:\/\/api.w.org\/{rel}","templated":true}]}}