{"id":9442,"date":"2026-03-01T20:19:59","date_gmt":"2026-03-01T20:19:59","guid":{"rendered":"https:\/\/redsea-dream-tours.net\/?post_type=product&#038;p=9442"},"modified":"2026-03-22T18:43:00","modified_gmt":"2026-03-22T18:43:00","slug":"city-tour-landmarks-culture-local-life","status":"publish","type":"product","link":"https:\/\/redsea-dream-tours.net\/cs\/produkt\/city-tour-landmarks-culture-local-life\/","title":{"rendered":"Prohl\u00eddka m\u011bsta: Pam\u00e1tky, kultura a m\u00edstn\u00ed \u017eivot"},"content":{"rendered":"<p data-start=\"99\" data-end=\"169\"><strong data-start=\"99\" data-end=\"167\">\ud83c\udfd9\ufe0f Objevte srdce m\u011bsta s na\u0161imi vzru\u0161uj\u00edc\u00edmi prohl\u00eddkami!<\/strong><\/p>\n<p data-start=\"171\" data-end=\"492\">P\u0159ipravte se na <strong data-start=\"184\" data-end=\"240\">odhalte tajemstv\u00ed, kulturu a kr\u00e1sy m\u011bsta.<\/strong> s na\u0161\u00edm odborn\u00fdm pr\u016fvodcem <strong data-start=\"266\" data-end=\"280\">Prohl\u00eddky m\u011bsta<\/strong>. A\u0165 u\u017e jste nad\u0161enci do historie, milovn\u00edci kultury, nebo prost\u011b jen chcete poznat to nejlep\u0161\u00ed, co m\u011bsto nab\u00edz\u00ed, tento v\u00fdlet je navr\u017een tak, abyste si mohli prohl\u00e9dnout <strong data-start=\"437\" data-end=\"489\">nezapomenuteln\u00e1 cesta \u010dasem a tradic\u00ed<\/strong>.<\/p>\n<p data-start=\"494\" data-end=\"536\"><strong data-start=\"494\" data-end=\"534\">\u2728 \u010c\u00edm jsou na\u0161e prohl\u00eddky m\u011bst v\u00fdjime\u010dn\u00e9?<\/strong><\/p>\n<ul data-start=\"537\" data-end=\"1101\">\n<li data-start=\"537\" data-end=\"667\">\n<p data-start=\"539\" data-end=\"667\"><strong data-start=\"539\" data-end=\"575\">Ikonick\u00e9 pam\u00e1tky a monumenty \ud83c\udfdb\ufe0f<\/strong> - Prozkoumejte nejzn\u00e1m\u011bj\u0161\u00ed m\u00edsta ve m\u011bst\u011b, od historick\u00fdch budov a\u017e po architektonick\u00e9 divy.<\/p>\n<\/li>\n<li data-start=\"668\" data-end=\"794\">\n<p data-start=\"670\" data-end=\"794\"><strong data-start=\"670\" data-end=\"699\">Bohat\u00e9 kulturn\u00ed d\u011bdictv\u00ed \ud83c\udfad<\/strong> - Pono\u0159te se do m\u00edstn\u00edch tradic, fascinuj\u00edc\u00edch p\u0159\u00edb\u011bh\u016f a skryt\u00fdch poklad\u016f, kter\u00e9 mnoz\u00ed cestovatel\u00e9 opom\u00edjej\u00ed.<\/p>\n<\/li>\n<li data-start=\"795\" data-end=\"917\">\n<p data-start=\"797\" data-end=\"917\"><strong data-start=\"797\" data-end=\"826\">Odborn\u00ed m\u00edstn\u00ed pr\u016fvodci \ud83d\udc68\u200d\ud83c\udfeb<\/strong> - Na\u0161i znal\u00ed pr\u016fvodci o\u017eivuj\u00ed historii a kulturu poutav\u00fdm vypr\u00e1v\u011bn\u00edm.<\/p>\n<\/li>\n<li data-start=\"918\" data-end=\"1009\">\n<p data-start=\"920\" data-end=\"1009\"><strong data-start=\"920\" data-end=\"953\">Pohodln\u00e1 doprava \ud83d\ude90<\/strong> - Mezi jednotliv\u00fdmi zast\u00e1vkami si u\u017eijete plynulou a pohodovou j\u00edzdu.<\/p>\n<\/li>\n<li data-start=\"1010\" data-end=\"1101\">\n<p data-start=\"1012\" data-end=\"1101\"><strong data-start=\"1012\" data-end=\"1048\">Spousta p\u0159\u00edle\u017eitost\u00ed k fotografov\u00e1n\u00ed \ud83d\udcf8<\/strong> - Zachy\u0165te nezapomenuteln\u00e9 okam\u017eiky na ka\u017ed\u00e9m orienta\u010dn\u00edm bod\u011b.<\/p>\n<\/li>\n<\/ul>\n<p data-start=\"1103\" data-end=\"1128\"><strong data-start=\"1103\" data-end=\"1126\">\ud83d\udd52 Nejd\u016fle\u017eit\u011bj\u0161\u00ed body v\u00fdletu:<\/strong><\/p>\n<ul data-start=\"1129\" data-end=\"1330\">\n<li data-start=\"1129\" data-end=\"1176\">\n<p data-start=\"1131\" data-end=\"1176\">K dispozici jsou rann\u00ed a odpoledn\u00ed odjezdy.<\/p>\n<\/li>\n<li data-start=\"1177\" data-end=\"1265\">\n<p data-start=\"1179\" data-end=\"1265\">Zast\u00e1vky v muze\u00edch, na star\u00fdch trz\u00edch \ud83d\udecd\ufe0f, u c\u00edrkevn\u00edch pam\u00e1tek \u26ea i modern\u00edch atrakc\u00ed \ud83c\udf07.<\/p>\n<\/li>\n<li data-start=\"1266\" data-end=\"1330\">\n<p data-start=\"1268\" data-end=\"1330\">Voln\u00fd \u010das na proch\u00e1zky, n\u00e1kupy nebo pop\u00edjen\u00ed k\u00e1vy \u2615 v m\u00edstn\u00edch kav\u00e1rn\u00e1ch.<\/p>\n<\/li>\n<\/ul>\n<p data-start=\"1332\" data-end=\"1353\"><strong data-start=\"1332\" data-end=\"1351\">\ud83d\udcbc Ide\u00e1ln\u00ed pro:<\/strong><\/p>\n<ul data-start=\"1354\" data-end=\"1438\">\n<li data-start=\"1354\" data-end=\"1378\">\n<p data-start=\"1356\" data-end=\"1378\">Rodiny \ud83d\udc68\u200d\ud83d\udc69\u200d\ud83d\udc67\u200d\ud83d\udc66<\/p>\n<\/li>\n<li data-start=\"1379\" data-end=\"1393\">\n<p data-start=\"1381\" data-end=\"1393\">P\u00e1ry \u2764\ufe0f<\/p>\n<\/li>\n<li data-start=\"1394\" data-end=\"1415\">\n<p data-start=\"1396\" data-end=\"1415\">S\u00f3lo cestovatel\u00e9 \ud83c\udf0d<\/p>\n<\/li>\n<li data-start=\"1416\" data-end=\"1438\">\n<p data-start=\"1418\" data-end=\"1438\">Skupiny p\u0159\u00e1tel \ud83c\udf89<\/p>\n<\/li>\n<\/ul>\n<p data-start=\"1440\" data-end=\"1711\"><strong data-start=\"1440\" data-end=\"1468\">\ud83c\udf1f Pro\u010d si vybrat tento v\u00fdlet?<\/strong><br data-start=\"1468\" data-end=\"1471\" \/>Proto\u017ee m\u011bsto je v\u00edc ne\u017e jen ulice a budovy - je to \u017eiv\u00fd p\u0159\u00edb\u011bh, kter\u00fd \u010dek\u00e1 na prozkoum\u00e1n\u00ed. Z <strong data-start=\"1577\" data-end=\"1597\">starobyl\u00e9 d\u011bdictv\u00ed<\/strong> na <strong data-start=\"1601\" data-end=\"1621\">modern\u00ed vibrace<\/strong>, tato prohl\u00eddka spojuje vzd\u011bl\u00e1v\u00e1n\u00ed, z\u00e1bavu a pozn\u00e1v\u00e1n\u00ed v jeden celistv\u00fd z\u00e1\u017eitek.<\/p>\n<p data-start=\"1713\" data-end=\"1790\">P\u0159ipojte se k n\u00e1m na <strong data-start=\"1727\" data-end=\"1788\">den pln\u00fd kultury, z\u00e1bavy a nezapomenuteln\u00fdch vzpom\u00ednek!<\/strong><\/p>\n<table style=\"height: 79px;\" width=\"758\">\n<tbody>\n<tr>\n<td width=\"126\"><strong>\u00a0\u20ac\u00a0\u00a0\u00a0 25.00<\/strong><\/td>\n<td width=\"307\"><strong>Prohl\u00eddka m\u011bsta 2 osoby<\/strong><\/td>\n<\/tr>\n<tr>\n<td><strong>\u00a0\u20ac\u00a0\u00a0\u00a0 20.00<\/strong><\/td>\n<td width=\"307\"><strong>Prohl\u00eddka m\u011bsta 3 osoby<\/strong><\/td>\n<\/tr>\n<\/tbody>\n<\/table>\n<h3 data-start=\"2198\" data-end=\"2225\"><strong data-start=\"2205\" data-end=\"2223\">Platba v USD ($ \ud83c\uddfa\ud83c\uddf8) m\u00edsto v EUR (\u20ac \ud83c\uddea\ud83c\uddfa) je mo\u017en\u00e1 podle denn\u00edho kurzu banky.<\/strong><\/h3>\n<p><strong>Kniha p\u0159es WhatsApp:<\/strong><\/p>\n<p><a href=\"https:\/\/wa.me\/201021058859\" target=\"_blank\" rel=\"noopener\">\u00a0<img decoding=\"async\" class=\"alignnone wp-image-2058\" src=\"https:\/\/poehalisnamiegypt.com\/wp-content\/uploads\/2024\/02\/pngwing.com_-300x300.png\" sizes=\"auto, (max-width: 35px) 100vw, 35px\" srcset=\"https:\/\/poehalisnamiegypt.com\/wp-content\/uploads\/2024\/02\/pngwing.com_-300x300.png 300w, https:\/\/poehalisnamiegypt.com\/wp-content\/uploads\/2024\/02\/pngwing.com_-150x150.png 150w, https:\/\/poehalisnamiegypt.com\/wp-content\/uploads\/2024\/02\/pngwing.com_.png 584w\" alt=\"\" width=\"53\" height=\"53\" \/><\/a><\/p>\n<p>&nbsp;<\/p>\n<div id=\"gtx-trans\" style=\"position: absolute; left: 244px; top: 1.2px;\">\n<div class=\"gtx-trans-icon\"><\/div>\n<\/div>","protected":false},"excerpt":{"rendered":"<p>\ud83c\udfd9\ufe0f Discover the Heart of the City with Our Exciting City Tours! Get ready to uncover the secrets, culture, and beauty of the city with our expertly guided City Tours. Whether you&#8217;re a history enthusiast, a culture lover, or simply looking to experience the best the city has to offer, this trip is designed to [&hellip;]<\/p>\n","protected":false},"featured_media":9627,"comment_status":"open","ping_status":"closed","template":"","meta":{"_monsterinsights_skip_tracking":false,"_monsterinsights_sitenote_active":false,"_monsterinsights_sitenote_note":"","_monsterinsights_sitenote_category":0,"_mbp_gutenberg_autopost":false},"product_brand":[],"product_cat":[61],"product_tag":[],"class_list":{"0":"post-9442","1":"product","2":"type-product","3":"status-publish","4":"has-post-thumbnail","6":"product_cat-entertaining","8":"first","9":"instock","10":"shipping-taxable","11":"purchasable","12":"product-type-ovabrw_car_rental"},"_links":{"self":[{"href":"https:\/\/redsea-dream-tours.net\/cs\/wp-json\/wp\/v2\/product\/9442","targetHints":{"allow":["GET"]}}],"collection":[{"href":"https:\/\/redsea-dream-tours.net\/cs\/wp-json\/wp\/v2\/product"}],"about":[{"href":"https:\/\/redsea-dream-tours.net\/cs\/wp-json\/wp\/v2\/types\/product"}],"replies":[{"embeddable":true,"href":"https:\/\/redsea-dream-tours.net\/cs\/wp-json\/wp\/v2\/comments?post=9442"}],"wp:featuredmedia":[{"embeddable":true,"href":"https:\/\/redsea-dream-tours.net\/cs\/wp-json\/wp\/v2\/media\/9627"}],"wp:attachment":[{"href":"https:\/\/redsea-dream-tours.net\/cs\/wp-json\/wp\/v2\/media?parent=9442"}],"wp:term":[{"taxonomy":"product_brand","embeddable":true,"href":"https:\/\/redsea-dream-tours.net\/cs\/wp-json\/wp\/v2\/product_brand?post=9442"},{"taxonomy":"product_cat","embeddable":true,"href":"https:\/\/redsea-dream-tours.net\/cs\/wp-json\/wp\/v2\/product_cat?post=9442"},{"taxonomy":"product_tag","embeddable":true,"href":"https:\/\/redsea-dream-tours.net\/cs\/wp-json\/wp\/v2\/product_tag?post=9442"}],"curies":[{"name":"wp","href":"https:\/\/api.w.org\/{rel}","templated":true}]}}