{"id":9443,"date":"2026-03-01T20:19:59","date_gmt":"2026-03-01T20:19:59","guid":{"rendered":"https:\/\/redsea-dream-tours.net\/?post_type=product&#038;p=9443"},"modified":"2026-03-01T20:21:53","modified_gmt":"2026-03-01T20:21:53","slug":"el-gouna-tour-lagoons-beaches-marina-magic","status":"publish","type":"product","link":"https:\/\/redsea-dream-tours.net\/cs\/produkt\/el-gouna-tour-lagoons-beaches-marina-magic\/","title":{"rendered":"El Gouna Tour: Kouzlo lagun, pl\u00e1\u017e\u00ed a p\u0159\u00edstavu"},"content":{"rendered":"<p data-start=\"104\" data-end=\"179\"><strong data-start=\"104\" data-end=\"177\">\ud83c\udf34 Poznejte kr\u00e1sy El Gouny s na\u0161imi nezapomenuteln\u00fdmi v\u00fdlety do Gouny!<\/strong><\/p>\n<p data-start=\"181\" data-end=\"532\">Ute\u010dte od v\u0161ednosti a vydejte se na cestu do <strong data-start=\"229\" data-end=\"241\">El Gouna<\/strong>, jedn\u00e9 z nejluxusn\u011bj\u0161\u00edch a nejmalebn\u011bj\u0161\u00edch p\u0159\u00edmo\u0159sk\u00fdch destinac\u00ed v Egypt\u011b, kter\u00e1 se nach\u00e1z\u00ed pod\u00e9l <strong data-start=\"320\" data-end=\"340\">Pob\u0159e\u017e\u00ed Rud\u00e9ho mo\u0159e \ud83c\udf0a<\/strong>. Zn\u00e1m\u00fd pro sv\u00e9 <strong data-start=\"356\" data-end=\"426\">tyrkysov\u00e9 laguny, zlatav\u00e9 p\u00edse\u010dn\u00e9 pl\u00e1\u017ee \ud83c\udfd6\ufe0f a pulzuj\u00edc\u00ed \u017eivotn\u00ed styl.<\/strong>, El Gouna je skute\u010dn\u00fdm r\u00e1jem pro cestovatele, kte\u0159\u00ed hledaj\u00ed odpo\u010dinek, dobrodru\u017estv\u00ed a kulturu na jednom m\u00edst\u011b.<\/p>\n<p data-start=\"534\" data-end=\"574\"><strong data-start=\"534\" data-end=\"572\">\u2728 Co v\u00e1s \u010dek\u00e1 na z\u00e1jezdu do Guny?<\/strong><\/p>\n<ul data-start=\"575\" data-end=\"1117\">\n<li data-start=\"575\" data-end=\"701\">\n<p data-start=\"577\" data-end=\"701\"><strong data-start=\"577\" data-end=\"607\">Z\u00e1\u017eitek z plavby po lagun\u011b \u26f5<\/strong> - Plavte se po klidn\u00fdch lagun\u00e1ch a u\u017e\u00edvejte si \u00fachvatn\u00fd v\u00fdhled na m\u011bsto z vody.<\/p>\n<\/li>\n<li data-start=\"702\" data-end=\"790\">\n<p data-start=\"704\" data-end=\"790\"><strong data-start=\"704\" data-end=\"736\">Odpo\u010dinek na nedot\u010den\u00fdch pl\u00e1\u017e\u00edch \ud83c\udf1e<\/strong> - Vyh\u0159\u00edvejte se na slunci a odpo\u010d\u00edvejte v tropick\u00e9m prost\u0159ed\u00ed.<\/p>\n<\/li>\n<li data-start=\"791\" data-end=\"903\">\n<p data-start=\"793\" data-end=\"903\"><strong data-start=\"793\" data-end=\"822\">\u017div\u00e1 proch\u00e1zka po p\u0159\u00edstavu \ud83d\udeb6\u200d\u2640\ufe0f<\/strong> - Projd\u011bte se po p\u0159\u00edstavu Abu Tig s n\u00e1dhern\u00fdmi jachtami, kav\u00e1rnami a obchody.<\/p>\n<\/li>\n<li data-start=\"904\" data-end=\"1013\">\n<p data-start=\"906\" data-end=\"1013\"><strong data-start=\"906\" data-end=\"932\">M\u00edstn\u00ed kultura a um\u011bn\u00ed \ud83c\udfa8<\/strong> - Prozkoumejte p\u016fvabn\u00e9 uli\u010dky, um\u011bleck\u00e9 galerie a jedine\u010dnou architekturu m\u011bsta El Gouna.<\/p>\n<\/li>\n<li data-start=\"1014\" data-end=\"1117\">\n<p data-start=\"1016\" data-end=\"1117\"><strong data-start=\"1016\" data-end=\"1048\">Voliteln\u00e9 vodn\u00ed aktivity \ud83e\udd3f<\/strong> - \u0160norchlov\u00e1n\u00ed, pot\u00e1p\u011bn\u00ed nebo kitesurfing pro dobrodru\u017en\u00e9 povahy.<\/p>\n<\/li>\n<\/ul>\n<p data-start=\"1119\" data-end=\"1144\"><strong data-start=\"1119\" data-end=\"1142\">\ud83d\udd52 Nejd\u016fle\u017eit\u011bj\u0161\u00ed body v\u00fdletu:<\/strong><\/p>\n<ul data-start=\"1145\" data-end=\"1331\">\n<li data-start=\"1145\" data-end=\"1198\">\n<p data-start=\"1147\" data-end=\"1198\">Celodenn\u00ed v\u00fdlety s vyzvednut\u00edm a odvozem v hotelu \ud83d\ude90.<\/p>\n<\/li>\n<li data-start=\"1199\" data-end=\"1247\">\n<p data-start=\"1201\" data-end=\"1247\">Vynikaj\u00edc\u00ed ob\u011bd v p\u0159\u00edmo\u0159sk\u00e9 restauraci Nen\u00ed zahrnut v cen\u011b \ud83c\udf7d\ufe0f.<\/p>\n<\/li>\n<li data-start=\"1248\" data-end=\"1331\">\n<p data-start=\"1250\" data-end=\"1331\">Voln\u00fd \u010das na n\u00e1kupy, fotografov\u00e1n\u00ed \ud83d\udcf8 nebo prost\u011b jen u\u017e\u00edv\u00e1n\u00ed si pohodov\u00e9 atmosf\u00e9ry.<\/p>\n<\/li>\n<\/ul>\n<p data-start=\"1333\" data-end=\"1354\"><strong data-start=\"1333\" data-end=\"1352\">\ud83d\udcbc Ide\u00e1ln\u00ed pro:<\/strong><\/p>\n<ul data-start=\"1355\" data-end=\"1502\">\n<li data-start=\"1355\" data-end=\"1405\">\n<p data-start=\"1357\" data-end=\"1405\">Rodiny, kter\u00e9 hledaj\u00ed z\u00e1bavu na \u00fat\u011bku \ud83d\udc68\u200d\ud83d\udc69\u200d\ud83d\udc67\u200d\ud83d\udc66<\/p>\n<\/li>\n<li data-start=\"1406\" data-end=\"1452\">\n<p data-start=\"1408\" data-end=\"1452\">P\u00e1ry hledaj\u00edc\u00ed romantick\u00fd \u00fanik \u2764\ufe0f<\/p>\n<\/li>\n<li data-start=\"1453\" data-end=\"1502\">\n<p data-start=\"1455\" data-end=\"1502\">Milovn\u00edci dobrodru\u017estv\u00ed a vodn\u00edch sport\u016f \ud83c\udfc4\u200d\u2642\ufe0f<\/p>\n<\/li>\n<\/ul>\n<p data-start=\"1504\" data-end=\"1753\"><strong data-start=\"1504\" data-end=\"1534\">\ud83c\udf1f Pro\u010d si vybrat Gouna Tours?<\/strong><br data-start=\"1534\" data-end=\"1537\" \/>Proto\u017ee El Gouna nab\u00edz\u00ed <strong data-start=\"1561\" data-end=\"1587\">n\u011bco pro ka\u017ed\u00e9ho<\/strong> - od klidn\u00fdch lagun po ru\u0161n\u00fd no\u010dn\u00ed \u017eivot \ud83c\udf19, od bohat\u00e9 kultury po luxusn\u00ed relaxaci. Ka\u017ed\u00fd okam\u017eik je zde navr\u017een tak, aby vytv\u00e1\u0159el <strong data-start=\"1717\" data-end=\"1750\">vzpom\u00ednky na cel\u00fd \u017eivot<\/strong>.<\/p>\n<p data-start=\"1253\" data-end=\"1278\"><strong data-start=\"1253\" data-end=\"1276\">\ud83e\udd11 Ceny aktivit:<\/strong><\/p>\n<table style=\"height: 54px;\" width=\"701\">\n<tbody>\n<tr>\n<td width=\"126\"><strong>\u00a0\u20ac\u00a0\u00a0\u00a0 35.00<\/strong><\/td>\n<td width=\"307\"><strong>V\u00fdlety do Guny 1 osoba<\/strong><\/td>\n<\/tr>\n<tr>\n<td><strong>\u00a0\u20ac\u00a0\u00a0\u00a0 30.00<\/strong><\/td>\n<td width=\"307\"><strong>Gouna Tours2:9 osob<\/strong><\/td>\n<\/tr>\n<\/tbody>\n<\/table>\n<h3 data-start=\"2198\" data-end=\"2225\"><strong data-start=\"2205\" data-end=\"2223\">Platba v USD ($ \ud83c\uddfa\ud83c\uddf8) m\u00edsto v EUR (\u20ac \ud83c\uddea\ud83c\uddfa) je mo\u017en\u00e1 podle denn\u00edho kurzu banky.<\/strong><\/h3>\n<p><strong>Kniha p\u0159es WhatsApp:<\/strong><\/p>\n<p><a href=\"https:\/\/wa.me\/201021058859\" target=\"_blank\" rel=\"noopener\">\u00a0<img decoding=\"async\" class=\"alignnone wp-image-2058\" src=\"https:\/\/poehalisnamiegypt.com\/wp-content\/uploads\/2024\/02\/pngwing.com_-300x300.png\" sizes=\"auto, (max-width: 35px) 100vw, 35px\" srcset=\"https:\/\/poehalisnamiegypt.com\/wp-content\/uploads\/2024\/02\/pngwing.com_-300x300.png 300w, https:\/\/poehalisnamiegypt.com\/wp-content\/uploads\/2024\/02\/pngwing.com_-150x150.png 150w, https:\/\/poehalisnamiegypt.com\/wp-content\/uploads\/2024\/02\/pngwing.com_.png 584w\" alt=\"\" width=\"53\" height=\"53\" \/><\/a><\/p>\n<p>&nbsp;<\/p>\n<div id=\"gtx-trans\" style=\"position: absolute; left: 261px; top: 1.2px;\">\n<div class=\"gtx-trans-icon\"><\/div>\n<\/div>\n<div id=\"gtx-trans\" style=\"position: absolute; left: 261px; top: 1.2px;\">\n<div class=\"gtx-trans-icon\"><\/div>\n<\/div>","protected":false},"excerpt":{"rendered":"<p>\ud83c\udf34 Explore the Beauty of El Gouna with Our Unforgettable Gouna Tours! Escape the ordinary and set off on a journey to El Gouna, one of Egypt\u2019s most luxurious and picturesque seaside destinations along the Red Sea coast \ud83c\udf0a. Known for its turquoise lagoons, golden sandy beaches \ud83c\udfd6\ufe0f, and vibrant lifestyle, El Gouna is a [&hellip;]<\/p>\n","protected":false},"featured_media":9629,"comment_status":"open","ping_status":"closed","template":"","meta":{"_monsterinsights_skip_tracking":false,"_monsterinsights_sitenote_active":false,"_monsterinsights_sitenote_note":"","_monsterinsights_sitenote_category":0,"_mbp_gutenberg_autopost":false},"product_brand":[],"product_cat":[61],"product_tag":[],"class_list":{"0":"post-9443","1":"product","2":"type-product","3":"status-publish","4":"has-post-thumbnail","6":"product_cat-entertaining","8":"first","9":"instock","10":"shipping-taxable","11":"purchasable","12":"product-type-ovabrw_car_rental"},"_links":{"self":[{"href":"https:\/\/redsea-dream-tours.net\/cs\/wp-json\/wp\/v2\/product\/9443","targetHints":{"allow":["GET"]}}],"collection":[{"href":"https:\/\/redsea-dream-tours.net\/cs\/wp-json\/wp\/v2\/product"}],"about":[{"href":"https:\/\/redsea-dream-tours.net\/cs\/wp-json\/wp\/v2\/types\/product"}],"replies":[{"embeddable":true,"href":"https:\/\/redsea-dream-tours.net\/cs\/wp-json\/wp\/v2\/comments?post=9443"}],"wp:featuredmedia":[{"embeddable":true,"href":"https:\/\/redsea-dream-tours.net\/cs\/wp-json\/wp\/v2\/media\/9629"}],"wp:attachment":[{"href":"https:\/\/redsea-dream-tours.net\/cs\/wp-json\/wp\/v2\/media?parent=9443"}],"wp:term":[{"taxonomy":"product_brand","embeddable":true,"href":"https:\/\/redsea-dream-tours.net\/cs\/wp-json\/wp\/v2\/product_brand?post=9443"},{"taxonomy":"product_cat","embeddable":true,"href":"https:\/\/redsea-dream-tours.net\/cs\/wp-json\/wp\/v2\/product_cat?post=9443"},{"taxonomy":"product_tag","embeddable":true,"href":"https:\/\/redsea-dream-tours.net\/cs\/wp-json\/wp\/v2\/product_tag?post=9443"}],"curies":[{"name":"wp","href":"https:\/\/api.w.org\/{rel}","templated":true}]}}