{"id":9445,"date":"2026-03-01T20:19:59","date_gmt":"2026-03-01T20:19:59","guid":{"rendered":"https:\/\/redsea-dream-tours.net\/?post_type=product&#038;p=9445"},"modified":"2026-03-01T20:22:09","modified_gmt":"2026-03-01T20:22:09","slug":"spa-red-sea-relaxation-wellness-luxury","status":"publish","type":"product","link":"https:\/\/redsea-dream-tours.net\/cs\/produkt\/spa-red-sea-relaxation-wellness-luxury\/","title":{"rendered":"L\u00e1zn\u011b Rud\u00e9 mo\u0159e: Koupelna v Rud\u00e9m mo\u0159i: Relaxace, wellness a luxus"},"content":{"rendered":"<p data-start=\"94\" data-end=\"149\"><strong data-start=\"94\" data-end=\"147\">\ud83d\udc86\u200d\u2640\ufe0f Relaxujte, osv\u011b\u017ete se a oml\u00e1dn\u011bte v l\u00e1zn\u00edch Rud\u00e9 mo\u0159e!<\/strong><\/p>\n<p data-start=\"151\" data-end=\"472\">\u00dat\u011bk do sv\u011bta <strong data-start=\"174\" data-end=\"203\">klid a luxus \ud83c\udf34<\/strong> s na\u0161\u00ed exkluzivn\u00ed <strong data-start=\"223\" data-end=\"249\">Z\u00e1\u017eitek z l\u00e1zn\u00ed u Rud\u00e9ho mo\u0159e<\/strong> - dokonal\u00e9 \u00fato\u010di\u0161t\u011b pro relaxaci t\u011bla, mysli i du\u0161e. Uhn\u00edzd\u011bn\u00fd pod\u00e9l kr\u00e1sn\u00e9 <strong data-start=\"336\" data-end=\"356\">Pob\u0159e\u017e\u00ed Rud\u00e9ho mo\u0159e \ud83c\udf0a<\/strong>, tyto l\u00e1zn\u011b kombinuj\u00ed uklid\u0148uj\u00edc\u00ed s\u00edlu p\u0159\u00edrody s odborn\u00fdmi procedurami, aby v\u00e1m poskytly dokonalou wellness cestu.<\/p>\n<p data-start=\"474\" data-end=\"513\"><strong data-start=\"474\" data-end=\"511\">\u2728 Co v\u00e1s \u010dek\u00e1 v l\u00e1zn\u00edch Rud\u00e9 mo\u0159e?<\/strong><\/p>\n<ul data-start=\"514\" data-end=\"892\">\n<li data-start=\"514\" data-end=\"588\">\n<p data-start=\"516\" data-end=\"588\"><strong data-start=\"516\" data-end=\"541\">Mas\u00e1\u017ee cel\u00e9ho t\u011bla \ud83d\udc50<\/strong> - od hloubkov\u00e9 tk\u00e1n\u011b a\u017e po relaxa\u010dn\u00ed aromaterapii.<\/p>\n<\/li>\n<li data-start=\"589\" data-end=\"652\">\n<p data-start=\"591\" data-end=\"652\"><strong data-start=\"591\" data-end=\"618\">Revitaliza\u010dn\u00ed o\u0161et\u0159en\u00ed obli\u010deje \ud83c\udf38<\/strong> - obnovit v\u00e1\u0161 p\u0159irozen\u00fd lesk.<\/p>\n<\/li>\n<li data-start=\"653\" data-end=\"723\">\n<p data-start=\"655\" data-end=\"723\"><strong data-start=\"655\" data-end=\"682\">Parn\u00ed l\u00e1zn\u011b a sauny \u2668\ufe0f<\/strong> - detoxikovat a odpo\u010d\u00edvat v \u010dist\u00e9m pohodl\u00ed.<\/p>\n<\/li>\n<li data-start=\"724\" data-end=\"804\">\n<p data-start=\"726\" data-end=\"804\"><strong data-start=\"726\" data-end=\"756\">Luxusn\u00ed v\u00ed\u0159ivky a baz\u00e9ny \ud83d\udec1<\/strong> - rozpustit stres a z\u00e1rove\u0148 se pono\u0159it do klidu.<\/p>\n<\/li>\n<li data-start=\"805\" data-end=\"892\">\n<p data-start=\"807\" data-end=\"892\"><strong data-start=\"807\" data-end=\"850\">P\u00e1rov\u00e9 a rodinn\u00e9 bal\u00ed\u010dky \u2764\ufe0f\ud83d\udc68\u200d\ud83d\udc69\u200d\ud83d\udc67\u200d\ud83d\udc66<\/strong> - ide\u00e1ln\u00ed pro spole\u010dn\u00fd wellness pobyt.<\/p>\n<\/li>\n<\/ul>\n<p data-start=\"894\" data-end=\"926\"><strong data-start=\"894\" data-end=\"924\">\ud83c\udf1f Pro\u010d si vybrat L\u00e1zn\u011b Rud\u00e9 mo\u0159e?<\/strong><\/p>\n<ul data-start=\"927\" data-end=\"1143\">\n<li data-start=\"927\" data-end=\"977\">\n<p data-start=\"929\" data-end=\"977\">Odborn\u00ed terapeuti s profesion\u00e1ln\u00ed p\u00e9\u010d\u00ed \ud83e\uddd6\u200d\u2640\ufe0f<\/p>\n<\/li>\n<li data-start=\"978\" data-end=\"1016\">\n<p data-start=\"980\" data-end=\"1016\">Pr\u00e9miov\u00e9 p\u0159\u00edrodn\u00ed oleje a produkty \ud83c\udf3f<\/p>\n<\/li>\n<li data-start=\"1017\" data-end=\"1067\">\n<p data-start=\"1019\" data-end=\"1067\">Uklid\u0148uj\u00edc\u00ed prost\u0159ed\u00ed ur\u010den\u00e9 k relaxaci \ud83d\udd6f\ufe0f<\/p>\n<\/li>\n<li data-start=\"1068\" data-end=\"1143\">\n<p data-start=\"1070\" data-end=\"1143\">O\u0161et\u0159en\u00ed na m\u00edru pro ka\u017edou pot\u0159ebu - od \u00falevy od stresu po obnovu pleti<\/p>\n<\/li>\n<\/ul>\n<p data-start=\"1145\" data-end=\"1231\"><strong data-start=\"1145\" data-end=\"1168\">\ud83d\udd52 K dispozici denn\u011b:<\/strong> Od r\u00e1na do ve\u010dera - vyberte si \u010das, kter\u00fd v\u00e1m vyhovuje!<\/p>\n<p data-start=\"1233\" data-end=\"1339\">Dop\u0159ejte si <strong data-start=\"1248\" data-end=\"1280\">l\u00e9\u010div\u00fd dotek Rud\u00e9ho mo\u0159e<\/strong> a odej\u00edt s pocitem <strong data-start=\"1299\" data-end=\"1336\">nabit\u00e9, z\u00e1\u0159iv\u00e9 a obnoven\u00e9 \u2728<\/strong>.<\/p>\n<p data-start=\"1233\" data-end=\"1339\"><strong data-start=\"1253\" data-end=\"1276\">\ud83e\udd11 Ceny aktivit:<\/strong><\/p>\n<p data-start=\"1233\" data-end=\"1339\"><strong data-start=\"1253\" data-end=\"1276\">\u00a0 .\u00a0 \u00a0 \u00a0 \u00a0 \u00a0 \u00a0 \u00a0 23 \u20ac\u00a0<\/strong><\/p>\n<h3 data-start=\"2198\" data-end=\"2225\"><strong data-start=\"2205\" data-end=\"2223\">Platba v USD ($ \ud83c\uddfa\ud83c\uddf8) m\u00edsto v EUR (\u20ac \ud83c\uddea\ud83c\uddfa) je mo\u017en\u00e1 podle denn\u00edho kurzu banky.<\/strong><\/h3>\n<p><strong>Kniha p\u0159es WhatsApp:<\/strong><\/p>\n<p><a href=\"https:\/\/wa.me\/201021058859\" target=\"_blank\" rel=\"noopener\">\u00a0<img decoding=\"async\" class=\"alignnone wp-image-2058\" src=\"https:\/\/poehalisnamiegypt.com\/wp-content\/uploads\/2024\/02\/pngwing.com_-300x300.png\" sizes=\"auto, (max-width: 35px) 100vw, 35px\" srcset=\"https:\/\/poehalisnamiegypt.com\/wp-content\/uploads\/2024\/02\/pngwing.com_-300x300.png 300w, https:\/\/poehalisnamiegypt.com\/wp-content\/uploads\/2024\/02\/pngwing.com_-150x150.png 150w, https:\/\/poehalisnamiegypt.com\/wp-content\/uploads\/2024\/02\/pngwing.com_.png 584w\" alt=\"\" width=\"53\" height=\"53\" \/><\/a><\/p>\n<p>&nbsp;<\/p>","protected":false},"excerpt":{"rendered":"<p>\ud83d\udc86\u200d\u2640\ufe0f Relax, Refresh &amp; Rejuvenate at Spa Red Sea! Escape into a world of tranquility and luxury \ud83c\udf34 with our exclusive Spa Red Sea experience \u2013 the perfect retreat to relax your body, mind, and soul. Nestled along the beautiful Red Sea coast \ud83c\udf0a, this spa combines the soothing power of nature with expert treatments [&hellip;]<\/p>\n","protected":false},"featured_media":9647,"comment_status":"open","ping_status":"closed","template":"","meta":{"_monsterinsights_skip_tracking":false,"_monsterinsights_sitenote_active":false,"_monsterinsights_sitenote_note":"","_monsterinsights_sitenote_category":0,"_mbp_gutenberg_autopost":false},"product_brand":[],"product_cat":[61],"product_tag":[],"class_list":{"0":"post-9445","1":"product","2":"type-product","3":"status-publish","4":"has-post-thumbnail","6":"product_cat-entertaining","8":"first","9":"instock","10":"shipping-taxable","11":"purchasable","12":"product-type-ovabrw_car_rental"},"_links":{"self":[{"href":"https:\/\/redsea-dream-tours.net\/cs\/wp-json\/wp\/v2\/product\/9445","targetHints":{"allow":["GET"]}}],"collection":[{"href":"https:\/\/redsea-dream-tours.net\/cs\/wp-json\/wp\/v2\/product"}],"about":[{"href":"https:\/\/redsea-dream-tours.net\/cs\/wp-json\/wp\/v2\/types\/product"}],"replies":[{"embeddable":true,"href":"https:\/\/redsea-dream-tours.net\/cs\/wp-json\/wp\/v2\/comments?post=9445"}],"wp:featuredmedia":[{"embeddable":true,"href":"https:\/\/redsea-dream-tours.net\/cs\/wp-json\/wp\/v2\/media\/9647"}],"wp:attachment":[{"href":"https:\/\/redsea-dream-tours.net\/cs\/wp-json\/wp\/v2\/media?parent=9445"}],"wp:term":[{"taxonomy":"product_brand","embeddable":true,"href":"https:\/\/redsea-dream-tours.net\/cs\/wp-json\/wp\/v2\/product_brand?post=9445"},{"taxonomy":"product_cat","embeddable":true,"href":"https:\/\/redsea-dream-tours.net\/cs\/wp-json\/wp\/v2\/product_cat?post=9445"},{"taxonomy":"product_tag","embeddable":true,"href":"https:\/\/redsea-dream-tours.net\/cs\/wp-json\/wp\/v2\/product_tag?post=9445"}],"curies":[{"name":"wp","href":"https:\/\/api.w.org\/{rel}","templated":true}]}}