{"id":9479,"date":"2026-03-01T20:20:21","date_gmt":"2026-03-01T20:20:21","guid":{"rendered":"https:\/\/redsea-dream-tours.net\/?post_type=product&#038;p=9479"},"modified":"2026-03-01T20:22:17","modified_gmt":"2026-03-01T20:22:17","slug":"super-safari-quads-bedouin-life-sunset","status":"publish","type":"product","link":"https:\/\/redsea-dream-tours.net\/cs\/produkt\/super-safari-quads-bedouin-life-sunset\/","title":{"rendered":"Super Safari: \u010cty\u0159kolky, bedu\u00ednsk\u00fd \u017eivot a z\u00e1pad slunce."},"content":{"rendered":"<blockquote data-start=\"1175\" data-end=\"1285\"><p>\ud83c\udfdc\ufe0f Super Safari Hurghada<\/p>\n<p>Embark on an unforgettable adventure through the golden sands of the Eastern Desert and experience the true spirit of Bedouin life combined with excitement, culture, and breathtaking views \ud83c\udf05<\/p>\n<p>\ud83d\ude99 Program Details:<\/p>\n<p>Pick up after noon from your hotel by modern Toyota Land Cruiser 4\u00d74 vehicles.<\/p>\n<p>Arrival at the Camel Yard \u2014 your starting point for an exciting desert adventure.<\/p>\n<p>Begin your day with an adrenaline-filled Quad Bike ride for 30 minutes across the sand dunes and desert valleys.<\/p>\n<p>Enjoy a unique Spider Car \ud83d\udd77\ufe0f\ud83d\ude97 ride and feel the thrill of driving through the open desert.<\/p>\n<p>Continue your journey through the desert for about 22 km until you reach the Bedouin Village, with a panoramic stop to enjoy a stunning view of the desert from the top of a hill.<\/p>\n<p>Receive a warm Bedouin welcome with herbal tea and an introduction to Bedouin traditions and lifestyle.<\/p>\n<p>Take a guided tour of the Bedouin Village, including:<br \/>\n\ud83c\udfe1 Traditional huts \u2013 Bread baking \u2013 Handicrafts \u2013 A glimpse into daily Bedouin life.<\/p>\n<p>Enjoy a camel ride \ud83d\udc2a around the village to explore the area and capture unforgettable photos.<\/p>\n<p>Witness a magnificent sunset over the mountains and feel the peaceful silence of the desert.<\/p>\n<p>Return to the camp for a delicious open buffet dinner featuring a variety of oriental dishes.<\/p>\n<p>Enjoy entertaining shows, including a belly dancer \ud83d\udc83 and a Tanoura performance \ud83c\udf00.<\/p>\n<p>End your evening with a magical moment of stargazing \u2728 under the clear desert sky.<\/p>\n<p>Return to your hotel around 7:30 PM with memories to last a lifetime.<\/p>\n<p>\ud83d\udca7 Includes:<\/p>\n<p>2 bottles of mineral water + unlimited hibiscus juice<\/p>\n<p>\ud83d\udcc5 Available daily \u2013 No minimum number of participants required<\/p>\n<article class=\"text-token-text-primary w-full focus:outline-none scroll-mt-[calc(var(--header-height)+min(200px,max(70px,20svh)))]\" dir=\"auto\" tabindex=\"-1\" data-turn-id=\"request-WEB:03ee36ad-4c16-45a2-a255-2a64e427af84-40\" data-testid=\"conversation-turn-82\" data-scroll-anchor=\"false\" data-turn=\"assistant\">\n<div class=\"text-base my-auto mx-auto [--thread-content-margin:--spacing(4)] thread-sm:[--thread-content-margin:--spacing(6)] thread-lg:[--thread-content-margin:--spacing(16)] px-(--thread-content-margin)\">\n<div class=\"[--thread-content-max-width:40rem] thread-lg:[--thread-content-max-width:48rem] mx-auto max-w-(--thread-content-max-width) flex-1 group\/turn-messages focus-visible:outline-hidden relative flex w-full min-w-0 flex-col agent-turn\" tabindex=\"-1\">\n<div class=\"flex max-w-full flex-col grow\">\n<div class=\"min-h-8 text-message relative flex w-full flex-col items-end gap-2 text-start break-words whitespace-normal [.text-message+&amp;]:mt-5\" dir=\"auto\" data-message-author-role=\"assistant\" data-message-id=\"394ef291-a29c-4b50-aed9-f0ade82908c0\" data-message-model-slug=\"gpt-5-mini\">\n<div class=\"flex w-full flex-col gap-1 empty:hidden first:pt-[3px]\">\n<div class=\"markdown prose dark:prose-invert w-full break-words light markdown-new-styling\">\n<h3 data-start=\"157\" data-end=\"176\">\ud83e\udd11 Trip Price<\/h3>\n<p data-start=\"177\" data-end=\"281\" data-is-last-node=\"\" data-is-only-node=\"\">\ud83d\ude4e\ud83c\udffb\u200d\u2642\ufe0f <strong data-start=\"185\" data-end=\"206\">16 years &amp; above:<\/strong> \u20ac 30<br data-start=\"210\" data-end=\"213\" \/>\ud83e\uddcd\ud83c\udffb\u200d\u2640\ufe0f <strong data-start=\"221\" data-end=\"236\">6\u201315 years:<\/strong> \u20ac 15<br data-start=\"240\" data-end=\"243\" \/>\ud83d\udc7c\ud83c\udffc <strong data-start=\"248\" data-end=\"266\">Under 6 years:<\/strong> \ud83d\udeab Not allowed<\/p>\n<\/div>\n<\/div>\n<\/div>\n<\/div>\n<h3 data-start=\"2198\" data-end=\"2225\"><strong data-start=\"2205\" data-end=\"2223\">Payment in USD ($ \ud83c\uddfa\ud83c\uddf8) instead of EUR (\u20ac \ud83c\uddea\ud83c\uddfa) is available according to the daily bank exchange rate.<\/strong><\/h3>\n<\/div>\n<\/div>\n<\/article>\n<p><strong>Book Through WhatsApp:<\/strong><\/p>\n<p><a href=\"https:\/\/wa.me\/201021058859\" target=\"_blank\" rel=\"noopener\">\u00a0<img decoding=\"async\" class=\"alignnone wp-image-2058\" src=\"https:\/\/poehalisnamiegypt.com\/wp-content\/uploads\/2024\/02\/pngwing.com_-300x300.png\" sizes=\"auto, (max-width: 35px) 100vw, 35px\" srcset=\"https:\/\/poehalisnamiegypt.com\/wp-content\/uploads\/2024\/02\/pngwing.com_-300x300.png 300w, https:\/\/poehalisnamiegypt.com\/wp-content\/uploads\/2024\/02\/pngwing.com_-150x150.png 150w, https:\/\/poehalisnamiegypt.com\/wp-content\/uploads\/2024\/02\/pngwing.com_.png 584w\" alt=\"\" width=\"53\" height=\"53\" \/><\/a><\/p><\/blockquote>\n<div id=\"gtx-trans\" style=\"position: absolute; left: 183px; top: 47.8px;\">\n<div class=\"gtx-trans-icon\"><\/div>\n<\/div>\n<div id=\"gtx-trans\" style=\"position: absolute; left: 183px; top: 47.8px;\">\n<div class=\"gtx-trans-icon\"><\/div>\n<\/div>\n","protected":false},"excerpt":{"rendered":"<p>\ud83c\udfdc\ufe0f Super Safari Hurghada Embark on an unforgettable adventure through the golden sands of the Eastern Desert and experience the true spirit of Bedouin life combined with excitement, culture, and breathtaking views \ud83c\udf05 \ud83d\ude99 Program Details: Pick up after noon from your hotel by modern Toyota Land Cruiser 4\u00d74 vehicles. Arrival at the Camel Yard [&hellip;]<\/p>\n","protected":false},"featured_media":9658,"comment_status":"open","ping_status":"closed","template":"","meta":{"_monsterinsights_skip_tracking":false,"_monsterinsights_sitenote_active":false,"_monsterinsights_sitenote_note":"","_monsterinsights_sitenote_category":0,"_mbp_gutenberg_autopost":false},"product_brand":[],"product_cat":[62],"product_tag":[],"class_list":{"0":"post-9479","1":"product","2":"type-product","3":"status-publish","4":"has-post-thumbnail","6":"product_cat-safari","8":"first","9":"instock","10":"shipping-taxable","11":"purchasable","12":"product-type-ovabrw_car_rental"},"_links":{"self":[{"href":"https:\/\/redsea-dream-tours.net\/cs\/wp-json\/wp\/v2\/product\/9479","targetHints":{"allow":["GET"]}}],"collection":[{"href":"https:\/\/redsea-dream-tours.net\/cs\/wp-json\/wp\/v2\/product"}],"about":[{"href":"https:\/\/redsea-dream-tours.net\/cs\/wp-json\/wp\/v2\/types\/product"}],"replies":[{"embeddable":true,"href":"https:\/\/redsea-dream-tours.net\/cs\/wp-json\/wp\/v2\/comments?post=9479"}],"wp:featuredmedia":[{"embeddable":true,"href":"https:\/\/redsea-dream-tours.net\/cs\/wp-json\/wp\/v2\/media\/9658"}],"wp:attachment":[{"href":"https:\/\/redsea-dream-tours.net\/cs\/wp-json\/wp\/v2\/media?parent=9479"}],"wp:term":[{"taxonomy":"product_brand","embeddable":true,"href":"https:\/\/redsea-dream-tours.net\/cs\/wp-json\/wp\/v2\/product_brand?post=9479"},{"taxonomy":"product_cat","embeddable":true,"href":"https:\/\/redsea-dream-tours.net\/cs\/wp-json\/wp\/v2\/product_cat?post=9479"},{"taxonomy":"product_tag","embeddable":true,"href":"https:\/\/redsea-dream-tours.net\/cs\/wp-json\/wp\/v2\/product_tag?post=9479"}],"curies":[{"name":"wp","href":"https:\/\/api.w.org\/{rel}","templated":true}]}}