{"id":9525,"date":"2026-03-01T20:20:44","date_gmt":"2026-03-01T20:20:44","guid":{"rendered":"https:\/\/redsea-dream-tours.net\/?post_type=product&#038;p=9525"},"modified":"2026-03-01T20:23:00","modified_gmt":"2026-03-01T20:23:00","slug":"luxor-to-aswan-transfer-hiace-car","status":"publish","type":"product","link":"https:\/\/redsea-dream-tours.net\/cs\/produkt\/luxor-to-aswan-transfer-hiace-car\/","title":{"rendered":"Luxor - Asu\u00e1n transfer autem Hiace"},"content":{"rendered":"<h3 data-start=\"138\" data-end=\"196\">\ud83d\ude90 Transfer z Luxoru do Asu\u00e1nu autem Hiace<\/h3>\n<p data-start=\"198\" data-end=\"487\">U\u017eijte si <strong data-start=\"206\" data-end=\"252\">pohodln\u00e1, bezpe\u010dn\u00e1 a bezprobl\u00e9mov\u00e1 cesta<\/strong> z <strong data-start=\"258\" data-end=\"276\">Z Luxoru do Asu\u00e1nu<\/strong> s na\u0161\u00edm soukrom\u00fdm <strong data-start=\"294\" data-end=\"331\">P\u0159eprava voz\u016f Toyota Hiace<\/strong>. A\u0165 u\u017e pokra\u010dujete v <strong data-start=\"364\" data-end=\"389\">Dobrodru\u017en\u00e1 plavba po Nilu<\/strong>, zkoum\u00e1n\u00ed <strong data-start=\"401\" data-end=\"415\">Ab\u00fa Simbel<\/strong>, nebo se vyd\u00e1te do sv\u00e9ho hotelu, zajist\u00ed v\u00e1m bezprobl\u00e9mov\u00e9 a pohodov\u00e9 cestov\u00e1n\u00ed.<\/p>\n<h4 data-start=\"489\" data-end=\"511\">\ud83c\udfc1 Snadn\u00e9 vyzvednut\u00ed<\/h4>\n<ul data-start=\"512\" data-end=\"663\">\n<li data-start=\"512\" data-end=\"608\">\n<p data-start=\"514\" data-end=\"608\">\ud83c\udfe8 <strong data-start=\"517\" data-end=\"541\">Slu\u017eba od dve\u0159\u00ed ke dve\u0159\u00edm<\/strong> - vyzvednut\u00ed z hotelu, v\u00fdletn\u00ed lodi nebo z jak\u00e9hokoli m\u00edsta v Luxoru.<\/p>\n<\/li>\n<li data-start=\"609\" data-end=\"663\">\n<p data-start=\"611\" data-end=\"663\">\u23f0 <strong data-start=\"613\" data-end=\"641\">Flexibiln\u00ed \u010dasy odjezd\u016f<\/strong> aby odpov\u00eddala va\u0161im pl\u00e1n\u016fm<\/p>\n<\/li>\n<\/ul>\n<h4 data-start=\"665\" data-end=\"700\">\ud83d\ude98 Pohodln\u00e1 a modern\u00ed j\u00edzda<\/h4>\n<p data-start=\"701\" data-end=\"763\">Na\u0161e pr\u00e9miov\u00e1 dod\u00e1vka Hiace je navr\u017eena pro pohodl\u00ed na dlouh\u00e9 vzd\u00e1lenosti:<\/p>\n<ul data-start=\"764\" data-end=\"921\">\n<li data-start=\"764\" data-end=\"815\">\n<p data-start=\"766\" data-end=\"815\">\ud83e\ude91 <strong data-start=\"769\" data-end=\"813\">Prostorn\u00e9 sedadlo a\u017e pro 10 cestuj\u00edc\u00edch<\/strong><\/p>\n<\/li>\n<li data-start=\"816\" data-end=\"872\">\n<p data-start=\"818\" data-end=\"872\">\u2744\ufe0f <strong data-start=\"821\" data-end=\"870\">Klimatizace pro chladnou a p\u0159\u00edjemnou j\u00edzdu<\/strong><\/p>\n<\/li>\n<li data-start=\"873\" data-end=\"921\">\n<p data-start=\"875\" data-end=\"921\">\ud83d\udcbc Dostatek <strong data-start=\"884\" data-end=\"901\">zavazadlov\u00fd prostor<\/strong> pro v\u0161echna va\u0161e zavazadla<\/p>\n<\/li>\n<\/ul>\n<h4 data-start=\"923\" data-end=\"957\">\ud83d\udee3\ufe0f Z\u00e1\u017eitky na vyhl\u00eddkov\u00e9 trase<\/h4>\n<p data-start=\"958\" data-end=\"1035\">Cestov\u00e1n\u00ed po <strong data-start=\"977\" data-end=\"1014\">\u00dadol\u00ed Nilu a pou\u0161tn\u00ed krajina<\/strong>, s mo\u017enostmi pro:<\/p>\n<ul data-start=\"1036\" data-end=\"1116\">\n<li data-start=\"1036\" data-end=\"1069\">\n<p data-start=\"1038\" data-end=\"1069\">\u2615 Zast\u00e1vky na ob\u010derstven\u00ed<\/p>\n<\/li>\n<li data-start=\"1070\" data-end=\"1116\">\n<p data-start=\"1072\" data-end=\"1116\">\ud83d\udcf8 Kr\u00e1tk\u00e9 p\u0159\u00edle\u017eitosti k focen\u00ed po cest\u011b<\/p>\n<\/li>\n<\/ul>\n<h4 data-start=\"1118\" data-end=\"1162\">\ud83e\uddd1\u200d\u2708\ufe0f Spolehliv\u00fd a profesion\u00e1ln\u00ed servis<\/h4>\n<ul data-start=\"1163\" data-end=\"1265\">\n<li data-start=\"1163\" data-end=\"1221\">\n<p data-start=\"1165\" data-end=\"1221\">\ud83d\udc68\u200d\u2708\ufe0f Zku\u0161en\u00fd, zdvo\u0159il\u00fd a <strong data-start=\"1199\" data-end=\"1219\">licencovan\u00ed \u0159idi\u010di<\/strong><\/p>\n<\/li>\n<li data-start=\"1222\" data-end=\"1265\">\n<p data-start=\"1224\" data-end=\"1265\">\ud83d\udee1\ufe0f Zam\u011b\u0159te se na <strong data-start=\"1237\" data-end=\"1263\">bezpe\u010dnost a dochvilnost<\/strong><\/p>\n<\/li>\n<\/ul>\n<h4 data-start=\"1267\" data-end=\"1292\">\ud83c\udfc1 Plynul\u00fd pokles<\/h4>\n<p data-start=\"1293\" data-end=\"1431\">P\u0159ije\u010fte p\u0159\u00edmo k <strong data-start=\"1317\" data-end=\"1374\">hotel, v\u00fdletn\u00ed p\u0159\u00edstav nebo preferovan\u00e1 destinace v Asu\u00e1nu.<\/strong> - uvoln\u011bni a p\u0159ipraveni na dal\u0161\u00ed \u010d\u00e1st cesty.<\/p>\n<h3 data-start=\"2198\" data-end=\"2225\"><strong data-start=\"2205\" data-end=\"2223\">Platba v USD ($ \ud83c\uddfa\ud83c\uddf8) m\u00edsto v EUR (\u20ac \ud83c\uddea\ud83c\uddfa) je mo\u017en\u00e1 podle denn\u00edho kurzu banky.<\/strong><\/h3>\n<p><strong>Kniha p\u0159es WhatsApp:<\/strong><\/p>\n<p><a href=\"https:\/\/wa.me\/201021058859\" target=\"_blank\" rel=\"noopener\">\u00a0<img decoding=\"async\" class=\"alignnone wp-image-2058\" src=\"https:\/\/poehalisnamiegypt.com\/wp-content\/uploads\/2024\/02\/pngwing.com_-300x300.png\" sizes=\"auto, (max-width: 35px) 100vw, 35px\" srcset=\"https:\/\/poehalisnamiegypt.com\/wp-content\/uploads\/2024\/02\/pngwing.com_-300x300.png 300w, https:\/\/poehalisnamiegypt.com\/wp-content\/uploads\/2024\/02\/pngwing.com_-150x150.png 150w, https:\/\/poehalisnamiegypt.com\/wp-content\/uploads\/2024\/02\/pngwing.com_.png 584w\" alt=\"\" width=\"53\" height=\"53\" \/><\/a><\/p>\n<p>&nbsp;<\/p>","protected":false},"excerpt":{"rendered":"<p>\ud83d\ude90 Transfer from Luxor to Aswan by Hiace Car Enjoy a comfortable, safe, and hassle-free journey from Luxor to Aswan with our private Toyota Hiace car transfer service. Whether you\u2019re continuing your Nile cruise adventure, exploring Abu Simbel, or heading to your hotel, we make your travel seamless and relaxing. \ud83c\udfc1 Easy Pick-Up \ud83c\udfe8 Door-to-door [&hellip;]<\/p>\n","protected":false},"featured_media":9730,"comment_status":"open","ping_status":"closed","template":"","meta":{"_monsterinsights_skip_tracking":false,"_monsterinsights_sitenote_active":false,"_monsterinsights_sitenote_note":"","_monsterinsights_sitenote_category":0,"_mbp_gutenberg_autopost":false},"product_brand":[],"product_cat":[63],"product_tag":[],"class_list":{"0":"post-9525","1":"product","2":"type-product","3":"status-publish","4":"has-post-thumbnail","6":"product_cat-transfer","8":"first","9":"instock","10":"shipping-taxable","11":"purchasable","12":"product-type-ovabrw_car_rental"},"_links":{"self":[{"href":"https:\/\/redsea-dream-tours.net\/cs\/wp-json\/wp\/v2\/product\/9525","targetHints":{"allow":["GET"]}}],"collection":[{"href":"https:\/\/redsea-dream-tours.net\/cs\/wp-json\/wp\/v2\/product"}],"about":[{"href":"https:\/\/redsea-dream-tours.net\/cs\/wp-json\/wp\/v2\/types\/product"}],"replies":[{"embeddable":true,"href":"https:\/\/redsea-dream-tours.net\/cs\/wp-json\/wp\/v2\/comments?post=9525"}],"wp:featuredmedia":[{"embeddable":true,"href":"https:\/\/redsea-dream-tours.net\/cs\/wp-json\/wp\/v2\/media\/9730"}],"wp:attachment":[{"href":"https:\/\/redsea-dream-tours.net\/cs\/wp-json\/wp\/v2\/media?parent=9525"}],"wp:term":[{"taxonomy":"product_brand","embeddable":true,"href":"https:\/\/redsea-dream-tours.net\/cs\/wp-json\/wp\/v2\/product_brand?post=9525"},{"taxonomy":"product_cat","embeddable":true,"href":"https:\/\/redsea-dream-tours.net\/cs\/wp-json\/wp\/v2\/product_cat?post=9525"},{"taxonomy":"product_tag","embeddable":true,"href":"https:\/\/redsea-dream-tours.net\/cs\/wp-json\/wp\/v2\/product_tag?post=9525"}],"curies":[{"name":"wp","href":"https:\/\/api.w.org\/{rel}","templated":true}]}}