{"id":9568,"date":"2026-03-01T20:21:13","date_gmt":"2026-03-01T20:21:13","guid":{"rendered":"https:\/\/redsea-dream-tours.net\/?post_type=product&#038;p=9568"},"modified":"2026-03-01T20:23:01","modified_gmt":"2026-03-01T20:23:01","slug":"transfer-hurghada-to-cairo-hiace-car","status":"publish","type":"product","link":"https:\/\/redsea-dream-tours.net\/cs\/produkt\/transfer-hurghada-to-cairo-hiace-car\/","title":{"rendered":"Transfer Hurghada do Cairo Hiace auto"},"content":{"rendered":"<h3 data-start=\"139\" data-end=\"200\">\ud83d\ude90 Soukrom\u00fd transfer z Hurghady do K\u00e1hiry vozem Hiace<\/h3>\n<p data-start=\"202\" data-end=\"480\">Cestujte pohodln\u011b a snadno z <strong data-start=\"234\" data-end=\"255\">Z Hurghady do K\u00e1hiry<\/strong> s na\u0161\u00edm soukrom\u00fdm <strong data-start=\"273\" data-end=\"306\">P\u0159evodn\u00ed servis Toyota Hiace<\/strong>. A\u0165 u\u017e m\u00ed\u0159\u00edte do <strong data-start=\"334\" data-end=\"358\">prozkoumat pyramidy<\/strong>, nav\u0161t\u00edvit rodinu nebo pokra\u010dovat v cest\u011b do ru\u0161n\u00e9ho hlavn\u00edho m\u011bsta Egypta, zajist\u00edme v\u00e1m <strong data-start=\"440\" data-end=\"477\">plynul\u00e1, bezpe\u010dn\u00e1 a pohodln\u00e1 j\u00edzda<\/strong>.<\/p>\n<h4 data-start=\"482\" data-end=\"511\">\ud83c\udfc1 Bezprobl\u00e9mov\u00e9 vyzvednut\u00ed<\/h4>\n<ul data-start=\"512\" data-end=\"645\">\n<li data-start=\"512\" data-end=\"584\">\n<p data-start=\"514\" data-end=\"584\">\ud83c\udfe8 <strong data-start=\"517\" data-end=\"541\">Slu\u017eba od dve\u0159\u00ed ke dve\u0159\u00edm<\/strong> z va\u0161eho hotelu nebo rezidence v Hurghad\u011b<\/p>\n<\/li>\n<li data-start=\"585\" data-end=\"645\">\n<p data-start=\"587\" data-end=\"645\">\u23f0 <strong data-start=\"589\" data-end=\"617\">Flexibiln\u00ed \u010dasy odjezd\u016f<\/strong> na m\u00edru va\u0161emu rozvrhu<\/p>\n<\/li>\n<\/ul>\n<h4 data-start=\"647\" data-end=\"687\">\ud83d\ude98 Prostorn\u00e9 a pohodln\u00e9 vozidlo<\/h4>\n<p data-start=\"688\" data-end=\"734\">Na\u0161e dod\u00e1vka Hiace je ur\u010dena pro dlouh\u00e9 cesty:<\/p>\n<ul data-start=\"735\" data-end=\"911\">\n<li data-start=\"735\" data-end=\"786\">\n<p data-start=\"737\" data-end=\"786\">\ud83e\ude91 <strong data-start=\"740\" data-end=\"784\">Prostorn\u00e9 sedadlo a\u017e pro 10 cestuj\u00edc\u00edch<\/strong><\/p>\n<\/li>\n<li data-start=\"787\" data-end=\"848\">\n<p data-start=\"789\" data-end=\"848\">\u2744\ufe0f <strong data-start=\"792\" data-end=\"826\">Pln\u011b klimatizovan\u00fd interi\u00e9r<\/strong> pro maxim\u00e1ln\u00ed pohodl\u00ed<\/p>\n<\/li>\n<li data-start=\"849\" data-end=\"911\">\n<p data-start=\"851\" data-end=\"911\">\ud83d\udcbc <strong data-start=\"854\" data-end=\"880\">Dostate\u010dn\u00e1 kapacita zavazadlov\u00e9ho prostoru<\/strong> pro va\u0161e zavazadla a v\u011bci<\/p>\n<\/li>\n<\/ul>\n<h4 data-start=\"913\" data-end=\"943\">\ud83d\udee3\ufe0f Sc\u00e9nick\u00e1 cesta po silnici<\/h4>\n<p data-start=\"944\" data-end=\"1068\">Vychutnejte si m\u011bn\u00edc\u00ed se v\u00fdhledy p\u0159i cest\u011b nap\u0159\u00ed\u010d <strong data-start=\"990\" data-end=\"1039\">Egyptsk\u00e9 pou\u0161tn\u00ed d\u00e1lnice a silnice v \u00fadol\u00ed Nilu<\/strong>, p\u0159i\u010dem\u017e zast\u00e1vky jsou k dispozici pro:<\/p>\n<ul data-start=\"1069\" data-end=\"1137\">\n<li data-start=\"1069\" data-end=\"1104\">\n<p data-start=\"1071\" data-end=\"1104\">\u2615 Kr\u00e1tk\u00e9 p\u0159est\u00e1vky a ob\u010derstven\u00ed<\/p>\n<\/li>\n<li data-start=\"1105\" data-end=\"1137\">\n<p data-start=\"1107\" data-end=\"1137\">\ud83d\udcf8 Rychl\u00e9 p\u0159\u00edle\u017eitosti k focen\u00ed<\/p>\n<\/li>\n<\/ul>\n<h4 data-start=\"1139\" data-end=\"1172\">\ud83e\uddd1\u200d\u2708\ufe0f Profesion\u00e1ln\u00ed slu\u017eby<\/h4>\n<ul data-start=\"1173\" data-end=\"1275\">\n<li data-start=\"1173\" data-end=\"1219\">\n<p data-start=\"1175\" data-end=\"1219\">\ud83d\udc68\u200d\u2708\ufe0f Zku\u0161en\u00e9 a <strong data-start=\"1197\" data-end=\"1217\">licencovan\u00ed \u0159idi\u010di<\/strong><\/p>\n<\/li>\n<li data-start=\"1220\" data-end=\"1275\">\n<p data-start=\"1222\" data-end=\"1275\">\ud83d\udee1\ufe0f Zam\u011b\u0159eno na <strong data-start=\"1237\" data-end=\"1273\">bezpe\u010dnost, p\u0159esnost a pohodl\u00ed<\/strong><\/p>\n<\/li>\n<\/ul>\n<h4 data-start=\"1277\" data-end=\"1310\">\ud83c\udfc1 Hladk\u00fd p\u0159\u00edjezd do K\u00e1hiry<\/h4>\n<p data-start=\"1311\" data-end=\"1435\">Vysad\u00edme v\u00e1s p\u0159\u00edmo u va\u0161eho <strong data-start=\"1344\" data-end=\"1401\">hotel, leti\u0161t\u011b nebo jak\u00e1koli preferovan\u00e1 destinace v K\u00e1hi\u0159e.<\/strong>, p\u0159ipraven\u00e9 na dobrodru\u017estv\u00ed ve m\u011bst\u011b.<\/p>\n<h3 data-start=\"2198\" data-end=\"2225\"><strong data-start=\"2205\" data-end=\"2223\">Platba v USD ($ \ud83c\uddfa\ud83c\uddf8) m\u00edsto v EUR (\u20ac \ud83c\uddea\ud83c\uddfa) je mo\u017en\u00e1 podle denn\u00edho kurzu banky.<\/strong><\/h3>\n<p><strong>Kniha p\u0159es WhatsApp:<\/strong><\/p>\n<p><a href=\"https:\/\/wa.me\/201021058859\" target=\"_blank\" rel=\"noopener\">\u00a0<img decoding=\"async\" class=\"alignnone wp-image-2058\" src=\"https:\/\/poehalisnamiegypt.com\/wp-content\/uploads\/2024\/02\/pngwing.com_-300x300.png\" sizes=\"auto, (max-width: 35px) 100vw, 35px\" srcset=\"https:\/\/poehalisnamiegypt.com\/wp-content\/uploads\/2024\/02\/pngwing.com_-300x300.png 300w, https:\/\/poehalisnamiegypt.com\/wp-content\/uploads\/2024\/02\/pngwing.com_-150x150.png 150w, https:\/\/poehalisnamiegypt.com\/wp-content\/uploads\/2024\/02\/pngwing.com_.png 584w\" alt=\"\" width=\"53\" height=\"53\" \/><\/a><\/p>\n<p>&nbsp;<\/p>","protected":false},"excerpt":{"rendered":"<p>\ud83d\ude90 Private Transfer from Hurghada to Cairo by Hiace Car Travel in comfort and ease from Hurghada to Cairo with our private Toyota Hiace transfer service. Whether you\u2019re heading to explore the Pyramids, visit family, or continue your journey in Egypt\u2019s bustling capital, we ensure a smooth, safe, and convenient ride. \ud83c\udfc1 Hassle-Free Pick-Up \ud83c\udfe8 [&hellip;]<\/p>\n","protected":false},"featured_media":9731,"comment_status":"open","ping_status":"closed","template":"","meta":{"_monsterinsights_skip_tracking":false,"_monsterinsights_sitenote_active":false,"_monsterinsights_sitenote_note":"","_monsterinsights_sitenote_category":0,"_mbp_gutenberg_autopost":false},"product_brand":[],"product_cat":[63],"product_tag":[],"class_list":{"0":"post-9568","1":"product","2":"type-product","3":"status-publish","4":"has-post-thumbnail","6":"product_cat-transfer","8":"first","9":"instock","10":"shipping-taxable","11":"purchasable","12":"product-type-ovabrw_car_rental"},"_links":{"self":[{"href":"https:\/\/redsea-dream-tours.net\/cs\/wp-json\/wp\/v2\/product\/9568","targetHints":{"allow":["GET"]}}],"collection":[{"href":"https:\/\/redsea-dream-tours.net\/cs\/wp-json\/wp\/v2\/product"}],"about":[{"href":"https:\/\/redsea-dream-tours.net\/cs\/wp-json\/wp\/v2\/types\/product"}],"replies":[{"embeddable":true,"href":"https:\/\/redsea-dream-tours.net\/cs\/wp-json\/wp\/v2\/comments?post=9568"}],"wp:featuredmedia":[{"embeddable":true,"href":"https:\/\/redsea-dream-tours.net\/cs\/wp-json\/wp\/v2\/media\/9731"}],"wp:attachment":[{"href":"https:\/\/redsea-dream-tours.net\/cs\/wp-json\/wp\/v2\/media?parent=9568"}],"wp:term":[{"taxonomy":"product_brand","embeddable":true,"href":"https:\/\/redsea-dream-tours.net\/cs\/wp-json\/wp\/v2\/product_brand?post=9568"},{"taxonomy":"product_cat","embeddable":true,"href":"https:\/\/redsea-dream-tours.net\/cs\/wp-json\/wp\/v2\/product_cat?post=9568"},{"taxonomy":"product_tag","embeddable":true,"href":"https:\/\/redsea-dream-tours.net\/cs\/wp-json\/wp\/v2\/product_tag?post=9568"}],"curies":[{"name":"wp","href":"https:\/\/api.w.org\/{rel}","templated":true}]}}