{"id":9569,"date":"2026-03-01T20:21:13","date_gmt":"2026-03-01T20:21:13","guid":{"rendered":"https:\/\/redsea-dream-tours.net\/?post_type=product&#038;p=9569"},"modified":"2026-03-22T18:43:00","modified_gmt":"2026-03-22T18:43:00","slug":"cairo-to-sharm-el-sheikh-transfer-hiace-car","status":"publish","type":"product","link":"https:\/\/redsea-dream-tours.net\/cs\/produkt\/cairo-to-sharm-el-sheikh-transfer-hiace-car\/","title":{"rendered":"K\u00e1hira - Sharm El Sheikh transfer Hiace auto"},"content":{"rendered":"<h3 data-start=\"144\" data-end=\"212\">\ud83d\ude90 Soukrom\u00fd transfer z K\u00e1hiry do Sharm El Sheikhu vozem Hiace<\/h3>\n<p data-start=\"214\" data-end=\"511\">U\u017eijte si <strong data-start=\"222\" data-end=\"264\">bezpe\u010dn\u00e1, pohodln\u00e1 a soukrom\u00e1 cesta<\/strong> z <strong data-start=\"270\" data-end=\"298\">K\u00e1hira - \u0160arm a\u0161-\u0160ajch<\/strong> s na\u0161\u00ed modern\u00ed <strong data-start=\"315\" data-end=\"348\">P\u0159evodn\u00ed servis Toyota Hiace<\/strong>. Tato slu\u017eba je ide\u00e1ln\u00ed pro rodiny, skupiny nebo obchodn\u00ed cestuj\u00edc\u00ed. <strong data-start=\"426\" data-end=\"472\">plynul\u00e1 j\u00edzda po malebn\u00fdch egyptsk\u00fdch d\u00e1lnic\u00edch<\/strong> do srdce Rudomo\u0159sk\u00e9 rivi\u00e9ry.<\/p>\n<h4 data-start=\"513\" data-end=\"541\">\ud83c\udfc1 Pohodln\u00e9 vyzvednut\u00ed<\/h4>\n<ul data-start=\"542\" data-end=\"679\">\n<li data-start=\"542\" data-end=\"621\">\n<p data-start=\"544\" data-end=\"621\">\ud83c\udfe8 <strong data-start=\"547\" data-end=\"571\">Slu\u017eba od dve\u0159\u00ed ke dve\u0159\u00edm<\/strong> z va\u0161eho hotelu, leti\u0161t\u011b nebo bydli\u0161t\u011b v K\u00e1hi\u0159e.<\/p>\n<\/li>\n<li data-start=\"622\" data-end=\"679\">\n<p data-start=\"624\" data-end=\"679\">\u23f0 <strong data-start=\"626\" data-end=\"654\">Flexibiln\u00ed \u010dasy odjezd\u016f<\/strong> aby odpov\u00eddala va\u0161emu rozvrhu<\/p>\n<\/li>\n<\/ul>\n<h4 data-start=\"681\" data-end=\"718\">\ud83d\ude98 Prostorn\u00e1 a pohodln\u00e1 j\u00edzda<\/h4>\n<p data-start=\"719\" data-end=\"773\">Cestujte pohodln\u011b s na\u0161\u00ed pln\u011b vybavenou dod\u00e1vkou Hiace:<\/p>\n<ul data-start=\"774\" data-end=\"951\">\n<li data-start=\"774\" data-end=\"825\">\n<p data-start=\"776\" data-end=\"825\">\ud83e\ude91 <strong data-start=\"779\" data-end=\"823\">Prostorn\u00e9 sedadlo a\u017e pro 10 cestuj\u00edc\u00edch<\/strong><\/p>\n<\/li>\n<li data-start=\"826\" data-end=\"893\">\n<p data-start=\"828\" data-end=\"893\">\u2744\ufe0f <strong data-start=\"831\" data-end=\"859\">Klimatizovan\u00fd interi\u00e9r<\/strong> pro pohodovou a p\u0159\u00edjemnou cestu<\/p>\n<\/li>\n<li data-start=\"894\" data-end=\"951\">\n<p data-start=\"896\" data-end=\"951\">\ud83d\udcbc <strong data-start=\"899\" data-end=\"925\">Velkorys\u00fd zavazadlov\u00fd prostor<\/strong> pro v\u0161echny va\u0161e v\u011bci<\/p>\n<\/li>\n<\/ul>\n<h4 data-start=\"953\" data-end=\"989\">\ud83d\udee3\ufe0f Sc\u00e9nick\u00e1 a relaxa\u010dn\u00ed cesta<\/h4>\n<p data-start=\"990\" data-end=\"1069\">Cestov\u00e1n\u00ed p\u0159es <strong data-start=\"1005\" data-end=\"1041\">Egyptsk\u00e9 pou\u0161tn\u00ed a pob\u0159e\u017en\u00ed cesty<\/strong>, s voliteln\u00fdmi zast\u00e1vkami pro:<\/p>\n<ul data-start=\"1070\" data-end=\"1145\">\n<li data-start=\"1070\" data-end=\"1104\">\n<p data-start=\"1072\" data-end=\"1104\">\u2615 Ob\u010derstven\u00ed a p\u0159est\u00e1vky na odpo\u010dinek<\/p>\n<\/li>\n<li data-start=\"1105\" data-end=\"1145\">\n<p data-start=\"1107\" data-end=\"1145\">\ud83d\udcf8 P\u0159\u00edle\u017eitosti k fotografov\u00e1n\u00ed po cest\u011b<\/p>\n<\/li>\n<\/ul>\n<h4 data-start=\"1147\" data-end=\"1191\">\ud83e\uddd1\u200d\u2708\ufe0f Profesion\u00e1ln\u00ed a spolehliv\u00fd servis<\/h4>\n<ul data-start=\"1192\" data-end=\"1344\">\n<li data-start=\"1192\" data-end=\"1267\">\n<p data-start=\"1194\" data-end=\"1267\">\ud83d\udc68\u200d\u2708\ufe0f <strong data-start=\"1200\" data-end=\"1233\">Zku\u0161en\u00ed \u0159idi\u010di s licenc\u00ed<\/strong> zaji\u0161t\u011bn\u00ed bezpe\u010dnosti a dochvilnosti<\/p>\n<\/li>\n<li data-start=\"1268\" data-end=\"1344\">\n<p data-start=\"1270\" data-end=\"1344\">\ud83d\udee1\ufe0f Pohodln\u00e9 cestov\u00e1n\u00ed na dlouh\u00e9 vzd\u00e1lenosti s <strong data-start=\"1312\" data-end=\"1342\">specializovan\u00e1 z\u00e1kaznick\u00e1 podpora<\/strong><\/p>\n<\/li>\n<\/ul>\n<h4 data-start=\"1346\" data-end=\"1389\">\ud83c\udfc1 Hladk\u00fd p\u0159\u00edjezd do Sharm El Sheikhu<\/h4>\n<p data-start=\"1390\" data-end=\"1520\">P\u0159ije\u010fte p\u0159\u00edmo k <strong data-start=\"1414\" data-end=\"1462\">hotel, letovisko nebo leti\u0161t\u011b v Sharm El Sheikhu<\/strong>, p\u0159ipraveni u\u017e\u00edt si dovolenou nebo pokra\u010dovat v cest\u011b.<\/p>\n<h3 data-start=\"2198\" data-end=\"2225\"><strong data-start=\"2205\" data-end=\"2223\">Platba v USD ($ \ud83c\uddfa\ud83c\uddf8) m\u00edsto v EUR (\u20ac \ud83c\uddea\ud83c\uddfa) je mo\u017en\u00e1 podle denn\u00edho kurzu banky.<\/strong><\/h3>\n<p><strong>Kniha p\u0159es WhatsApp:<\/strong><\/p>\n<p><a href=\"https:\/\/wa.me\/201021058859\" target=\"_blank\" rel=\"noopener\">\u00a0<img decoding=\"async\" class=\"alignnone wp-image-2058\" src=\"https:\/\/poehalisnamiegypt.com\/wp-content\/uploads\/2024\/02\/pngwing.com_-300x300.png\" sizes=\"auto, (max-width: 35px) 100vw, 35px\" srcset=\"https:\/\/poehalisnamiegypt.com\/wp-content\/uploads\/2024\/02\/pngwing.com_-300x300.png 300w, https:\/\/poehalisnamiegypt.com\/wp-content\/uploads\/2024\/02\/pngwing.com_-150x150.png 150w, https:\/\/poehalisnamiegypt.com\/wp-content\/uploads\/2024\/02\/pngwing.com_.png 584w\" alt=\"\" width=\"53\" height=\"53\" \/><\/a><\/p>\n<p>&nbsp;<\/p>","protected":false},"excerpt":{"rendered":"<p>\ud83d\ude90 Private Transfer from Cairo to Sharm El Sheikh by Hiace Car Enjoy a safe, comfortable, and private journey from Cairo to Sharm El Sheikh with our modern Toyota Hiace transfer service. Perfect for families, groups, or business travelers, this service ensures a smooth ride across Egypt\u2019s scenic highways to the heart of the Red [&hellip;]<\/p>\n","protected":false},"featured_media":9732,"comment_status":"open","ping_status":"closed","template":"","meta":{"_monsterinsights_skip_tracking":false,"_monsterinsights_sitenote_active":false,"_monsterinsights_sitenote_note":"","_monsterinsights_sitenote_category":0,"_mbp_gutenberg_autopost":false},"product_brand":[],"product_cat":[63],"product_tag":[],"class_list":{"0":"post-9569","1":"product","2":"type-product","3":"status-publish","4":"has-post-thumbnail","6":"product_cat-transfer","8":"first","9":"instock","10":"shipping-taxable","11":"purchasable","12":"product-type-ovabrw_car_rental"},"_links":{"self":[{"href":"https:\/\/redsea-dream-tours.net\/cs\/wp-json\/wp\/v2\/product\/9569","targetHints":{"allow":["GET"]}}],"collection":[{"href":"https:\/\/redsea-dream-tours.net\/cs\/wp-json\/wp\/v2\/product"}],"about":[{"href":"https:\/\/redsea-dream-tours.net\/cs\/wp-json\/wp\/v2\/types\/product"}],"replies":[{"embeddable":true,"href":"https:\/\/redsea-dream-tours.net\/cs\/wp-json\/wp\/v2\/comments?post=9569"}],"wp:featuredmedia":[{"embeddable":true,"href":"https:\/\/redsea-dream-tours.net\/cs\/wp-json\/wp\/v2\/media\/9732"}],"wp:attachment":[{"href":"https:\/\/redsea-dream-tours.net\/cs\/wp-json\/wp\/v2\/media?parent=9569"}],"wp:term":[{"taxonomy":"product_brand","embeddable":true,"href":"https:\/\/redsea-dream-tours.net\/cs\/wp-json\/wp\/v2\/product_brand?post=9569"},{"taxonomy":"product_cat","embeddable":true,"href":"https:\/\/redsea-dream-tours.net\/cs\/wp-json\/wp\/v2\/product_cat?post=9569"},{"taxonomy":"product_tag","embeddable":true,"href":"https:\/\/redsea-dream-tours.net\/cs\/wp-json\/wp\/v2\/product_tag?post=9569"}],"curies":[{"name":"wp","href":"https:\/\/api.w.org\/{rel}","templated":true}]}}