{"id":9570,"date":"2026-03-01T20:21:13","date_gmt":"2026-03-01T20:21:13","guid":{"rendered":"https:\/\/redsea-dream-tours.net\/?post_type=product&#038;p=9570"},"modified":"2026-03-01T20:23:03","modified_gmt":"2026-03-01T20:23:03","slug":"transfer-to-hurghada-luxor-hiace-car","status":"publish","type":"product","link":"https:\/\/redsea-dream-tours.net\/cs\/produkt\/transfer-to-hurghada-luxor-hiace-car\/","title":{"rendered":"Transfer do Hurghady Luxor Hiace car"},"content":{"rendered":"<h3 data-start=\"151\" data-end=\"212\">\ud83d\ude90 Soukrom\u00fd transfer z Hurghady do Luxoru vozem Hiace<\/h3>\n<p data-start=\"214\" data-end=\"518\">Cestov\u00e1n\u00ed v <strong data-start=\"224\" data-end=\"260\">komfort, bezpe\u010dnost a pohodl\u00ed<\/strong> z <strong data-start=\"266\" data-end=\"287\">Z Hurghady do Luxoru<\/strong> s na\u0161\u00edm soukrom\u00fdm <strong data-start=\"305\" data-end=\"338\">P\u0159evodn\u00ed servis Toyota Hiace<\/strong>. A\u0165 u\u017e se chyst\u00e1te prozkoumat <strong data-start=\"378\" data-end=\"401\">\u00dadol\u00ed kr\u00e1l\u016f<\/strong>, vydejte se na <strong data-start=\"415\" data-end=\"430\">Plavba po Nilu<\/strong>, nebo nav\u0161t\u00edvit sv\u011btozn\u00e1m\u00e9 chr\u00e1my v Luxoru, zajist\u00edme v\u00e1m. <strong data-start=\"483\" data-end=\"515\">hladk\u00e1 a p\u0159\u00edjemn\u00e1 cesta<\/strong>.<\/p>\n<h4 data-start=\"520\" data-end=\"553\">\ud83c\udfc1 Snadn\u00e9 a flexibiln\u00ed vyzvednut\u00ed<\/h4>\n<ul data-start=\"554\" data-end=\"701\">\n<li data-start=\"554\" data-end=\"635\">\n<p data-start=\"556\" data-end=\"635\">\ud83c\udfe8 <strong data-start=\"559\" data-end=\"583\">Slu\u017eba od dve\u0159\u00ed ke dve\u0159\u00edm<\/strong> z va\u0161eho hotelu, letoviska nebo rezidence v Hurghad\u011b.<\/p>\n<\/li>\n<li data-start=\"636\" data-end=\"701\">\n<p data-start=\"638\" data-end=\"701\">\u23f0 <strong data-start=\"640\" data-end=\"668\">Flexibiln\u00ed \u010dasy odjezd\u016f<\/strong> podle va\u0161ich cestovn\u00edch pl\u00e1n\u016f<\/p>\n<\/li>\n<\/ul>\n<h4 data-start=\"703\" data-end=\"740\">\ud83d\ude98 Pohodln\u00e1 a prostorn\u00e1 j\u00edzda<\/h4>\n<p data-start=\"741\" data-end=\"807\">Na\u0161e dod\u00e1vka Hiace je ide\u00e1ln\u00ed pro rodiny, skupiny nebo mal\u00e9 party:<\/p>\n<ul data-start=\"808\" data-end=\"978\">\n<li data-start=\"808\" data-end=\"859\">\n<p data-start=\"810\" data-end=\"859\">\ud83e\ude91 <strong data-start=\"813\" data-end=\"857\">Prostorn\u00e9 sedadlo a\u017e pro 10 cestuj\u00edc\u00edch<\/strong><\/p>\n<\/li>\n<li data-start=\"860\" data-end=\"924\">\n<p data-start=\"862\" data-end=\"924\">\u2744\ufe0f <strong data-start=\"865\" data-end=\"893\">Klimatizovan\u00fd interi\u00e9r<\/strong> pro pohodovou a p\u0159\u00edjemnou cestu<\/p>\n<\/li>\n<li data-start=\"925\" data-end=\"978\">\n<p data-start=\"927\" data-end=\"978\">\ud83d\udcbc <strong data-start=\"930\" data-end=\"956\">Velk\u00e1 kapacita zavazadel<\/strong> pro va\u0161e v\u011bci<\/p>\n<\/li>\n<\/ul>\n<h4 data-start=\"980\" data-end=\"1018\">\ud83d\udee3\ufe0f Z\u00e1\u017eitek z vyhl\u00eddkov\u00e9ho v\u00fdletu<\/h4>\n<p data-start=\"1019\" data-end=\"1119\">Cestov\u00e1n\u00ed p\u0159es <strong data-start=\"1034\" data-end=\"1087\">Krajina v\u00fdchodn\u00ed pou\u0161t\u011b a \u00fadol\u00ed Nilu v Egypt\u011b<\/strong>, s mo\u017enost\u00ed zastaven\u00ed pro:<\/p>\n<ul data-start=\"1120\" data-end=\"1205\">\n<li data-start=\"1120\" data-end=\"1155\">\n<p data-start=\"1122\" data-end=\"1155\">\u2615 Ob\u010derstven\u00ed a kr\u00e1tk\u00e9 p\u0159est\u00e1vky<\/p>\n<\/li>\n<li data-start=\"1156\" data-end=\"1205\">\n<p data-start=\"1158\" data-end=\"1205\">\ud83d\udcf8 P\u0159\u00edle\u017eitosti k fotografov\u00e1n\u00ed na trase<\/p>\n<\/li>\n<\/ul>\n<h4 data-start=\"1207\" data-end=\"1251\">\ud83e\uddd1\u200d\u2708\ufe0f Spolehliv\u00fd a profesion\u00e1ln\u00ed servis<\/h4>\n<ul data-start=\"1252\" data-end=\"1369\">\n<li data-start=\"1252\" data-end=\"1316\">\n<p data-start=\"1254\" data-end=\"1316\">\ud83d\udc68\u200d\u2708\ufe0f <strong data-start=\"1260\" data-end=\"1293\">Zku\u0161en\u00ed \u0159idi\u010di s licenc\u00ed<\/strong> zaji\u0161t\u011bn\u00ed bezpe\u010dn\u00e9ho cestov\u00e1n\u00ed<\/p>\n<\/li>\n<li data-start=\"1317\" data-end=\"1369\">\n<p data-start=\"1319\" data-end=\"1369\">\ud83d\udee1\ufe0f P\u0159esn\u00e9, soukrom\u00e9 a bezprobl\u00e9mov\u00e9 transfery<\/p>\n<\/li>\n<\/ul>\n<h4 data-start=\"1371\" data-end=\"1404\">\ud83c\udfc1 Hladk\u00fd p\u0159\u00edjezd do Luxoru<\/h4>\n<p data-start=\"1405\" data-end=\"1529\">P\u0159ije\u010fte p\u0159\u00edmo k <strong data-start=\"1429\" data-end=\"1486\">hotel, v\u00fdletn\u00ed lo\u010f nebo preferovan\u00e1 destinace v Luxoru.<\/strong>, uvoln\u011bn\u00e9 a p\u0159ipraven\u00e9 na pr\u016fzkum.<\/p>\n<h3 data-start=\"2198\" data-end=\"2225\"><strong data-start=\"2205\" data-end=\"2223\">Platba v USD ($ \ud83c\uddfa\ud83c\uddf8) m\u00edsto v EUR (\u20ac \ud83c\uddea\ud83c\uddfa) je mo\u017en\u00e1 podle denn\u00edho kurzu banky.<\/strong><\/h3>\n<p><strong>Kniha p\u0159es WhatsApp:<\/strong><\/p>\n<p><a href=\"https:\/\/wa.me\/201021058859\" target=\"_blank\" rel=\"noopener\">\u00a0<img decoding=\"async\" class=\"alignnone wp-image-2058\" src=\"https:\/\/poehalisnamiegypt.com\/wp-content\/uploads\/2024\/02\/pngwing.com_-300x300.png\" sizes=\"auto, (max-width: 35px) 100vw, 35px\" srcset=\"https:\/\/poehalisnamiegypt.com\/wp-content\/uploads\/2024\/02\/pngwing.com_-300x300.png 300w, https:\/\/poehalisnamiegypt.com\/wp-content\/uploads\/2024\/02\/pngwing.com_-150x150.png 150w, https:\/\/poehalisnamiegypt.com\/wp-content\/uploads\/2024\/02\/pngwing.com_.png 584w\" alt=\"\" width=\"53\" height=\"53\" \/><\/a><\/p>\n<p>&nbsp;<\/p>","protected":false},"excerpt":{"rendered":"<p>\ud83d\ude90 Private Transfer from Hurghada to Luxor by Hiace Car Travel in comfort, safety, and convenience from Hurghada to Luxor with our private Toyota Hiace transfer service. Whether you\u2019re heading to explore the Valley of the Kings, embark on a Nile cruise, or visit Luxor\u2019s world-famous temples, we ensure a smooth and enjoyable journey. \ud83c\udfc1 [&hellip;]<\/p>\n","protected":false},"featured_media":9733,"comment_status":"open","ping_status":"closed","template":"","meta":{"_monsterinsights_skip_tracking":false,"_monsterinsights_sitenote_active":false,"_monsterinsights_sitenote_note":"","_monsterinsights_sitenote_category":0,"_mbp_gutenberg_autopost":false},"product_brand":[],"product_cat":[63],"product_tag":[],"class_list":{"0":"post-9570","1":"product","2":"type-product","3":"status-publish","4":"has-post-thumbnail","6":"product_cat-transfer","8":"first","9":"instock","10":"shipping-taxable","11":"purchasable","12":"product-type-ovabrw_car_rental"},"_links":{"self":[{"href":"https:\/\/redsea-dream-tours.net\/cs\/wp-json\/wp\/v2\/product\/9570","targetHints":{"allow":["GET"]}}],"collection":[{"href":"https:\/\/redsea-dream-tours.net\/cs\/wp-json\/wp\/v2\/product"}],"about":[{"href":"https:\/\/redsea-dream-tours.net\/cs\/wp-json\/wp\/v2\/types\/product"}],"replies":[{"embeddable":true,"href":"https:\/\/redsea-dream-tours.net\/cs\/wp-json\/wp\/v2\/comments?post=9570"}],"wp:featuredmedia":[{"embeddable":true,"href":"https:\/\/redsea-dream-tours.net\/cs\/wp-json\/wp\/v2\/media\/9733"}],"wp:attachment":[{"href":"https:\/\/redsea-dream-tours.net\/cs\/wp-json\/wp\/v2\/media?parent=9570"}],"wp:term":[{"taxonomy":"product_brand","embeddable":true,"href":"https:\/\/redsea-dream-tours.net\/cs\/wp-json\/wp\/v2\/product_brand?post=9570"},{"taxonomy":"product_cat","embeddable":true,"href":"https:\/\/redsea-dream-tours.net\/cs\/wp-json\/wp\/v2\/product_cat?post=9570"},{"taxonomy":"product_tag","embeddable":true,"href":"https:\/\/redsea-dream-tours.net\/cs\/wp-json\/wp\/v2\/product_tag?post=9570"}],"curies":[{"name":"wp","href":"https:\/\/api.w.org\/{rel}","templated":true}]}}