{"id":9571,"date":"2026-03-01T20:21:13","date_gmt":"2026-03-01T20:21:13","guid":{"rendered":"https:\/\/redsea-dream-tours.net\/?post_type=product&#038;p=9571"},"modified":"2026-03-01T20:23:03","modified_gmt":"2026-03-01T20:23:03","slug":"marsa-alam-internal-transfer-hiace-car","status":"publish","type":"product","link":"https:\/\/redsea-dream-tours.net\/cs\/produkt\/marsa-alam-internal-transfer-hiace-car\/","title":{"rendered":"Marsa Alam intern\u00ed transfer Hiace auto"},"content":{"rendered":"<h3 data-start=\"152\" data-end=\"202\">\ud83d\ude90 Marsa Alam Intern\u00ed transfer autem Hiace Car<\/h3>\n<p data-start=\"204\" data-end=\"465\">U\u017eijte si <strong data-start=\"212\" data-end=\"270\">pohodln\u00fd a bezstresov\u00fd transfer v r\u00e1mci Marsa Alam<\/strong> s na\u0161\u00ed spolehlivou <strong data-start=\"289\" data-end=\"317\">Autoservis Toyota Hiace<\/strong>. A\u0165 u\u017e pot\u0159ebujete odv\u00e9zt mezi <strong data-start=\"351\" data-end=\"396\">hotely, letoviska, leti\u0161t\u011b nebo atrakce.<\/strong>, poskytujeme hladkou a efektivn\u00ed cestu p\u0159izp\u016fsobenou va\u0161im pot\u0159eb\u00e1m.<\/p>\n<h4 data-start=\"467\" data-end=\"495\">\ud83c\udfc1 Pohodln\u00e9 vyzvednut\u00ed<\/h4>\n<ul data-start=\"496\" data-end=\"624\">\n<li data-start=\"496\" data-end=\"574\">\n<p data-start=\"498\" data-end=\"574\">\ud83c\udfe8 <strong data-start=\"501\" data-end=\"525\">Slu\u017eba od dve\u0159\u00ed ke dve\u0159\u00edm<\/strong> z va\u0161eho hotelu, letoviska nebo leti\u0161t\u011b Marsa Alam<\/p>\n<\/li>\n<li data-start=\"575\" data-end=\"624\">\n<p data-start=\"577\" data-end=\"624\">\u23f0 <strong data-start=\"579\" data-end=\"599\">Flexibiln\u00ed \u010dasy<\/strong> aby odpov\u00eddala va\u0161emu rozvrhu<\/p>\n<\/li>\n<\/ul>\n<h4 data-start=\"626\" data-end=\"666\">\ud83d\ude98 Prostorn\u00e9 a pohodln\u00e9 vozidlo<\/h4>\n<p data-start=\"667\" data-end=\"697\">Na\u0161e modern\u00ed dod\u00e1vka Hiace nab\u00edz\u00ed:<\/p>\n<ul data-start=\"698\" data-end=\"865\">\n<li data-start=\"698\" data-end=\"752\">\n<p data-start=\"700\" data-end=\"752\">\ud83e\ude91 <strong data-start=\"703\" data-end=\"750\">Pohodln\u00e9 sezen\u00ed a\u017e pro 10 cestuj\u00edc\u00edch<\/strong><\/p>\n<\/li>\n<li data-start=\"753\" data-end=\"805\">\n<p data-start=\"755\" data-end=\"805\">\u2744\ufe0f <strong data-start=\"758\" data-end=\"783\">Klimatizovan\u00e1 kabina<\/strong> pro p\u0159\u00edjemnou j\u00edzdu<\/p>\n<\/li>\n<li data-start=\"806\" data-end=\"865\">\n<p data-start=\"808\" data-end=\"865\">\ud83d\udcbc <strong data-start=\"811\" data-end=\"834\">Velk\u00fd zavazadlov\u00fd prostor<\/strong> pro va\u0161e zavazadla a v\u011bci<\/p>\n<\/li>\n<\/ul>\n<h4 data-start=\"867\" data-end=\"910\">\ud83d\udee3\ufe0f Ide\u00e1ln\u00ed pro v\u0161echny intern\u00ed p\u0159enosy<\/h4>\n<p data-start=\"911\" data-end=\"925\">Ide\u00e1ln\u00ed pro:<\/p>\n<ul data-start=\"926\" data-end=\"1054\">\n<li data-start=\"926\" data-end=\"962\">\n<p data-start=\"928\" data-end=\"962\">\ud83c\udfd6\ufe0f <strong data-start=\"932\" data-end=\"960\">Transfery z hotelu do hotelu<\/strong><\/p>\n<\/li>\n<li data-start=\"963\" data-end=\"1003\">\n<p data-start=\"965\" data-end=\"1003\">\u2708\ufe0f <strong data-start=\"968\" data-end=\"1001\">P\u0159ed\u00e1n\u00ed nebo vyzvednut\u00ed na leti\u0161ti<\/strong><\/p>\n<\/li>\n<li data-start=\"1004\" data-end=\"1054\">\n<p data-start=\"1006\" data-end=\"1054\">\ud83c\udfdd\ufe0f <strong data-start=\"1010\" data-end=\"1052\">V\u00fdlety k m\u00edstn\u00edm atrakc\u00edm a na pl\u00e1\u017ee<\/strong><\/p>\n<\/li>\n<\/ul>\n<h4 data-start=\"1056\" data-end=\"1100\">\ud83e\uddd1\u200d\u2708\ufe0f Profesion\u00e1ln\u00ed a spolehliv\u00fd servis<\/h4>\n<ul data-start=\"1101\" data-end=\"1192\">\n<li data-start=\"1101\" data-end=\"1144\">\n<p data-start=\"1103\" data-end=\"1144\">\ud83d\udc68\u200d\u2708\ufe0f Zku\u0161enosti, <strong data-start=\"1122\" data-end=\"1142\">licencovan\u00ed \u0159idi\u010di<\/strong><\/p>\n<\/li>\n<li data-start=\"1145\" data-end=\"1192\">\n<p data-start=\"1147\" data-end=\"1192\">\ud83d\udee1\ufe0f Bezpe\u010dn\u00e9, soukrom\u00e9 a <strong data-start=\"1170\" data-end=\"1190\">p\u0159esn\u00fd servis<\/strong><\/p>\n<\/li>\n<\/ul>\n<h4 data-start=\"1194\" data-end=\"1218\">\ud83c\udfc1 Hladk\u00fd p\u0159\u00edjezd<\/h4>\n<p data-start=\"1219\" data-end=\"1338\">Doje\u010fte do c\u00edle v Marsa Alam pohodln\u011b a v\u010das, p\u0159ipraveni u\u017e\u00edt si dovolenou nebo pokra\u010dovat ve sv\u00fdch pl\u00e1nech.<\/p>\n<h3 data-start=\"2198\" data-end=\"2225\"><strong data-start=\"2205\" data-end=\"2223\">Platba v USD ($ \ud83c\uddfa\ud83c\uddf8) m\u00edsto v EUR (\u20ac \ud83c\uddea\ud83c\uddfa) je mo\u017en\u00e1 podle denn\u00edho kurzu banky.<\/strong><\/h3>\n<p><strong>Kniha p\u0159es WhatsApp:<\/strong><\/p>\n<p><a href=\"https:\/\/wa.me\/201021058859\" target=\"_blank\" rel=\"noopener\">\u00a0<img decoding=\"async\" class=\"alignnone wp-image-2058\" src=\"https:\/\/poehalisnamiegypt.com\/wp-content\/uploads\/2024\/02\/pngwing.com_-300x300.png\" sizes=\"auto, (max-width: 35px) 100vw, 35px\" srcset=\"https:\/\/poehalisnamiegypt.com\/wp-content\/uploads\/2024\/02\/pngwing.com_-300x300.png 300w, https:\/\/poehalisnamiegypt.com\/wp-content\/uploads\/2024\/02\/pngwing.com_-150x150.png 150w, https:\/\/poehalisnamiegypt.com\/wp-content\/uploads\/2024\/02\/pngwing.com_.png 584w\" alt=\"\" width=\"53\" height=\"53\" \/><\/a><\/p>\n<p>&nbsp;<\/p>","protected":false},"excerpt":{"rendered":"<p>\ud83d\ude90 Marsa Alam Internal Transfer by Hiace Car Enjoy a comfortable and stress-free transfer within Marsa Alam with our reliable Toyota Hiace car service. Whether you need a ride between hotels, resorts, airports, or attractions, we provide a smooth and efficient journey tailored to your needs. \ud83c\udfc1 Convenient Pick-Up \ud83c\udfe8 Door-to-door service from your hotel, [&hellip;]<\/p>\n","protected":false},"featured_media":9732,"comment_status":"open","ping_status":"closed","template":"","meta":{"_monsterinsights_skip_tracking":false,"_monsterinsights_sitenote_active":false,"_monsterinsights_sitenote_note":"","_monsterinsights_sitenote_category":0,"_mbp_gutenberg_autopost":false},"product_brand":[],"product_cat":[63],"product_tag":[],"class_list":{"0":"post-9571","1":"product","2":"type-product","3":"status-publish","4":"has-post-thumbnail","6":"product_cat-transfer","8":"first","9":"instock","10":"shipping-taxable","11":"purchasable","12":"product-type-ovabrw_car_rental"},"_links":{"self":[{"href":"https:\/\/redsea-dream-tours.net\/cs\/wp-json\/wp\/v2\/product\/9571","targetHints":{"allow":["GET"]}}],"collection":[{"href":"https:\/\/redsea-dream-tours.net\/cs\/wp-json\/wp\/v2\/product"}],"about":[{"href":"https:\/\/redsea-dream-tours.net\/cs\/wp-json\/wp\/v2\/types\/product"}],"replies":[{"embeddable":true,"href":"https:\/\/redsea-dream-tours.net\/cs\/wp-json\/wp\/v2\/comments?post=9571"}],"wp:featuredmedia":[{"embeddable":true,"href":"https:\/\/redsea-dream-tours.net\/cs\/wp-json\/wp\/v2\/media\/9732"}],"wp:attachment":[{"href":"https:\/\/redsea-dream-tours.net\/cs\/wp-json\/wp\/v2\/media?parent=9571"}],"wp:term":[{"taxonomy":"product_brand","embeddable":true,"href":"https:\/\/redsea-dream-tours.net\/cs\/wp-json\/wp\/v2\/product_brand?post=9571"},{"taxonomy":"product_cat","embeddable":true,"href":"https:\/\/redsea-dream-tours.net\/cs\/wp-json\/wp\/v2\/product_cat?post=9571"},{"taxonomy":"product_tag","embeddable":true,"href":"https:\/\/redsea-dream-tours.net\/cs\/wp-json\/wp\/v2\/product_tag?post=9571"}],"curies":[{"name":"wp","href":"https:\/\/api.w.org\/{rel}","templated":true}]}}