{"id":9572,"date":"2026-03-01T20:21:13","date_gmt":"2026-03-01T20:21:13","guid":{"rendered":"https:\/\/redsea-dream-tours.net\/?post_type=product&#038;p=9572"},"modified":"2026-03-01T20:23:04","modified_gmt":"2026-03-01T20:23:04","slug":"marsa-alam-internal-transfer-by-limousine-car","status":"publish","type":"product","link":"https:\/\/redsea-dream-tours.net\/cs\/produkt\/marsa-alam-internal-transfer-by-limousine-car\/","title":{"rendered":"Vnit\u0159n\u00ed transfer limuz\u00ednou do Marsa Alam"},"content":{"rendered":"<h3 data-start=\"133\" data-end=\"183\">\ud83d\ude96 Marsa Alam Intern\u00ed transfer limuz\u00ednou<\/h3>\n<p data-start=\"185\" data-end=\"462\">Cestov\u00e1n\u00ed v <strong data-start=\"195\" data-end=\"225\">styl, pohodl\u00ed a luxus<\/strong> s na\u0161\u00ed exkluzivn\u00ed <strong data-start=\"245\" data-end=\"293\">transfer limuz\u00ednou v Marsa Alam<\/strong>. A\u0165 u\u017e pot\u0159ebujete plynulou j\u00edzdu mezi <strong data-start=\"334\" data-end=\"385\">hotely, letoviska, leti\u0161t\u011b nebo m\u00edstn\u00ed zaj\u00edmavosti.<\/strong>, poskytujeme <strong data-start=\"400\" data-end=\"429\">pr\u00e9miov\u00fd z\u00e1\u017eitek z cestov\u00e1n\u00ed<\/strong> navr\u017een\u00e9 pro va\u0161e pohodl\u00ed.<\/p>\n<h4 data-start=\"464\" data-end=\"490\">\ud83c\udfc1 Bezprobl\u00e9mov\u00e9 vyzvednut\u00ed<\/h4>\n<ul data-start=\"491\" data-end=\"627\">\n<li data-start=\"491\" data-end=\"569\">\n<p data-start=\"493\" data-end=\"569\">\ud83c\udfe8 <strong data-start=\"496\" data-end=\"520\">Slu\u017eba od dve\u0159\u00ed ke dve\u0159\u00edm<\/strong> z va\u0161eho hotelu, letoviska nebo leti\u0161t\u011b Marsa Alam<\/p>\n<\/li>\n<li data-start=\"570\" data-end=\"627\">\n<p data-start=\"572\" data-end=\"627\">\u23f0 <strong data-start=\"574\" data-end=\"602\">Flexibiln\u00ed \u010dasy odjezd\u016f<\/strong> podle va\u0161eho itiner\u00e1\u0159e<\/p>\n<\/li>\n<\/ul>\n<h4 data-start=\"629\" data-end=\"667\">\ud83d\ude98 Luxusn\u00ed a pohodln\u00e1 j\u00edzda<\/h4>\n<p data-start=\"668\" data-end=\"719\">Vyzkou\u0161ejte si eleganci na\u0161\u00ed limuz\u00edny:<\/p>\n<ul data-start=\"720\" data-end=\"862\">\n<li data-start=\"720\" data-end=\"775\">\n<p data-start=\"722\" data-end=\"775\">\ud83e\ude91 <strong data-start=\"725\" data-end=\"752\">Pr\u00e9miov\u00e1 ko\u017een\u00e1 sedadla<\/strong> pro maxim\u00e1ln\u00ed pohodl\u00ed<\/p>\n<\/li>\n<li data-start=\"776\" data-end=\"814\">\n<p data-start=\"778\" data-end=\"814\">\u2744\ufe0f <strong data-start=\"781\" data-end=\"812\">Pln\u011b klimatizovan\u00e1 kabina<\/strong><\/p>\n<\/li>\n<li data-start=\"815\" data-end=\"862\">\n<p data-start=\"817\" data-end=\"862\">\ud83d\udcbc <strong data-start=\"820\" data-end=\"846\">Velkorys\u00fd zavazadlov\u00fd prostor<\/strong> pro va\u0161e zavazadla<\/p>\n<\/li>\n<\/ul>\n<h4 data-start=\"864\" data-end=\"909\">\ud83d\udee3\ufe0f Ide\u00e1ln\u00ed pro v\u0161echny intern\u00ed p\u0159enosy<\/h4>\n<p data-start=\"910\" data-end=\"922\">Ide\u00e1ln\u00ed pro:<\/p>\n<ul data-start=\"923\" data-end=\"1059\">\n<li data-start=\"923\" data-end=\"959\">\n<p data-start=\"925\" data-end=\"959\">\ud83c\udfd6\ufe0f <strong data-start=\"929\" data-end=\"957\">Transfery z hotelu do hotelu<\/strong><\/p>\n<\/li>\n<li data-start=\"960\" data-end=\"1001\">\n<p data-start=\"962\" data-end=\"1001\">\u2708\ufe0f <strong data-start=\"965\" data-end=\"999\">Vyzvednut\u00ed a p\u0159ed\u00e1n\u00ed na leti\u0161ti<\/strong><\/p>\n<\/li>\n<li data-start=\"1002\" data-end=\"1059\">\n<p data-start=\"1004\" data-end=\"1059\">\ud83c\udfdd\ufe0f <strong data-start=\"1008\" data-end=\"1057\">Soukrom\u00e9 j\u00edzdy k m\u00edstn\u00edm atrakc\u00edm nebo na pl\u00e1\u017ee<\/strong><\/p>\n<\/li>\n<\/ul>\n<h4 data-start=\"1061\" data-end=\"1104\">\ud83e\uddd1\u200d\u2708\ufe0f Profesion\u00e1ln\u00ed slu\u017eby \u0159idi\u010de<\/h4>\n<ul data-start=\"1105\" data-end=\"1225\">\n<li data-start=\"1105\" data-end=\"1166\">\n<p data-start=\"1107\" data-end=\"1166\">\ud83d\udc68\u200d\u2708\ufe0f <strong data-start=\"1113\" data-end=\"1164\">Zku\u0161en\u00ed, zdvo\u0159il\u00ed a licencovan\u00ed \u0159idi\u010di<\/strong><\/p>\n<\/li>\n<li data-start=\"1167\" data-end=\"1225\">\n<p data-start=\"1169\" data-end=\"1225\">\ud83d\udee1\ufe0f Zam\u011b\u0159eno na <strong data-start=\"1184\" data-end=\"1223\">dochvilnost, bezpe\u010dnost a diskr\u00e9tnost<\/strong><\/p>\n<\/li>\n<\/ul>\n<h4 data-start=\"1227\" data-end=\"1251\">\ud83c\udfc1 Hladk\u00fd p\u0159\u00edjezd<\/h4>\n<p data-start=\"1252\" data-end=\"1362\">P\u0159ije\u010fte do c\u00edle v <strong data-start=\"1282\" data-end=\"1303\">pohodl\u00ed a styl<\/strong>, p\u0159ipraveni u\u017e\u00edt si sv\u00e9 pl\u00e1ny v Marsa Alam bez stresu.<\/p>\n<h3 data-start=\"2198\" data-end=\"2225\"><strong data-start=\"2205\" data-end=\"2223\">Platba v USD ($ \ud83c\uddfa\ud83c\uddf8) m\u00edsto v EUR (\u20ac \ud83c\uddea\ud83c\uddfa) je mo\u017en\u00e1 podle denn\u00edho kurzu banky.<\/strong><\/h3>\n<p><strong>Kniha p\u0159es WhatsApp:<\/strong><\/p>\n<p><a href=\"https:\/\/wa.me\/201021058859\" target=\"_blank\" rel=\"noopener\">\u00a0<img decoding=\"async\" class=\"alignnone wp-image-2058\" src=\"https:\/\/poehalisnamiegypt.com\/wp-content\/uploads\/2024\/02\/pngwing.com_-300x300.png\" sizes=\"auto, (max-width: 35px) 100vw, 35px\" srcset=\"https:\/\/poehalisnamiegypt.com\/wp-content\/uploads\/2024\/02\/pngwing.com_-300x300.png 300w, https:\/\/poehalisnamiegypt.com\/wp-content\/uploads\/2024\/02\/pngwing.com_-150x150.png 150w, https:\/\/poehalisnamiegypt.com\/wp-content\/uploads\/2024\/02\/pngwing.com_.png 584w\" alt=\"\" width=\"53\" height=\"53\" \/><\/a><\/p>\n<p>&nbsp;<\/p>","protected":false},"excerpt":{"rendered":"<p>\ud83d\ude96 Marsa Alam Internal Transfer by Limousine Travel in style, comfort, and luxury with our exclusive limousine transfer service within Marsa Alam. Whether you need a smooth ride between hotels, resorts, airports, or local attractions, we provide a premium travel experience designed for your convenience. \ud83c\udfc1 Seamless Pick-Up \ud83c\udfe8 Door-to-door service from your hotel, resort, [&hellip;]<\/p>\n","protected":false},"featured_media":9734,"comment_status":"open","ping_status":"closed","template":"","meta":{"_monsterinsights_skip_tracking":false,"_monsterinsights_sitenote_active":false,"_monsterinsights_sitenote_note":"","_monsterinsights_sitenote_category":0,"_mbp_gutenberg_autopost":false},"product_brand":[],"product_cat":[63],"product_tag":[],"class_list":{"0":"post-9572","1":"product","2":"type-product","3":"status-publish","4":"has-post-thumbnail","6":"product_cat-transfer","8":"first","9":"instock","10":"shipping-taxable","11":"purchasable","12":"product-type-ovabrw_car_rental"},"_links":{"self":[{"href":"https:\/\/redsea-dream-tours.net\/cs\/wp-json\/wp\/v2\/product\/9572","targetHints":{"allow":["GET"]}}],"collection":[{"href":"https:\/\/redsea-dream-tours.net\/cs\/wp-json\/wp\/v2\/product"}],"about":[{"href":"https:\/\/redsea-dream-tours.net\/cs\/wp-json\/wp\/v2\/types\/product"}],"replies":[{"embeddable":true,"href":"https:\/\/redsea-dream-tours.net\/cs\/wp-json\/wp\/v2\/comments?post=9572"}],"wp:featuredmedia":[{"embeddable":true,"href":"https:\/\/redsea-dream-tours.net\/cs\/wp-json\/wp\/v2\/media\/9734"}],"wp:attachment":[{"href":"https:\/\/redsea-dream-tours.net\/cs\/wp-json\/wp\/v2\/media?parent=9572"}],"wp:term":[{"taxonomy":"product_brand","embeddable":true,"href":"https:\/\/redsea-dream-tours.net\/cs\/wp-json\/wp\/v2\/product_brand?post=9572"},{"taxonomy":"product_cat","embeddable":true,"href":"https:\/\/redsea-dream-tours.net\/cs\/wp-json\/wp\/v2\/product_cat?post=9572"},{"taxonomy":"product_tag","embeddable":true,"href":"https:\/\/redsea-dream-tours.net\/cs\/wp-json\/wp\/v2\/product_tag?post=9572"}],"curies":[{"name":"wp","href":"https:\/\/api.w.org\/{rel}","templated":true}]}}