{"id":9603,"date":"2026-03-01T20:21:37","date_gmt":"2026-03-01T20:21:37","guid":{"rendered":"https:\/\/redsea-dream-tours.net\/?post_type=product&#038;p=9603"},"modified":"2026-03-01T20:23:05","modified_gmt":"2026-03-01T20:23:05","slug":"transfer-from-marsa-alam-to-another-country-by-hiace-car","status":"publish","type":"product","link":"https:\/\/redsea-dream-tours.net\/cs\/produkt\/transfer-from-marsa-alam-to-another-country-by-hiace-car\/","title":{"rendered":"Transfer z Marsa Alam do jin\u00e9 zem\u011b vozem Hiace"},"content":{"rendered":"<h3 data-start=\"139\" data-end=\"199\">\ud83c\udf0d Mezin\u00e1rodn\u00ed transfer z Marsa Alam autem Hiace Car<\/h3>\n<p data-start=\"201\" data-end=\"483\">U\u017eijte si <strong data-start=\"209\" data-end=\"255\">hladk\u00fd a spolehliv\u00fd mezin\u00e1rodn\u00ed transfer<\/strong> z Marsa Alam do sousedn\u00edch zem\u00ed s na\u0161imi <strong data-start=\"306\" data-end=\"347\">Soukrom\u00fd transfer Toyota Hiace<\/strong>. A\u0165 u\u017e cestujete za obchodem, turistikou nebo rodinou, zajist\u00edme pro v\u00e1s. <strong data-start=\"428\" data-end=\"480\">pohodln\u00e1 a bezprobl\u00e9mov\u00e1 p\u0159eshrani\u010dn\u00ed cesta<\/strong>.<\/p>\n<h4 data-start=\"485\" data-end=\"518\">\ud83c\udfc1 Snadn\u00e9 a flexibiln\u00ed vyzvednut\u00ed<\/h4>\n<ul data-start=\"519\" data-end=\"665\">\n<li data-start=\"519\" data-end=\"597\">\n<p data-start=\"521\" data-end=\"597\">\ud83c\udfe8 <strong data-start=\"524\" data-end=\"548\">Slu\u017eba od dve\u0159\u00ed ke dve\u0159\u00edm<\/strong> z va\u0161eho hotelu, letoviska nebo leti\u0161t\u011b Marsa Alam<\/p>\n<\/li>\n<li data-start=\"598\" data-end=\"665\">\n<p data-start=\"600\" data-end=\"665\">\u23f0 <strong data-start=\"602\" data-end=\"630\">Flexibiln\u00ed \u010dasy odjezd\u016f<\/strong> p\u0159izp\u016fsoben\u00e9 va\u0161emu cestovn\u00edmu pl\u00e1nu<\/p>\n<\/li>\n<\/ul>\n<h4 data-start=\"667\" data-end=\"707\">\ud83d\ude98 Prostorn\u00e9 a pohodln\u00e9 vozidlo<\/h4>\n<p data-start=\"708\" data-end=\"777\">Na\u0161e dod\u00e1vka Hiace je ide\u00e1ln\u00ed pro mezin\u00e1rodn\u00ed p\u0159epravu na dlouh\u00e9 vzd\u00e1lenosti:<\/p>\n<ul data-start=\"778\" data-end=\"939\">\n<li data-start=\"778\" data-end=\"820\">\n<p data-start=\"780\" data-end=\"820\">\ud83e\ude91 <strong data-start=\"783\" data-end=\"818\">Po\u010det m\u00edst k sezen\u00ed a\u017e pro 10 cestuj\u00edc\u00edch<\/strong><\/p>\n<\/li>\n<li data-start=\"821\" data-end=\"879\">\n<p data-start=\"823\" data-end=\"879\">\u2744\ufe0f <strong data-start=\"826\" data-end=\"857\">Pln\u011b klimatizovan\u00e1 kabina<\/strong> pro relaxa\u010dn\u00ed j\u00edzdu<\/p>\n<\/li>\n<li data-start=\"880\" data-end=\"939\">\n<p data-start=\"882\" data-end=\"939\">\ud83d\udcbc <strong data-start=\"885\" data-end=\"911\">Dostate\u010dn\u00e1 kapacita zavazadlov\u00e9ho prostoru<\/strong> pro v\u0161echny va\u0161e cestovn\u00ed pot\u0159eby<\/p>\n<\/li>\n<\/ul>\n<h4 data-start=\"941\" data-end=\"983\">\ud83d\udee3\ufe0f P\u0159eshrani\u010dn\u00ed cestov\u00e1n\u00ed je jednoduch\u00e9<\/h4>\n<ul data-start=\"984\" data-end=\"1174\">\n<li data-start=\"984\" data-end=\"1032\">\n<p data-start=\"986\" data-end=\"1032\">\ud83c\udf10 <strong data-start=\"989\" data-end=\"1030\">Bezpe\u010dn\u00fd a leg\u00e1ln\u00ed mezin\u00e1rodn\u00ed transfer<\/strong><\/p>\n<\/li>\n<li data-start=\"1033\" data-end=\"1090\">\n<p data-start=\"1035\" data-end=\"1090\">\ud83d\udec2 Pomoc s <strong data-start=\"1054\" data-end=\"1088\">v p\u0159\u00edpad\u011b pot\u0159eby vy\u0159izov\u00e1n\u00ed formalit na hranic\u00edch<\/strong><\/p>\n<\/li>\n<li data-start=\"1091\" data-end=\"1174\">\n<p data-start=\"1093\" data-end=\"1174\">\ud83d\uddfa\ufe0f Cesty k <strong data-start=\"1107\" data-end=\"1132\">sousedn\u00ed zem\u011b<\/strong> (v z\u00e1vislosti na po\u017eadavc\u00edch m\u00edsta ur\u010den\u00ed)<\/p>\n<\/li>\n<\/ul>\n<h4 data-start=\"1176\" data-end=\"1209\">\ud83e\uddd1\u200d\u2708\ufe0f Profesion\u00e1ln\u00ed slu\u017eby<\/h4>\n<ul data-start=\"1210\" data-end=\"1347\">\n<li data-start=\"1210\" data-end=\"1291\">\n<p data-start=\"1212\" data-end=\"1291\">\ud83d\udc68\u200d\u2708\ufe0f <strong data-start=\"1218\" data-end=\"1254\">Zku\u0161en\u00ed a licencovan\u00ed \u0159idi\u010di<\/strong> znalost mezin\u00e1rodn\u00edch tras<\/p>\n<\/li>\n<li data-start=\"1292\" data-end=\"1347\">\n<p data-start=\"1294\" data-end=\"1347\">\ud83d\udee1\ufe0f Zam\u011b\u0159eno na <strong data-start=\"1309\" data-end=\"1345\">bezpe\u010dnost, p\u0159esnost a pohodl\u00ed<\/strong><\/p>\n<\/li>\n<\/ul>\n<h4 data-start=\"1349\" data-end=\"1378\">\ud83c\udfc1 Bezprobl\u00e9mov\u00fd p\u0159\u00edjezd<\/h4>\n<p data-start=\"1379\" data-end=\"1503\">P\u0159ije\u010fte p\u0159\u00edmo k <strong data-start=\"1403\" data-end=\"1448\">hotel, leti\u0161t\u011b nebo jak\u00e1koli zvolen\u00e1 destinace<\/strong> v sousedn\u00ed zemi bez stresu a zpo\u017ed\u011bn\u00ed.<\/p>\n<p><strong>Kniha p\u0159es WhatsApp:<\/strong><\/p>\n<p><a href=\"https:\/\/wa.me\/201021058859\" target=\"_blank\" rel=\"noopener\">\u00a0<img decoding=\"async\" class=\"alignnone wp-image-2058\" src=\"https:\/\/poehalisnamiegypt.com\/wp-content\/uploads\/2024\/02\/pngwing.com_-300x300.png\" sizes=\"auto, (max-width: 35px) 100vw, 35px\" srcset=\"https:\/\/poehalisnamiegypt.com\/wp-content\/uploads\/2024\/02\/pngwing.com_-300x300.png 300w, https:\/\/poehalisnamiegypt.com\/wp-content\/uploads\/2024\/02\/pngwing.com_-150x150.png 150w, https:\/\/poehalisnamiegypt.com\/wp-content\/uploads\/2024\/02\/pngwing.com_.png 584w\" alt=\"\" width=\"53\" height=\"53\" \/><\/a><\/p>\n<p>&nbsp;<\/p>","protected":false},"excerpt":{"rendered":"<p>\ud83c\udf0d International Transfer from Marsa Alam by Hiace Car Enjoy a smooth and reliable international transfer from Marsa Alam to neighboring countries with our Toyota Hiace private transfer service. Whether you are traveling for business, tourism, or family visits, we ensure a comfortable and hassle-free cross-border journey. \ud83c\udfc1 Easy &amp; Flexible Pick-Up \ud83c\udfe8 Door-to-door service [&hellip;]<\/p>\n","protected":false},"featured_media":9729,"comment_status":"open","ping_status":"closed","template":"","meta":{"_monsterinsights_skip_tracking":false,"_monsterinsights_sitenote_active":false,"_monsterinsights_sitenote_note":"","_monsterinsights_sitenote_category":0,"_mbp_gutenberg_autopost":false},"product_brand":[],"product_cat":[63],"product_tag":[],"class_list":{"0":"post-9603","1":"product","2":"type-product","3":"status-publish","4":"has-post-thumbnail","6":"product_cat-transfer","8":"first","9":"instock","10":"shipping-taxable","11":"purchasable","12":"product-type-ovabrw_car_rental"},"_links":{"self":[{"href":"https:\/\/redsea-dream-tours.net\/cs\/wp-json\/wp\/v2\/product\/9603","targetHints":{"allow":["GET"]}}],"collection":[{"href":"https:\/\/redsea-dream-tours.net\/cs\/wp-json\/wp\/v2\/product"}],"about":[{"href":"https:\/\/redsea-dream-tours.net\/cs\/wp-json\/wp\/v2\/types\/product"}],"replies":[{"embeddable":true,"href":"https:\/\/redsea-dream-tours.net\/cs\/wp-json\/wp\/v2\/comments?post=9603"}],"wp:featuredmedia":[{"embeddable":true,"href":"https:\/\/redsea-dream-tours.net\/cs\/wp-json\/wp\/v2\/media\/9729"}],"wp:attachment":[{"href":"https:\/\/redsea-dream-tours.net\/cs\/wp-json\/wp\/v2\/media?parent=9603"}],"wp:term":[{"taxonomy":"product_brand","embeddable":true,"href":"https:\/\/redsea-dream-tours.net\/cs\/wp-json\/wp\/v2\/product_brand?post=9603"},{"taxonomy":"product_cat","embeddable":true,"href":"https:\/\/redsea-dream-tours.net\/cs\/wp-json\/wp\/v2\/product_cat?post=9603"},{"taxonomy":"product_tag","embeddable":true,"href":"https:\/\/redsea-dream-tours.net\/cs\/wp-json\/wp\/v2\/product_tag?post=9603"}],"curies":[{"name":"wp","href":"https:\/\/api.w.org\/{rel}","templated":true}]}}