{"id":9604,"date":"2026-03-01T20:21:37","date_gmt":"2026-03-01T20:21:37","guid":{"rendered":"https:\/\/redsea-dream-tours.net\/?post_type=product&#038;p=9604"},"modified":"2026-03-01T20:23:06","modified_gmt":"2026-03-01T20:23:06","slug":"external-transfer-to-marsa-alam-by-limousine","status":"publish","type":"product","link":"https:\/\/redsea-dream-tours.net\/cs\/produkt\/external-transfer-to-marsa-alam-by-limousine\/","title":{"rendered":"Extern\u00ed transfer limuz\u00ednou do Marsa Alam"},"content":{"rendered":"<h3 data-start=\"146\" data-end=\"199\">\ud83d\ude96 Extern\u00ed transfer do Marsa Alam limuz\u00ednou<\/h3>\n<p data-start=\"201\" data-end=\"462\">Za\u017eijte <strong data-start=\"214\" data-end=\"251\">luxusn\u00ed cesta bez stresu<\/strong> do Marsa Alam s na\u0161\u00ed <strong data-start=\"275\" data-end=\"315\">exkluzivn\u00ed transfer limuz\u00ednou<\/strong>. A\u0165 u\u017e p\u0159ij\u00ed\u017ed\u00edte z jin\u00e9ho m\u011bsta nebo zem\u011b, na\u0161e pr\u00e9miov\u00e1 limuz\u00edna v\u00e1m zaru\u010d\u00ed. <strong data-start=\"402\" data-end=\"437\">komfort, styl a pohodl\u00ed<\/strong> na ka\u017ed\u00e9m kroku.<\/p>\n<h4 data-start=\"464\" data-end=\"493\">\ud83c\udfc1 Bezprobl\u00e9mov\u00e9 vyzvednut\u00ed<\/h4>\n<ul data-start=\"494\" data-end=\"624\">\n<li data-start=\"494\" data-end=\"564\">\n<p data-start=\"496\" data-end=\"564\">\ud83c\udfe8 <strong data-start=\"499\" data-end=\"523\">Slu\u017eba od dve\u0159\u00ed ke dve\u0159\u00edm<\/strong> z va\u0161eho hotelu, leti\u0161t\u011b nebo bydli\u0161t\u011b<\/p>\n<\/li>\n<li data-start=\"565\" data-end=\"624\">\n<p data-start=\"567\" data-end=\"624\">\u23f0 <strong data-start=\"569\" data-end=\"588\">Flexibiln\u00ed na\u010dasov\u00e1n\u00ed<\/strong> podle va\u0161eho cestovn\u00edho pl\u00e1nu<\/p>\n<\/li>\n<\/ul>\n<h4 data-start=\"626\" data-end=\"664\">\ud83d\ude98 Luxusn\u00ed a pohodln\u00e1 j\u00edzda<\/h4>\n<p data-start=\"665\" data-end=\"717\">Na\u0161e limuz\u00edna nab\u00edz\u00ed nejlep\u0161\u00ed z\u00e1\u017eitek z cestov\u00e1n\u00ed:<\/p>\n<ul data-start=\"718\" data-end=\"877\">\n<li data-start=\"718\" data-end=\"775\">\n<p data-start=\"720\" data-end=\"775\">\ud83e\ude91 <strong data-start=\"723\" data-end=\"773\">Pr\u00e9miov\u00e1 ko\u017een\u00e1 sedadla pro maxim\u00e1ln\u00ed relaxaci<\/strong><\/p>\n<\/li>\n<li data-start=\"776\" data-end=\"814\">\n<p data-start=\"778\" data-end=\"814\">\u2744\ufe0f <strong data-start=\"781\" data-end=\"812\">Pln\u011b klimatizovan\u00e1 kabina<\/strong><\/p>\n<\/li>\n<li data-start=\"815\" data-end=\"877\">\n<p data-start=\"817\" data-end=\"877\">\ud83d\udcbc <strong data-start=\"820\" data-end=\"846\">Dostate\u010dn\u00e1 kapacita zavazadlov\u00e9ho prostoru<\/strong> pro va\u0161e zavazadla a v\u011bci<\/p>\n<\/li>\n<\/ul>\n<h4 data-start=\"879\" data-end=\"925\">\ud83d\udee3\ufe0f Ide\u00e1ln\u00ed pro p\u0159epravu na dlouh\u00e9 vzd\u00e1lenosti<\/h4>\n<p data-start=\"926\" data-end=\"938\">Ide\u00e1ln\u00ed pro:<\/p>\n<ul data-start=\"939\" data-end=\"1071\">\n<li data-start=\"939\" data-end=\"981\">\n<p data-start=\"941\" data-end=\"981\">\u2708\ufe0f <strong data-start=\"944\" data-end=\"979\">Transfery z leti\u0161t\u011b do Marsa Alam<\/strong><\/p>\n<\/li>\n<li data-start=\"982\" data-end=\"1022\">\n<p data-start=\"984\" data-end=\"1022\">\ud83c\udfd9\ufe0f <strong data-start=\"988\" data-end=\"1020\">Soukrom\u00e9 v\u00fdlety z m\u011bsta do letoviska<\/strong><\/p>\n<\/li>\n<li data-start=\"1023\" data-end=\"1071\">\n<p data-start=\"1025\" data-end=\"1071\">\ud83c\udf0d <strong data-start=\"1028\" data-end=\"1069\">Cesty nap\u0159\u00ed\u010d m\u011bsty a p\u0159espoln\u00ed cesty<\/strong><\/p>\n<\/li>\n<\/ul>\n<h4 data-start=\"1073\" data-end=\"1116\">\ud83e\uddd1\u200d\u2708\ufe0f Profesion\u00e1ln\u00ed slu\u017eby \u0159idi\u010de<\/h4>\n<ul data-start=\"1117\" data-end=\"1238\">\n<li data-start=\"1117\" data-end=\"1179\">\n<p data-start=\"1119\" data-end=\"1179\">\ud83d\udc68\u200d\u2708\ufe0f <strong data-start=\"1125\" data-end=\"1177\">Dob\u0159e vy\u0161kolen\u00ed, zdvo\u0159il\u00ed a licencovan\u00ed \u0159idi\u010di<\/strong><\/p>\n<\/li>\n<li data-start=\"1180\" data-end=\"1238\">\n<p data-start=\"1182\" data-end=\"1238\">\ud83d\udee1\ufe0f Zam\u011b\u0159eno na <strong data-start=\"1197\" data-end=\"1236\">bezpe\u010dnost, p\u0159esnost a diskr\u00e9tnost<\/strong><\/p>\n<\/li>\n<\/ul>\n<h4 data-start=\"1240\" data-end=\"1278\">\ud83c\udfc1 Hladk\u00fd p\u0159\u00edjezd do Marsa Alam<\/h4>\n<p data-start=\"1279\" data-end=\"1439\">P\u0159\u00edjezd do hotelu, letoviska nebo na libovoln\u00e9 m\u00edsto v Marsa Alam <strong data-start=\"1347\" data-end=\"1380\">pocit uvoln\u011bn\u00ed a osv\u011b\u017een\u00ed<\/strong>, p\u0159ipraveni vyrazit za dobrodru\u017estv\u00edm nebo si odpo\u010dinout u Rud\u00e9ho mo\u0159e.<\/p>\n<h3 data-start=\"2198\" data-end=\"2225\"><strong data-start=\"2205\" data-end=\"2223\">Platba v USD ($ \ud83c\uddfa\ud83c\uddf8) m\u00edsto v EUR (\u20ac \ud83c\uddea\ud83c\uddfa) je mo\u017en\u00e1 podle denn\u00edho kurzu banky.<\/strong><\/h3>\n<p><strong>Kniha p\u0159es WhatsApp:<\/strong><\/p>\n<p><a href=\"https:\/\/wa.me\/201021058859\" target=\"_blank\" rel=\"noopener\">\u00a0<img decoding=\"async\" class=\"alignnone wp-image-2058\" src=\"https:\/\/poehalisnamiegypt.com\/wp-content\/uploads\/2024\/02\/pngwing.com_-300x300.png\" sizes=\"auto, (max-width: 35px) 100vw, 35px\" srcset=\"https:\/\/poehalisnamiegypt.com\/wp-content\/uploads\/2024\/02\/pngwing.com_-300x300.png 300w, https:\/\/poehalisnamiegypt.com\/wp-content\/uploads\/2024\/02\/pngwing.com_-150x150.png 150w, https:\/\/poehalisnamiegypt.com\/wp-content\/uploads\/2024\/02\/pngwing.com_.png 584w\" alt=\"\" width=\"53\" height=\"53\" \/><\/a><\/p>\n<p>&nbsp;<\/p>","protected":false},"excerpt":{"rendered":"<p>\ud83d\ude96 External Transfer to Marsa Alam by Limousine Experience a luxurious and stress-free journey to Marsa Alam with our exclusive limousine transfer service. Whether you are arriving from another city or country, our premium limousine ensures comfort, style, and convenience every step of the way. \ud83c\udfc1 Hassle-Free Pick-Up \ud83c\udfe8 Door-to-door service from your hotel, airport, [&hellip;]<\/p>\n","protected":false},"featured_media":9746,"comment_status":"open","ping_status":"closed","template":"","meta":{"_monsterinsights_skip_tracking":false,"_monsterinsights_sitenote_active":false,"_monsterinsights_sitenote_note":"","_monsterinsights_sitenote_category":0,"_mbp_gutenberg_autopost":false},"product_brand":[],"product_cat":[63],"product_tag":[],"class_list":{"0":"post-9604","1":"product","2":"type-product","3":"status-publish","4":"has-post-thumbnail","6":"product_cat-transfer","8":"first","9":"instock","10":"shipping-taxable","11":"purchasable","12":"product-type-ovabrw_car_rental"},"_links":{"self":[{"href":"https:\/\/redsea-dream-tours.net\/cs\/wp-json\/wp\/v2\/product\/9604","targetHints":{"allow":["GET"]}}],"collection":[{"href":"https:\/\/redsea-dream-tours.net\/cs\/wp-json\/wp\/v2\/product"}],"about":[{"href":"https:\/\/redsea-dream-tours.net\/cs\/wp-json\/wp\/v2\/types\/product"}],"replies":[{"embeddable":true,"href":"https:\/\/redsea-dream-tours.net\/cs\/wp-json\/wp\/v2\/comments?post=9604"}],"wp:featuredmedia":[{"embeddable":true,"href":"https:\/\/redsea-dream-tours.net\/cs\/wp-json\/wp\/v2\/media\/9746"}],"wp:attachment":[{"href":"https:\/\/redsea-dream-tours.net\/cs\/wp-json\/wp\/v2\/media?parent=9604"}],"wp:term":[{"taxonomy":"product_brand","embeddable":true,"href":"https:\/\/redsea-dream-tours.net\/cs\/wp-json\/wp\/v2\/product_brand?post=9604"},{"taxonomy":"product_cat","embeddable":true,"href":"https:\/\/redsea-dream-tours.net\/cs\/wp-json\/wp\/v2\/product_cat?post=9604"},{"taxonomy":"product_tag","embeddable":true,"href":"https:\/\/redsea-dream-tours.net\/cs\/wp-json\/wp\/v2\/product_tag?post=9604"}],"curies":[{"name":"wp","href":"https:\/\/api.w.org\/{rel}","templated":true}]}}