{"id":9605,"date":"2026-03-01T20:21:37","date_gmt":"2026-03-01T20:21:37","guid":{"rendered":"https:\/\/redsea-dream-tours.net\/?post_type=product&#038;p=9605"},"modified":"2026-03-01T20:23:06","modified_gmt":"2026-03-01T20:23:06","slug":"transfer-to-marsa-alam-with-overnight-stay-in-a-hiace-car","status":"publish","type":"product","link":"https:\/\/redsea-dream-tours.net\/cs\/produkt\/transfer-to-marsa-alam-with-overnight-stay-in-a-hiace-car\/","title":{"rendered":"Transfer do Marsa Alam s p\u0159enocov\u00e1n\u00edm ve voze Hiace"},"content":{"rendered":"<h3 data-start=\"133\" data-end=\"197\">\ud83d\ude90 Transfer do Marsa Alam s p\u0159enocov\u00e1n\u00edm autem Hiace<\/h3>\n<p data-start=\"199\" data-end=\"528\">Vydejte se na cestu do Marsa Alam <strong data-start=\"231\" data-end=\"269\">pohodln\u011b, bezpe\u010dn\u011b a bez stresu<\/strong>, a to i p\u0159i d\u00e1lkov\u00fdch cest\u00e1ch, kter\u00e9 zahrnuj\u00ed i <strong data-start=\"315\" data-end=\"333\">no\u010dn\u00ed zast\u00e1vka<\/strong>. Na\u0161e <strong data-start=\"339\" data-end=\"372\">P\u0159evodn\u00ed servis Toyota Hiace<\/strong> je ur\u010den pro cestuj\u00edc\u00ed, kte\u0159\u00ed d\u00e1vaj\u00ed p\u0159ednost <strong data-start=\"412\" data-end=\"454\">pohodov\u00e9 a flexibiln\u00ed cestov\u00e1n\u00ed<\/strong>, abyste p\u0159ijeli odpo\u010dat\u00ed a p\u0159ipraven\u00ed u\u017e\u00edt si dovolenou u Rud\u00e9ho mo\u0159e.<\/p>\n<h4 data-start=\"530\" data-end=\"558\">\ud83c\udfc1 Pohodln\u00e9 vyzvednut\u00ed<\/h4>\n<ul data-start=\"559\" data-end=\"681\">\n<li data-start=\"559\" data-end=\"624\">\n<p data-start=\"561\" data-end=\"624\">\ud83c\udfe8 <strong data-start=\"564\" data-end=\"588\">Slu\u017eba od dve\u0159\u00ed ke dve\u0159\u00edm<\/strong> z va\u0161eho m\u011bsta, leti\u0161t\u011b nebo hotelu<\/p>\n<\/li>\n<li data-start=\"625\" data-end=\"681\">\n<p data-start=\"627\" data-end=\"681\">\u23f0 <strong data-start=\"629\" data-end=\"656\">Flexibiln\u00ed \u010das odjezdu<\/strong> aby odpov\u00eddala va\u0161emu rozvrhu<\/p>\n<\/li>\n<\/ul>\n<h4 data-start=\"683\" data-end=\"718\">\ud83d\ude98 Pohodln\u00e9 vozidlo Hiace<\/h4>\n<p data-start=\"719\" data-end=\"746\">U\u017eijte si plynulou j\u00edzdu s:<\/p>\n<ul data-start=\"747\" data-end=\"892\">\n<li data-start=\"747\" data-end=\"798\">\n<p data-start=\"749\" data-end=\"798\">\ud83e\ude91 <strong data-start=\"752\" data-end=\"796\">Prostorn\u00e9 sedadlo a\u017e pro 10 cestuj\u00edc\u00edch<\/strong><\/p>\n<\/li>\n<li data-start=\"799\" data-end=\"837\">\n<p data-start=\"801\" data-end=\"837\">\u2744\ufe0f <strong data-start=\"804\" data-end=\"835\">Pln\u011b klimatizovan\u00e1 kabina<\/strong><\/p>\n<\/li>\n<li data-start=\"838\" data-end=\"892\">\n<p data-start=\"840\" data-end=\"892\">\ud83d\udcbc <strong data-start=\"843\" data-end=\"866\">Velk\u00fd zavazadlov\u00fd prostor<\/strong> pro v\u0161echny va\u0161e v\u011bci<\/p>\n<\/li>\n<\/ul>\n<h4 data-start=\"894\" data-end=\"928\">\ud83d\udee3\ufe0f Nocleh v cen\u011b<\/h4>\n<ul data-start=\"929\" data-end=\"1123\">\n<li data-start=\"929\" data-end=\"1000\">\n<p data-start=\"931\" data-end=\"1000\">\ud83c\udfe8 Pohodln\u00e9 <strong data-start=\"946\" data-end=\"998\">nocleh zaji\u0161t\u011bn\u00fd na trase<\/strong><\/p>\n<\/li>\n<li data-start=\"1001\" data-end=\"1060\">\n<p data-start=\"1003\" data-end=\"1060\">\ud83c\udf7d\ufe0f <strong data-start=\"1007\" data-end=\"1042\">Voliteln\u00e1 j\u00eddla a ob\u010derstven\u00ed<\/strong> b\u011bhem zast\u00e1vky<\/p>\n<\/li>\n<li data-start=\"1061\" data-end=\"1123\">\n<p data-start=\"1063\" data-end=\"1123\">\u23f3 Ide\u00e1ln\u00ed pro <strong data-start=\"1077\" data-end=\"1121\">d\u00e1lkov\u00e9 transfery s p\u0159est\u00e1vkami na odpo\u010dinek<\/strong><\/p>\n<\/li>\n<\/ul>\n<h4 data-start=\"1125\" data-end=\"1165\">\ud83e\uddd1\u200d\u2708\ufe0f Profesion\u00e1ln\u00ed a bezpe\u010dn\u00fd servis<\/h4>\n<ul data-start=\"1166\" data-end=\"1265\">\n<li data-start=\"1166\" data-end=\"1209\">\n<p data-start=\"1168\" data-end=\"1209\">\ud83d\udc68\u200d\u2708\ufe0f <strong data-start=\"1174\" data-end=\"1207\">Zku\u0161en\u00ed \u0159idi\u010di s licenc\u00ed<\/strong><\/p>\n<\/li>\n<li data-start=\"1210\" data-end=\"1265\">\n<p data-start=\"1212\" data-end=\"1265\">\ud83d\udee1\ufe0f Zam\u011b\u0159eno na <strong data-start=\"1227\" data-end=\"1263\">bezpe\u010dnost, p\u0159esnost a pohodl\u00ed<\/strong><\/p>\n<\/li>\n<\/ul>\n<h4 data-start=\"1267\" data-end=\"1305\">\ud83c\udfc1 Hladk\u00fd p\u0159\u00edjezd do Marsa Alam<\/h4>\n<p data-start=\"1306\" data-end=\"1432\">Probu\u010fte se odpo\u010dat\u00ed, pokra\u010dujte v cest\u011b a <strong data-start=\"1352\" data-end=\"1400\">p\u0159\u00edjezd do hotelu nebo letoviska v Marsa Alam<\/strong> p\u0159ipraveni na dovolenou.<\/p>\n<h3 data-start=\"2198\" data-end=\"2225\"><strong data-start=\"2205\" data-end=\"2223\">Platba v USD ($ \ud83c\uddfa\ud83c\uddf8) m\u00edsto v EUR (\u20ac \ud83c\uddea\ud83c\uddfa) je mo\u017en\u00e1 podle denn\u00edho kurzu banky.<\/strong><\/h3>\n<p><strong>Kniha p\u0159es WhatsApp:<\/strong><\/p>\n<p><a href=\"https:\/\/wa.me\/201021058859\" target=\"_blank\" rel=\"noopener\">\u00a0<img decoding=\"async\" class=\"alignnone wp-image-2058\" src=\"https:\/\/poehalisnamiegypt.com\/wp-content\/uploads\/2024\/02\/pngwing.com_-300x300.png\" sizes=\"auto, (max-width: 35px) 100vw, 35px\" srcset=\"https:\/\/poehalisnamiegypt.com\/wp-content\/uploads\/2024\/02\/pngwing.com_-300x300.png 300w, https:\/\/poehalisnamiegypt.com\/wp-content\/uploads\/2024\/02\/pngwing.com_-150x150.png 150w, https:\/\/poehalisnamiegypt.com\/wp-content\/uploads\/2024\/02\/pngwing.com_.png 584w\" alt=\"\" width=\"53\" height=\"53\" \/><\/a><\/p>\n<p>&nbsp;<\/p>","protected":false},"excerpt":{"rendered":"<p>\ud83d\ude90 Transfer to Marsa Alam with Overnight Stay by Hiace Car Make your journey to Marsa Alam comfortable, safe, and stress-free, even on long-distance trips that include an overnight stop. Our Toyota Hiace transfer service is designed for travelers who prefer a relaxed and flexible travel experience, ensuring you arrive refreshed and ready to enjoy [&hellip;]<\/p>\n","protected":false},"featured_media":9733,"comment_status":"open","ping_status":"closed","template":"","meta":{"_monsterinsights_skip_tracking":false,"_monsterinsights_sitenote_active":false,"_monsterinsights_sitenote_note":"","_monsterinsights_sitenote_category":0,"_mbp_gutenberg_autopost":false},"product_brand":[],"product_cat":[63],"product_tag":[],"class_list":{"0":"post-9605","1":"product","2":"type-product","3":"status-publish","4":"has-post-thumbnail","6":"product_cat-transfer","8":"first","9":"instock","10":"shipping-taxable","11":"purchasable","12":"product-type-ovabrw_car_rental"},"_links":{"self":[{"href":"https:\/\/redsea-dream-tours.net\/cs\/wp-json\/wp\/v2\/product\/9605","targetHints":{"allow":["GET"]}}],"collection":[{"href":"https:\/\/redsea-dream-tours.net\/cs\/wp-json\/wp\/v2\/product"}],"about":[{"href":"https:\/\/redsea-dream-tours.net\/cs\/wp-json\/wp\/v2\/types\/product"}],"replies":[{"embeddable":true,"href":"https:\/\/redsea-dream-tours.net\/cs\/wp-json\/wp\/v2\/comments?post=9605"}],"wp:featuredmedia":[{"embeddable":true,"href":"https:\/\/redsea-dream-tours.net\/cs\/wp-json\/wp\/v2\/media\/9733"}],"wp:attachment":[{"href":"https:\/\/redsea-dream-tours.net\/cs\/wp-json\/wp\/v2\/media?parent=9605"}],"wp:term":[{"taxonomy":"product_brand","embeddable":true,"href":"https:\/\/redsea-dream-tours.net\/cs\/wp-json\/wp\/v2\/product_brand?post=9605"},{"taxonomy":"product_cat","embeddable":true,"href":"https:\/\/redsea-dream-tours.net\/cs\/wp-json\/wp\/v2\/product_cat?post=9605"},{"taxonomy":"product_tag","embeddable":true,"href":"https:\/\/redsea-dream-tours.net\/cs\/wp-json\/wp\/v2\/product_tag?post=9605"}],"curies":[{"name":"wp","href":"https:\/\/api.w.org\/{rel}","templated":true}]}}