{"id":9606,"date":"2026-03-01T20:21:37","date_gmt":"2026-03-01T20:21:37","guid":{"rendered":"https:\/\/redsea-dream-tours.net\/?post_type=product&#038;p=9606"},"modified":"2026-03-01T20:23:06","modified_gmt":"2026-03-01T20:23:06","slug":"marsa-alam-transfer-overnight-limousine","status":"publish","type":"product","link":"https:\/\/redsea-dream-tours.net\/cs\/produkt\/marsa-alam-transfer-overnight-limousine\/","title":{"rendered":"P\u0159eprava do Marsa Alam, no\u010dn\u00ed limuz\u00edna"},"content":{"rendered":"<h3 data-start=\"129\" data-end=\"190\">\ud83d\ude96 Transfer limuz\u00ednou do Marsa Alam s p\u0159enocov\u00e1n\u00edm<\/h3>\n<p data-start=\"192\" data-end=\"503\">Cestov\u00e1n\u00ed do Marsa Alam v <strong data-start=\"216\" data-end=\"246\">luxus, pohodl\u00ed a styl<\/strong> s na\u0161\u00ed exkluzivn\u00ed <strong data-start=\"266\" data-end=\"296\">limuz\u00ednov\u00e1 p\u0159eprava<\/strong>, speci\u00e1ln\u011b navr\u017een\u00e9 pro dlouh\u00e9 cesty, kter\u00e9 zahrnuj\u00ed i <strong data-start=\"351\" data-end=\"369\">no\u010dn\u00ed zast\u00e1vka<\/strong>. A\u0165 u\u017e p\u0159ich\u00e1z\u00edte z <strong data-start=\"398\" data-end=\"441\">K\u00e1hira, Luxor, Hurghada nebo jin\u00e9 m\u011bsto<\/strong>, zaji\u0161\u0165ujeme <strong data-start=\"455\" data-end=\"500\">elegantn\u00ed cestov\u00e1n\u00ed bez stresu<\/strong>.<\/p>\n<h4 data-start=\"505\" data-end=\"538\">\ud83c\udfc1 Pr\u00e9miov\u00e1 slu\u017eba vyzvednut\u00ed<\/h4>\n<ul data-start=\"539\" data-end=\"668\">\n<li data-start=\"539\" data-end=\"607\">\n<p data-start=\"541\" data-end=\"607\">\ud83c\udfe8 <strong data-start=\"544\" data-end=\"571\">Svoz od dve\u0159\u00ed ke dve\u0159\u00edm<\/strong> z va\u0161eho m\u011bsta, hotelu nebo leti\u0161t\u011b<\/p>\n<\/li>\n<li data-start=\"608\" data-end=\"668\">\n<p data-start=\"610\" data-end=\"668\">\u23f0 <strong data-start=\"612\" data-end=\"640\">Flexibiln\u00ed \u010dasy odjezd\u016f<\/strong> aby vyhovoval va\u0161im cestovn\u00edm pl\u00e1n\u016fm<\/p>\n<\/li>\n<\/ul>\n<h4 data-start=\"670\" data-end=\"708\">\ud83d\ude98 Vlastnosti luxusn\u00ed limuz\u00edny<\/h4>\n<p data-start=\"709\" data-end=\"741\">U\u017eijte si prvot\u0159\u00eddn\u00ed j\u00edzdu s:<\/p>\n<ul data-start=\"742\" data-end=\"911\">\n<li data-start=\"742\" data-end=\"796\">\n<p data-start=\"744\" data-end=\"796\">\ud83e\ude91 <strong data-start=\"747\" data-end=\"794\">Pr\u00e9miov\u00e1 ko\u017een\u00e1 sedadla a prostorn\u00fd interi\u00e9r<\/strong><\/p>\n<\/li>\n<li data-start=\"797\" data-end=\"854\">\n<p data-start=\"799\" data-end=\"854\">\u2744\ufe0f <strong data-start=\"802\" data-end=\"831\">Pokro\u010dil\u00e1 klimatizace<\/strong> pro maxim\u00e1ln\u00ed pohodl\u00ed<\/p>\n<\/li>\n<li data-start=\"855\" data-end=\"911\">\n<p data-start=\"857\" data-end=\"911\">\ud83d\udcbc <strong data-start=\"860\" data-end=\"889\">Velk\u00fd objem zavazadlov\u00e9ho prostoru<\/strong> pro va\u0161e v\u011bci<\/p>\n<\/li>\n<\/ul>\n<h4 data-start=\"913\" data-end=\"947\">\ud83d\udee3\ufe0f Nocleh v cen\u011b<\/h4>\n<ul data-start=\"948\" data-end=\"1124\">\n<li data-start=\"948\" data-end=\"1011\">\n<p data-start=\"950\" data-end=\"1011\">\ud83c\udfe8 <strong data-start=\"953\" data-end=\"993\">P\u0159edem domluven\u00e9 p\u0159enocov\u00e1n\u00ed<\/strong> na trase<\/p>\n<\/li>\n<li data-start=\"1012\" data-end=\"1060\">\n<p data-start=\"1014\" data-end=\"1060\">\ud83c\udf7d\ufe0f <strong data-start=\"1018\" data-end=\"1058\">Voliteln\u00e9 bal\u00ed\u010dky ve\u010de\u0159e a sn\u00eddan\u011b<\/strong><\/p>\n<\/li>\n<li data-start=\"1061\" data-end=\"1124\">\n<p data-start=\"1063\" data-end=\"1124\">\u23f3 Ide\u00e1ln\u00ed pro <strong data-start=\"1075\" data-end=\"1122\">cestuj\u00edc\u00ed na dlouh\u00e9 vzd\u00e1lenosti, kte\u0159\u00ed pot\u0159ebuj\u00ed p\u0159est\u00e1vky na odpo\u010dinek.<\/strong><\/p>\n<\/li>\n<\/ul>\n<h4 data-start=\"1126\" data-end=\"1163\">\ud83e\uddd1\u200d\u2708\ufe0f Slu\u017eba s \u0159idi\u010dem<\/h4>\n<ul data-start=\"1164\" data-end=\"1290\">\n<li data-start=\"1164\" data-end=\"1226\">\n<p data-start=\"1166\" data-end=\"1226\">\ud83d\udc68\u200d\u2708\ufe0f <strong data-start=\"1172\" data-end=\"1224\">Profesion\u00e1ln\u00ed, licencovan\u00ed a zdvo\u0159il\u00ed \u0159idi\u010di<\/strong><\/p>\n<\/li>\n<li data-start=\"1227\" data-end=\"1290\">\n<p data-start=\"1229\" data-end=\"1290\">\ud83d\udee1\ufe0f Zam\u011b\u0159eno na <strong data-start=\"1244\" data-end=\"1288\">bezpe\u010dnost, p\u0159esnost a \u0161pi\u010dkov\u00e9 slu\u017eby<\/strong><\/p>\n<\/li>\n<\/ul>\n<h4 data-start=\"1292\" data-end=\"1331\">\ud83c\udfc1 Elegantn\u00ed p\u0159\u00edjezd do Marsa Alam<\/h4>\n<p data-start=\"1332\" data-end=\"1491\">Probu\u010fte se odpo\u010dat\u00ed a pokra\u010dujte v cest\u011b do Marsa Alam, kde v\u00e1s \u010dek\u00e1 <strong data-start=\"1409\" data-end=\"1471\">vysazen\u00ed v hotelu, letovisku nebo na libovoln\u00e9m m\u00edst\u011b.<\/strong> v naprost\u00e9m pohodl\u00ed.<\/p>\n<h3 data-start=\"2198\" data-end=\"2225\"><strong data-start=\"2205\" data-end=\"2223\">Platba v USD ($ \ud83c\uddfa\ud83c\uddf8) m\u00edsto v EUR (\u20ac \ud83c\uddea\ud83c\uddfa) je mo\u017en\u00e1 podle denn\u00edho kurzu banky.<\/strong><\/h3>\n<p><strong>Kniha p\u0159es WhatsApp:<\/strong><\/p>\n<p><a href=\"https:\/\/wa.me\/201021058859\" target=\"_blank\" rel=\"noopener\">\u00a0<img decoding=\"async\" class=\"alignnone wp-image-2058\" src=\"https:\/\/poehalisnamiegypt.com\/wp-content\/uploads\/2024\/02\/pngwing.com_-300x300.png\" sizes=\"auto, (max-width: 35px) 100vw, 35px\" srcset=\"https:\/\/poehalisnamiegypt.com\/wp-content\/uploads\/2024\/02\/pngwing.com_-300x300.png 300w, https:\/\/poehalisnamiegypt.com\/wp-content\/uploads\/2024\/02\/pngwing.com_-150x150.png 150w, https:\/\/poehalisnamiegypt.com\/wp-content\/uploads\/2024\/02\/pngwing.com_.png 584w\" alt=\"\" width=\"53\" height=\"53\" \/><\/a><\/p>\n<p>&nbsp;<\/p>","protected":false},"excerpt":{"rendered":"<p>\ud83d\ude96 Marsa Alam Transfer with Overnight Stay by Limousine Travel to Marsa Alam in luxury, comfort, and style with our exclusive limousine transfer service, specially designed for long journeys that include an overnight stop. Whether you&#8217;re coming from Cairo, Luxor, Hurghada, or another city, we ensure a stress-free and elegant travel experience. \ud83c\udfc1 Premium Pick-Up [&hellip;]<\/p>\n","protected":false},"featured_media":9746,"comment_status":"open","ping_status":"closed","template":"","meta":{"_monsterinsights_skip_tracking":false,"_monsterinsights_sitenote_active":false,"_monsterinsights_sitenote_note":"","_monsterinsights_sitenote_category":0,"_mbp_gutenberg_autopost":false},"product_brand":[],"product_cat":[63],"product_tag":[],"class_list":{"0":"post-9606","1":"product","2":"type-product","3":"status-publish","4":"has-post-thumbnail","6":"product_cat-transfer","8":"first","9":"instock","10":"shipping-taxable","11":"purchasable","12":"product-type-ovabrw_car_rental"},"_links":{"self":[{"href":"https:\/\/redsea-dream-tours.net\/cs\/wp-json\/wp\/v2\/product\/9606","targetHints":{"allow":["GET"]}}],"collection":[{"href":"https:\/\/redsea-dream-tours.net\/cs\/wp-json\/wp\/v2\/product"}],"about":[{"href":"https:\/\/redsea-dream-tours.net\/cs\/wp-json\/wp\/v2\/types\/product"}],"replies":[{"embeddable":true,"href":"https:\/\/redsea-dream-tours.net\/cs\/wp-json\/wp\/v2\/comments?post=9606"}],"wp:featuredmedia":[{"embeddable":true,"href":"https:\/\/redsea-dream-tours.net\/cs\/wp-json\/wp\/v2\/media\/9746"}],"wp:attachment":[{"href":"https:\/\/redsea-dream-tours.net\/cs\/wp-json\/wp\/v2\/media?parent=9606"}],"wp:term":[{"taxonomy":"product_brand","embeddable":true,"href":"https:\/\/redsea-dream-tours.net\/cs\/wp-json\/wp\/v2\/product_brand?post=9606"},{"taxonomy":"product_cat","embeddable":true,"href":"https:\/\/redsea-dream-tours.net\/cs\/wp-json\/wp\/v2\/product_cat?post=9606"},{"taxonomy":"product_tag","embeddable":true,"href":"https:\/\/redsea-dream-tours.net\/cs\/wp-json\/wp\/v2\/product_tag?post=9606"}],"curies":[{"name":"wp","href":"https:\/\/api.w.org\/{rel}","templated":true}]}}