{"id":9642,"date":"2026-03-01T20:22:00","date_gmt":"2026-03-01T20:22:00","guid":{"rendered":"https:\/\/redsea-dream-tours.net\/?post_type=product&#038;p=9642"},"modified":"2026-03-01T20:23:06","modified_gmt":"2026-03-01T20:23:06","slug":"hurghada-airport-transfer-limousine","status":"publish","type":"product","link":"https:\/\/redsea-dream-tours.net\/cs\/produkt\/hurghada-airport-transfer-limousine\/","title":{"rendered":"Limuz\u00edna Hurghada Airport Transfer"},"content":{"rendered":"<h3 data-start=\"118\" data-end=\"165\">\ud83d\ude96 Transfer z leti\u0161t\u011b Hurghada limuz\u00ednou<\/h3>\n<p data-start=\"167\" data-end=\"384\">Cestov\u00e1n\u00ed v <strong data-start=\"177\" data-end=\"207\">luxus, pohodl\u00ed a styl<\/strong> s na\u0161\u00edm pr\u00e9miov\u00fdm <strong data-start=\"225\" data-end=\"272\">Transfer limuz\u00ednou z leti\u0161t\u011b Hurghada<\/strong>. A\u0165 u\u017e p\u0159ij\u00ed\u017ed\u00edte, nebo odj\u00ed\u017ed\u00edte, zajist\u00edme v\u00e1m. <strong data-start=\"324\" data-end=\"358\">plynul\u00e1 a bezstresov\u00e1 cesta<\/strong> na m\u00edru va\u0161im pot\u0159eb\u00e1m.<\/p>\n<h4 data-start=\"386\" data-end=\"423\">\ud83c\udfc1 Bezprobl\u00e9mov\u00e9 vyzvednut\u00ed a p\u0159ed\u00e1n\u00ed zbo\u017e\u00ed<\/h4>\n<ul data-start=\"424\" data-end=\"615\">\n<li data-start=\"424\" data-end=\"493\">\n<p data-start=\"426\" data-end=\"493\">\ud83c\udfe8 <strong data-start=\"429\" data-end=\"453\">Slu\u017eba od dve\u0159\u00ed ke dve\u0159\u00edm<\/strong> z va\u0161eho hotelu, letoviska nebo rezidence<\/p>\n<\/li>\n<li data-start=\"494\" data-end=\"559\">\n<p data-start=\"496\" data-end=\"559\">\u2708\ufe0f <strong data-start=\"499\" data-end=\"557\">P\u0159\u00edm\u00fd transfer na mezin\u00e1rodn\u00ed leti\u0161t\u011b Hurghada a zp\u011bt<\/strong><\/p>\n<\/li>\n<li data-start=\"560\" data-end=\"615\">\n<p data-start=\"562\" data-end=\"615\">\u23f0 <strong data-start=\"564\" data-end=\"587\">Flexibiln\u00ed pl\u00e1nov\u00e1n\u00ed<\/strong> aby odpov\u00eddal dob\u011b letu<\/p>\n<\/li>\n<\/ul>\n<h4 data-start=\"617\" data-end=\"651\">\ud83d\ude98 Luxusn\u00ed limuz\u00edna Comfort<\/h4>\n<p data-start=\"652\" data-end=\"691\">U\u017eijte si dokonal\u00fd z\u00e1\u017eitek z cestov\u00e1n\u00ed:<\/p>\n<ul data-start=\"692\" data-end=\"836\">\n<li data-start=\"692\" data-end=\"745\">\n<p data-start=\"694\" data-end=\"745\">\ud83e\ude91 <strong data-start=\"697\" data-end=\"743\">Pr\u00e9miov\u00e1 ko\u017een\u00e1 sedadla s v\u011bt\u0161\u00edm prostorem pro nohy<\/strong><\/p>\n<\/li>\n<li data-start=\"746\" data-end=\"784\">\n<p data-start=\"748\" data-end=\"784\">\u2744\ufe0f <strong data-start=\"751\" data-end=\"782\">Pln\u011b klimatizovan\u00e1 kabina<\/strong><\/p>\n<\/li>\n<li data-start=\"785\" data-end=\"836\">\n<p data-start=\"787\" data-end=\"836\">\ud83d\udcbc <strong data-start=\"790\" data-end=\"816\">Dostate\u010dn\u00e1 kapacita zavazadlov\u00e9ho prostoru<\/strong> pro v\u0161echna va\u0161e zavazadla<\/p>\n<\/li>\n<\/ul>\n<h4 data-start=\"838\" data-end=\"878\">\ud83d\udee3\ufe0f Ide\u00e1ln\u00ed pro jak\u00fdkoli typ p\u0159enosu<\/h4>\n<ul data-start=\"879\" data-end=\"1034\">\n<li data-start=\"879\" data-end=\"931\">\n<p data-start=\"881\" data-end=\"931\">\ud83d\udeec <strong data-start=\"884\" data-end=\"929\">Vyzvednut\u00ed p\u0159i p\u0159\u00edjezdu se slu\u017ebou meet &amp; greet<\/strong><\/p>\n<\/li>\n<li data-start=\"932\" data-end=\"992\">\n<p data-start=\"934\" data-end=\"992\">\ud83d\udeeb <strong data-start=\"937\" data-end=\"990\">Odjezd s garanc\u00ed v\u010dasn\u00e9ho p\u0159\u00edjezdu<\/strong><\/p>\n<\/li>\n<li data-start=\"993\" data-end=\"1034\">\n<p data-start=\"995\" data-end=\"1034\">\ud83d\udd04 <strong data-start=\"998\" data-end=\"1032\">K dispozici jsou zp\u00e1te\u010dn\u00ed transfery<\/strong><\/p>\n<\/li>\n<\/ul>\n<h4 data-start=\"1036\" data-end=\"1079\">\ud83e\uddd1\u200d\u2708\ufe0f Profesion\u00e1ln\u00ed slu\u017eby \u0159idi\u010de<\/h4>\n<ul data-start=\"1080\" data-end=\"1198\">\n<li data-start=\"1080\" data-end=\"1139\">\n<p data-start=\"1082\" data-end=\"1139\">\ud83d\udc68\u200d\u2708\ufe0f <strong data-start=\"1088\" data-end=\"1137\">Dob\u0159e vy\u0161kolen\u00ed, licencovan\u00ed a zdvo\u0159il\u00ed \u0159idi\u010di<\/strong><\/p>\n<\/li>\n<li data-start=\"1140\" data-end=\"1198\">\n<p data-start=\"1142\" data-end=\"1198\">\ud83d\udee1\ufe0f Zam\u011b\u0159eno na <strong data-start=\"1157\" data-end=\"1196\">dochvilnost, bezpe\u010dnost a diskr\u00e9tnost<\/strong><\/p>\n<\/li>\n<\/ul>\n<h4 data-start=\"1200\" data-end=\"1244\">\ud83c\udfc1 Za\u010dn\u011bte nebo ukon\u010dete svou cestu stylov\u011b<\/h4>\n<p data-start=\"1245\" data-end=\"1353\">P\u0159esko\u010dte pot\u00ed\u017ee s b\u011b\u017en\u00fdmi p\u0159evody a <strong data-start=\"1287\" data-end=\"1350\">dorazit do c\u00edle sv\u011b\u017e\u00ed, odpo\u010dat\u00ed a stylov\u00ed.<\/strong>.<\/p>\n<h3 data-start=\"2198\" data-end=\"2225\"><strong data-start=\"2205\" data-end=\"2223\">Platba v USD ($ \ud83c\uddfa\ud83c\uddf8) m\u00edsto v EUR (\u20ac \ud83c\uddea\ud83c\uddfa) je mo\u017en\u00e1 podle denn\u00edho kurzu banky.<\/strong><\/h3>\n<p><strong>Kniha p\u0159es WhatsApp:<\/strong><\/p>\n<p><a href=\"https:\/\/wa.me\/201021058859\" target=\"_blank\" rel=\"noopener\">\u00a0<img decoding=\"async\" class=\"alignnone wp-image-2058\" src=\"https:\/\/poehalisnamiegypt.com\/wp-content\/uploads\/2024\/02\/pngwing.com_-300x300.png\" sizes=\"auto, (max-width: 35px) 100vw, 35px\" srcset=\"https:\/\/poehalisnamiegypt.com\/wp-content\/uploads\/2024\/02\/pngwing.com_-300x300.png 300w, https:\/\/poehalisnamiegypt.com\/wp-content\/uploads\/2024\/02\/pngwing.com_-150x150.png 150w, https:\/\/poehalisnamiegypt.com\/wp-content\/uploads\/2024\/02\/pngwing.com_.png 584w\" alt=\"\" width=\"53\" height=\"53\" \/><\/a><\/p>","protected":false},"excerpt":{"rendered":"<p>\ud83d\ude96 Hurghada Airport Transfer by Limousine Travel in luxury, comfort, and style with our premium Hurghada Airport limousine transfer service. Whether you&#8217;re arriving or departing, we ensure a smooth and stress-free journey tailored to your needs. \ud83c\udfc1 Seamless Pick-Up &amp; Drop-Off \ud83c\udfe8 Door-to-door service from your hotel, resort, or residence \u2708\ufe0f Direct transfer to\/from Hurghada [&hellip;]<\/p>\n","protected":false},"featured_media":9734,"comment_status":"open","ping_status":"closed","template":"","meta":{"_monsterinsights_skip_tracking":false,"_monsterinsights_sitenote_active":false,"_monsterinsights_sitenote_note":"","_monsterinsights_sitenote_category":0,"_mbp_gutenberg_autopost":false},"product_brand":[],"product_cat":[63],"product_tag":[],"class_list":{"0":"post-9642","1":"product","2":"type-product","3":"status-publish","4":"has-post-thumbnail","6":"product_cat-transfer","8":"first","9":"instock","10":"shipping-taxable","11":"purchasable","12":"product-type-ovabrw_car_rental"},"_links":{"self":[{"href":"https:\/\/redsea-dream-tours.net\/cs\/wp-json\/wp\/v2\/product\/9642","targetHints":{"allow":["GET"]}}],"collection":[{"href":"https:\/\/redsea-dream-tours.net\/cs\/wp-json\/wp\/v2\/product"}],"about":[{"href":"https:\/\/redsea-dream-tours.net\/cs\/wp-json\/wp\/v2\/types\/product"}],"replies":[{"embeddable":true,"href":"https:\/\/redsea-dream-tours.net\/cs\/wp-json\/wp\/v2\/comments?post=9642"}],"wp:featuredmedia":[{"embeddable":true,"href":"https:\/\/redsea-dream-tours.net\/cs\/wp-json\/wp\/v2\/media\/9734"}],"wp:attachment":[{"href":"https:\/\/redsea-dream-tours.net\/cs\/wp-json\/wp\/v2\/media?parent=9642"}],"wp:term":[{"taxonomy":"product_brand","embeddable":true,"href":"https:\/\/redsea-dream-tours.net\/cs\/wp-json\/wp\/v2\/product_brand?post=9642"},{"taxonomy":"product_cat","embeddable":true,"href":"https:\/\/redsea-dream-tours.net\/cs\/wp-json\/wp\/v2\/product_cat?post=9642"},{"taxonomy":"product_tag","embeddable":true,"href":"https:\/\/redsea-dream-tours.net\/cs\/wp-json\/wp\/v2\/product_tag?post=9642"}],"curies":[{"name":"wp","href":"https:\/\/api.w.org\/{rel}","templated":true}]}}