{"id":9643,"date":"2026-03-01T20:22:00","date_gmt":"2026-03-01T20:22:00","guid":{"rendered":"https:\/\/redsea-dream-tours.net\/?post_type=product&#038;p=9643"},"modified":"2026-03-01T20:23:06","modified_gmt":"2026-03-01T20:23:06","slug":"external-airport-transfer-el-gouna-makadi-sahl-hasheesh-by-hiace-car","status":"publish","type":"product","link":"https:\/\/redsea-dream-tours.net\/cs\/produkt\/external-airport-transfer-el-gouna-makadi-sahl-hasheesh-by-hiace-car\/","title":{"rendered":"Extern\u00ed transfer z leti\u0161t\u011b (El Gouna, Makadi, Sahl Hasheesh) vozem Hiace"},"content":{"rendered":"<h3 data-start=\"154\" data-end=\"235\">\u2708\ufe0f Extern\u00ed transfer z leti\u0161t\u011b (El Gouna, Makadi, Sahl Hasheesh) vozem Hiace<\/h3>\n<p data-start=\"237\" data-end=\"529\">U\u017eijte si <strong data-start=\"245\" data-end=\"296\">pohodln\u00fd, spolehliv\u00fd a bezstresov\u00fd p\u0159enos<\/strong> mezi <strong data-start=\"305\" data-end=\"339\">Mezin\u00e1rodn\u00ed leti\u0161t\u011b Hurghada<\/strong> a nejobl\u00edben\u011bj\u0161\u00ed letoviska v okol\u00ed: <strong data-start=\"377\" data-end=\"420\">El Gouna, Makadi Bay a Sahl Hasheesh<\/strong>. Na\u0161e <strong data-start=\"426\" data-end=\"450\">Servis voz\u016f Toyota Hiace<\/strong> je ide\u00e1ln\u00ed volbou pro rodiny, skupiny nebo cestuj\u00edc\u00ed s dal\u0161\u00edmi zavazadly.<\/p>\n<h4 data-start=\"531\" data-end=\"564\">\ud83c\udfc1 Snadn\u00e9 vyzvednut\u00ed a odevzd\u00e1n\u00ed zbo\u017e\u00ed<\/h4>\n<ul data-start=\"565\" data-end=\"730\">\n<li data-start=\"565\" data-end=\"622\">\n<p data-start=\"567\" data-end=\"622\">\ud83c\udfe8 <strong data-start=\"570\" data-end=\"594\">Slu\u017eba od dve\u0159\u00ed ke dve\u0159\u00edm<\/strong> z va\u0161eho letoviska nebo hotelu<\/p>\n<\/li>\n<li data-start=\"623\" data-end=\"674\">\n<p data-start=\"625\" data-end=\"674\">\u2708\ufe0f <strong data-start=\"628\" data-end=\"672\">P\u0159\u00edm\u00fd transfer z leti\u0161t\u011b Hurghada<\/strong><\/p>\n<\/li>\n<li data-start=\"675\" data-end=\"730\">\n<p data-start=\"677\" data-end=\"730\">\u23f0 <strong data-start=\"679\" data-end=\"698\">Flexibiln\u00ed na\u010dasov\u00e1n\u00ed<\/strong> aby odpov\u00eddala va\u0161emu letov\u00e9mu \u0159\u00e1du<\/p>\n<\/li>\n<\/ul>\n<h4 data-start=\"732\" data-end=\"770\">\ud83d\ude90 Prostorn\u00fd a pohodln\u00fd Hiace<\/h4>\n<ul data-start=\"771\" data-end=\"953\">\n<li data-start=\"771\" data-end=\"831\">\n<p data-start=\"773\" data-end=\"831\">\ud83e\ude91 <strong data-start=\"776\" data-end=\"799\">A\u017e 10 cestuj\u00edc\u00edch<\/strong> - ide\u00e1ln\u00ed pro rodiny a skupiny<\/p>\n<\/li>\n<li data-start=\"832\" data-end=\"896\">\n<p data-start=\"834\" data-end=\"896\">\u2744\ufe0f <strong data-start=\"837\" data-end=\"865\">Klimatizovan\u00fd interi\u00e9r<\/strong> pro pohodovou a relaxa\u010dn\u00ed j\u00edzdu<\/p>\n<\/li>\n<li data-start=\"897\" data-end=\"953\">\n<p data-start=\"899\" data-end=\"953\">\ud83d\udcbc <strong data-start=\"902\" data-end=\"928\">Velkorys\u00fd zavazadlov\u00fd prostor<\/strong> pro kufry a ta\u0161ky<\/p>\n<\/li>\n<\/ul>\n<h4 data-start=\"955\" data-end=\"992\">\ud83d\udee3\ufe0f Obsluhuj\u00edc\u00ed hlavn\u00ed destinace<\/h4>\n<ul data-start=\"993\" data-end=\"1091\">\n<li data-start=\"993\" data-end=\"1023\">\n<p data-start=\"995\" data-end=\"1023\">\ud83c\udfdd\ufe0f <strong data-start=\"999\" data-end=\"1021\">Transfery z El Gouny<\/strong><\/p>\n<\/li>\n<li data-start=\"1024\" data-end=\"1056\">\n<p data-start=\"1026\" data-end=\"1056\">\ud83c\udfd6\ufe0f <strong data-start=\"1030\" data-end=\"1054\">Transfery z Makadi Bay<\/strong><\/p>\n<\/li>\n<li data-start=\"1057\" data-end=\"1091\">\n<p data-start=\"1059\" data-end=\"1091\">\ud83c\udf05 <strong data-start=\"1062\" data-end=\"1089\">P\u0159evody Sahl Hasheesh<\/strong><\/p>\n<\/li>\n<\/ul>\n<h4 data-start=\"1093\" data-end=\"1133\">\ud83e\uddd1\u200d\u2708\ufe0f Profesion\u00e1ln\u00ed a bezpe\u010dn\u00fd servis<\/h4>\n<ul data-start=\"1134\" data-end=\"1233\">\n<li data-start=\"1134\" data-end=\"1177\">\n<p data-start=\"1136\" data-end=\"1177\">\ud83d\udc68\u200d\u2708\ufe0f <strong data-start=\"1142\" data-end=\"1175\">Zku\u0161en\u00ed \u0159idi\u010di s licenc\u00ed<\/strong><\/p>\n<\/li>\n<li data-start=\"1178\" data-end=\"1233\">\n<p data-start=\"1180\" data-end=\"1233\">\ud83d\udee1\ufe0f Zam\u011b\u0159eno na <strong data-start=\"1195\" data-end=\"1231\">p\u0159esnost, bezpe\u010dnost a pohodl\u00ed<\/strong><\/p>\n<\/li>\n<\/ul>\n<h4 data-start=\"1235\" data-end=\"1276\">\ud83c\udfc1 Hladk\u00fd za\u010d\u00e1tek nebo konec cesty<\/h4>\n<p data-start=\"1277\" data-end=\"1395\">Uvoln\u011bte se a u\u017eijte si dovolenou od prvn\u00edho okam\u017eiku s <strong data-start=\"1341\" data-end=\"1392\">bezprobl\u00e9mov\u00fd p\u0159enos, kter\u00fd zaji\u0161\u0165uje klid na du\u0161i.<\/strong>.<\/p>\n<h3 data-start=\"2198\" data-end=\"2225\"><strong data-start=\"2205\" data-end=\"2223\">Platba v USD ($ \ud83c\uddfa\ud83c\uddf8) m\u00edsto v EUR (\u20ac \ud83c\uddea\ud83c\uddfa) je mo\u017en\u00e1 podle denn\u00edho kurzu banky.<\/strong><\/h3>\n<p><strong>Kniha p\u0159es WhatsApp:<\/strong><\/p>\n<p><a href=\"https:\/\/wa.me\/201021058859\" target=\"_blank\" rel=\"noopener\">\u00a0<img decoding=\"async\" class=\"alignnone wp-image-2058\" src=\"https:\/\/poehalisnamiegypt.com\/wp-content\/uploads\/2024\/02\/pngwing.com_-300x300.png\" sizes=\"auto, (max-width: 35px) 100vw, 35px\" srcset=\"https:\/\/poehalisnamiegypt.com\/wp-content\/uploads\/2024\/02\/pngwing.com_-300x300.png 300w, https:\/\/poehalisnamiegypt.com\/wp-content\/uploads\/2024\/02\/pngwing.com_-150x150.png 150w, https:\/\/poehalisnamiegypt.com\/wp-content\/uploads\/2024\/02\/pngwing.com_.png 584w\" alt=\"\" width=\"53\" height=\"53\" \/><\/a><\/p>\n<p>&nbsp;<\/p>","protected":false},"excerpt":{"rendered":"<p>\u2708\ufe0f External Airport Transfer (El Gouna, Makadi, Sahl Hasheesh) by Hiace Car Enjoy a comfortable, reliable, and stress-free transfer between Hurghada International Airport and the most popular nearby resorts: El Gouna, Makadi Bay, and Sahl Hasheesh. Our Toyota Hiace service is the perfect choice for families, groups, or travelers with extra luggage. \ud83c\udfc1 Easy Pick-Up [&hellip;]<\/p>\n","protected":false},"featured_media":9730,"comment_status":"open","ping_status":"closed","template":"","meta":{"_monsterinsights_skip_tracking":false,"_monsterinsights_sitenote_active":false,"_monsterinsights_sitenote_note":"","_monsterinsights_sitenote_category":0,"_mbp_gutenberg_autopost":false},"product_brand":[],"product_cat":[63],"product_tag":[],"class_list":{"0":"post-9643","1":"product","2":"type-product","3":"status-publish","4":"has-post-thumbnail","6":"product_cat-transfer","8":"first","9":"instock","10":"shipping-taxable","11":"purchasable","12":"product-type-ovabrw_car_rental"},"_links":{"self":[{"href":"https:\/\/redsea-dream-tours.net\/cs\/wp-json\/wp\/v2\/product\/9643","targetHints":{"allow":["GET"]}}],"collection":[{"href":"https:\/\/redsea-dream-tours.net\/cs\/wp-json\/wp\/v2\/product"}],"about":[{"href":"https:\/\/redsea-dream-tours.net\/cs\/wp-json\/wp\/v2\/types\/product"}],"replies":[{"embeddable":true,"href":"https:\/\/redsea-dream-tours.net\/cs\/wp-json\/wp\/v2\/comments?post=9643"}],"wp:featuredmedia":[{"embeddable":true,"href":"https:\/\/redsea-dream-tours.net\/cs\/wp-json\/wp\/v2\/media\/9730"}],"wp:attachment":[{"href":"https:\/\/redsea-dream-tours.net\/cs\/wp-json\/wp\/v2\/media?parent=9643"}],"wp:term":[{"taxonomy":"product_brand","embeddable":true,"href":"https:\/\/redsea-dream-tours.net\/cs\/wp-json\/wp\/v2\/product_brand?post=9643"},{"taxonomy":"product_cat","embeddable":true,"href":"https:\/\/redsea-dream-tours.net\/cs\/wp-json\/wp\/v2\/product_cat?post=9643"},{"taxonomy":"product_tag","embeddable":true,"href":"https:\/\/redsea-dream-tours.net\/cs\/wp-json\/wp\/v2\/product_tag?post=9643"}],"curies":[{"name":"wp","href":"https:\/\/api.w.org\/{rel}","templated":true}]}}