{"id":9644,"date":"2026-03-01T20:22:00","date_gmt":"2026-03-01T20:22:00","guid":{"rendered":"https:\/\/redsea-dream-tours.net\/?post_type=product&#038;p=9644"},"modified":"2026-03-01T20:23:06","modified_gmt":"2026-03-01T20:23:06","slug":"external-airport-transfer-el-gouna-makadi-sahl-hasheesh-limousine","status":"publish","type":"product","link":"https:\/\/redsea-dream-tours.net\/cs\/produkt\/external-airport-transfer-el-gouna-makadi-sahl-hasheesh-limousine\/","title":{"rendered":"Extern\u00ed leti\u0161tn\u00ed transfer (El Gouna, Makadi, Sahl Hasheesh) Limuz\u00edna"},"content":{"rendered":"<h3 data-start=\"144\" data-end=\"225\">\ud83d\ude96 Extern\u00ed transfer z leti\u0161t\u011b (El Gouna, Makadi, Sahl Hasheesh) limuz\u00ednou<\/h3>\n<p data-start=\"227\" data-end=\"517\">Cestov\u00e1n\u00ed v <strong data-start=\"237\" data-end=\"267\">luxus, styl a pohodl\u00ed<\/strong> mezi <strong data-start=\"276\" data-end=\"310\">Mezin\u00e1rodn\u00ed leti\u0161t\u011b Hurghada<\/strong> a nejlep\u0161\u00edch destinac\u00ed v okol\u00ed: <strong data-start=\"344\" data-end=\"387\">El Gouna, Makadi Bay a Sahl Hasheesh<\/strong>. Na\u0161e <strong data-start=\"393\" data-end=\"423\">limuz\u00ednov\u00e1 p\u0159eprava<\/strong> nab\u00edz\u00ed <strong data-start=\"433\" data-end=\"475\">bezprobl\u00e9mov\u00e9 a elegantn\u00ed cestov\u00e1n\u00ed<\/strong> pro jednotlivce, p\u00e1ry a rodiny.<\/p>\n<h4 data-start=\"519\" data-end=\"558\">\ud83c\udfc1 Pohodln\u00e9 vyzvednut\u00ed a p\u0159ed\u00e1n\u00ed zbo\u017e\u00ed<\/h4>\n<ul data-start=\"559\" data-end=\"724\">\n<li data-start=\"559\" data-end=\"616\">\n<p data-start=\"561\" data-end=\"616\">\ud83c\udfe8 <strong data-start=\"564\" data-end=\"588\">Slu\u017eba od dve\u0159\u00ed ke dve\u0159\u00edm<\/strong> z va\u0161eho hotelu nebo letoviska<\/p>\n<\/li>\n<li data-start=\"617\" data-end=\"668\">\n<p data-start=\"619\" data-end=\"668\">\u2708\ufe0f <strong data-start=\"622\" data-end=\"666\">P\u0159\u00edm\u00fd transfer z leti\u0161t\u011b Hurghada<\/strong><\/p>\n<\/li>\n<li data-start=\"669\" data-end=\"724\">\n<p data-start=\"671\" data-end=\"724\">\u23f0 <strong data-start=\"673\" data-end=\"694\">Flexibiln\u00ed rozvrh<\/strong> aby vyhovoval va\u0161im letov\u00fdm \u010das\u016fm<\/p>\n<\/li>\n<\/ul>\n<h4 data-start=\"726\" data-end=\"761\">\ud83d\ude98 Vlastnosti luxusn\u00ed limuz\u00edny<\/h4>\n<ul data-start=\"762\" data-end=\"937\">\n<li data-start=\"762\" data-end=\"816\">\n<p data-start=\"764\" data-end=\"816\">\ud83e\ude91 <strong data-start=\"767\" data-end=\"814\">Pr\u00e9miov\u00e1 ko\u017een\u00e1 sedadla a prostorn\u00fd interi\u00e9r<\/strong><\/p>\n<\/li>\n<li data-start=\"817\" data-end=\"878\">\n<p data-start=\"819\" data-end=\"878\">\u2744\ufe0f <strong data-start=\"822\" data-end=\"876\">Pln\u011b klimatizovan\u00e1 kabina pro p\u0159\u00edjemnou cestu<\/strong><\/p>\n<\/li>\n<li data-start=\"879\" data-end=\"937\">\n<p data-start=\"881\" data-end=\"937\">\ud83d\udcbc <strong data-start=\"884\" data-end=\"910\">Dostate\u010dn\u00e1 kapacita zavazadlov\u00e9ho prostoru<\/strong> pro v\u0161echna va\u0161e cestovn\u00ed zavazadla<\/p>\n<\/li>\n<\/ul>\n<h4 data-start=\"939\" data-end=\"977\">\ud83d\udee3\ufe0f Obsluha presti\u017en\u00edch letovisek<\/h4>\n<ul data-start=\"978\" data-end=\"1076\">\n<li data-start=\"978\" data-end=\"1008\">\n<p data-start=\"980\" data-end=\"1008\">\ud83c\udfdd\ufe0f <strong data-start=\"984\" data-end=\"1006\">Transfery z El Gouny<\/strong><\/p>\n<\/li>\n<li data-start=\"1009\" data-end=\"1041\">\n<p data-start=\"1011\" data-end=\"1041\">\ud83c\udfd6\ufe0f <strong data-start=\"1015\" data-end=\"1039\">Transfery z Makadi Bay<\/strong><\/p>\n<\/li>\n<li data-start=\"1042\" data-end=\"1076\">\n<p data-start=\"1044\" data-end=\"1076\">\ud83c\udf05 <strong data-start=\"1047\" data-end=\"1074\">P\u0159evody Sahl Hasheesh<\/strong><\/p>\n<\/li>\n<\/ul>\n<h4 data-start=\"1078\" data-end=\"1121\">\ud83e\uddd1\u200d\u2708\ufe0f Profesion\u00e1ln\u00ed slu\u017eby \u0159idi\u010de<\/h4>\n<ul data-start=\"1122\" data-end=\"1248\">\n<li data-start=\"1122\" data-end=\"1184\">\n<p data-start=\"1124\" data-end=\"1184\">\ud83d\udc68\u200d\u2708\ufe0f <strong data-start=\"1130\" data-end=\"1182\">Dob\u0159e vy\u0161kolen\u00ed, licencovan\u00ed a zdvo\u0159il\u00ed \u0159idi\u010di<\/strong><\/p>\n<\/li>\n<li data-start=\"1185\" data-end=\"1248\">\n<p data-start=\"1187\" data-end=\"1248\">\ud83d\udee1\ufe0f Zam\u011b\u0159eno na <strong data-start=\"1202\" data-end=\"1246\">bezpe\u010dnost, p\u0159esnost a \u0161pi\u010dkov\u00e9 slu\u017eby<\/strong><\/p>\n<\/li>\n<\/ul>\n<h4 data-start=\"1250\" data-end=\"1294\">\ud83c\udfc1 Za\u010dn\u011bte nebo ukon\u010dete svou cestu stylov\u011b<\/h4>\n<p data-start=\"1295\" data-end=\"1414\">Za\u010dn\u011bte svou dovolenou s eleganc\u00ed nebo odj\u00ed\u017ed\u011bjte s trval\u00fdm komfortem, kdy\u017e si vyberete n\u00e1\u0161 <strong data-start=\"1374\" data-end=\"1411\">luxusn\u00ed limuz\u00ednov\u00e1 p\u0159eprava<\/strong>.<\/p>\n<h3 data-start=\"2198\" data-end=\"2225\"><strong data-start=\"2205\" data-end=\"2223\">Platba v USD ($ \ud83c\uddfa\ud83c\uddf8) m\u00edsto v EUR (\u20ac \ud83c\uddea\ud83c\uddfa) je mo\u017en\u00e1 podle denn\u00edho kurzu banky.<\/strong><\/h3>\n<p><strong>Kniha p\u0159es WhatsApp:<\/strong><\/p>\n<p><a href=\"https:\/\/wa.me\/201021058859\" target=\"_blank\" rel=\"noopener\">\u00a0<img decoding=\"async\" class=\"alignnone wp-image-2058\" src=\"https:\/\/poehalisnamiegypt.com\/wp-content\/uploads\/2024\/02\/pngwing.com_-300x300.png\" sizes=\"auto, (max-width: 35px) 100vw, 35px\" srcset=\"https:\/\/poehalisnamiegypt.com\/wp-content\/uploads\/2024\/02\/pngwing.com_-300x300.png 300w, https:\/\/poehalisnamiegypt.com\/wp-content\/uploads\/2024\/02\/pngwing.com_-150x150.png 150w, https:\/\/poehalisnamiegypt.com\/wp-content\/uploads\/2024\/02\/pngwing.com_.png 584w\" alt=\"\" width=\"53\" height=\"53\" \/><\/a><\/p>\n<p>&nbsp;<\/p>","protected":false},"excerpt":{"rendered":"<p>\ud83d\ude96 External Airport Transfer (El Gouna, Makadi, Sahl Hasheesh) by Limousine Travel in luxury, style, and comfort between Hurghada International Airport and the top nearby destinations: El Gouna, Makadi Bay, and Sahl Hasheesh. Our limousine transfer service offers a seamless and elegant travel experience for individuals, couples, and families. \ud83c\udfc1 Convenient Pick-Up &amp; Drop-Off \ud83c\udfe8 [&hellip;]<\/p>\n","protected":false},"featured_media":9746,"comment_status":"open","ping_status":"closed","template":"","meta":{"_monsterinsights_skip_tracking":false,"_monsterinsights_sitenote_active":false,"_monsterinsights_sitenote_note":"","_monsterinsights_sitenote_category":0,"_mbp_gutenberg_autopost":false},"product_brand":[],"product_cat":[63],"product_tag":[],"class_list":{"0":"post-9644","1":"product","2":"type-product","3":"status-publish","4":"has-post-thumbnail","6":"product_cat-transfer","8":"first","9":"instock","10":"shipping-taxable","11":"purchasable","12":"product-type-ovabrw_car_rental"},"_links":{"self":[{"href":"https:\/\/redsea-dream-tours.net\/cs\/wp-json\/wp\/v2\/product\/9644","targetHints":{"allow":["GET"]}}],"collection":[{"href":"https:\/\/redsea-dream-tours.net\/cs\/wp-json\/wp\/v2\/product"}],"about":[{"href":"https:\/\/redsea-dream-tours.net\/cs\/wp-json\/wp\/v2\/types\/product"}],"replies":[{"embeddable":true,"href":"https:\/\/redsea-dream-tours.net\/cs\/wp-json\/wp\/v2\/comments?post=9644"}],"wp:featuredmedia":[{"embeddable":true,"href":"https:\/\/redsea-dream-tours.net\/cs\/wp-json\/wp\/v2\/media\/9746"}],"wp:attachment":[{"href":"https:\/\/redsea-dream-tours.net\/cs\/wp-json\/wp\/v2\/media?parent=9644"}],"wp:term":[{"taxonomy":"product_brand","embeddable":true,"href":"https:\/\/redsea-dream-tours.net\/cs\/wp-json\/wp\/v2\/product_brand?post=9644"},{"taxonomy":"product_cat","embeddable":true,"href":"https:\/\/redsea-dream-tours.net\/cs\/wp-json\/wp\/v2\/product_cat?post=9644"},{"taxonomy":"product_tag","embeddable":true,"href":"https:\/\/redsea-dream-tours.net\/cs\/wp-json\/wp\/v2\/product_tag?post=9644"}],"curies":[{"name":"wp","href":"https:\/\/api.w.org\/{rel}","templated":true}]}}