{"id":9670,"date":"2026-03-01T20:22:21","date_gmt":"2026-03-01T20:22:21","guid":{"rendered":"https:\/\/redsea-dream-tours.net\/?post_type=product&#038;p=9670"},"modified":"2026-03-09T20:13:53","modified_gmt":"2026-03-09T20:13:53","slug":"abu-dabbab-beach-adventure-a-paradise-in-marsa-alam","status":"publish","type":"product","link":"https:\/\/redsea-dream-tours.net\/cs\/produkt\/abu-dabbab-beach-adventure-a-paradise-in-marsa-alam\/","title":{"rendered":"Dobrodru\u017estv\u00ed na pl\u00e1\u017ei Abu Dabbab - r\u00e1j v Marsa Alam"},"content":{"rendered":"<p data-start=\"87\" data-end=\"157\">\ud83c\udfd6\ufe0f\u2728 <strong data-start=\"92\" data-end=\"150\">Dobrodru\u017estv\u00ed na pl\u00e1\u017ei Abu Dabbab - r\u00e1j v Marsa Alam!<\/strong> \u2728\ud83c\udfd6\ufe0f<\/p>\n<p data-start=\"193\" data-end=\"603\">Pl\u00e1\u017e Abu Dabbab je jedn\u00edm z nejzn\u00e1m\u011bj\u0161\u00edch m\u00edst pro \u0161norchlov\u00e1n\u00ed a pot\u00e1p\u011bn\u00ed v Rud\u00e9m mo\u0159i, kter\u00e9 se nach\u00e1z\u00ed nedaleko Marsa Alam. \ud83c\udf0a D\u00edky jemn\u00e9mu b\u00edl\u00e9mu p\u00edsku a k\u0159i\u0161\u0165\u00e1lov\u011b \u010dist\u00e9 tyrkysov\u00e9 vod\u011b je to r\u00e1j pro milovn\u00edky vody. Pl\u00e1\u017e je zn\u00e1m\u00e1 sv\u00fdmi podmo\u0159sk\u00fdmi loukami z mo\u0159sk\u00e9 tr\u00e1vy, kter\u00e9 l\u00e1kaj\u00ed zelen\u00e9 \u017eelvy \ud83d\udc22, a n\u011bkdy m\u016f\u017eete zahl\u00e9dnout i vz\u00e1cn\u00e9ho dugonga (mo\u0159skou kr\u00e1vu), jak ladn\u011b plave nedaleko. \ud83d\udc0b<\/p>\n<hr data-start=\"605\" data-end=\"608\" \/>\n<p data-start=\"610\" data-end=\"637\"><strong data-start=\"610\" data-end=\"635\">Dostupn\u00e9 aktivity:<\/strong><\/p>\n<ul data-start=\"639\" data-end=\"1240\">\n<li data-start=\"639\" data-end=\"803\">\n<p data-start=\"641\" data-end=\"803\"><strong data-start=\"641\" data-end=\"659\">\u0160norchlov\u00e1n\u00ed \ud83e\udd3f:<\/strong><br data-start=\"659\" data-end=\"662\" \/>Pot\u00e1p\u011bjte se p\u0159\u00edmo z pl\u00e1\u017ee do m\u011blk\u00fdch vod pln\u00fdch barevn\u00fdch ryb \ud83d\udc20 a nedalek\u00fdch kor\u00e1lov\u00fdch \u00fates\u016f. Ide\u00e1ln\u00ed pro za\u010d\u00e1te\u010dn\u00edky i rodiny!<\/p>\n<\/li>\n<li data-start=\"805\" data-end=\"976\">\n<p data-start=\"807\" data-end=\"976\"><strong data-start=\"807\" data-end=\"821\">Pot\u00e1p\u011bn\u00ed \ud83e\udd3f:<\/strong><br data-start=\"821\" data-end=\"824\" \/>Abu Dabbab je nejlep\u0161\u00edm m\u00edstem pro pot\u00e1p\u011b\u010de, kte\u0159\u00ed zde zkoumaj\u00ed mo\u0159sk\u00fd \u017eivot v\u010detn\u011b dugong\u016f \ud83d\udc0b a mo\u0159sk\u00fdch \u017eelv \ud83d\udc22. Kor\u00e1lov\u00e9 \u00fatesy jsou \u017eiv\u00e9 a pln\u00e9 \u017eivota.<\/p>\n<\/li>\n<li data-start=\"978\" data-end=\"1106\">\n<p data-start=\"980\" data-end=\"1106\"><strong data-start=\"980\" data-end=\"1009\">Relaxace na pl\u00e1\u017ei \ud83c\udf1e:<\/strong><br data-start=\"1009\" data-end=\"1012\" \/>Opalujte se na m\u011bkk\u00e9m p\u00edsku, u\u017e\u00edvejte si m\u00edrn\u00fdch vln a kochejte se n\u00e1dhern\u00fdm v\u00fdhledem na pob\u0159e\u017e\u00ed.<\/p>\n<\/li>\n<li data-start=\"1108\" data-end=\"1240\">\n<p data-start=\"1110\" data-end=\"1240\"><strong data-start=\"1110\" data-end=\"1141\">V\u00fdlety lod\u00ed se sklen\u011bn\u00fdm dnem \ud83d\udea4:<\/strong><br data-start=\"1141\" data-end=\"1144\" \/>Ti, kdo d\u00e1vaj\u00ed p\u0159ednost pobytu na suchu, mohou obdivovat mo\u0159sk\u00fd \u017eivot p\u0159i v\u00fdletech lod\u00ed s prosklen\u00fdm dnem.<\/p>\n<\/li>\n<\/ul>\n<hr data-start=\"1242\" data-end=\"1245\" \/>\n<p data-start=\"1247\" data-end=\"1270\"><strong data-start=\"1247\" data-end=\"1268\">Jak se tam dostat:<\/strong><\/p>\n<ul data-start=\"1272\" data-end=\"1503\">\n<li data-start=\"1272\" data-end=\"1380\">\n<p data-start=\"1274\" data-end=\"1380\"><strong data-start=\"1274\" data-end=\"1288\">Autem \ud83d\ude97:<\/strong><br data-start=\"1288\" data-end=\"1291\" \/>Pl\u00e1\u017e Abu Dabbab se nach\u00e1z\u00ed asi 30 km severn\u011b od Marsa Alam a lze na ni snadno dojet autem.<\/p>\n<\/li>\n<li data-start=\"1382\" data-end=\"1503\">\n<p data-start=\"1384\" data-end=\"1503\"><strong data-start=\"1384\" data-end=\"1407\">Organizovan\u00e9 z\u00e1jezdy \ud83d\ude8c:<\/strong><br data-start=\"1407\" data-end=\"1410\" \/>Z Marsa Alam odj\u00ed\u017ed\u00ed mnoho denn\u00edch v\u00fdlet\u016f, kter\u00e9 zahrnuj\u00ed dopravu, ob\u011bd a vybaven\u00ed pro \u0161norchlov\u00e1n\u00ed.<\/p>\n<\/li>\n<\/ul>\n<hr data-start=\"1624\" data-end=\"1627\" \/>\n<p data-start=\"1629\" data-end=\"1651\"><strong data-start=\"1629\" data-end=\"1649\">Tipy a pozn\u00e1mky \ud83d\udcdd:<\/strong><\/p>\n<ul data-start=\"1653\" data-end=\"1885\">\n<li data-start=\"1653\" data-end=\"1721\">\n<p data-start=\"1655\" data-end=\"1721\">Pou\u017e\u00edvejte opalovac\u00ed kr\u00e9m \ud83e\uddf4 a noste slune\u010dn\u00ed br\u00fdle \ud83d\ude0e, abyste se chr\u00e1nili p\u0159ed sluncem.<\/p>\n<\/li>\n<li data-start=\"1722\" data-end=\"1809\">\n<p data-start=\"1724\" data-end=\"1809\">Doporu\u010dujeme boty do vody \ud83d\udc63, kter\u00e9 ochr\u00e1n\u00ed va\u0161e nohy p\u0159ed kameny nebo mo\u0159sk\u00fdmi \u017eivo\u010dichy.<\/p>\n<\/li>\n<li data-start=\"1810\" data-end=\"1885\">\n<p data-start=\"1812\" data-end=\"1885\">Nedot\u00fdkejte se mo\u0159sk\u00e9 tr\u00e1vy \ud83c\udf3f, abyste respektovali mo\u0159sk\u00e9 \u017eivo\u010dichy a p\u0159ede\u0161li jejich po\u0161kozen\u00ed.<\/p>\n<\/li>\n<\/ul>\n<hr data-start=\"1887\" data-end=\"1890\" \/>\n<p data-start=\"1892\" data-end=\"1905\"><strong data-start=\"1892\" data-end=\"1903\">P\u0159\u00edplatky:<\/strong><\/p>\n<ul data-start=\"1907\" data-end=\"2140\">\n<li data-start=\"1907\" data-end=\"2002\">\n<p data-start=\"1909\" data-end=\"2002\"><strong data-start=\"1909\" data-end=\"1947\">Aktu\u00e1ln\u00ed po\u010das\u00ed v Marsa Alam \ud83c\udf21\ufe0f:<\/strong><br data-start=\"1947\" data-end=\"1950\" \/>\u010c\u00e1ste\u010dn\u011b zata\u017eeno s teplotou kolem 32 \u00b0C.<\/p>\n<\/li>\n<li data-start=\"2004\" data-end=\"2140\">\n<p data-start=\"2006\" data-end=\"2140\"><strong data-start=\"2006\" data-end=\"2036\">\u017div\u00e1 p\u0159\u00edroda a mo\u0159sk\u00fd \u017eivot \ud83d\udc20:<\/strong><br data-start=\"2036\" data-end=\"2039\" \/>Zelen\u00e9 \u017eelvy, dugongov\u00e9 a pestrobarevn\u00e9 \u00fatesov\u00e9 ryby d\u011blaj\u00ed z Abu Dabbabu kouzeln\u00fd z\u00e1\u017eitek pro v\u0161echny v\u011bkov\u00e9 kategorie.<\/p>\n<\/li>\n<\/ul>\n<div class=\"st-highlight\">\n<h2 class=\"st-heading-section\"><strong data-start=\"0\" data-end=\"50\" data-is-only-node=\"\">Mo\u017enosti programu v hotelech v Hurghad\u011b:<\/strong><\/h2>\n<ul>\n<li>D\u00e9part vers 5h30<\/li>\n<li>N\u00e1vrat do 18h30<\/li>\n<li>Recherche des tortues<\/li>\n<li>Exploration des r\u00e9cifs corallien<\/li>\n<\/ul>\n<h2 class=\"st-heading-section\"><strong data-start=\"0\" data-end=\"50\" data-is-only-node=\"\">V\u010detn\u011b mo\u017enost\u00ed programu z hotel\u016f v Marsa Alam:<\/strong><\/h2>\n<ul>\n<li>D\u00e9part vers 8h30<\/li>\n<li>N\u00e1vrat vers 16h30<\/li>\n<li>Recherche des tortues<\/li>\n<li>Exploration des r\u00e9cifs corallien<\/li>\n<\/ul>\n<\/div>\n<div class=\"st-hr large\">\n<h2 class=\"st-heading-section\">Mo\u017enosti zahrnuj\u00ed<\/h2>\n<\/div>\n<div class=\"accordion-item\">\n<div id=\"collapseInExClude\" class=\"accordion-collapse collapse show\" aria-labelledby=\"headingInExClude\" data-bs-parent=\"#headingInExClude\">\n<div class=\"accordion-body\">\n<div class=\"row\">\n<div class=\"col-lg-6\">\n<ul class=\"include\">\n<li><i class=\"input-icon st-border-radius field-icon fa\"><\/i>D\u00e9jeuner inclus<\/li>\n<li><i class=\"input-icon st-border-radius field-icon fa\"><\/i>Mat\u00e9riel \u0161norchlov\u00e1n\u00ed inclus<\/li>\n<li><i class=\"input-icon st-border-radius field-icon fa\"><\/i>Temps libre sur la plage<\/li>\n<\/ul>\n<h5><img decoding=\"async\" class=\"emoji\" role=\"img\" draggable=\"false\" src=\"https:\/\/s.w.org\/images\/core\/emoji\/16.0.1\/svg\/1f4dd.svg\" alt=\"\ud83d\udcdd\" \/>\u00a0Pozn\u00e1mka<\/h5>\n<ul>\n<li>3\u20ac kombinace um\u00edst\u011bn\u00ed<\/li>\n<li>3\u20ac um\u00edst\u011bn\u00ed gilet de sauvetage<\/li>\n<\/ul>\n<p data-start=\"41\" data-end=\"199\">\ud83e\udd11 <strong data-start=\"44\" data-end=\"63\">Ceny aktivit ( <\/strong><strong data-start=\"28\" data-end=\"70\">Ceny pro hosty s bydli\u0161t\u011bm v Hurghad\u011b )<\/strong><\/p>\n<p data-start=\"28\" data-end=\"72\">\ud83d\ude4e\ud83c\udffb\u200d\u2642\ufe0f Dosp\u011bl\u00ed (od 12 let): 90 \u20ac<br data-start=\"101\" data-end=\"104\" \/>\ud83e\uddcd\ud83c\udffb\u200d\u2640\ufe0f D\u011bti (do 12 let): 50 \u20ac<br data-start=\"156\" data-end=\"159\" \/>\ud83d\udc7c\ud83c\udffc Do 5 let: 20 \u20ac<\/p>\n<p data-start=\"41\" data-end=\"199\">\ud83e\udd11 <strong data-start=\"44\" data-end=\"63\">Ceny aktivit ( <\/strong><strong data-start=\"28\" data-end=\"70\">Ceny pro hosty s bydli\u0161t\u011bm v Marsa Alam )<\/strong><\/p>\n<p data-start=\"28\" data-end=\"72\">\u00a0 \u00a0 \u00a0 \u00a0\ud83d\udc68\ud83c\udffb\u200d\ud83e\uddb1 Dosp\u011bl\u00ed (od 12 let): <strong data-start=\"103\" data-end=\"110\">70 \u20ac<\/strong><br data-start=\"110\" data-end=\"113\" \/>\u00a0 \u00a0 \u00a0 \u00a0\ud83e\uddcd\ud83c\udffb\u200d\u2640\ufe0f D\u011bti (do 12 let): <strong data-start=\"148\" data-end=\"155\">40 \u20ac<\/strong><\/p>\n<h3 data-start=\"2198\" data-end=\"2225\"><strong data-start=\"2205\" data-end=\"2223\">Platba v USD ($ \ud83c\uddfa\ud83c\uddf8) m\u00edsto v EUR (\u20ac \ud83c\uddea\ud83c\uddfa) je mo\u017en\u00e1 podle denn\u00edho kurzu banky.<\/strong><\/h3>\n<\/div>\n<\/div>\n<\/div>\n<\/div>\n<\/div>\n<ul data-start=\"1907\" data-end=\"2140\">\n<li data-start=\"2004\" data-end=\"2140\"><strong>Kniha p\u0159es WhatsApp:<\/strong><\/li>\n<li data-start=\"2004\" data-end=\"2140\"><a href=\"https:\/\/wa.me\/201021058859\" target=\"_blank\" rel=\"noopener\"><img decoding=\"async\" class=\"alignnone wp-image-2058\" src=\"https:\/\/poehalisnamiegypt.com\/wp-content\/uploads\/2024\/02\/pngwing.com_-300x300.png\" sizes=\"auto, (max-width: 35px) 100vw, 35px\" srcset=\"https:\/\/poehalisnamiegypt.com\/wp-content\/uploads\/2024\/02\/pngwing.com_-300x300.png 300w, https:\/\/poehalisnamiegypt.com\/wp-content\/uploads\/2024\/02\/pngwing.com_-150x150.png 150w, https:\/\/poehalisnamiegypt.com\/wp-content\/uploads\/2024\/02\/pngwing.com_.png 584w\" alt=\"\" width=\"53\" height=\"53\" \/><\/a><\/li>\n<\/ul>\n<div id=\"gtx-trans\" style=\"position: absolute; left: 517px; top: 1.2px;\">\n<div class=\"gtx-trans-icon\"><\/div>\n<\/div>","protected":false},"excerpt":{"rendered":"<p>\ud83c\udfd6\ufe0f\u2728 Abu Dabbab Beach Adventure \u2013 A Paradise in Marsa Alam! \u2728\ud83c\udfd6\ufe0f Abu Dabbab Beach is one of the most famous snorkeling and diving spots in the Red Sea, located near Marsa Alam. \ud83c\udf0a With its soft white sands and crystal-clear turquoise waters, it\u2019s a paradise for water lovers. The beach is known for its [&hellip;]<\/p>\n","protected":false},"featured_media":9747,"comment_status":"open","ping_status":"closed","template":"","meta":{"_monsterinsights_skip_tracking":false,"_monsterinsights_sitenote_active":false,"_monsterinsights_sitenote_note":"","_monsterinsights_sitenote_category":0,"_mbp_gutenberg_autopost":false},"product_brand":[],"product_cat":[64,78,60],"product_tag":[],"class_list":{"0":"post-9670","1":"product","2":"type-product","3":"status-publish","4":"has-post-thumbnail","6":"product_cat-marsa-alam","7":"product_cat-red","8":"product_cat-sea","10":"first","11":"instock","12":"shipping-taxable","13":"purchasable","14":"product-type-ovabrw_car_rental"},"_links":{"self":[{"href":"https:\/\/redsea-dream-tours.net\/cs\/wp-json\/wp\/v2\/product\/9670","targetHints":{"allow":["GET"]}}],"collection":[{"href":"https:\/\/redsea-dream-tours.net\/cs\/wp-json\/wp\/v2\/product"}],"about":[{"href":"https:\/\/redsea-dream-tours.net\/cs\/wp-json\/wp\/v2\/types\/product"}],"replies":[{"embeddable":true,"href":"https:\/\/redsea-dream-tours.net\/cs\/wp-json\/wp\/v2\/comments?post=9670"}],"wp:featuredmedia":[{"embeddable":true,"href":"https:\/\/redsea-dream-tours.net\/cs\/wp-json\/wp\/v2\/media\/9747"}],"wp:attachment":[{"href":"https:\/\/redsea-dream-tours.net\/cs\/wp-json\/wp\/v2\/media?parent=9670"}],"wp:term":[{"taxonomy":"product_brand","embeddable":true,"href":"https:\/\/redsea-dream-tours.net\/cs\/wp-json\/wp\/v2\/product_brand?post=9670"},{"taxonomy":"product_cat","embeddable":true,"href":"https:\/\/redsea-dream-tours.net\/cs\/wp-json\/wp\/v2\/product_cat?post=9670"},{"taxonomy":"product_tag","embeddable":true,"href":"https:\/\/redsea-dream-tours.net\/cs\/wp-json\/wp\/v2\/product_tag?post=9670"}],"curies":[{"name":"wp","href":"https:\/\/api.w.org\/{rel}","templated":true}]}}