{"id":9671,"date":"2026-03-01T20:22:21","date_gmt":"2026-03-01T20:22:21","guid":{"rendered":"https:\/\/redsea-dream-tours.net\/?post_type=product&#038;p=9671"},"modified":"2026-03-01T20:23:13","modified_gmt":"2026-03-01T20:23:13","slug":"royal-sea-scope-underwater-views","status":"publish","type":"product","link":"https:\/\/redsea-dream-tours.net\/cs\/produkt\/royal-sea-scope-underwater-views\/","title":{"rendered":"Royal Sea Scope: Podvodn\u00ed pohledy"},"content":{"rendered":"<p data-start=\"56\" data-end=\"116\">\ud83c\udf0a\u2728 <strong data-start=\"60\" data-end=\"110\">Nezapomenuteln\u00e1 cesta s Royal Sea Scope!<\/strong> \u2728\ud83c\udf0a<\/p>\n<p data-start=\"126\" data-end=\"602\">Poznejte fascinuj\u00edc\u00ed podmo\u0159sk\u00fd sv\u011bt Rud\u00e9ho mo\u0159e, ani\u017e byste se namo\u010dili, na palub\u011b poloponorky Royal Sea Scope. \ud83c\udf0a<br data-start=\"266\" data-end=\"269\" \/>Toto jedine\u010dn\u00e9 plavidlo m\u00e1 klimatizovanou prosklenou kabinu pono\u0159enou p\u0159ibli\u017en\u011b 4 metry pod hladinou a nab\u00edz\u00ed panoramatick\u00fd v\u00fdhled na \u017eiv\u00e9 kor\u00e1lov\u00e9 \u00fatesy \ud83d\udc20 a rozmanit\u00fd mo\u0159sk\u00fd \u017eivot \ud83d\udc22.<br data-start=\"466\" data-end=\"469\" \/>Je to ide\u00e1ln\u00ed dobrodru\u017estv\u00ed pro rodiny s d\u011btmi \ud83d\udc68\u200d\ud83d\udc69\u200d\ud83d\udc67\u200d\ud83d\udc66, neplavce a v\u0161echny, kte\u0159\u00ed hledaj\u00ed pohodln\u00fd a z\u00e1rove\u0148 vzru\u0161uj\u00edc\u00ed mo\u0159sk\u00fd z\u00e1\u017eitek. \u2693<\/p>\n<hr data-start=\"604\" data-end=\"607\" \/>\n<p data-start=\"609\" data-end=\"628\"><strong data-start=\"609\" data-end=\"626\">Kl\u00ed\u010dov\u00e9 vlastnosti:<\/strong><\/p>\n<ul data-start=\"630\" data-end=\"1128\">\n<li data-start=\"630\" data-end=\"767\">\n<p data-start=\"632\" data-end=\"767\"><strong data-start=\"632\" data-end=\"658\">Prohl\u00ed\u017een\u00ed pod vodou \ud83e\udd3f:<\/strong><br data-start=\"658\" data-end=\"661\" \/>Vychutnejte si 45 minut neru\u0161en\u00e9ho v\u00fdhledu na mo\u0159sk\u00e9 divy Rud\u00e9ho mo\u0159e z pohodl\u00ed sv\u00e9ho sedadla.<\/p>\n<\/li>\n<li data-start=\"769\" data-end=\"887\">\n<p data-start=\"771\" data-end=\"887\"><strong data-start=\"771\" data-end=\"794\">Vhodn\u00e9 pro rodiny \ud83d\udc76:<\/strong><br data-start=\"794\" data-end=\"797\" \/>D\u011bti do 5 let maj\u00ed vstup zdarma a d\u011bti ve v\u011bku 6-11 let maj\u00ed slevu 50%.<\/p>\n<\/li>\n<li data-start=\"889\" data-end=\"1002\">\n<p data-start=\"891\" data-end=\"1002\"><strong data-start=\"891\" data-end=\"919\">Pohodln\u00e1 cesta \ud83d\udecb\ufe0f:<\/strong><br data-start=\"919\" data-end=\"922\" \/>Klimatizovan\u00e1 a prostorn\u00e1 sedadla zaji\u0161\u0165uj\u00ed p\u0159\u00edjemnou a pohodovou plavbu.<\/p>\n<\/li>\n<li data-start=\"1004\" data-end=\"1128\">\n<p data-start=\"1006\" data-end=\"1128\"><strong data-start=\"1006\" data-end=\"1031\">Z\u00e1\u017eitek s pr\u016fvodcem \ud83d\udc21:<\/strong><br data-start=\"1031\" data-end=\"1034\" \/>Znal\u00ed mo\u0159\u0161t\u00ed pr\u016fvodci poskytuj\u00ed zaj\u00edmav\u00fd v\u00fdklad o podmo\u0159sk\u00e9m ekosyst\u00e9mu.<\/p>\n<\/li>\n<\/ul>\n<div class=\"st-highlight\">\n<h2 class=\"st-heading-section\">Mo\u017enosti programu<\/h2>\n<ul>\n<li>Doba trv\u00e1n\u00ed: 1h30<\/li>\n<li>R\u00e1no nebo odpoledne<\/li>\n<\/ul>\n<\/div>\n<div class=\"st-hr large\">\n<h2 class=\"st-heading-section\">Zahrnut\u00e9 mo\u017enosti<\/h2>\n<\/div>\n<div class=\"accordion-item\">\n<div id=\"collapseInExClude\" class=\"accordion-collapse collapse show\" aria-labelledby=\"headingInExClude\" data-bs-parent=\"#headingInExClude\">\n<div class=\"accordion-body\">\n<div class=\"row\">\n<div class=\"col-lg-6\">\n<ul class=\"include\">\n<li><i class=\"input-icon st-border-radius field-icon fa\"><\/i>Hotelov\u00fd transfer tam i zp\u011bt<\/li>\n<li><i class=\"input-icon st-border-radius field-icon fa\"><\/i>Vstupenka Seascope<i class=\"input-icon st-border-radius field-icon fa\"><\/i><\/li>\n<\/ul>\n<h5><img decoding=\"async\" class=\"emoji\" role=\"img\" draggable=\"false\" src=\"https:\/\/s.w.org\/images\/core\/emoji\/16.0.1\/svg\/1f4dd.svg\" alt=\"\ud83d\udcdd\" \/>\u00a0Hodnocen\u00ed<\/h5>\n<ul>\n<li><img decoding=\"async\" class=\"emoji\" role=\"img\" draggable=\"false\" src=\"https:\/\/s.w.org\/images\/core\/emoji\/16.0.1\/svg\/26a0.svg\" alt=\"\u26a0\ufe0f\" \/>\u00a0Cena stanovena z Marsa Alam. Z Hurghady se plat\u00ed p\u0159\u00edplatek za transfer<\/li>\n<\/ul>\n<p data-start=\"41\" data-end=\"199\">\ud83e\udd11 <strong data-start=\"44\" data-end=\"63\">Ceny aktivit<\/strong><br data-start=\"63\" data-end=\"66\" \/>\ud83d\udc68\ud83c\udffb\u200d\ud83e\uddb1 Dosp\u011bl\u00ed (od 11 let): <strong data-start=\"103\" data-end=\"110\">55 \u20ac<\/strong><br data-start=\"110\" data-end=\"113\" \/>\ud83e\uddcd\ud83c\udffb\u200d\u2640\ufe0f D\u011bti (do 11 let): <strong data-start=\"148\" data-end=\"155\">30\u20ac<\/strong><br data-start=\"155\" data-end=\"158\" \/>\ud83d\udc7c\ud83c\udffc D\u011bti (do -5 let): <strong data-start=\"189\" data-end=\"197\">Zdarma<\/strong><\/p>\n<h3 data-start=\"2198\" data-end=\"2225\"><strong data-start=\"2205\" data-end=\"2223\">Platba v USD ($ \ud83c\uddfa\ud83c\uddf8) m\u00edsto v EUR (\u20ac \ud83c\uddea\ud83c\uddfa) je mo\u017en\u00e1 podle denn\u00edho kurzu banky.<\/strong><\/h3>\n<\/div>\n<\/div>\n<\/div>\n<\/div>\n<\/div>\n<p><strong>Kniha p\u0159es WhatsApp:<\/strong><\/p>\n<p><a href=\"https:\/\/wa.me\/201021058859\" target=\"_blank\" rel=\"noopener\">\u00a0<img decoding=\"async\" class=\"alignnone wp-image-2058\" src=\"https:\/\/poehalisnamiegypt.com\/wp-content\/uploads\/2024\/02\/pngwing.com_-300x300.png\" sizes=\"auto, (max-width: 35px) 100vw, 35px\" srcset=\"https:\/\/poehalisnamiegypt.com\/wp-content\/uploads\/2024\/02\/pngwing.com_-300x300.png 300w, https:\/\/poehalisnamiegypt.com\/wp-content\/uploads\/2024\/02\/pngwing.com_-150x150.png 150w, https:\/\/poehalisnamiegypt.com\/wp-content\/uploads\/2024\/02\/pngwing.com_.png 584w\" alt=\"\" width=\"53\" height=\"53\" \/><\/a><\/p>\n<div id=\"gtx-trans\" style=\"position: absolute; left: 131px; top: 1.2px;\">\n<div class=\"gtx-trans-icon\"><\/div>\n<\/div>\n<div id=\"gtx-trans\" style=\"position: absolute; left: 131px; top: 1.2px;\">\n<div class=\"gtx-trans-icon\"><\/div>\n<\/div>","protected":false},"excerpt":{"rendered":"<p>\ud83c\udf0a\u2728 An Unforgettable Journey with Royal Sea Scope! \u2728\ud83c\udf0a Experience the mesmerizing underwater world of the Red Sea without getting wet aboard the Royal Sea Scope semi-submarine. \ud83c\udf0aThis unique vessel features an air-conditioned, glass-walled cabin submerged approximately 4 meters below the surface, offering panoramic views of vibrant coral reefs \ud83d\udc20 and diverse marine life \ud83d\udc22.It&#8217;s [&hellip;]<\/p>\n","protected":false},"featured_media":9752,"comment_status":"open","ping_status":"closed","template":"","meta":{"_monsterinsights_skip_tracking":false,"_monsterinsights_sitenote_active":false,"_monsterinsights_sitenote_note":"","_monsterinsights_sitenote_category":0,"_mbp_gutenberg_autopost":false},"product_brand":[],"product_cat":[64],"product_tag":[],"class_list":{"0":"post-9671","1":"product","2":"type-product","3":"status-publish","4":"has-post-thumbnail","6":"product_cat-marsa-alam","8":"first","9":"instock","10":"shipping-taxable","11":"purchasable","12":"product-type-ovabrw_car_rental"},"_links":{"self":[{"href":"https:\/\/redsea-dream-tours.net\/cs\/wp-json\/wp\/v2\/product\/9671","targetHints":{"allow":["GET"]}}],"collection":[{"href":"https:\/\/redsea-dream-tours.net\/cs\/wp-json\/wp\/v2\/product"}],"about":[{"href":"https:\/\/redsea-dream-tours.net\/cs\/wp-json\/wp\/v2\/types\/product"}],"replies":[{"embeddable":true,"href":"https:\/\/redsea-dream-tours.net\/cs\/wp-json\/wp\/v2\/comments?post=9671"}],"wp:featuredmedia":[{"embeddable":true,"href":"https:\/\/redsea-dream-tours.net\/cs\/wp-json\/wp\/v2\/media\/9752"}],"wp:attachment":[{"href":"https:\/\/redsea-dream-tours.net\/cs\/wp-json\/wp\/v2\/media?parent=9671"}],"wp:term":[{"taxonomy":"product_brand","embeddable":true,"href":"https:\/\/redsea-dream-tours.net\/cs\/wp-json\/wp\/v2\/product_brand?post=9671"},{"taxonomy":"product_cat","embeddable":true,"href":"https:\/\/redsea-dream-tours.net\/cs\/wp-json\/wp\/v2\/product_cat?post=9671"},{"taxonomy":"product_tag","embeddable":true,"href":"https:\/\/redsea-dream-tours.net\/cs\/wp-json\/wp\/v2\/product_tag?post=9671"}],"curies":[{"name":"wp","href":"https:\/\/api.w.org\/{rel}","templated":true}]}}