{"id":9673,"date":"2026-03-01T20:22:21","date_gmt":"2026-03-01T20:22:21","guid":{"rendered":"https:\/\/redsea-dream-tours.net\/?post_type=product&#038;p=9673"},"modified":"2026-03-01T20:23:19","modified_gmt":"2026-03-01T20:23:19","slug":"sataya-dolphin-house-snorkel-with-dolphins","status":"publish","type":"product","link":"https:\/\/redsea-dream-tours.net\/cs\/produkt\/sataya-dolphin-house-snorkel-with-dolphins\/","title":{"rendered":"Sataya Dolphin House: \u0160norchlov\u00e1n\u00ed s delf\u00edny"},"content":{"rendered":"<p data-start=\"169\" data-end=\"526\">Za\u017eijte kouzlo plav\u00e1n\u00ed s hrav\u00fdmi delf\u00edny v hotelu Sataya, kter\u00fd je zn\u00e1m\u00fd jako \u201cDelf\u00edn\u00ed d\u016fm\u201d. \ud83c\udf0a<br data-start=\"297\" data-end=\"300\" \/>Tato \u00fa\u017easn\u00e1 mo\u0159sk\u00e1 rezervace je sou\u010d\u00e1st\u00ed chr\u00e1n\u011bn\u00fdch \u00fates\u016f Rud\u00e9ho mo\u0159e s k\u0159i\u0161\u0165\u00e1lov\u011b \u010distou vodou, \u017eiv\u00fdmi kor\u00e1lov\u00fdmi zahradami \ud83d\udc20 a bohat\u00fdm mo\u0159sk\u00fdm \u017eivotem. Je to vysn\u011bn\u00e1 destinace pro milovn\u00edky \u0161norchlov\u00e1n\u00ed i p\u0159\u00edrody. \ud83c\udf34<\/p>\n<hr data-start=\"528\" data-end=\"531\" \/>\n<p data-start=\"533\" data-end=\"562\"><strong data-start=\"533\" data-end=\"560\">Nejd\u016fle\u017eit\u011bj\u0161\u00ed momenty cesty:<\/strong><\/p>\n<ul data-start=\"564\" data-end=\"1217\">\n<li data-start=\"564\" data-end=\"758\">\n<p data-start=\"566\" data-end=\"758\"><strong data-start=\"566\" data-end=\"598\">\u0160norchlov\u00e1n\u00ed s delf\u00edny \ud83e\udd3f:<\/strong><br data-start=\"598\" data-end=\"601\" \/>Zaplavte si nebo se vzn\u00e1\u0161ejte v bl\u00edzkosti hejna divok\u00fdch delf\u00edn\u016f \ud83d\udc2c v jejich p\u0159irozen\u00e9m prost\u0159ed\u00ed. \u00dates je pln\u00fd barevn\u00fdch ryb, m\u011bkk\u00fdch kor\u00e1l\u016f a mal\u00fdch jeskyn\u00ed k prozkoum\u00e1n\u00ed.<\/p>\n<\/li>\n<li data-start=\"760\" data-end=\"900\">\n<p data-start=\"762\" data-end=\"900\"><strong data-start=\"762\" data-end=\"795\">Kor\u00e1lov\u00e9 \u00fatesy a mo\u0159sk\u00fd \u017eivot \ud83d\udc20:<\/strong><br data-start=\"795\" data-end=\"798\" \/>Objevte \u017eiv\u00e9 kor\u00e1ly, \u00fatesov\u00e9 ryby a ob\u010das i \u017eelvy \ud83d\udc22 pasouc\u00ed se v bl\u00edzkosti mo\u0159sk\u00fdch travin.<\/p>\n<\/li>\n<li data-start=\"902\" data-end=\"1060\">\n<p data-start=\"904\" data-end=\"1060\"><strong data-start=\"904\" data-end=\"928\">Vyhl\u00eddkov\u00e1 proj\u00ed\u017e\u010fka lod\u00ed \ud83d\udea4:<\/strong><br data-start=\"928\" data-end=\"931\" \/>Vychutnejte si j\u00edzdu z Hamaty nebo Marsa Alam, kochejte se n\u00e1dhern\u00fdm pob\u0159e\u017e\u00edm a cestou pozorujte dal\u0161\u00ed mo\u0159sk\u00e9 \u017eivo\u010dichy.<\/p>\n<\/li>\n<li data-start=\"1062\" data-end=\"1217\">\n<p data-start=\"1064\" data-end=\"1217\"><strong data-start=\"1064\" data-end=\"1096\">Fotografov\u00e1n\u00ed a relaxace \ud83d\udcf8:<\/strong><br data-start=\"1096\" data-end=\"1099\" \/>Zachy\u0165te nezapomenuteln\u00e9 okam\u017eiky s delf\u00edny a odpo\u010d\u00edvejte na palub\u011b, zat\u00edmco lo\u010f kotv\u00ed na klidn\u00fdch m\u00edstech pro \u0161norchlov\u00e1n\u00ed.<\/p>\n<\/li>\n<\/ul>\n<hr data-start=\"1219\" data-end=\"1222\" \/>\n<p data-start=\"1224\" data-end=\"1251\"><strong data-start=\"1224\" data-end=\"1249\">N\u00e1vrh trasy:<\/strong><\/p>\n<ul data-start=\"1253\" data-end=\"1624\">\n<li data-start=\"1253\" data-end=\"1318\">\n<p data-start=\"1255\" data-end=\"1318\"><strong data-start=\"1255\" data-end=\"1276\">Rann\u00ed vyzvednut\u00ed \u23f0:<\/strong> Transfer z hotelu do p\u0159\u00edstavu.<\/p>\n<ul>\n<li>Odjezd kolem 5:30 (p\u0159ibli\u017en\u011b)<\/li>\n<li>N\u00e1vrat kolem 16:30 (p\u0159ibli\u017en\u011b)<\/li>\n<\/ul>\n<\/li>\n<li data-start=\"1319\" data-end=\"1381\">\n<p data-start=\"1321\" data-end=\"1381\"><strong data-start=\"1321\" data-end=\"1343\">Odjezd lod\u00ed \ud83d\udea4:<\/strong> Vydejte se k \u00fatesu Dolphin House.<\/p>\n<\/li>\n<li data-start=\"1382\" data-end=\"1473\">\n<p data-start=\"1384\" data-end=\"1473\"><strong data-start=\"1384\" data-end=\"1410\">\u0160norchlov\u00e1n\u00ed \ud83e\udd3f:<\/strong> Plav\u00e1n\u00ed s delf\u00edny a pr\u016fzkum \u00fatesu (cca 2-3 hodiny).<\/p>\n<\/li>\n<li data-start=\"1474\" data-end=\"1558\">\n<p data-start=\"1476\" data-end=\"1558\"><strong data-start=\"1476\" data-end=\"1498\">Ob\u011bd na palub\u011b \ud83e\udd57:<\/strong> Vychutnejte si lehk\u00e9 j\u00eddlo a n\u00e1poje a kochejte se v\u00fdhledem.<\/p>\n<\/li>\n<li data-start=\"1559\" data-end=\"1624\">\n<p data-start=\"1561\" data-end=\"1624\"><strong data-start=\"1561\" data-end=\"1575\">Vr\u00e1tit \ud83d\udea4:<\/strong> N\u00e1vrat do p\u0159\u00edstavu a p\u0159ejezd do hotelu.<\/p>\n<\/li>\n<\/ul>\n<hr data-start=\"1626\" data-end=\"1629\" \/>\n<h5><img decoding=\"async\" class=\"emoji\" role=\"img\" draggable=\"false\" src=\"https:\/\/s.w.org\/images\/core\/emoji\/16.0.1\/svg\/1f4dd.svg\" alt=\"\ud83d\udcdd\" \/>\u00a0Hodnocen\u00ed<\/h5>\n<ul>\n<li><img decoding=\"async\" class=\"emoji\" role=\"img\" draggable=\"false\" src=\"https:\/\/s.w.org\/images\/core\/emoji\/16.0.1\/svg\/26a0.svg\" alt=\"\u26a0\ufe0f\" \/>\u00a0Cena stanovena z Marsa Alam. Z Hurghady se plat\u00ed p\u0159\u00edplatek za transfer<\/li>\n<\/ul>\n<hr data-start=\"1626\" data-end=\"1629\" \/>\n<p data-start=\"1631\" data-end=\"1658\"><strong data-start=\"1631\" data-end=\"1656\">Tipy na v\u00fdlet \ud83d\udcdd:<\/strong><\/p>\n<ul data-start=\"1660\" data-end=\"1907\">\n<li data-start=\"1660\" data-end=\"1716\">\n<p data-start=\"1662\" data-end=\"1716\">Pou\u017e\u00edvejte opalovac\u00ed kr\u00e9m \ud83e\uddf4 a klobouk na ochranu p\u0159ed sluncem.<\/p>\n<\/li>\n<li data-start=\"1717\" data-end=\"1783\">\n<p data-start=\"1719\" data-end=\"1783\">Vezm\u011bte si s sebou vodot\u011bsn\u00fd fotoapar\u00e1t \ud83d\udcf7 pro zachycen\u00ed setk\u00e1n\u00ed s delf\u00edny.<\/p>\n<\/li>\n<li data-start=\"1784\" data-end=\"1835\">\n<p data-start=\"1786\" data-end=\"1835\">Pou\u017e\u00edvejte opalovac\u00ed kr\u00e9m bezpe\u010dn\u00fd pro \u00fatesy, abyste ochr\u00e1nili mo\u0159sk\u00e9 \u017eivo\u010dichy.<\/p>\n<\/li>\n<li data-start=\"1836\" data-end=\"1907\">\n<p data-start=\"1838\" data-end=\"1907\">P\u0159i plav\u00e1n\u00ed v bl\u00edzkosti delf\u00edn\u016f se v\u017edy \u0159i\u010fte pokyny pr\u016fvodce.<\/p>\n<hr data-start=\"1626\" data-end=\"1629\" \/>\n<h3 data-start=\"54\" data-end=\"78\">\ud83e\udd11 Cena exkurze<\/h3>\n<ul data-start=\"79\" data-end=\"219\">\n<li data-start=\"79\" data-end=\"126\">\n<p data-start=\"81\" data-end=\"126\">\ud83d\ude4e\ud83c\udffb\u200d\u2642\ufe0f Dosp\u011bl\u00ed (od 12 let): <strong data-start=\"117\" data-end=\"124\">70\u20ac<\/strong><\/p>\n<\/li>\n<li data-start=\"127\" data-end=\"177\">\n<p data-start=\"129\" data-end=\"177\">\ud83e\uddcd\ud83c\udffb\u200d\u2640\ufe0f D\u011bti (do 12 let): 40 <strong data-start=\"168\" data-end=\"175\">\u20ac<\/strong><\/p>\n<\/li>\n<li data-start=\"178\" data-end=\"219\">\n<p data-start=\"180\" data-end=\"219\">\ud83d\udc7c\ud83c\udffc D\u011bti do 5 let: <strong data-start=\"209\" data-end=\"217\">Zdarma<\/strong><\/p>\n<\/li>\n<\/ul>\n<\/li>\n<\/ul>\n<h3 data-start=\"2198\" data-end=\"2225\"><strong data-start=\"2205\" data-end=\"2223\">Platba v USD ($ \ud83c\uddfa\ud83c\uddf8) m\u00edsto v EUR (\u20ac \ud83c\uddea\ud83c\uddfa) je mo\u017en\u00e1 podle denn\u00edho kurzu banky.<\/strong><\/h3>\n<p><strong>Kniha p\u0159es WhatsApp:<\/strong><\/p>\n<p><a href=\"https:\/\/wa.me\/201021058859\" target=\"_blank\" rel=\"noopener\"><img decoding=\"async\" class=\"alignnone wp-image-2058\" src=\"https:\/\/poehalisnamiegypt.com\/wp-content\/uploads\/2024\/02\/pngwing.com_-300x300.png\" sizes=\"auto, (max-width: 35px) 100vw, 35px\" srcset=\"https:\/\/poehalisnamiegypt.com\/wp-content\/uploads\/2024\/02\/pngwing.com_-300x300.png 300w, https:\/\/poehalisnamiegypt.com\/wp-content\/uploads\/2024\/02\/pngwing.com_-150x150.png 150w, https:\/\/poehalisnamiegypt.com\/wp-content\/uploads\/2024\/02\/pngwing.com_.png 584w\" alt=\"\" width=\"53\" height=\"53\" \/><\/a><\/p>","protected":false},"excerpt":{"rendered":"<p>Experience the magic of swimming alongside playful dolphins at Sataya, famously known as the &#8220;Dolphin House.&#8221; \ud83c\udf0aThis stunning marine sanctuary is part of the Red Sea\u2019s protected reefs, featuring crystal-clear waters, vibrant coral gardens \ud83d\udc20, and abundant marine life. It\u2019s a dream destination for snorkelers and nature lovers alike. \ud83c\udf34 Highlights of the Trip: Snorkeling [&hellip;]<\/p>\n","protected":false},"featured_media":9762,"comment_status":"open","ping_status":"closed","template":"","meta":{"_monsterinsights_skip_tracking":false,"_monsterinsights_sitenote_active":false,"_monsterinsights_sitenote_note":"","_monsterinsights_sitenote_category":0,"_mbp_gutenberg_autopost":false},"product_brand":[],"product_cat":[64],"product_tag":[],"class_list":{"0":"post-9673","1":"product","2":"type-product","3":"status-publish","4":"has-post-thumbnail","6":"product_cat-marsa-alam","8":"first","9":"instock","10":"shipping-taxable","11":"purchasable","12":"product-type-ovabrw_car_rental"},"_links":{"self":[{"href":"https:\/\/redsea-dream-tours.net\/cs\/wp-json\/wp\/v2\/product\/9673","targetHints":{"allow":["GET"]}}],"collection":[{"href":"https:\/\/redsea-dream-tours.net\/cs\/wp-json\/wp\/v2\/product"}],"about":[{"href":"https:\/\/redsea-dream-tours.net\/cs\/wp-json\/wp\/v2\/types\/product"}],"replies":[{"embeddable":true,"href":"https:\/\/redsea-dream-tours.net\/cs\/wp-json\/wp\/v2\/comments?post=9673"}],"wp:featuredmedia":[{"embeddable":true,"href":"https:\/\/redsea-dream-tours.net\/cs\/wp-json\/wp\/v2\/media\/9762"}],"wp:attachment":[{"href":"https:\/\/redsea-dream-tours.net\/cs\/wp-json\/wp\/v2\/media?parent=9673"}],"wp:term":[{"taxonomy":"product_brand","embeddable":true,"href":"https:\/\/redsea-dream-tours.net\/cs\/wp-json\/wp\/v2\/product_brand?post=9673"},{"taxonomy":"product_cat","embeddable":true,"href":"https:\/\/redsea-dream-tours.net\/cs\/wp-json\/wp\/v2\/product_cat?post=9673"},{"taxonomy":"product_tag","embeddable":true,"href":"https:\/\/redsea-dream-tours.net\/cs\/wp-json\/wp\/v2\/product_tag?post=9673"}],"curies":[{"name":"wp","href":"https:\/\/api.w.org\/{rel}","templated":true}]}}