{"id":9706,"date":"2026-03-01T20:22:44","date_gmt":"2026-03-01T20:22:44","guid":{"rendered":"https:\/\/redsea-dream-tours.net\/?post_type=product&#038;p=9706"},"modified":"2026-03-01T20:23:39","modified_gmt":"2026-03-01T20:23:39","slug":"samadai-dolphin-reef-snorkel-sea-adventure","status":"publish","type":"product","link":"https:\/\/redsea-dream-tours.net\/cs\/produkt\/samadai-dolphin-reef-snorkel-sea-adventure\/","title":{"rendered":"Delf\u00edn\u00ed \u00fates Samadai: \u0160norchlov\u00e1n\u00ed a mo\u0159sk\u00e9 dobrodru\u017estv\u00ed"},"content":{"rendered":"<p data-start=\"52\" data-end=\"88\">\ud83d\udc2c\u2728 <strong data-start=\"56\" data-end=\"82\">Samadai - Delf\u00edn\u00ed \u00fates<\/strong> \u2728\ud83d\udc2c<\/p>\n<p data-start=\"175\" data-end=\"551\">Za\u017eijte neuv\u011b\u0159iteln\u00e9 dobrodru\u017estv\u00ed p\u0159i plav\u00e1n\u00ed s divok\u00fdmi delf\u00edny v Samadai, zn\u00e1m\u00e9m jako Delf\u00edn\u00ed \u00fates. \ud83c\udf0a<br data-start=\"304\" data-end=\"307\" \/>Tato chr\u00e1n\u011bn\u00e1 mo\u0159sk\u00e1 oblast je domovem hejna hrav\u00fdch delf\u00edn\u016f \ud83d\udc2c a py\u0161n\u00ed se \u017eiv\u00fdmi kor\u00e1lov\u00fdmi \u00fatesy \ud83d\udc20, k\u0159i\u0161\u0165\u00e1lov\u011b \u010distou vodou a bohat\u00fdm mo\u0159sk\u00fdm \u017eivotem \ud83d\udc22. Je ide\u00e1ln\u00ed pro \u0161norchla\u0159e, kte\u0159\u00ed hledaj\u00ed jedine\u010dn\u00e9 setk\u00e1n\u00ed s p\u0159\u00edrodou. \ud83c\udf34<\/p>\n<hr data-start=\"553\" data-end=\"556\" \/>\n<p data-start=\"558\" data-end=\"587\"><strong data-start=\"558\" data-end=\"585\">Nejd\u016fle\u017eit\u011bj\u0161\u00ed momenty cesty:<\/strong><\/p>\n<ul data-start=\"589\" data-end=\"981\">\n<li data-start=\"589\" data-end=\"688\">\n<p data-start=\"591\" data-end=\"688\"><strong data-start=\"591\" data-end=\"623\">\u0160norchlov\u00e1n\u00ed s delf\u00edny \ud83e\udd3f:<\/strong> Zaplavte si s hejny divok\u00fdch delf\u00edn\u016f v jejich p\u0159irozen\u00e9m prost\u0159ed\u00ed.<\/p>\n<\/li>\n<li data-start=\"640\" data-end=\"741\">\n<p data-start=\"642\" data-end=\"741\"><strong data-start=\"642\" data-end=\"658\">Pot\u00e1p\u011bn\u00ed \ud83e\udd3f\ud83d\udc20:<\/strong> Objevte kouzeln\u00fd podmo\u0159sk\u00fd sv\u011bt a prozkoumejte zbl\u00edzka \u00fa\u017easn\u00e9 kor\u00e1lov\u00e9 \u00fatesy.<\/p>\n<\/li>\n<li data-start=\"689\" data-end=\"792\">\n<p data-start=\"691\" data-end=\"792\"><strong data-start=\"691\" data-end=\"724\">Kor\u00e1lov\u00e9 \u00fatesy a mo\u0159sk\u00fd \u017eivot \ud83d\udc20:<\/strong> Prozkoumejte barevn\u00e9 kor\u00e1ly, tropick\u00e9 ryby a ob\u010das i \u017eelvy.<\/p>\n<\/li>\n<li data-start=\"793\" data-end=\"877\">\n<p data-start=\"795\" data-end=\"877\"><strong data-start=\"795\" data-end=\"819\">Vyhl\u00eddkov\u00e1 proj\u00ed\u017e\u010fka lod\u00ed \ud83d\udea4:<\/strong> U\u017eijte si j\u00edzdu do Samadai s kr\u00e1sn\u00fdm v\u00fdhledem na Rud\u00e9 mo\u0159e.<\/p>\n<\/li>\n<li data-start=\"878\" data-end=\"981\">\n<p data-start=\"880\" data-end=\"981\"><strong data-start=\"880\" data-end=\"912\">Fotografov\u00e1n\u00ed a relaxace \ud83d\udcf8:<\/strong> Zachy\u0165te nezapomenuteln\u00e9 okam\u017eiky a b\u011bhem p\u0159est\u00e1vek relaxujte na palub\u011b.<\/p>\n<\/li>\n<\/ul>\n<hr data-start=\"1354\" data-end=\"1357\" \/>\n<p data-start=\"1359\" data-end=\"1386\"><strong data-start=\"1359\" data-end=\"1384\">Tipy na v\u00fdlet \ud83d\udcdd:<\/strong><\/p>\n<ul data-start=\"1388\" data-end=\"1574\">\n<li data-start=\"1388\" data-end=\"1420\">\n<p data-start=\"1390\" data-end=\"1420\">Pou\u017e\u00edvejte opalovac\u00ed kr\u00e9m \ud83e\uddf4 a klobouk.<\/p>\n<\/li>\n<li data-start=\"1421\" data-end=\"1454\">\n<p data-start=\"1423\" data-end=\"1454\">Vezm\u011bte si vodot\u011bsn\u00fd fotoapar\u00e1t \ud83d\udcf7.<\/p>\n<\/li>\n<li data-start=\"1455\" data-end=\"1515\">\n<p data-start=\"1457\" data-end=\"1515\">Pou\u017e\u00edvejte opalovac\u00ed kr\u00e9my bezpe\u010dn\u00e9 pro \u00fatesy, abyste chr\u00e1nili mo\u0159sk\u00fd ekosyst\u00e9m.<\/p>\n<\/li>\n<li data-start=\"1516\" data-end=\"1574\">\n<p data-start=\"1518\" data-end=\"1574\">Pro bezpe\u010dn\u00e9 setk\u00e1n\u00ed s delf\u00edny dodr\u017eujte pokyny pr\u016fvodce.<\/p>\n<\/li>\n<\/ul>\n<p data-start=\"1518\" data-end=\"1574\">\ud83e\udd11 <strong data-start=\"44\" data-end=\"63\">Ceny aktivit ( \u0160norchlov\u00e1n\u00ed )<\/strong><br data-start=\"63\" data-end=\"66\" \/>\ud83d\udc68\ud83c\udffb\u200d\ud83e\uddb1 Dosp\u011bl\u00ed (od 12 let): <strong data-start=\"103\" data-end=\"110\">65 \u20ac<\/strong><br data-start=\"110\" data-end=\"113\" \/>\ud83e\uddcd\ud83c\udffb\u200d\u2640\ufe0f D\u011bti (do 12 let): <strong data-start=\"148\" data-end=\"155\">40 \u20ac<\/strong><br data-start=\"155\" data-end=\"158\" \/>\ud83d\udc7c\ud83c\udffc D\u011bti (do 5 let): <strong data-start=\"189\" data-end=\"197\">Zdarma<\/strong><\/p>\n<p data-start=\"1518\" data-end=\"1574\">\ud83e\udd11 <strong data-start=\"44\" data-end=\"63\">Ceny aktivit ( Pot\u00e1p\u011bn\u00ed Intro )<\/strong><br data-start=\"63\" data-end=\"66\" \/>\ud83d\udc68\ud83c\udffb\u200d\ud83e\uddb1 Dosp\u011bl\u00ed : 8<strong data-start=\"103\" data-end=\"110\">5 \u20ac<\/strong><\/p>\n<p data-start=\"1518\" data-end=\"1574\">\ud83e\udd11 <strong data-start=\"44\" data-end=\"63\">Ceny aktivit ( Pot\u00e1p\u011bn\u00ed denn\u011b)<\/strong><br data-start=\"63\" data-end=\"66\" \/>\ud83d\udc68\ud83c\udffb\u200d\ud83e\uddb1 Dosp\u011bl\u00ed : <strong data-start=\"103\" data-end=\"110\">110 \u20ac<\/strong><\/p>\n<h3 data-start=\"2198\" data-end=\"2225\"><strong data-start=\"2205\" data-end=\"2223\">Platba v USD ($ \ud83c\uddfa\ud83c\uddf8) m\u00edsto v EUR (\u20ac \ud83c\uddea\ud83c\uddfa) je mo\u017en\u00e1 podle denn\u00edho kurzu banky.<\/strong><\/h3>\n<ul data-start=\"1388\" data-end=\"1574\">\n<li data-start=\"1516\" data-end=\"1574\"><strong>Kniha p\u0159es WhatsApp:<\/strong><\/li>\n<li data-start=\"1516\" data-end=\"1574\"><a href=\"https:\/\/wa.me\/201021058859\" target=\"_blank\" rel=\"noopener\"><img decoding=\"async\" class=\"alignnone wp-image-2058\" src=\"https:\/\/poehalisnamiegypt.com\/wp-content\/uploads\/2024\/02\/pngwing.com_-300x300.png\" sizes=\"auto, (max-width: 35px) 100vw, 35px\" srcset=\"https:\/\/poehalisnamiegypt.com\/wp-content\/uploads\/2024\/02\/pngwing.com_-300x300.png 300w, https:\/\/poehalisnamiegypt.com\/wp-content\/uploads\/2024\/02\/pngwing.com_-150x150.png 150w, https:\/\/poehalisnamiegypt.com\/wp-content\/uploads\/2024\/02\/pngwing.com_.png 584w\" alt=\"\" width=\"53\" height=\"53\" \/><\/a><\/li>\n<\/ul>\n<div id=\"gtx-trans\" style=\"position: absolute; left: 147px; top: 1.2px;\">\n<div class=\"gtx-trans-icon\"><\/div>\n<\/div>","protected":false},"excerpt":{"rendered":"<p>\ud83d\udc2c\u2728 Samadai \u2013 Dolphin Reef \u2728\ud83d\udc2c Experience the incredible adventure of swimming with wild dolphins at Samadai, famously known as Dolphin Reef. \ud83c\udf0aThis protected marine area is home to pods of playful spinner dolphins \ud83d\udc2c and boasts vibrant coral reefs \ud83d\udc20, crystal-clear waters, and abundant marine life \ud83d\udc22. It\u2019s perfect for snorkelers seeking a once-in-a-lifetime [&hellip;]<\/p>\n","protected":false},"featured_media":9784,"comment_status":"open","ping_status":"closed","template":"","meta":{"_monsterinsights_skip_tracking":false,"_monsterinsights_sitenote_active":false,"_monsterinsights_sitenote_note":"","_monsterinsights_sitenote_category":0,"_mbp_gutenberg_autopost":false},"product_brand":[],"product_cat":[64],"product_tag":[],"class_list":{"0":"post-9706","1":"product","2":"type-product","3":"status-publish","4":"has-post-thumbnail","6":"product_cat-marsa-alam","8":"first","9":"instock","10":"shipping-taxable","11":"purchasable","12":"product-type-ovabrw_car_rental"},"_links":{"self":[{"href":"https:\/\/redsea-dream-tours.net\/cs\/wp-json\/wp\/v2\/product\/9706","targetHints":{"allow":["GET"]}}],"collection":[{"href":"https:\/\/redsea-dream-tours.net\/cs\/wp-json\/wp\/v2\/product"}],"about":[{"href":"https:\/\/redsea-dream-tours.net\/cs\/wp-json\/wp\/v2\/types\/product"}],"replies":[{"embeddable":true,"href":"https:\/\/redsea-dream-tours.net\/cs\/wp-json\/wp\/v2\/comments?post=9706"}],"wp:featuredmedia":[{"embeddable":true,"href":"https:\/\/redsea-dream-tours.net\/cs\/wp-json\/wp\/v2\/media\/9784"}],"wp:attachment":[{"href":"https:\/\/redsea-dream-tours.net\/cs\/wp-json\/wp\/v2\/media?parent=9706"}],"wp:term":[{"taxonomy":"product_brand","embeddable":true,"href":"https:\/\/redsea-dream-tours.net\/cs\/wp-json\/wp\/v2\/product_brand?post=9706"},{"taxonomy":"product_cat","embeddable":true,"href":"https:\/\/redsea-dream-tours.net\/cs\/wp-json\/wp\/v2\/product_cat?post=9706"},{"taxonomy":"product_tag","embeddable":true,"href":"https:\/\/redsea-dream-tours.net\/cs\/wp-json\/wp\/v2\/product_tag?post=9706"}],"curies":[{"name":"wp","href":"https:\/\/api.w.org\/{rel}","templated":true}]}}