{"id":9708,"date":"2026-03-01T20:22:44","date_gmt":"2026-03-01T20:22:44","guid":{"rendered":"https:\/\/redsea-dream-tours.net\/?post_type=product&#038;p=9708"},"modified":"2026-03-01T20:23:46","modified_gmt":"2026-03-01T20:23:46","slug":"sataya-overnight-dolphins-diving-reef-magic","status":"publish","type":"product","link":"https:\/\/redsea-dream-tours.net\/cs\/produkt\/sataya-overnight-dolphins-diving-reef-magic\/","title":{"rendered":"Sataya Overnight: Delf\u00edni, pot\u00e1p\u011bn\u00ed a kouzlo \u00fates\u016f"},"content":{"rendered":"<h1 data-start=\"147\" data-end=\"187\">\ud83d\udc2c\u2728 Sataya Overnight Trip Report \u2728\ud83d\udc2c<\/h1>\n<h2 data-start=\"189\" data-end=\"209\">\ud83d\udccd \u00davod<\/h2>\n<p data-start=\"210\" data-end=\"465\"><strong data-start=\"210\" data-end=\"225\">\u00dates Sataya<\/strong>, zn\u00e1m\u00fd tak\u00e9 jako <strong data-start=\"245\" data-end=\"261\">Delf\u00edn\u00ed \u00fates<\/strong>, je jedn\u00edm z nejkouzeln\u011bj\u0161\u00edch m\u00edst v Rud\u00e9m mo\u0159i pobl\u00ed\u017e Marsa Alam. Je domovem velk\u00fdch hejn hrav\u00fdch <strong data-start=\"364\" data-end=\"387\">delf\u00edni rodu Spinner \ud83d\udc2c<\/strong>, \u017eiv\u00e9 kor\u00e1lov\u00e9 \u00fatesy \ud83d\udc20, k\u0159i\u0161\u0165\u00e1lov\u011b \u010dist\u00e1 voda a bohat\u00fd mo\u0159sk\u00fd ekosyst\u00e9m.<\/p>\n<p data-start=\"467\" data-end=\"698\">Na str\u00e1nk\u00e1ch <strong data-start=\"471\" data-end=\"491\">No\u010dn\u00ed plavba<\/strong> v\u00e1m d\u00e1v\u00e1 jedine\u010dnou \u0161anci str\u00e1vit <strong data-start=\"529\" data-end=\"570\">cel\u00e1 noc uprost\u0159ed mo\u0159e<\/strong> na palub\u011b pohodln\u00e9 jachty, kter\u00e1 kombinuje pot\u00e1p\u011bn\u00ed, \u0161norchlov\u00e1n\u00ed, relaxaci a nezapomenutelnou z\u00e1bavu pod hv\u011bzdnou oblohou. \ud83c\udf0c\u2728<\/p>\n<hr data-start=\"700\" data-end=\"703\" \/>\n<h2 data-start=\"705\" data-end=\"723\">\ud83d\udee5\ufe0f Itiner\u00e1\u0159<\/h2>\n<h3 data-start=\"725\" data-end=\"740\"><strong data-start=\"729\" data-end=\"738\">Den 1<\/strong><\/h3>\n<ul data-start=\"741\" data-end=\"1687\">\n<li data-start=\"741\" data-end=\"854\">\n<p data-start=\"743\" data-end=\"854\"><strong data-start=\"743\" data-end=\"766\">Vyzvednut\u00ed a transfer:<\/strong> Rann\u00ed transfer z hotelu do p\u0159\u00edstavu a nalod\u011bn\u00ed na pln\u011b vybavenou jachtu.<\/p>\n<\/li>\n<li data-start=\"855\" data-end=\"931\">\n<p data-start=\"857\" data-end=\"931\"><strong data-start=\"857\" data-end=\"879\">Plavba na ostrov Sataya:<\/strong> U\u017eijte si vyhl\u00eddkovou plavbu lod\u00ed po Rud\u00e9m mo\u0159i. \ud83d\udea4<\/p>\n<\/li>\n<li data-start=\"932\" data-end=\"1064\">\n<p data-start=\"934\" data-end=\"1064\"><strong data-start=\"934\" data-end=\"955\">Informa\u010dn\u00ed sch\u016fzka:<\/strong> Bezpe\u010dnostn\u00ed pokyny, pokyny pro pot\u00e1p\u011bn\u00ed\/\u0161norchlov\u00e1n\u00ed a sezn\u00e1men\u00ed s delf\u00edny a ekosyst\u00e9mem \u00fatesu.<\/p>\n<\/li>\n<li data-start=\"1065\" data-end=\"1178\">\n<p data-start=\"1067\" data-end=\"1178\"><strong data-start=\"1067\" data-end=\"1085\">Prvn\u00ed ponor \ud83e\udd3f:<\/strong> Prozkoumejte kouzeln\u00fd podmo\u0159sk\u00fd sv\u011bt Sataya - barevn\u00e9 kor\u00e1lov\u00e9 zahrady a tropick\u00e9 ryby.<\/p>\n<\/li>\n<li data-start=\"1179\" data-end=\"1283\">\n<p data-start=\"1181\" data-end=\"1283\"><strong data-start=\"1181\" data-end=\"1213\">\u0160norchlov\u00e1n\u00ed s delf\u00edny \ud83d\udc2c:<\/strong> Plavte a \u0161norchlujte vedle hejna delf\u00edn\u016f v jejich p\u0159irozen\u00e9m prost\u0159ed\u00ed.<\/p>\n<\/li>\n<li data-start=\"1284\" data-end=\"1351\">\n<p data-start=\"1286\" data-end=\"1351\"><strong data-start=\"1286\" data-end=\"1308\">Ob\u011bd na palub\u011b \ud83c\udf74:<\/strong> Chutn\u00fd ob\u011bd formou bufetu s nealkoholick\u00fdmi n\u00e1poji.<\/p>\n<\/li>\n<li data-start=\"1352\" data-end=\"1459\">\n<p data-start=\"1354\" data-end=\"1459\"><strong data-start=\"1354\" data-end=\"1395\">Druh\u00fd ponor nebo pr\u016fzkum \u00fatesu \ud83e\udd3f\ud83d\udc20:<\/strong> Dal\u0161\u00ed ponor na jin\u00e9 \u00fatesov\u00e9 lokalit\u011b pln\u00e9 mo\u0159sk\u00fdch z\u00e1zrak\u016f.<\/p>\n<\/li>\n<li data-start=\"1460\" data-end=\"1583\">\n<p data-start=\"1462\" data-end=\"1583\"><strong data-start=\"1462\" data-end=\"1502\">Ve\u010dern\u00ed z\u00e1bava (Interwa) \ud83c\udfb6\u2728:<\/strong> Hudba, z\u00e1bavn\u00e9 aktivity a mal\u00e1 p\u00e1rty na palub\u011b p\u0159i sledov\u00e1n\u00ed z\u00e1padu slunce. \ud83c\udf05<\/p>\n<\/li>\n<li data-start=\"1584\" data-end=\"1687\">\n<p data-start=\"1586\" data-end=\"1687\"><strong data-start=\"1586\" data-end=\"1614\">Ve\u010de\u0159e a p\u0159enocov\u00e1n\u00ed:<\/strong> Vychutnejte si p\u0159\u00edjemnou ve\u010de\u0159i, odpo\u010d\u00edvejte na palub\u011b nebo pozorujte hv\u011bzdy pod \u0161ir\u00fdm nebem. \ud83c\udf0c<\/p>\n<\/li>\n<\/ul>\n<h3 data-start=\"1689\" data-end=\"1704\"><strong data-start=\"1693\" data-end=\"1702\">Den 2<\/strong><\/h3>\n<ul data-start=\"1705\" data-end=\"2024\">\n<li data-start=\"1705\" data-end=\"1768\">\n<p data-start=\"1707\" data-end=\"1768\"><strong data-start=\"1707\" data-end=\"1731\">Brzk\u00e1 sn\u00eddan\u011b \u2615\ud83e\udd50:<\/strong> Nov\u00fd za\u010d\u00e1tek dal\u0161\u00edho dobrodru\u017estv\u00ed.<\/p>\n<\/li>\n<li data-start=\"1769\" data-end=\"1860\">\n<p data-start=\"1771\" data-end=\"1860\"><strong data-start=\"1771\" data-end=\"1791\">Rann\u00ed ponor \ud83e\udd3f:<\/strong> Objevte nov\u00e9 pot\u00e1p\u011b\u010dsk\u00e9 m\u00edsto v Sataya s \u00fa\u017easn\u00fdmi kor\u00e1lov\u00fdmi \u00fatvary.<\/p>\n<\/li>\n<li data-start=\"1861\" data-end=\"1940\">\n<p data-start=\"1863\" data-end=\"1940\"><strong data-start=\"1863\" data-end=\"1895\">Z\u00e1v\u011bre\u010dn\u00e9 \u0161norchlov\u00e1n\u00ed \ud83d\udc20:<\/strong> P\u0159ed odjezdem prozkoumejte dal\u0161\u00ed \u010d\u00e1sti \u00fatesu.<\/p>\n<\/li>\n<li data-start=\"1941\" data-end=\"2024\">\n<p data-start=\"1943\" data-end=\"2024\"><strong data-start=\"1943\" data-end=\"1975\">N\u00e1vrat do p\u0159\u00edstavu a transfer:<\/strong> N\u00e1vrat do p\u0159\u00edstavu a p\u0159ejezd do hotelu.<\/p>\n<\/li>\n<\/ul>\n<hr data-start=\"2026\" data-end=\"2029\" \/>\n<h2 data-start=\"2031\" data-end=\"2060\">\u2728 Nejd\u016fle\u017eit\u011bj\u0161\u00ed momenty cesty<\/h2>\n<ul data-start=\"2061\" data-end=\"2416\">\n<li data-start=\"2061\" data-end=\"2113\">\n<p data-start=\"2063\" data-end=\"2113\"><strong data-start=\"2063\" data-end=\"2088\">P\u0159enocov\u00e1n\u00ed na mo\u0159i<\/strong> na palub\u011b luxusn\u00ed jachty.<\/p>\n<\/li>\n<li data-start=\"2114\" data-end=\"2161\">\n<p data-start=\"2116\" data-end=\"2161\"><strong data-start=\"2116\" data-end=\"2134\">V\u00edcen\u00e1sobn\u00e9 ponory<\/strong> na r\u016fzn\u00fdch m\u00edstech \u00fates\u016f.<\/p>\n<\/li>\n<li data-start=\"2162\" data-end=\"2224\">\n<p data-start=\"2164\" data-end=\"2224\"><strong data-start=\"2164\" data-end=\"2192\">\u0160norchlov\u00e1n\u00ed s delf\u00edny<\/strong> v jejich p\u0159irozen\u00e9m prost\u0159ed\u00ed.<\/p>\n<\/li>\n<li data-start=\"2225\" data-end=\"2306\">\n<p data-start=\"2227\" data-end=\"2306\"><strong data-start=\"2227\" data-end=\"2263\">Z\u00e1bava na palub\u011b (Interwa)<\/strong> s hudbou, tancem a z\u00e1bavn\u00fdmi aktivitami.<\/p>\n<\/li>\n<li data-start=\"2307\" data-end=\"2416\">\n<p data-start=\"2309\" data-end=\"2416\">Ide\u00e1ln\u00ed pro <strong data-start=\"2321\" data-end=\"2380\">p\u00e1ry \ud83d\udc91, rodiny \ud83d\udc68\u200d\ud83d\udc69\u200d\ud83d\udc67\u200d\ud83d\udc66 a skupiny p\u0159\u00e1tel.<\/strong> hledaj\u00ed dobrodru\u017estv\u00ed a odpo\u010dinek.<\/p>\n<\/li>\n<\/ul>\n<hr data-start=\"2418\" data-end=\"2421\" \/>\n<h2 data-start=\"2423\" data-end=\"2442\">\ud83d\udcdd Tipy na cesty<\/h2>\n<ul data-start=\"2443\" data-end=\"2766\">\n<li data-start=\"2443\" data-end=\"2541\">\n<p data-start=\"2445\" data-end=\"2541\">Vezm\u011bte si s sebou osobn\u00ed pot\u0159eby: slune\u010dn\u00ed br\u00fdle \ud83d\udd76\ufe0f, opalovac\u00ed kr\u00e9m vhodn\u00fd pro \u00fatesy \ud83e\uddf4 a vodot\u011bsn\u00fd fotoapar\u00e1t \ud83d\udcf7.<\/p>\n<\/li>\n<li data-start=\"2542\" data-end=\"2645\">\n<p data-start=\"2544\" data-end=\"2645\">Pot\u00e1p\u011bn\u00ed se doporu\u010duje certifikovan\u00fdm pot\u00e1p\u011b\u010d\u016fm (PADI, NAUI), zat\u00edmco \u0161norchlov\u00e1n\u00ed je ide\u00e1ln\u00ed pro za\u010d\u00e1te\u010dn\u00edky.<\/p>\n<\/li>\n<li data-start=\"2646\" data-end=\"2700\">\n<p data-start=\"2648\" data-end=\"2700\">Odpo\u010di\u0148te si brzy, abyste si mohli vychutnat kouzeln\u00fd v\u00fdchod slunce na mo\u0159i. \ud83c\udf05<\/p>\n<\/li>\n<li data-start=\"2701\" data-end=\"2766\">\n<p data-start=\"2703\" data-end=\"2766\">P\u0159ipojte se k z\u00e1bavn\u00e9mu programu a pro\u017eijte nezapomenuteln\u00fd ve\u010der. \ud83c\udfb6<\/p>\n<\/li>\n<\/ul>\n<hr data-start=\"2768\" data-end=\"2771\" \/>\n<h2 data-start=\"2773\" data-end=\"2791\">\ud83c\udf1f Z\u00e1v\u011br<\/h2>\n<p data-start=\"2792\" data-end=\"3062\">Na str\u00e1nk\u00e1ch <strong data-start=\"2796\" data-end=\"2823\">No\u010dn\u00ed plavba lod\u00ed Sataya<\/strong> je jedine\u010dn\u00fd z\u00e1\u017eitek, kter\u00fd kombinuje <strong data-start=\"2873\" data-end=\"2907\">dobrodru\u017estv\u00ed, odpo\u010dinek a z\u00e1bava<\/strong>. \ud83d\udc2c\ud83e\udd3f<br data-start=\"2913\" data-end=\"2916\" \/>Zaplavte si s delf\u00edny, pot\u00e1p\u011bjte se v \u017eiv\u00fdch \u00fatesech, u\u017eijte si \u017eivou z\u00e1bavu a pro\u017eijte snovou noc pod hv\u011bzdami v srdci Rud\u00e9ho mo\u0159e. \u2728\ud83c\udf0c<\/p>\n<p data-start=\"1518\" data-end=\"1574\">\ud83e\udd11 <strong data-start=\"44\" data-end=\"63\">Ceny aktivit ( \u0160norchlov\u00e1n\u00ed )<\/strong><br data-start=\"63\" data-end=\"66\" \/>\ud83d\udc68\ud83c\udffb\u200d\ud83e\uddb1 Dosp\u011bl\u00ed (od 12 let): <strong data-start=\"103\" data-end=\"110\">200 \u20ac<\/strong><br data-start=\"110\" data-end=\"113\" \/>\ud83e\uddcd\ud83c\udffb\u200d\u2640\ufe0f D\u011bti (do 12 let): <strong data-start=\"148\" data-end=\"155\">135 \u20ac<\/strong><\/p>\n<p data-start=\"1518\" data-end=\"1574\">\ud83e\udd11 <strong data-start=\"44\" data-end=\"63\">Ceny aktivit ( Pot\u00e1p\u011bn\u00ed Intro )<\/strong><br data-start=\"63\" data-end=\"66\" \/>\ud83d\udc68\ud83c\udffb\u200d\ud83e\uddb1 Dosp\u011bl\u00ed : <strong data-start=\"103\" data-end=\"110\">230 \u20ac<\/strong><\/p>\n<p data-start=\"1518\" data-end=\"1574\">\ud83e\udd11 <strong data-start=\"44\" data-end=\"63\">Ceny aktivit ( Pot\u00e1p\u011bn\u00ed denn\u011b)<\/strong><br data-start=\"63\" data-end=\"66\" \/>\ud83d\udc68\ud83c\udffb\u200d\ud83e\uddb1 Dosp\u011bl\u00ed : <strong data-start=\"103\" data-end=\"110\">280 \u20ac<\/strong><\/p>\n<h3 data-start=\"2198\" data-end=\"2225\"><strong data-start=\"2205\" data-end=\"2223\">Platba v USD ($ \ud83c\uddfa\ud83c\uddf8) m\u00edsto v EUR (\u20ac \ud83c\uddea\ud83c\uddfa) je mo\u017en\u00e1 podle denn\u00edho kurzu banky.<\/strong><\/h3>","protected":false},"excerpt":{"rendered":"<p>\ud83d\udc2c\u2728 Sataya Overnight Trip Report \u2728\ud83d\udc2c \ud83d\udccd Introduction Sataya Reef, also known as the Dolphin Reef, is one of the most magical spots in the Red Sea near Marsa Alam. It is home to large pods of playful spinner dolphins \ud83d\udc2c, vibrant coral reefs \ud83d\udc20, crystal-clear waters, and a rich marine ecosystem. The Overnight Cruise [&hellip;]<\/p>\n","protected":false},"featured_media":9797,"comment_status":"open","ping_status":"closed","template":"","meta":{"_monsterinsights_skip_tracking":false,"_monsterinsights_sitenote_active":false,"_monsterinsights_sitenote_note":"","_monsterinsights_sitenote_category":0,"_mbp_gutenberg_autopost":false},"product_brand":[],"product_cat":[64],"product_tag":[],"class_list":{"0":"post-9708","1":"product","2":"type-product","3":"status-publish","4":"has-post-thumbnail","6":"product_cat-marsa-alam","8":"first","9":"instock","10":"shipping-taxable","11":"purchasable","12":"product-type-ovabrw_car_rental"},"_links":{"self":[{"href":"https:\/\/redsea-dream-tours.net\/cs\/wp-json\/wp\/v2\/product\/9708","targetHints":{"allow":["GET"]}}],"collection":[{"href":"https:\/\/redsea-dream-tours.net\/cs\/wp-json\/wp\/v2\/product"}],"about":[{"href":"https:\/\/redsea-dream-tours.net\/cs\/wp-json\/wp\/v2\/types\/product"}],"replies":[{"embeddable":true,"href":"https:\/\/redsea-dream-tours.net\/cs\/wp-json\/wp\/v2\/comments?post=9708"}],"wp:featuredmedia":[{"embeddable":true,"href":"https:\/\/redsea-dream-tours.net\/cs\/wp-json\/wp\/v2\/media\/9797"}],"wp:attachment":[{"href":"https:\/\/redsea-dream-tours.net\/cs\/wp-json\/wp\/v2\/media?parent=9708"}],"wp:term":[{"taxonomy":"product_brand","embeddable":true,"href":"https:\/\/redsea-dream-tours.net\/cs\/wp-json\/wp\/v2\/product_brand?post=9708"},{"taxonomy":"product_cat","embeddable":true,"href":"https:\/\/redsea-dream-tours.net\/cs\/wp-json\/wp\/v2\/product_cat?post=9708"},{"taxonomy":"product_tag","embeddable":true,"href":"https:\/\/redsea-dream-tours.net\/cs\/wp-json\/wp\/v2\/product_tag?post=9708"}],"curies":[{"name":"wp","href":"https:\/\/api.w.org\/{rel}","templated":true}]}}