{"id":9744,"date":"2026-03-01T20:23:05","date_gmt":"2026-03-01T20:23:05","guid":{"rendered":"https:\/\/redsea-dream-tours.net\/?post_type=product&#038;p=9744"},"modified":"2026-03-01T20:24:16","modified_gmt":"2026-03-01T20:24:16","slug":"cairo-gem-van-pyramids-sphinx-museum","status":"publish","type":"product","link":"https:\/\/redsea-dream-tours.net\/cs\/produkt\/cairo-gem-van-pyramids-sphinx-museum\/","title":{"rendered":"K\u00e1hirsk\u00e1 dod\u00e1vka s drahokamy: Pyramidy, Sfinga a muzeum"},"content":{"rendered":"<p data-start=\"175\" data-end=\"278\">\ud83c\udfdb\ufe0f\u2728 <strong data-start=\"180\" data-end=\"272\">K\u00e1hira a Velk\u00e9 egyptsk\u00e9 muzeum - objevte kouzlo starov\u011bk\u00e9ho Egypta za jedin\u00fd den!<\/strong> \u2728\ud83c\udf05<\/p>\n<p data-start=\"280\" data-end=\"539\">P\u0159ipravte se na den pln\u00fd z\u00e1zrak\u016f - kde se setk\u00e1v\u00e1 starov\u011bk\u00e1 sl\u00e1va s modern\u00edm leskem.<br data-start=\"362\" data-end=\"365\" \/>Tato nezapomenuteln\u00e1 cesta kombinuje <strong data-start=\"401\" data-end=\"417\">pyramidy<\/strong>, <strong data-start=\"419\" data-end=\"439\">Velk\u00e1 Sfinga<\/strong>, a <strong data-start=\"445\" data-end=\"474\">Velk\u00e9 egyptsk\u00e9 muzeum<\/strong>, a to v\u0161e v jednom neuv\u011b\u0159iteln\u00e9m z\u00e1\u017eitku v zemi faraon\u016f.<\/p>\n<hr data-start=\"541\" data-end=\"544\" \/>\n<p data-start=\"546\" data-end=\"574\">\ud83d\udd50 <strong data-start=\"549\" data-end=\"572\">Podrobn\u00fd itiner\u00e1\u0159:<\/strong><\/p>\n<p data-start=\"47\" data-end=\"135\">\ud83d\ude90 <strong data-start=\"50\" data-end=\"131\">Vyzvednut\u00ed z hotelu v 1:00 r\u00e1no v modern\u00ed klimatizovan\u00e9 dod\u00e1vce do K\u00e1hiry.<\/strong> \u2728<\/p>\n<p data-start=\"576\" data-end=\"844\">Seznamte se se sv\u00fdm <strong data-start=\"681\" data-end=\"716\">profesion\u00e1ln\u00ed egyptologick\u00fd pr\u016fvodce<\/strong> v K\u00e1hi\u0159e a p\u0159ipravte se na neoby\u010dejn\u00e9 dobrodru\u017estv\u00ed.<br data-start=\"773\" data-end=\"776\" \/>\ud83c\udf06 P\u0159ije\u010fte do K\u00e1hiry brzy r\u00e1no a za\u010dn\u011bte sv\u016fj jedine\u010dn\u00fd den!<\/p>\n<p data-start=\"846\" data-end=\"1004\">\ud83d\ude90 <strong data-start=\"849\" data-end=\"885\">N\u00e1vrat do hotelu do 23:00<\/strong>, napln\u011bn\u00e9 <strong data-start=\"899\" data-end=\"925\">nezapomenuteln\u00e9 vzpom\u00ednky<\/strong>, <strong data-start=\"927\" data-end=\"950\">\u00fachvatn\u00e9 fotografie<\/strong>, a <strong data-start=\"956\" data-end=\"999\">p\u0159\u00edb\u011bhy, kter\u00e9 v\u00e1m z\u016fstanou nav\u017edy<\/strong> \u2764\ufe0f<\/p>\n<hr data-start=\"1006\" data-end=\"1009\" \/>\n<p data-start=\"1011\" data-end=\"1430\">\ud83d\udd39 <strong data-start=\"1014\" data-end=\"1069\">Prvn\u00ed zast\u00e1vka: Pyramidy v G\u00edze a Velk\u00e1 sfinga<\/strong> \ud83c\udfdc\ufe0f<br data-start=\"1073\" data-end=\"1076\" \/>Za\u010dn\u011bte sv\u016fj den na nejzn\u00e1m\u011bj\u0161\u00edm m\u00edst\u011b na sv\u011bt\u011b - u <strong data-start=\"1129\" data-end=\"1178\">Velk\u00e9 Chufuovy, Chafreho a Menkaureovy pyramidy<\/strong>, v\u011b\u010dn\u00e9 symboly starov\u011bk\u00e9ho g\u00e9nia a tajemstv\u00ed.<br data-start=\"1226\" data-end=\"1229\" \/>Postavte se tv\u00e1\u0159\u00ed v tv\u00e1\u0159 majest\u00e1tn\u00edmu <strong data-start=\"1266\" data-end=\"1282\">Velk\u00e1 sfinga<\/strong>, st\u0159e\u017e\u00edc\u00ed pou\u0161\u0165 po v\u00edce ne\u017e <strong data-start=\"1313\" data-end=\"1328\">4 500 let<\/strong>! \ud83e\udd81<br data-start=\"1332\" data-end=\"1335\" \/>\ud83d\udcf8 Zachy\u0165te \u00fa\u017easn\u00e9 fotografie s pyramidami jako kulisou - okam\u017eik, na kter\u00fd nikdy nezapomenete.<\/p>\n<p data-start=\"1432\" data-end=\"1591\">\ud83d\udc2a <strong data-start=\"1435\" data-end=\"1460\">J\u00edzda na velbloudu (voliteln\u011b)<\/strong> - nen\u00ed sou\u010d\u00e1st\u00ed hlavn\u00ed prohl\u00eddky, ale je k dispozici pro hosty, kte\u0159\u00ed si cht\u011bj\u00ed vychutnat autentick\u00fd starov\u011bk\u00fd z\u00e1\u017eitek v okol\u00ed pyramid.<\/p>\n<hr data-start=\"1593\" data-end=\"1596\" \/>\n<p data-start=\"1598\" data-end=\"2099\">\ud83d\udd39 <strong data-start=\"1601\" data-end=\"1649\">Druh\u00e1 zast\u00e1vka: Velk\u00e9 egyptsk\u00e9 muzeum (GEM)<\/strong> \ud83c\udfdb\ufe0f<br data-start=\"1653\" data-end=\"1656\" \/>Vydejte se do <strong data-start=\"1668\" data-end=\"1720\">nejnov\u011bj\u0161\u00ed a nejv\u011bt\u0161\u00ed archeologick\u00e9 muzeum na sv\u011bt\u011b<\/strong>, kter\u00e1 se nach\u00e1z\u00ed na n\u00e1horn\u00ed plo\u0161in\u011b G\u00edza.<br data-start=\"1750\" data-end=\"1753\" \/>Obdivujte v\u00edce ne\u017e <strong data-start=\"1768\" data-end=\"1797\">100 000 starov\u011bk\u00fdch artefakt\u016f<\/strong> zobrazen\u00e9 pomoc\u00ed <strong data-start=\"1813\" data-end=\"1840\">nejmodern\u011bj\u0161\u00ed technologie<\/strong> a vypr\u00e1v\u011bn\u00ed p\u0159\u00edb\u011bh\u016f.<br data-start=\"1858\" data-end=\"1861\" \/>Objevte <strong data-start=\"1874\" data-end=\"1911\">kompletn\u00ed Tutanchamonovy poklady<\/strong>, kter\u00e9 se poprv\u00e9 v historii p\u0159edstavuj\u00ed spole\u010dn\u011b!<br data-start=\"1962\" data-end=\"1965\" \/>Nenechte si uj\u00edt <strong data-start=\"1980\" data-end=\"2009\">ob\u0159\u00ed socha Ramsese II.<\/strong> kter\u00e1 v\u00edt\u00e1 n\u00e1v\u0161t\u011bvn\u00edky v hlavn\u00edm s\u00e1le - dechberouc\u00ed \u00favod do sl\u00e1vy Egypta \ud83d\udc51<\/p>\n<hr data-start=\"2101\" data-end=\"2104\" \/>\n<p data-start=\"2106\" data-end=\"2346\">\ud83c\udf74 <strong data-start=\"2109\" data-end=\"2133\">Z\u00e1\u017eitek z VIP ob\u011bda<\/strong><br data-start=\"2133\" data-end=\"2136\" \/>Po dopoledni pln\u00e9m historie si vychutnejte <strong data-start=\"2180\" data-end=\"2203\">chutn\u00fd ob\u011bd pro VIP<\/strong> v jednom z <strong data-start=\"2214\" data-end=\"2247\">Nejl\u00e9pe hodnocen\u00e9 restaurace v K\u00e1hi\u0159e<\/strong>.<br data-start=\"2248\" data-end=\"2251\" \/>Savor <strong data-start=\"2257\" data-end=\"2287\">autentick\u00e1 egyptsk\u00e1 kuchyn\u011b<\/strong> s prvot\u0159\u00eddn\u00edmi slu\u017ebami a p\u0159\u00edjemnou atmosf\u00e9rou.<\/p>\n<hr data-start=\"2348\" data-end=\"2351\" \/>\n<p data-start=\"2353\" data-end=\"2615\">\ud83d\udecd\ufe0f <strong data-start=\"2357\" data-end=\"2396\">Exkluzivn\u00ed n\u00e1kupn\u00ed a kulturn\u00ed zast\u00e1vky<\/strong><br data-start=\"2396\" data-end=\"2399\" \/>Nav\u0161tivte vybran\u00e9 <strong data-start=\"2414\" data-end=\"2431\">m\u00edstn\u00ed bazary<\/strong>, <strong data-start=\"2433\" data-end=\"2455\">instituty papyrus<\/strong>, a <strong data-start=\"2461\" data-end=\"2491\">galerie orient\u00e1ln\u00edch parf\u00e9m\u016f<\/strong> \ud83d\udecd\ufe0f sv\u00fdm vlastn\u00edm tempem.<br data-start=\"2513\" data-end=\"2516\" \/>U\u017eijte si <strong data-start=\"2522\" data-end=\"2554\">personalizovan\u00e1 doporu\u010den\u00ed<\/strong> od va\u0161eho pr\u016fvodce a <strong data-start=\"2577\" data-end=\"2612\">nakupov\u00e1n\u00ed bez stresu<\/strong>.<\/p>\n<hr data-start=\"2617\" data-end=\"2620\" \/>\n<p data-start=\"2622\" data-end=\"2906\">\ud83d\udde3\ufe0f <strong data-start=\"2626\" data-end=\"2653\">Mluv\u00edme va\u0161\u00edm jazykem!<\/strong><br data-start=\"2653\" data-end=\"2656\" \/>A\u0165 u\u017e mluv\u00edte <strong data-start=\"2674\" data-end=\"2689\">Polsk\u00fd \ud83c\uddf5\ud83c\uddf1<\/strong>, <strong data-start=\"2691\" data-end=\"2706\">Francouz\u0161tina \ud83c\uddeb\ud83c\uddf7<\/strong>, <strong data-start=\"2708\" data-end=\"2724\">Angli\u010dtina \ud83c\uddec\ud83c\udde7<\/strong>, <strong data-start=\"2726\" data-end=\"2741\">N\u011bm\u010dina \ud83c\udde9\ud83c\uddea<\/strong>, <strong data-start=\"2743\" data-end=\"2762\">Portugal\u0161tina \ud83c\uddf5\ud83c\uddf9<\/strong>, <strong data-start=\"2764\" data-end=\"2780\">\u0160pan\u011bl\u0161tina \ud83c\uddea\ud83c\uddf8<\/strong>, nebo jin\u00e9 -<br data-start=\"2793\" data-end=\"2796\" \/>na\u0161e <strong data-start=\"2800\" data-end=\"2821\">v\u00edcejazy\u010dn\u00fd t\u00fdm<\/strong> zaji\u0161\u0165uje bezprobl\u00e9movou komunikaci a osobn\u00ed zku\u0161enost, a\u0165 jste odkudkoli \ud83c\udf0d.<\/p>\n<hr data-start=\"2908\" data-end=\"2911\" \/>\n<p data-start=\"2913\" data-end=\"2938\">\ud83c\udf1f <strong data-start=\"2916\" data-end=\"2936\">Nejd\u016fle\u017eit\u011bj\u0161\u00ed body prohl\u00eddky:<\/strong><\/p>\n<p data-start=\"2940\" data-end=\"3295\">\u2705 Zp\u00e1te\u010dn\u00ed transfery v a <strong data-start=\"2968\" data-end=\"3003\">modern\u00ed, klimatizovan\u00e9 vozidlo<\/strong><br data-start=\"3003\" data-end=\"3006\" \/>\u2705 <strong data-start=\"3008\" data-end=\"3043\">Profesion\u00e1ln\u00ed egyptologick\u00fd pr\u016fvodce<\/strong> v K\u00e1hi\u0159e<br data-start=\"3052\" data-end=\"3055\" \/>\u2705 <strong data-start=\"3057\" data-end=\"3074\">Vstupenky<\/strong> do pyramid a Velk\u00e9ho egyptsk\u00e9ho muzea<br data-start=\"3114\" data-end=\"3117\" \/>\u2705 <strong data-start=\"3119\" data-end=\"3143\">Z\u00e1\u017eitek z VIP ob\u011bda<\/strong> \ud83c\udf7d\ufe0f<br data-start=\"3147\" data-end=\"3150\" \/>\u2705 <strong data-start=\"3152\" data-end=\"3180\">Exkluzivn\u00ed n\u00e1kupn\u00ed zast\u00e1vky<\/strong> \ud83d\udecd\ufe0f<br data-start=\"3184\" data-end=\"3187\" \/>\u2705 <strong data-start=\"3189\" data-end=\"3212\">Voliteln\u00e9 aktivity<\/strong> k dispozici na vy\u017e\u00e1d\u00e1n\u00ed<br data-start=\"3235\" data-end=\"3238\" \/>\u2705 <strong data-start=\"3240\" data-end=\"3264\">Flexibiln\u00ed trasy<\/strong> p\u0159izp\u016fsoben\u00e9 va\u0161im preferenc\u00edm<\/p>\n<hr data-start=\"3297\" data-end=\"3300\" \/>\n<p data-start=\"3302\" data-end=\"3506\">\ud83d\udd4a\ufe0f <strong data-start=\"3306\" data-end=\"3348\">Prohl\u00eddka K\u00e1hiry a Velk\u00e9ho egyptsk\u00e9ho muzea<\/strong> je v\u00edc ne\u017e v\u00fdlet -<br data-start=\"3370\" data-end=\"3373\" \/>je to <strong data-start=\"3380\" data-end=\"3411\">setk\u00e1n\u00ed se samotnou histori\u00ed<\/strong>, m\u00edch\u00e1n\u00ed <strong data-start=\"3426\" data-end=\"3452\">magie star\u00e9ho Egypta<\/strong> s <strong data-start=\"3462\" data-end=\"3496\">pulzuj\u00edc\u00ed duch modern\u00ed K\u00e1hiry<\/strong>. \ud83c\uddea\ud83c\uddec\u2764\ufe0f<\/p>\n<hr data-start=\"3297\" data-end=\"3300\" \/>\n<h3 data-start=\"2198\" data-end=\"2225\"><strong data-start=\"2205\" data-end=\"2223\">\ud83e\udd11 Cena exkurze<\/strong><\/h3>\n<p data-start=\"2228\" data-end=\"2260\"><strong data-start=\"2233\" data-end=\"2258\">\u00a0 \u00a0<img decoding=\"async\" class=\"emoji\" role=\"img\" draggable=\"false\" src=\"https:\/\/s.w.org\/images\/core\/emoji\/16.0.1\/svg\/1f64e-1f3fb-200d-2642-fe0f.svg\" alt=\"\ud83d\ude4e\ud83c\udffb\u200d\u2642\ufe0f\" \/> 11 let a v\u00edce 95 \u20ac<\/strong><\/p>\n<p data-start=\"2228\" data-end=\"2260\"><strong data-start=\"2263\" data-end=\"2280\">\u00a0 \u00a0<img decoding=\"async\" class=\"emoji\" role=\"img\" draggable=\"false\" src=\"https:\/\/s.w.org\/images\/core\/emoji\/16.0.1\/svg\/1f9cd-1f3fb-200d-2640-fe0f.svg\" alt=\"\ud83e\uddcd\ud83c\udffb\u200d\u2640\ufe0f\" \/> 5\/10 let 50 \u20ac<\/strong><\/p>\n<p data-start=\"2228\" data-end=\"2260\"><strong data-start=\"2327\" data-end=\"2355\">\u00a0 \u00a0<img decoding=\"async\" class=\"emoji\" role=\"img\" draggable=\"false\" src=\"https:\/\/s.w.org\/images\/core\/emoji\/16.0.1\/svg\/1f47c-1f3fc.svg\" alt=\"\ud83d\udc7c\ud83c\udffc\" \/> - 5 let 20 \u20ac<\/strong><\/p>\n<h3 data-start=\"2198\" data-end=\"2225\"><strong data-start=\"2205\" data-end=\"2223\">Platba v USD ($ \ud83c\uddfa\ud83c\uddf8) m\u00edsto v EUR (\u20ac \ud83c\uddea\ud83c\uddfa) je mo\u017en\u00e1 podle denn\u00edho kurzu banky.<\/strong><\/h3>\n<div id=\"gtx-trans\" style=\"position: absolute; left: 229px; top: 47.8px;\">\n<div class=\"gtx-trans-icon\"><\/div>\n<\/div>\n<div id=\"gtx-trans\" style=\"position: absolute; left: 232px; top: 47.8px;\">\n<div class=\"gtx-trans-icon\"><\/div>\n<\/div>\n<div id=\"gtx-trans\" style=\"position: absolute; left: 232px; top: 47.8px;\">\n<div class=\"gtx-trans-icon\"><\/div>\n<\/div>","protected":false},"excerpt":{"rendered":"<p>\ud83c\udfdb\ufe0f\u2728 Cairo &amp; the Grand Egyptian Museum \u2013 Discover the Magic of Ancient Egypt in Just One Day! \u2728\ud83c\udf05 Get ready for a day full of wonders \u2014 where ancient glory meets modern brilliance.This unforgettable journey combines the Pyramids, the Great Sphinx, and the Grand Egyptian Museum, all in one incredible experience on the land [&hellip;]<\/p>\n","protected":false},"featured_media":9862,"comment_status":"open","ping_status":"closed","template":"","meta":{"_monsterinsights_skip_tracking":false,"_monsterinsights_sitenote_active":false,"_monsterinsights_sitenote_note":"","_monsterinsights_sitenote_category":0,"_mbp_gutenberg_autopost":false},"product_brand":[],"product_cat":[58],"product_tag":[],"class_list":{"0":"post-9744","1":"product","2":"type-product","3":"status-publish","4":"has-post-thumbnail","6":"product_cat-cairo","8":"first","9":"instock","10":"shipping-taxable","11":"purchasable","12":"product-type-ovabrw_car_rental"},"_links":{"self":[{"href":"https:\/\/redsea-dream-tours.net\/cs\/wp-json\/wp\/v2\/product\/9744","targetHints":{"allow":["GET"]}}],"collection":[{"href":"https:\/\/redsea-dream-tours.net\/cs\/wp-json\/wp\/v2\/product"}],"about":[{"href":"https:\/\/redsea-dream-tours.net\/cs\/wp-json\/wp\/v2\/types\/product"}],"replies":[{"embeddable":true,"href":"https:\/\/redsea-dream-tours.net\/cs\/wp-json\/wp\/v2\/comments?post=9744"}],"wp:featuredmedia":[{"embeddable":true,"href":"https:\/\/redsea-dream-tours.net\/cs\/wp-json\/wp\/v2\/media\/9862"}],"wp:attachment":[{"href":"https:\/\/redsea-dream-tours.net\/cs\/wp-json\/wp\/v2\/media?parent=9744"}],"wp:term":[{"taxonomy":"product_brand","embeddable":true,"href":"https:\/\/redsea-dream-tours.net\/cs\/wp-json\/wp\/v2\/product_brand?post=9744"},{"taxonomy":"product_cat","embeddable":true,"href":"https:\/\/redsea-dream-tours.net\/cs\/wp-json\/wp\/v2\/product_cat?post=9744"},{"taxonomy":"product_tag","embeddable":true,"href":"https:\/\/redsea-dream-tours.net\/cs\/wp-json\/wp\/v2\/product_tag?post=9744"}],"curies":[{"name":"wp","href":"https:\/\/api.w.org\/{rel}","templated":true}]}}