{"id":9775,"date":"2026-03-01T20:23:26","date_gmt":"2026-03-01T20:23:26","guid":{"rendered":"https:\/\/redsea-dream-tours.net\/?post_type=product&#038;p=9775"},"modified":"2026-03-29T21:45:35","modified_gmt":"2026-03-29T21:45:35","slug":"cairo-bus-tour-pyramids-museum","status":"publish","type":"product","link":"https:\/\/redsea-dream-tours.net\/cs\/produkt\/cairo-bus-tour-pyramids-museum\/","title":{"rendered":"Autobusov\u00fd z\u00e1jezd do K\u00e1hiry: Pyramidy, Sfinga a dobrodru\u017estv\u00ed v muzeu"},"content":{"rendered":"<h1 data-path-to-node=\"2\">Autobusov\u00fd z\u00e1jezd do K\u00e1hiry: Sfinga a muzeum \ud83c\udfdb\ufe0f\u2728<\/h1>\n<p data-path-to-node=\"3\">Sn\u00edte o tom, \u017ee budete st\u00e1t p\u0159ed posledn\u00edm divem starov\u011bk\u00e9ho sv\u011bta b\u011bhem sv\u00e9ho <b data-path-to-node=\"3\" data-index-in-node=\"95\">Urlaub in Hurghada<\/b>? Pro na\u0161e v\u00e1\u017een\u00e9 hosty, kte\u0159\u00ed hledaj\u00ed to nejlep\u0161\u00ed <b data-path-to-node=\"3\" data-index-in-node=\"160\">Wycieczka do Kairu z Hurghady<\/b>, jsme vytvo\u0159ili nejkomplexn\u011bj\u0161\u00ed <b data-path-to-node=\"3\" data-index-in-node=\"230\">Celodenn\u00ed v\u00fdlet autobusem do K\u00e1hiry<\/b>. Nejde jen o pozn\u00e1vac\u00ed v\u00fdlet, ale o hlubok\u00fd ponor do 5 000 let star\u00e9 civilizace, kter\u00fd zahrnuje v\u0161echny hlavn\u00ed oblasti. <b data-path-to-node=\"3\" data-index-in-node=\"360\">Kairo Sehensw\u00fcrdigkeiten<\/b>. Od legend\u00e1rn\u00ed n\u00e1horn\u00ed plo\u0161iny G\u00edza a\u017e po nad\u010dasov\u00e9 poklady v <b data-path-to-node=\"3\" data-index-in-node=\"451\">Muzeum Egipskie w Kairze<\/b>, za\u017eijte kouzlo Egypta s komfortem a spolehlivost\u00ed, kterou si zaslou\u017e\u00edte. \ud83c\udf05\ud83c\udffa<\/p>\n<h2 data-path-to-node=\"4\">Zlat\u00fd standard cestov\u00e1n\u00ed: Va\u0161e pohodl\u00ed na prvn\u00edm m\u00edst\u011b \ud83d\ude90\ud83d\udca8<\/h2>\n<p data-path-to-node=\"5\">Ch\u00e1peme, \u017ee <b data-path-to-node=\"5\" data-index-in-node=\"23\">Hurghada nach Kairo Entfernung<\/b> (vzd\u00e1lenost) je dlouh\u00e1 cesta. Proto <b data-path-to-node=\"5\" data-index-in-node=\"103\">Z\u00e1jezdy k Rud\u00e9mu mo\u0159i sn\u016f<\/b> up\u0159ednost\u0148uje p\u0159edev\u0161\u00edm evropsk\u00e9 standardy pohodl\u00ed.<\/p>\n<h3 data-path-to-node=\"6\">01:00 HOD: Za\u010d\u00e1tek va\u0161eho dobrodru\u017estv\u00ed<\/h3>\n<p data-path-to-node=\"7\">Va\u0161e <b data-path-to-node=\"7\" data-index-in-node=\"5\">Kairo Tagesausflug<\/b> za\u010d\u00edn\u00e1 v\u010dasn\u00fdm vyzvednut\u00edm z va\u0161eho hotelu modern\u00edm luxusn\u00edm autobusem. Na\u0161e vozidla jsou pln\u011b klimatizovan\u00e1 a vybaven\u00e1 ergonomick\u00fdmi a pohodln\u00fdmi sedadly, abyste do hlavn\u00edho m\u011bsta dorazili odpo\u010dat\u00ed. A\u0165 u\u017e jste na <b data-path-to-node=\"7\" data-index-in-node=\"258\">Wakacje w Egipcie 2026<\/b> nebo na kr\u00e1tkou p\u0159est\u00e1vku, zajist\u00edme v\u00e1m bezprobl\u00e9mov\u00fd p\u0159evoz. \ud83d\ude34\u2744\ufe0f<\/p>\n<h3 data-path-to-node=\"8\">Dochvilnost a profesionalita<\/h3>\n<p data-path-to-node=\"9\">Pro disciplinovan\u00e9 n\u011bmeck\u00e9 cestovatele a polsk\u00e9 turisty s rodinnou atmosf\u00e9rou jsou \u010das a bezpe\u010dnost na\u0161imi hlavn\u00edmi prioritami. N\u00e1\u0161 profesion\u00e1ln\u00ed person\u00e1l zaji\u0161\u0165uje hladk\u00fd pr\u016fjezd pou\u0161t\u00ed, kdy\u017e nad majest\u00e1tn\u00edm \u00fadol\u00edm Nilu za\u010d\u00edn\u00e1 vych\u00e1zet slunce. Dodr\u017eujeme \u201cOrdnung\u201d, kter\u00fd zaru\u010duje bezstresov\u00fd <b data-path-to-node=\"9\" data-index-in-node=\"296\">Kairo Busreise Erfahrung<\/b>. \u23f1\ufe0f\ud83d\udee1\ufe0f<\/p>\n<h2 data-path-to-node=\"10\">Egyptsk\u00e9 muzeum staro\u017eitnost\u00ed: D\u011bdictv\u00ed poklad\u016f \ud83c\udffa\ud83d\udc8e<\/h2>\n<p data-path-to-node=\"11\">Prvn\u00edm v\u00fdznamn\u00fdm bodem na\u0161eho <b data-path-to-node=\"11\" data-index-in-node=\"33\">Celodenn\u00ed v\u00fdlet autobusem do K\u00e1hiry<\/b> je sv\u011btozn\u00e1m\u00e9 muzeum na n\u00e1m\u011bst\u00ed Tahr\u00edr. Zat\u00edmco se otev\u00edraj\u00ed nov\u00e1 muzea, tato legend\u00e1rn\u00ed instituce z\u016fst\u00e1v\u00e1 srdcem m\u011bsta. <b data-path-to-node=\"11\" data-index-in-node=\"179\">Prohl\u00eddky historie starov\u011bk\u00e9ho Egypta<\/b>.<\/p>\n<h3 data-path-to-node=\"12\">Objevov\u00e1n\u00ed Tutanchamonova odkazu<\/h3>\n<p data-path-to-node=\"13\">Po cel\u00e1 desetilet\u00ed se <b data-path-to-node=\"13\" data-index-in-node=\"17\">\u00c4gyptisches Museum Kairo Sch\u00e4tze<\/b> byl domovem chlapeck\u00e9ho kr\u00e1le. Stanete tv\u00e1\u0159\u00ed v tv\u00e1\u0159 ikonick\u00e9 zlat\u00e9 masce Tutanchamona a budete obdivovat jeho vozy a \u0161perky. Na\u0161e <b data-path-to-node=\"13\" data-index-in-node=\"200\">Prohl\u00eddky s pr\u016fvodcem egyptologem<\/b> vypr\u00e1v\u011bt p\u0159\u00edb\u011bh, kter\u00fd tyto kameny o\u017eivuje. \ud83c\udfad\ud83d\udd31<\/p>\n<h3 data-path-to-node=\"14\">V\u00edcejazy\u010dn\u00e1 odbornost<\/h3>\n<p data-path-to-node=\"15\">A\u0165 u\u017e pot\u0159ebujete <b data-path-to-node=\"15\" data-index-in-node=\"22\">Deutsche Reiseleitung Kairo<\/b> nebo <b data-path-to-node=\"15\" data-index-in-node=\"55\">Polski przewodnik w Egipcie<\/b>, n\u00e1\u0161 t\u00fdm je p\u0159ipraven p\u0159elo\u017eit tajemstv\u00ed faraon\u016f do va\u0161eho rodn\u00e9ho jazyka. Nab\u00edz\u00edme to nejlep\u0161\u00ed <b data-path-to-node=\"15\" data-index-in-node=\"188\">Egyptologia przewodnik<\/b> slu\u017eby, aby v\u00e1m neunikl jedin\u00fd historick\u00fd detail. \ud83d\udcdc\ud83d\udcdc<\/p>\n<h2 data-path-to-node=\"16\">N\u00e1horn\u00ed plo\u0161ina G\u00edza: Stoj\u00edme uprost\u0159ed obr\u016f \ud83c\udfdc\ufe0f\ud83d\udcd0<\/h2>\n<p data-path-to-node=\"17\">Ne <b data-path-to-node=\"17\" data-index-in-node=\"3\">v\u00fdlet do K\u00e1hiry a k pyramid\u00e1m<\/b> bez n\u00e1v\u0161t\u011bvy n\u00e1horn\u00ed plo\u0161iny G\u00edza. Zde se setk\u00e1te s <b data-path-to-node=\"17\" data-index-in-node=\"111\">Piramidy w Gizie zwiedzanie<\/b> jste vid\u011bli v dokument\u00e1rn\u00edch filmech, ale nic se nevyrovn\u00e1 tomu, kdy\u017e je uvid\u00edte osobn\u011b.<\/p>\n<h3 data-path-to-node=\"18\">Velk\u00e9 pyramidy: Pyramidy: in\u017een\u00fdrsk\u00e9 z\u00e1zraky<\/h3>\n<p data-path-to-node=\"19\">Postav\u00edte se k \u00fapat\u00ed Velk\u00e9 Chufuovy pyramidy a budete obdivovat in\u017een\u00fdrskou preciznost t\u00e9to stavby. <b data-path-to-node=\"19\" data-index-in-node=\"105\">Prohl\u00eddka pyramid v Egypt\u011b<\/b>. Pr\u016fvodce v\u00e1m vysv\u011btl\u00ed, jak byly tyto masivn\u00ed bloky p\u0159em\u00edst\u011bny, a sezn\u00e1m\u00ed v\u00e1s s duchovn\u00edm v\u00fdznamem t\u011bchto v\u011b\u010dn\u00fdch hrobek. \ud83e\uddf1\ud83d\udd3a<\/p>\n<h3 data-path-to-node=\"20\">Velk\u00e1 sfinga: Str\u00e1\u017ece p\u00edsk\u016f<\/h3>\n<p data-path-to-node=\"21\">Jen kousek odtud se nach\u00e1z\u00ed Velk\u00e1 sfinga v G\u00edze. Toto b\u00e1jn\u00e9 stvo\u0159en\u00ed st\u0159e\u017e\u00ed nekropoli ji\u017e v\u00edce ne\u017e 4500 let. Je to ide\u00e1ln\u00ed m\u00edsto pro nezapomenuteln\u00e9 fotografie b\u011bhem va\u0161eho <b data-path-to-node=\"21\" data-index-in-node=\"189\">V\u00fdlety do Hurghady 2026<\/b>. \ud83e\udd81\ud83d\udc3e<\/p>\n<h2 data-path-to-node=\"22\">Kulin\u00e1\u0159sk\u00e1 a kulturn\u00ed p\u0159est\u00e1vka \ud83c\udf7d\ufe0f\ud83c\udf77<\/h2>\n<p data-path-to-node=\"23\">V\u011b\u0159\u00edme, \u017ee <b data-path-to-node=\"23\" data-index-in-node=\"16\">Tanie wycieczki Egipt<\/b> (cenov\u011b dostupn\u00e9 z\u00e1jezdy) by m\u011bly st\u00e1le nab\u00edzet prvot\u0159\u00eddn\u00ed kvalitu.<\/p>\n<ul data-path-to-node=\"24\">\n<li>\n<p data-path-to-node=\"24,0,0\"><b data-path-to-node=\"24,0,0\" data-index-in-node=\"0\">Autentick\u00e9 chut\u011b:<\/b> Vychutnejte si chutn\u00fd a kvalitn\u00ed egyptsk\u00fd ob\u011bd ve vybran\u00e9 a \u010dist\u00e9 m\u00edstn\u00ed restauraci. \ud83e\udd57\ud83e\udd69<\/p>\n<\/li>\n<li>\n<p data-path-to-node=\"24,1,0\"><b data-path-to-node=\"24,1,0\" data-index-in-node=\"0\">Kulturn\u00ed zast\u00e1vky:<\/b> Nav\u0161tivte autentick\u00e9 papyrov\u00e9 instituty a galerie orient\u00e1ln\u00edch parf\u00e9m\u016f a poznejte \u0159emesla, kter\u00e1 byla kdysi p\u00fdchou Kleopatry. \ud83d\udecd\ufe0f\ud83c\udffa<\/p>\n<\/li>\n<\/ul>\n<h2 data-path-to-node=\"25\">Pro\u010d si evrop\u0161t\u00ed cestovatel\u00e9 vyb\u00edraj\u00ed z\u00e1jezdy k Rud\u00e9mu mo\u0159i? \ud83c\udf0d\ud83e\udd1d<\/h2>\n<ul data-path-to-node=\"26\">\n<li>\n<p data-path-to-node=\"26,0,0\"><b data-path-to-node=\"26,0,0\" data-index-in-node=\"0\">Spolehlivost:<\/b> Nab\u00edz\u00edme technick\u00e9 znalosti a dochvilnost, kterou o\u010dek\u00e1vaj\u00ed n\u011bme\u010dt\u00ed cestuj\u00edc\u00ed. \ud83c\udde9\ud83c\uddea\ud83d\udc4c<\/p>\n<\/li>\n<li>\n<p data-path-to-node=\"26,1,0\"><b data-path-to-node=\"26,1,0\" data-index-in-node=\"0\">Pohostinnost:<\/b> Na\u0161im polsk\u00fdm host\u016fm nab\u00edz\u00edme p\u0159\u00edjemnou atmosf\u00e9ru a nejlep\u0161\u00ed pom\u011br ceny a kvality. \ud83c\uddf5\ud83c\uddf1\ud83d\udcb0<\/p>\n<\/li>\n<li>\n<p data-path-to-node=\"26,2,0\"><b data-path-to-node=\"26,2,0\" data-index-in-node=\"0\">Transparentnost:<\/b> \u017d\u00e1dn\u00e9 skryt\u00e9 poplatky. Poskytujeme <b data-path-to-node=\"26,2,0\" data-index-in-node=\"41\">Vstupenky na pyramidu v G\u00edze<\/b> a v\u0161echny vstupn\u00ed poplatky v na\u0161ich jasn\u00fdch cen\u00e1ch. \ud83c\udf9f\ufe0f\ud83d\udeab<\/p>\n<\/li>\n<\/ul>\n<h2 data-path-to-node=\"27\">Podrobn\u00fd itiner\u00e1\u0159 v kostce \ud83d\udccb\ud83d\udccd<\/h2>\n<ul>\n<li data-start=\"2076\" data-end=\"2129\">\u00a0\ud83d\ude8c doprava klimatizovan\u00fdm autobusem tam i zp\u011bt<\/li>\n<li data-start=\"2076\" data-end=\"2129\">\ud83c\udfdb\ufe0f N\u00e1v\u0161t\u011bva pyramid v G\u00edze, Sfingy a Egyptsk\u00e9ho muzea<\/li>\n<li data-start=\"2076\" data-end=\"2129\">\ud83c\udf7d\ufe0f Ob\u011bd v kvalitn\u00ed m\u00edstn\u00ed restauraci<\/li>\n<li data-start=\"2076\" data-end=\"2129\">\ud83d\udcdc Profesion\u00e1ln\u00ed pr\u016fvodce egyptologem<\/li>\n<li data-start=\"2076\" data-end=\"2129\">\ud83d\udecd\ufe0f N\u00e1kupn\u00ed p\u0159\u00edle\u017eitosti na autentick\u00fdch m\u00edstn\u00edch bazarech<\/li>\n<\/ul>\n<p>&nbsp;<\/p>\n<p><img fetchpriority=\"high\" decoding=\"async\" class=\"alignnone size-full wp-image-9872\" src=\"https:\/\/redsea-dream-tours.net\/wp-content\/uploads\/2026\/03\/download-3.jpg\" alt=\"Ultimate Cairo Bus Tour: Pyramids &amp; Museum (Best Price 2026)\" width=\"275\" height=\"183\" \/><\/p>\n<h2 data-path-to-node=\"29\">Transparentn\u00ed ceny a snadn\u00e1 rezervace \ud83d\udcb6\ud83d\udcb3<\/h2>\n<p data-path-to-node=\"30\">Nab\u00edz\u00edme <b data-path-to-node=\"30\" data-index-in-node=\"9\">cenov\u011b dostupn\u00e9 z\u00e1jezdy do K\u00e1hiry<\/b> s jasnou a poctivou cenovou strukturou:<\/p>\n<ul data-path-to-node=\"31\">\n<li>\n<p data-path-to-node=\"31,0,0\"><b data-path-to-node=\"31,0,0\" data-index-in-node=\"0\">Dosp\u011bl\u00ed (nad 12 let):<\/b> 100 \u20ac<\/p>\n<\/li>\n<li>\n<p data-path-to-node=\"31,1,0\"><b data-path-to-node=\"31,1,0\" data-index-in-node=\"0\">D\u011bti (6-11 let):<\/b> 55 \u20ac<\/p>\n<\/li>\n<li>\n<p data-path-to-node=\"31,2,0\"><b data-path-to-node=\"31,2,0\" data-index-in-node=\"0\">Batolata (do 6 let):<\/b> 20 \u20ac<\/p>\n<\/li>\n<li>\n<p data-path-to-node=\"31,3,0\"><b data-path-to-node=\"31,3,0\" data-index-in-node=\"0\">Pozn\u00e1mka:<\/b> Platby v USD ($) jsou p\u0159ij\u00edm\u00e1ny na z\u00e1klad\u011b denn\u00edho sm\u011bnn\u00e9ho kurzu banky. Nab\u00edz\u00edme <b data-path-to-node=\"31,3,0\" data-index-in-node=\"89\">politika neplacen\u00ed p\u0159edem<\/b>-rezervujte si nyn\u00ed a zapla\u0165te v den v\u00fdletu! \ud83c\udf9f\ufe0f\ud83d\udeab<\/p>\n<\/li>\n<\/ul>\n<h2 data-path-to-node=\"32\">Z\u00e1v\u011br: Va\u0161e setk\u00e1n\u00ed s histori\u00ed \ud83c\uddea\ud83c\uddec\u2764\ufe0f<\/h2>\n<p data-path-to-node=\"33\">Na str\u00e1nk\u00e1ch <b data-path-to-node=\"33\" data-index-in-node=\"4\">Autobusov\u00fd z\u00e1jezd do K\u00e1hiry: Pyramidy, Sfinga a dobrodru\u017estv\u00ed v muzeu<\/b> je v\u00edc ne\u017e jen n\u00e1v\u0161t\u011bva m\u011bsta, je to most mezi starov\u011bk\u00fdm sv\u011btem a sou\u010dasnost\u00ed. A\u0165 u\u017e hled\u00e1te <b data-path-to-node=\"33\" data-index-in-node=\"182\">Soukrom\u00e9 z\u00e1jezdy do Egypta<\/b> nebo skupinov\u00fd z\u00e1\u017eitek, zajist\u00edme v\u00e1m den pln\u00fd \u201cwow\u201d moment\u016f. \ud83c\udf1f\ud83d\ude4c<\/p>\n<p data-path-to-node=\"34\"><b data-path-to-node=\"34\" data-index-in-node=\"0\">Rezervujte si sv\u00e9 m\u00edsto je\u0161t\u011b dnes a sta\u0148te se sv\u011bdky kouzel faraon\u016f s odborn\u00edky!<\/b> \ud83d\udcf2\ud83d\udcbb<\/p>\n<h3 data-start=\"493\" data-end=\"529\">\ud83d\udde3\ufe0f <strong data-start=\"501\" data-end=\"527\">Mluv\u00edme va\u0161\u00edm jazykem<\/strong><\/h3>\n<ul data-start=\"530\" data-end=\"594\">\n<li>Polsk\u00fd<\/li>\n<li>Francouz\u0161tina<\/li>\n<li>Angli\u010dtina<\/li>\n<li>N\u011bm\u010dina<\/li>\n<li>Portugal\u0161tina<\/li>\n<li>\u0160pan\u011bl\u0161tina<\/li>\n<li>...a dal\u0161\u00ed!<\/li>\n<\/ul>\n<p data-start=\"596\" data-end=\"678\">A\u0165 u\u017e jste odkudkoli, zajist\u00edme v\u00e1m bezprobl\u00e9movou komunikaci a osobn\u00ed p\u0159\u00edstup.<\/p>\n<hr data-start=\"515\" data-end=\"518\" \/>\n<p>&nbsp;<\/p>","protected":false},"excerpt":{"rendered":"<p>Cairo Bus Tour: Pyramids, Sphinx &amp; Museum Adventure \ud83c\udfdb\ufe0f\u2728 Are you dreaming of standing before the last remaining wonder of the ancient world during your Urlaub in Hurghada? For our esteemed guests looking for the best Wycieczka do Kairu z Hurghady, we have crafted the most comprehensive Cairo Day Trip by Bus. This isn&#8217;t just [&hellip;]<\/p>\n","protected":false},"featured_media":9872,"comment_status":"open","ping_status":"closed","template":"","meta":{"_monsterinsights_skip_tracking":false,"_monsterinsights_sitenote_active":false,"_monsterinsights_sitenote_note":"","_monsterinsights_sitenote_category":0,"_mbp_gutenberg_autopost":false},"product_brand":[],"product_cat":[64],"product_tag":[139,134,142,136,135,143,137,140,145,146,141,138,147,148,144],"class_list":{"0":"post-9775","1":"product","2":"type-product","3":"status-publish","4":"has-post-thumbnail","6":"product_cat-marsa-alam","7":"product_tag-ausfluge-hurghada-kairo","8":"product_tag-cairo-bus-tour","9":"product_tag-deutsche-reiseleitung-agypten","10":"product_tag-egyptian-museum-trip","11":"product_tag-giza-pyramids-excursion","12":"product_tag-hurghada-ausfluge-2026","13":"product_tag-hurghada-to-cairo","14":"product_tag-kairo-tagesausflug","15":"product_tag-piramidy-w-gizie","16":"product_tag-polski-przewodnik-egipt","17":"product_tag-pyramiden-von-gizeh","18":"product_tag-red-sea-dream-tours","19":"product_tag-tanie-wycieczki-z-hurghady","20":"product_tag-wakacje-w-egipcie-2026","21":"product_tag-wycieczka-do-kairu","23":"first","24":"instock","25":"shipping-taxable","26":"purchasable","27":"product-type-ovabrw_car_rental"},"_links":{"self":[{"href":"https:\/\/redsea-dream-tours.net\/cs\/wp-json\/wp\/v2\/product\/9775","targetHints":{"allow":["GET"]}}],"collection":[{"href":"https:\/\/redsea-dream-tours.net\/cs\/wp-json\/wp\/v2\/product"}],"about":[{"href":"https:\/\/redsea-dream-tours.net\/cs\/wp-json\/wp\/v2\/types\/product"}],"replies":[{"embeddable":true,"href":"https:\/\/redsea-dream-tours.net\/cs\/wp-json\/wp\/v2\/comments?post=9775"}],"wp:featuredmedia":[{"embeddable":true,"href":"https:\/\/redsea-dream-tours.net\/cs\/wp-json\/wp\/v2\/media\/9872"}],"wp:attachment":[{"href":"https:\/\/redsea-dream-tours.net\/cs\/wp-json\/wp\/v2\/media?parent=9775"}],"wp:term":[{"taxonomy":"product_brand","embeddable":true,"href":"https:\/\/redsea-dream-tours.net\/cs\/wp-json\/wp\/v2\/product_brand?post=9775"},{"taxonomy":"product_cat","embeddable":true,"href":"https:\/\/redsea-dream-tours.net\/cs\/wp-json\/wp\/v2\/product_cat?post=9775"},{"taxonomy":"product_tag","embeddable":true,"href":"https:\/\/redsea-dream-tours.net\/cs\/wp-json\/wp\/v2\/product_tag?post=9775"}],"curies":[{"name":"wp","href":"https:\/\/api.w.org\/{rel}","templated":true}]}}