{"id":9777,"date":"2026-03-01T20:23:26","date_gmt":"2026-03-01T20:23:26","guid":{"rendered":"https:\/\/redsea-dream-tours.net\/?post_type=product&#038;p=9777"},"modified":"2026-03-11T02:21:04","modified_gmt":"2026-03-11T02:21:04","slug":"nefertari-trip-hurghada-makadibay","status":"publish","type":"product","link":"https:\/\/redsea-dream-tours.net\/cs\/produkt\/nefertari-trip-hurghada-makadibay\/","title":{"rendered":"V\u00fdlet do Nefertari - nejlep\u0161\u00ed luxusn\u00ed v\u00fdlet lod\u00ed v Hurghad\u011b a Makadi Bay"},"content":{"rendered":"<h1 data-path-to-node=\"3\" data-rm-block-id=\"block-1\"><b data-path-to-node=\"3\" data-index-in-node=\"0\">V\u00fdlet do Nefertari - nejlep\u0161\u00ed luxusn\u00ed v\u00fdlet lod\u00ed v Hurghad\u011b a Makadi Bay<\/b> \ud83d\udee5\ufe0f\ud83c\udf0a<\/h1>\n<p data-path-to-node=\"4\" data-rm-block-id=\"block-2\">Za\u017eijte dokonal\u00fd <b data-path-to-node=\"4\" data-index-in-node=\"24\">V\u00fdlety k Rud\u00e9mu mo\u0159i<\/b> se slavn\u00fdm <b data-path-to-node=\"4\" data-index-in-node=\"59\">V\u00fdlet do Nefertari<\/b>. A\u0165 u\u017e jste ubytov\u00e1ni v <b data-path-to-node=\"4\" data-index-in-node=\"102\">Makadi Bay<\/b> nebo <b data-path-to-node=\"4\" data-index-in-node=\"116\">Hurghada<\/b>, tato jedine\u010dn\u00e1 plavba nab\u00edz\u00ed dvakr\u00e1t denn\u011b kombinaci luxusu a dobrodru\u017estv\u00ed:<\/p>\n<ul data-path-to-node=\"5\">\n<li>\n<p data-path-to-node=\"5,0,0\" data-rm-block-id=\"block-3\"><b data-path-to-node=\"5,0,0\" data-index-in-node=\"0\">Rann\u00ed v\u00fdlet:<\/b> 9:00 - 13:30 \ud83c\udf05<\/p>\n<\/li>\n<li>\n<p data-path-to-node=\"5,1,0\" data-rm-block-id=\"block-4\"><b data-path-to-node=\"5,1,0\" data-index-in-node=\"0\">Odpoledn\u00ed v\u00fdlet:<\/b> 14:00 - 18:00 \ud83c\udf07<\/p>\n<\/li>\n<\/ul>\n<h2 data-path-to-node=\"6\" data-rm-block-id=\"block-5\"><b data-path-to-node=\"6\" data-index-in-node=\"0\">Pro\u010d si vybrat jachtu Nefertari?<\/b> \u2728<\/h2>\n<h3 data-path-to-node=\"7\" data-rm-block-id=\"block-6\"><b data-path-to-node=\"7\" data-index-in-node=\"0\">1\ufe0f\u20e3 Plavba na prvn\u00ed m\u00edsto (30 min)<\/b><\/h3>\n<p data-path-to-node=\"7\" data-rm-block-id=\"block-6\">Za\u010dn\u011bte svou cestu z p\u0159\u00edstavu a vychutnejte si hladkou plavbu na v\u011bt\u0161in\u011b <b data-path-to-node=\"7\" data-index-in-node=\"110\">luxusn\u00ed jachta<\/b> v regionu. Odpo\u010di\u0148te si a vychutnejte si n\u00e1dhern\u00fd v\u00fdhled na <b data-path-to-node=\"7\" data-index-in-node=\"185\">Rud\u00e9 mo\u0159e<\/b> pob\u0159e\u017e\u00ed.<\/p>\n<h3 data-path-to-node=\"8\" data-rm-block-id=\"block-7\"><b data-path-to-node=\"8\" data-index-in-node=\"0\">2\ufe0f\u20e3 Z\u00e1\u017eitek s poloponorkou (45 min)<\/b><\/h3>\n<p data-path-to-node=\"8\" data-rm-block-id=\"block-7\">Prozkoumejte podmo\u0159sk\u00fd sv\u011bt, ani\u017e byste se namo\u010dili! Na\u0161e str\u00e1nky <b data-path-to-node=\"8\" data-index-in-node=\"93\">prohl\u00eddka ponorky<\/b> umo\u017e\u0148uje vid\u011bt \u017eiv\u00e9 <b data-path-to-node=\"8\" data-index-in-node=\"134\">kor\u00e1lov\u00e9 \u00fatesy<\/b> a exotick\u00e9ho mo\u0159sk\u00e9ho \u017eivota skrze velk\u00e1 panoramatick\u00e1 okna. Je to jeden z nejlep\u0161\u00edch <b data-path-to-node=\"8\" data-index-in-node=\"222\">co d\u011blat v Hurghad\u011b<\/b> pro rodiny.<\/p>\n<h3 data-path-to-node=\"9\" data-rm-block-id=\"block-8\"><b data-path-to-node=\"9\" data-index-in-node=\"0\">3\ufe0f\u20e3 Faraonsk\u00e9 kost\u00fdmy a focen\u00ed (45 min)<\/b><\/h3>\n<p data-path-to-node=\"9\" data-rm-block-id=\"block-8\">Vstupte do na\u0161eho palubn\u00edho salonu, obl\u00e9kn\u011bte si autentick\u00fd <b data-path-to-node=\"9\" data-index-in-node=\"94\">Faraonsk\u00e9 kost\u00fdmy<\/b>, a u\u017eijte si nezapomenuteln\u00e9 focen\u00ed. Tento kr\u00e1lovsk\u00fd z\u00e1\u017eitek z n\u011bj d\u011bl\u00e1 ten nejunik\u00e1tn\u011bj\u0161\u00ed <b data-path-to-node=\"9\" data-index-in-node=\"200\">v\u00fdlet na mo\u0159e<\/b> v Egypt\u011b.<\/p>\n<h3 data-path-to-node=\"10\" data-rm-block-id=\"block-9\"><b data-path-to-node=\"10\" data-index-in-node=\"0\">4\ufe0f\u20e3 \u0160norchlov\u00e1n\u00ed v Rud\u00e9m mo\u0159i (45 min)<\/b><\/h3>\n<p data-path-to-node=\"10\" data-rm-block-id=\"block-9\">Vezmeme v\u00e1s do <b data-path-to-node=\"10\" data-index-in-node=\"58\">nejlep\u0161\u00ed m\u00edsta pro \u0161norchlov\u00e1n\u00ed<\/b> pobl\u00ed\u017e Hurghady. Pono\u0159te se do k\u0159i\u0161\u0165\u00e1lov\u011b \u010dist\u00fdch vod, plavte mezi barevn\u00fdmi rybami a pozn\u00e1vejte kr\u00e1sy mo\u0159sk\u00e9ho sv\u011bta. <b data-path-to-node=\"10\" data-index-in-node=\"184\">Rud\u00e9 mo\u0159e<\/b> z prvn\u00ed ruky. \ud83e\udd3f\ud83d\udc1f<\/p>\n<h3 data-path-to-node=\"11\" data-rm-block-id=\"block-10\"><b data-path-to-node=\"11\" data-index-in-node=\"0\">5\ufe0f\u20e3 Gurm\u00e1nsk\u00fd ob\u011bd nebo ve\u010de\u0159e z mo\u0159sk\u00fdch plod\u016f<\/b><\/h3>\n<p data-path-to-node=\"11\" data-rm-block-id=\"block-10\">Vychutnejte si lahodn\u00e9 menu pod\u00e1van\u00e9 p\u0159\u00edmo na palub\u011b. Vyberte si z:<\/p>\n<ul data-path-to-node=\"12\">\n<li>\n<p data-path-to-node=\"12,0,0\" data-rm-block-id=\"block-11\">\ud83c\udf64 <b data-path-to-node=\"12,0,0\" data-index-in-node=\"3\">\u010cerstv\u00e9 mo\u0159sk\u00e9 plody<\/b> (V\u0159ele doporu\u010dujeme!)<\/p>\n<\/li>\n<li>\n<p data-path-to-node=\"12,1,0\" data-rm-block-id=\"block-12\">\ud83c\udf57 Grilovan\u00e9 ku\u0159e Uspokojiv\u00e9 j\u00eddlo je charakteristick\u00fdm znakem na\u0161eho <b data-path-to-node=\"12,1,0\" data-index-in-node=\"60\">luxusn\u00ed v\u00fdlety lod\u00ed<\/b>.<\/p>\n<\/li>\n<\/ul>\n<h3 data-path-to-node=\"13\" data-rm-block-id=\"block-13\"><b data-path-to-node=\"13\" data-index-in-node=\"0\">6\ufe0f\u20e3 Relaxa\u010dn\u00ed plavba zp\u011bt do p\u0159\u00edstavu<\/b><\/h3>\n<p data-path-to-node=\"13\" data-rm-block-id=\"block-13\">Ukon\u010dete svou <b data-path-to-node=\"13\" data-index-in-node=\"46\">celodenn\u00ed prohl\u00eddka<\/b> s klidnou plavbou zp\u011bt, u\u017e\u00edvat si dokonal\u00fd mo\u0159sk\u00fd v\u00e1nek a atmosf\u00e9ru. \ud83c\udf24\ufe0f\ud83d\udee5\ufe0f<\/p>\n<hr data-path-to-node=\"14\" data-rm-block-id=\"block-14\" \/>\n<h3 data-path-to-node=\"15\" data-rm-block-id=\"block-15\"><b data-path-to-node=\"15\" data-index-in-node=\"0\">\ud83e\udd11 Cena exkurze a rezervace<\/b><\/h3>\n<p data-path-to-node=\"16\" data-rm-block-id=\"block-16\">Pokud hled\u00e1te nejlep\u0161\u00ed <b data-path-to-node=\"16\" data-index-in-node=\"32\">Nab\u00eddky z\u00e1jezd\u016f do Egypta<\/b>, v\u00fdlet do Nefertari nab\u00edz\u00ed prvot\u0159\u00eddn\u00ed hodnotu:<\/p>\n<ul data-path-to-node=\"17\">\n<li>\n<p data-path-to-node=\"17,0,0\" data-rm-block-id=\"block-17\"><b data-path-to-node=\"17,0,0\" data-index-in-node=\"0\">Dosp\u011bl\u00ed (od 11 let):<\/b> 75 \u20ac<\/p>\n<\/li>\n<li>\n<p data-path-to-node=\"17,1,0\" data-rm-block-id=\"block-18\"><b data-path-to-node=\"17,1,0\" data-index-in-node=\"0\">D\u011bti (5-11 let):<\/b> 40 \u20ac<\/p>\n<\/li>\n<li>\n<p data-path-to-node=\"17,2,0\" data-rm-block-id=\"block-19\"><b data-path-to-node=\"17,2,0\" data-index-in-node=\"0\">Kojenci (do 5 let):<\/b> <b data-path-to-node=\"17,2,0\" data-index-in-node=\"19\">Zdarma<\/b><\/p>\n<\/li>\n<\/ul>\n<p data-path-to-node=\"18\" data-rm-block-id=\"block-20\"><i data-path-to-node=\"18\" data-index-in-node=\"0\">\u2728 Pozn\u00e1mka: P\u016fj\u010dovna masek a ploutv\u00ed je k dispozici za p\u0159\u00edplatek 5 \u20ac za kus pro va\u0161e podvodn\u00ed dobrodru\u017estv\u00ed!<\/i><\/p>\n<p data-path-to-node=\"19\" data-rm-block-id=\"block-21\"><i data-path-to-node=\"19\" data-index-in-node=\"0\">Platba je mo\u017en\u00e1 v USD ($ \ud83c\uddfa\ud83c\uddf8) nebo EUR (\u20ac \ud83c\uddea\ud83c\uddfa) podle denn\u00edho kurzu banky.<\/i><\/p>\n<p data-path-to-node=\"19\" data-rm-block-id=\"block-21\"><img fetchpriority=\"high\" decoding=\"async\" class=\"alignnone size-medium wp-image-11263\" src=\"https:\/\/lightpink-capybara-966688.hostingersite.com\/wp-content\/uploads\/2025\/11\/ae-300x200.jpg\" alt=\"Nefertari luxury pharaonic yacht in Hurghada Red Sea\" width=\"300\" height=\"200\" \/><\/p>","protected":false},"excerpt":{"rendered":"<p>Book the Nefertari trip Hurghada &amp; Makadi! Enjoy a luxury yacht cruise with a submarine experience, Pharaonic photoshoot, snorkeling &amp; fresh seafood lunch<\/p>","protected":false},"featured_media":9882,"comment_status":"open","ping_status":"closed","template":"","meta":{"_monsterinsights_skip_tracking":false,"_monsterinsights_sitenote_active":false,"_monsterinsights_sitenote_note":"","_monsterinsights_sitenote_category":0,"_mbp_gutenberg_autopost":false},"product_brand":[],"product_cat":[60],"product_tag":[],"class_list":{"0":"post-9777","1":"product","2":"type-product","3":"status-publish","4":"has-post-thumbnail","6":"product_cat-sea","8":"first","9":"instock","10":"shipping-taxable","11":"purchasable","12":"product-type-ovabrw_car_rental"},"_links":{"self":[{"href":"https:\/\/redsea-dream-tours.net\/cs\/wp-json\/wp\/v2\/product\/9777","targetHints":{"allow":["GET"]}}],"collection":[{"href":"https:\/\/redsea-dream-tours.net\/cs\/wp-json\/wp\/v2\/product"}],"about":[{"href":"https:\/\/redsea-dream-tours.net\/cs\/wp-json\/wp\/v2\/types\/product"}],"replies":[{"embeddable":true,"href":"https:\/\/redsea-dream-tours.net\/cs\/wp-json\/wp\/v2\/comments?post=9777"}],"wp:featuredmedia":[{"embeddable":true,"href":"https:\/\/redsea-dream-tours.net\/cs\/wp-json\/wp\/v2\/media\/9882"}],"wp:attachment":[{"href":"https:\/\/redsea-dream-tours.net\/cs\/wp-json\/wp\/v2\/media?parent=9777"}],"wp:term":[{"taxonomy":"product_brand","embeddable":true,"href":"https:\/\/redsea-dream-tours.net\/cs\/wp-json\/wp\/v2\/product_brand?post=9777"},{"taxonomy":"product_cat","embeddable":true,"href":"https:\/\/redsea-dream-tours.net\/cs\/wp-json\/wp\/v2\/product_cat?post=9777"},{"taxonomy":"product_tag","embeddable":true,"href":"https:\/\/redsea-dream-tours.net\/cs\/wp-json\/wp\/v2\/product_tag?post=9777"}],"curies":[{"name":"wp","href":"https:\/\/api.w.org\/{rel}","templated":true}]}}