{"id":10700,"date":"2026-03-16T18:02:43","date_gmt":"2026-03-16T18:02:43","guid":{"rendered":"https:\/\/redsea-dream-tours.net\/?post_type=product&#038;p=10700"},"modified":"2026-03-16T18:32:27","modified_gmt":"2026-03-16T18:32:27","slug":"paradise-island-hurghada-trip","status":"publish","type":"product","link":"https:\/\/redsea-dream-tours.net\/de\/produkt\/paradise-island-hurghada-trip\/","title":{"rendered":"Paradiesinsel Hurghada Reise"},"content":{"rendered":"<hr data-start=\"158\" data-end=\"161\" \/>\n<h1 data-section-id=\"nlmcvs\" data-start=\"99\" data-end=\"178\">\ud83c\udfdd\ufe0f Paradise Island Hurghada Trip - einer der besten Ausfl\u00fcge zu den Inseln im Roten Meer<\/h1>\n<p data-start=\"180\" data-end=\"364\">Die <strong data-start=\"184\" data-end=\"217\">Paradiesinsel Hurghada Reise<\/strong> ist einer der beliebtesten Ausfl\u00fcge am Roten Meer. Er bietet die perfekte Kombination aus Entspannung, Abenteuer und atemberaubender Natursch\u00f6nheit.<\/p>\n<p data-start=\"366\" data-end=\"640\">Das Geb\u00e4ude befindet sich in der ber\u00fchmten <strong data-start=\"392\" data-end=\"424\">Giftun-Inseln-Nationalpark<\/strong>, Die Insel Paradise Island ist bekannt f\u00fcr ihr kristallklares, t\u00fcrkisfarbenes Wasser, ihre weichen, wei\u00dfen Sandstr\u00e4nde und ihre wundersch\u00f6nen Korallenriffe. Es ist der perfekte Ort zum Schwimmen, Schnorcheln, Entspannen und Genie\u00dfen der magischen Atmosph\u00e4re des Roten Meeres.<\/p>\n<p data-start=\"642\" data-end=\"836\">Egal, ob Sie mit der Familie, mit Freunden oder mit Ihrem Partner unterwegs sind, die <strong data-start=\"711\" data-end=\"749\">Ausflug zu den Paradiesinseln ab Hurghada<\/strong> verspricht einen wunderbaren Tag voller Sonnenschein, Meeresaktivit\u00e4ten und unvergesslicher Erinnerungen.<\/p>\n<hr data-start=\"838\" data-end=\"841\" \/>\n<h1 data-section-id=\"1y6rnyu\" data-start=\"843\" data-end=\"884\">\ud83c\udf0a Warum eine Reise zu den Paradiesinseln?<\/h1>\n<p data-start=\"886\" data-end=\"975\">Dieser Ausflug bietet eine perfekte Mischung aus Entspannung und aufregenden Aktivit\u00e4ten auf dem Meer, darunter:<\/p>\n<p data-start=\"977\" data-end=\"1218\">\u2728 Schwimmen im kristallklaren Wasser des Roten Meeres<br data-start=\"1018\" data-end=\"1021\" \/>\u2728 Entspannen an wundersch\u00f6nen wei\u00dfen Sandstr\u00e4nden<br data-start=\"1064\" data-end=\"1067\" \/>\u2728 Schnorcheln zwischen bunten Korallenriffen \ud83d\udc20<br data-start=\"1109\" data-end=\"1112\" \/>\u2728 Genie\u00dfen Sie eine Bootsfahrt auf dem Roten Meer \ud83d\udea4<br data-start=\"1161\" data-end=\"1164\" \/>\u2728 Atemberaubende Fotos von den Landschaften der Insel machen \ud83d\udcf8<\/p>\n<p data-start=\"1220\" data-end=\"1362\">Wegen ihrer nat\u00fcrlichen Sch\u00f6nheit und der erstaunlichen Unterwasserwelt, <strong data-start=\"1275\" data-end=\"1303\">Paradiesinsel Hurghada<\/strong> gilt als eine der besten Inseltouren im Roten Meer.<\/p>\n<hr data-start=\"1364\" data-end=\"1367\" \/>\n<h1 data-section-id=\"1747ir8\" data-start=\"1369\" data-end=\"1411\">\ud83d\udea4 Reiseprogramm Paradiesinsel Hurghada<\/h1>\n<h2 data-section-id=\"1qar8fq\" data-start=\"1413\" data-end=\"1442\">\ud83d\udccd Hotelabholung &amp; Transfer<\/h2>\n<p data-start=\"1443\" data-end=\"1643\">Ihr Tag beginnt mit <strong data-start=\"1464\" data-end=\"1512\">Abholung vom Hotel und Transfer zum Yachthafen von Hurghada<\/strong>, die in der Reise enthalten ist. Ein komfortabler Transport bringt Sie von Ihrem Hotel zum Boot und nach dem Ausflug wieder zur\u00fcck.<\/p>\n<h2 data-section-id=\"ndy8gy\" data-start=\"1645\" data-end=\"1666\">\ud83d\udc20 Schnorchelstopp<\/h2>\n<p data-start=\"1667\" data-end=\"1866\">Bevor Sie die Insel erreichen, h\u00e4lt das Boot an einem der <strong data-start=\"1728\" data-end=\"1768\">beste Schnorchelpl\u00e4tze im Roten Meer<\/strong>, wo Sie die unglaubliche Unterwasserwelt mit ihren bunten Fischen und Korallenriffen erkunden k\u00f6nnen.<\/p>\n<h2 data-section-id=\"1ezukcp\" data-start=\"1868\" data-end=\"1901\">\ud83c\udfdd\ufe0f Ankunft auf der Paradiesinsel<\/h2>\n<p data-start=\"1902\" data-end=\"2063\">Nach der Ankunft haben Sie auf der Insel Zeit zur freien Verf\u00fcgung, um zu schwimmen, am Strand zu entspannen, \u00fcber den wei\u00dfen Sand zu spazieren oder sch\u00f6ne Fotos vom kristallklaren Wasser zu machen.<\/p>\n<h2 data-section-id=\"1l50711\" data-start=\"2065\" data-end=\"2088\">\ud83c\udf7d\ufe0f Mittagessen und Getr\u00e4nke<\/h2>\n<p data-start=\"2089\" data-end=\"2228\">A <strong data-start=\"2091\" data-end=\"2137\">leckeres Mittagsessen und erfrischende Getr\u00e4nke<\/strong> sind w\u00e4hrend der Reise inbegriffen, so dass Sie sich entspannen und den Tag in aller Ruhe genie\u00dfen k\u00f6nnen.<\/p>\n<h2 data-section-id=\"18l5w2s\" data-start=\"2230\" data-end=\"2259\">\ud83d\udcf8 Freie Zeit auf der Insel<\/h2>\n<p data-start=\"2260\" data-end=\"2407\">Verbringen Sie mehr Zeit damit, die tropische Atmosph\u00e4re der Insel zu genie\u00dfen, zu schwimmen, ein Sonnenbad zu nehmen oder einfach zu entspannen, w\u00e4hrend Sie die atemberaubende Aussicht auf das Rote Meer bewundern.<\/p>\n<h2 data-section-id=\"1xmw8gh\" data-start=\"2409\" data-end=\"2440\">R\u00fcckkehr zum Yachthafen von Hurghada<\/h2>\n<p data-start=\"2441\" data-end=\"2553\">Nach einem fantastischen Tag kehrt das Schiff zur\u00fcck nach <strong data-start=\"2488\" data-end=\"2507\">Hurghada Jachthafen<\/strong>, gefolgt von <strong data-start=\"2521\" data-end=\"2552\">Transfer zur\u00fcck zu Ihrem Hotel<\/strong>.<\/p>\n<hr data-start=\"2555\" data-end=\"2558\" \/>\n<h1 data-section-id=\"knnjmy\" data-start=\"2560\" data-end=\"2579\">\u2b50 H\u00f6hepunkte der Reise<\/h1>\n<p data-start=\"2581\" data-end=\"2893\">\u2714 Besuchen Sie eine der sch\u00f6nsten Inseln im Roten Meer<br data-start=\"2637\" data-end=\"2640\" \/>\u2714 Schnorcheln an wundersch\u00f6nen Korallenriffen<br data-start=\"2684\" data-end=\"2687\" \/>\u2714 Bequemes Touristenboot<br data-start=\"2713\" data-end=\"2716\" \/>\u2714 Mittagessen und Erfrischungsgetr\u00e4nke inklusive<br data-start=\"2754\" data-end=\"2757\" \/>\u2714 Schnorchelausr\u00fcstung vorhanden<br data-start=\"2789\" data-end=\"2792\" \/>\u2714 <strong data-start=\"2794\" data-end=\"2846\">Inklusive Hoteltransfer (von und zu Ihrem Hotel)<\/strong><br data-start=\"2846\" data-end=\"2849\" \/>\u2714 Perfekt f\u00fcr Familien, Paare und Freunde<\/p>\n<hr data-start=\"2895\" data-end=\"2898\" \/>\n<h1 data-section-id=\"1ry6obm\" data-start=\"2900\" data-end=\"2944\">\ud83d\udcde Buchen Sie Ihre Reise zur Paradiesinsel Hurghada<\/h1>\n<p data-start=\"2946\" data-end=\"3079\">Genie\u00dfen Sie eine der sch\u00f6nsten <strong data-start=\"2978\" data-end=\"3007\">Ausfl\u00fcge zu den Inseln im Roten Meer<\/strong> mit <strong data-start=\"3013\" data-end=\"3036\">Rotes Meer Traumreisen<\/strong> und erleben Sie einen entspannten Tag im Paradies.<\/p>\n<hr data-start=\"2895\" data-end=\"2898\" \/>\n<h3 data-path-to-node=\"15\" data-rm-block-id=\"block-15\"><b data-path-to-node=\"15\" data-index-in-node=\"0\">\ud83e\udd11 Exkursion Preis &amp; Buchung<\/b><\/h3>\n<ul data-path-to-node=\"17\">\n<li>\n<p data-path-to-node=\"17,0,0\" data-rm-block-id=\"block-17\"><b data-path-to-node=\"17,0,0\" data-index-in-node=\"0\">Erwachsene (ab 11 Jahren):<\/b> 35 \u20ac<\/p>\n<\/li>\n<li>\n<p data-path-to-node=\"17,1,0\" data-rm-block-id=\"block-18\"><b data-path-to-node=\"17,1,0\" data-index-in-node=\"0\">Kinder (5-11 Jahre):<\/b> 20 \u20ac<\/p>\n<\/li>\n<li>\n<p data-path-to-node=\"17,2,0\" data-rm-block-id=\"block-19\"><b data-path-to-node=\"17,2,0\" data-index-in-node=\"0\">Kleinkinder (unter 5 Jahren):<\/b> <b data-path-to-node=\"17,2,0\" data-index-in-node=\"19\">Kostenlos<\/b><\/p>\n<\/li>\n<\/ul>\n<p data-path-to-node=\"18\" data-rm-block-id=\"block-20\"><i data-path-to-node=\"18\" data-index-in-node=\"0\">Hinweis: Maske und Flossen k\u00f6nnen gegen einen Aufpreis von 5 \u20ac pro St\u00fcck f\u00fcr Ihr Unterwasserabenteuer ausgeliehen werden!<\/i><\/p>\n<p data-path-to-node=\"19\" data-rm-block-id=\"block-21\"><i data-path-to-node=\"19\" data-index-in-node=\"0\">Die Zahlung kann in USD ($ \ud83c\uddfa\ud83c\uddf8) oder EUR (\u20ac \ud83c\uddea\ud83c\uddfa) erfolgen, je nach dem t\u00e4glichen Wechselkurs der Bank.<\/i><\/p>","protected":false},"excerpt":{"rendered":"<p>\ud83c\udfdd\ufe0f Paradise Island Hurghada Trip \u2013 One of the Best Red Sea Island Excursions The Paradise Island Hurghada Trip is one of the most popular sea excursions in the Red Sea. It offers the perfect combination of relaxation, adventure, and stunning natural beauty. Located inside the famous Giftun Islands National Park, Paradise Island is known [&hellip;]<\/p>\n","protected":false},"featured_media":10701,"comment_status":"open","ping_status":"closed","template":"","meta":{"_monsterinsights_skip_tracking":false,"_monsterinsights_sitenote_active":false,"_monsterinsights_sitenote_note":"","_monsterinsights_sitenote_category":0,"_mbp_gutenberg_autopost":false},"product_brand":[],"product_cat":[60],"product_tag":[],"class_list":{"0":"post-10700","1":"product","2":"type-product","3":"status-publish","4":"has-post-thumbnail","6":"product_cat-sea","8":"first","9":"instock","10":"shipping-taxable","11":"purchasable","12":"product-type-ovabrw_car_rental"},"_links":{"self":[{"href":"https:\/\/redsea-dream-tours.net\/de\/wp-json\/wp\/v2\/product\/10700","targetHints":{"allow":["GET"]}}],"collection":[{"href":"https:\/\/redsea-dream-tours.net\/de\/wp-json\/wp\/v2\/product"}],"about":[{"href":"https:\/\/redsea-dream-tours.net\/de\/wp-json\/wp\/v2\/types\/product"}],"replies":[{"embeddable":true,"href":"https:\/\/redsea-dream-tours.net\/de\/wp-json\/wp\/v2\/comments?post=10700"}],"wp:featuredmedia":[{"embeddable":true,"href":"https:\/\/redsea-dream-tours.net\/de\/wp-json\/wp\/v2\/media\/10701"}],"wp:attachment":[{"href":"https:\/\/redsea-dream-tours.net\/de\/wp-json\/wp\/v2\/media?parent=10700"}],"wp:term":[{"taxonomy":"product_brand","embeddable":true,"href":"https:\/\/redsea-dream-tours.net\/de\/wp-json\/wp\/v2\/product_brand?post=10700"},{"taxonomy":"product_cat","embeddable":true,"href":"https:\/\/redsea-dream-tours.net\/de\/wp-json\/wp\/v2\/product_cat?post=10700"},{"taxonomy":"product_tag","embeddable":true,"href":"https:\/\/redsea-dream-tours.net\/de\/wp-json\/wp\/v2\/product_tag?post=10700"}],"curies":[{"name":"wp","href":"https:\/\/api.w.org\/{rel}","templated":true}]}}