{"id":9417,"date":"2026-03-01T20:19:58","date_gmt":"2026-03-01T20:19:58","guid":{"rendered":"https:\/\/redsea-dream-tours.net\/?post_type=product&#038;p=9417"},"modified":"2026-03-22T18:43:00","modified_gmt":"2026-03-22T18:43:00","slug":"cairo-private-tour-pyramids-museum","status":"publish","type":"product","link":"https:\/\/redsea-dream-tours.net\/de\/produkt\/cairo-private-tour-pyramids-museum\/","title":{"rendered":"Kairo Private Tour - Pyramiden &amp; Museum"},"content":{"rendered":"<h3 data-start=\"116\" data-end=\"187\">\u2728 <strong data-start=\"122\" data-end=\"185\">Cairo Private Tours - Ihr Tor zu den Wundern \u00c4gyptens!<\/strong><\/h3>\n<p data-start=\"189\" data-end=\"326\">Begeben Sie sich auf eine unvergessliche Reise mit <strong data-start=\"229\" data-end=\"252\">Kairo Privatf\u00fchrungen<\/strong>, die ultimative Wahl f\u00fcr die Erstellung Ihrer <strong data-start=\"292\" data-end=\"319\">Traumurlaub in \u00c4gypten<\/strong>! \ud83c\udf0d\u2728<\/p>\n<h3 data-start=\"520\" data-end=\"556\">\ud83c\udf05 <strong data-start=\"527\" data-end=\"554\">Abreise am fr\u00fchen Morgen<\/strong><\/h3>\n<ul data-start=\"557\" data-end=\"808\">\n<li data-start=\"557\" data-end=\"675\">\n<p data-start=\"559\" data-end=\"675\"><strong data-start=\"559\" data-end=\"576\">Abholung vom Hotel<\/strong> \ud83d\ude90: Beginnen Sie Ihr Abenteuer mit einer fr\u00fchen Abholung von Ihrem Hotel in einem modernen, klimatisierten Bus.<\/p>\n<\/li>\n<li data-start=\"676\" data-end=\"808\">\n<p data-start=\"678\" data-end=\"808\"><strong data-start=\"678\" data-end=\"701\">Scenic Desert Drive <\/strong>\ud83c\udfdc\ufe0f: Entspannen Sie sich und genie\u00dfen Sie die wechselnden Landschaften, w\u00e4hrend Sie durch die goldenen W\u00fcsten \u00c4gyptens in Richtung Kairo fahren.<\/p>\n<\/li>\n<\/ul>\n<h3 data-start=\"815\" data-end=\"857\">\ud83c\udfdb\ufe0f <strong data-start=\"823\" data-end=\"855\">Pyramiden von Gizeh und Gro\u00dfe Sphinx<\/strong><\/h3>\n<ul data-start=\"858\" data-end=\"1187\">\n<li data-start=\"858\" data-end=\"968\">\n<p data-start=\"860\" data-end=\"968\">Ehrfurcht vor dem legend\u00e4ren <strong data-start=\"894\" data-end=\"914\">Pyramiden von Gizeh<\/strong>, einer der <strong data-start=\"927\" data-end=\"965\">Sieben Weltwunder der Antike<\/strong>.<\/p>\n<\/li>\n<li data-start=\"969\" data-end=\"1079\">\n<p data-start=\"971\" data-end=\"1079\">Erforschen Sie die <strong data-start=\"983\" data-end=\"999\">Gro\u00dfe Sphinx<\/strong> \ud83e\udd81, dem geheimnisvollen W\u00e4chter des Plateaus, und machen Sie unvergessliche Fotos.<\/p>\n<\/li>\n<li data-start=\"1080\" data-end=\"1187\">\n<p data-start=\"1082\" data-end=\"1187\">Optional: Betreten Sie eine der Pyramiden, um einen tieferen Einblick in die antike Technik zu erhalten (zus\u00e4tzliches Ticket erforderlich).<\/p>\n<\/li>\n<\/ul>\n<h3 data-start=\"1194\" data-end=\"1237\">\ud83c\udffa <strong data-start=\"1201\" data-end=\"1235\">\u00c4gyptisches Museum f\u00fcr Altert\u00fcmer<\/strong><\/h3>\n<ul data-start=\"1238\" data-end=\"1473\">\n<li data-start=\"1238\" data-end=\"1372\">\n<p data-start=\"1240\" data-end=\"1372\">Entdecken Sie \u00fcber <strong data-start=\"1254\" data-end=\"1275\">120.000 Artefakte<\/strong> im weltber\u00fchmten Museum, darunter Sch\u00e4tze von <strong data-start=\"1327\" data-end=\"1349\">Das Grab des Tutanchamun<\/strong> und alte Mumien.<\/p>\n<\/li>\n<li data-start=\"1373\" data-end=\"1473\">\n<p data-start=\"1375\" data-end=\"1473\">Ihr \u00e4gyptologischer F\u00fchrer wird Ihnen die Geheimnisse der unsch\u00e4tzbaren Reliquien und k\u00f6niglichen Sch\u00e4tze enth\u00fcllen.<\/p>\n<\/li>\n<\/ul>\n<h3 data-start=\"1480\" data-end=\"1515\">\ud83c\udf74\u00a0<strong data-start=\"1480\" data-end=\"1504\">VIP-Lunch-Erlebnis<\/strong><\/h3>\n<ul data-start=\"1516\" data-end=\"1669\">\n<li data-start=\"1516\" data-end=\"1610\">\n<p data-start=\"1518\" data-end=\"1610\">Genie\u00dfen Sie eine <strong data-start=\"1526\" data-end=\"1554\">leckeres \u00e4gyptisches Mittagessen<\/strong> \ud83c\udf7d\ufe0f .<\/p>\n<\/li>\n<li data-start=\"1611\" data-end=\"1669\">\n<p data-start=\"1613\" data-end=\"1669\">Erfrischen und auftanken, bevor Sie Ihr Abenteuer fortsetzen<\/p>\n<\/li>\n<\/ul>\n<h3 data-start=\"1676\" data-end=\"1718\">\ud83d\udecd\ufe0f <strong data-start=\"1684\" data-end=\"1716\">Einkaufen &amp; lokale Erlebnisse<\/strong><\/h3>\n<ul data-start=\"1719\" data-end=\"1863\">\n<li data-start=\"1719\" data-end=\"1863\">\n<p data-start=\"1721\" data-end=\"1863\">Spaziergang durch ein traditionelles <strong data-start=\"1750\" data-end=\"1779\">Basar oder Papyrus-Galerie<\/strong> \ud83d\udecd\ufe0f, wo Sie einzigartige Souvenirs, Parfums und authentisches \u00e4gyptisches Kunsthandwerk finden k\u00f6nnen.<\/p>\n<\/li>\n<\/ul>\n<h3 data-start=\"1870\" data-end=\"1897\">\ud83c\udf07 <strong data-start=\"1877\" data-end=\"1895\">R\u00fcckreise<\/strong><\/h3>\n<ul data-start=\"1898\" data-end=\"2041\">\n<li data-start=\"1898\" data-end=\"2041\">\n<p data-start=\"1900\" data-end=\"2041\">Nach einem Tag voller Entdeckungen besteigen Sie Ihren Bus f\u00fcr eine <strong data-start=\"1954\" data-end=\"1981\">bequeme R\u00fcckreise<\/strong> zu Ihrem Hotel mit magischen Erinnerungen an Kairos Sch\u00e4tze.<\/p>\n<\/li>\n<\/ul>\n<h4 data-start=\"328\" data-end=\"356\">\ud83c\udf1f <strong data-start=\"336\" data-end=\"354\">Warum uns w\u00e4hlen?<\/strong><\/h4>\n<ul data-start=\"357\" data-end=\"728\">\n<li data-start=\"357\" data-end=\"482\">\n<p data-start=\"359\" data-end=\"482\"><strong data-start=\"359\" data-end=\"385\">Ma\u00dfgeschneiderte Abenteuer<\/strong>: Stellen Sie Ihre Reiseroute nach Ihren Vorlieben zusammen - Geschichte, Kultur, Entspannung oder Abenteuer.<\/p>\n<\/li>\n<li data-start=\"483\" data-end=\"597\">\n<p data-start=\"485\" data-end=\"597\"><strong data-start=\"485\" data-end=\"512\">Unschlagbare Reiseangebote<\/strong>: Genie\u00dfen Sie exklusive Angebote auf <strong data-start=\"540\" data-end=\"565\">\u00c4gypten Reisepakete<\/strong> die f\u00fcr jedes Budget geeignet sind.<\/p>\n<\/li>\n<li data-start=\"598\" data-end=\"728\">\n<p data-start=\"600\" data-end=\"728\"><strong data-start=\"600\" data-end=\"619\">Beratung durch Experten<\/strong>: Unser Team von <strong data-start=\"633\" data-end=\"682\">Professionelle Reiseveranstalter und lizenzierte Reiseleiter<\/strong> eine nahtlose und bereichernde Erfahrung zu gew\u00e4hrleisten.<\/p>\n<\/li>\n<\/ul>\n<h4 data-start=\"730\" data-end=\"778\">\ud83c\udfc6 <strong data-start=\"738\" data-end=\"776\">Unsere exklusiven Erlebnisse umfassen:<\/strong><\/h4>\n<ul data-start=\"779\" data-end=\"1178\">\n<li data-start=\"779\" data-end=\"886\">\n<p data-start=\"781\" data-end=\"886\"><strong data-start=\"781\" data-end=\"805\">Private gef\u00fchrte Touren<\/strong> \ud83d\uddfa\ufe0f: Erkunden Sie die majest\u00e4tischen Pyramiden, antiken Tempel und verborgenen Sch\u00e4tze \u00c4gyptens.<\/p>\n<\/li>\n<li data-start=\"887\" data-end=\"973\"><strong data-start=\"976\" data-end=\"1001\">Nil-Dahabiya-Kreuzfahrten<\/strong> \u26f5: Erleben Sie Luxus auf einem traditionellen Segelboot mit pers\u00f6nlichem Service.<\/li>\n<li data-start=\"1078\" data-end=\"1178\">\n<p data-start=\"1080\" data-end=\"1178\"><strong data-start=\"1080\" data-end=\"1104\">\u00c4gypten W\u00fcstensafaris<\/strong> \ud83c\udfdc\ufe0f: Entdecken Sie den Zauber der Sahara bei spannenden W\u00fcstenabenteuern.<\/p>\n<\/li>\n<\/ul>\n<h4 data-start=\"1180\" data-end=\"1221\">\ud83c\udf0d <strong data-start=\"1188\" data-end=\"1219\">Ihr Abenteuer beginnt hier!<\/strong><\/h4>\n<p data-start=\"1222\" data-end=\"1413\">Mit Cairo Private Tours wird jede Reise so gestaltet, dass sie <strong data-start=\"1283\" data-end=\"1309\">unvergessliche Erinnerungen<\/strong>. Egal, ob Sie Geschichte, Luxus oder Abenteuer suchen, wir sorgen daf\u00fcr, dass Ihre Reise nichts weniger als ein <strong data-start=\"1399\" data-end=\"1410\">erstaunlich<\/strong>.<\/p>\n<p data-start=\"1415\" data-end=\"1467\"><strong data-start=\"1415\" data-end=\"1461\">Mach dich bereit f\u00fcr das Abenteuer deines Lebens!<\/strong> \ud83e\uddf3\u2728<\/p>\n<table style=\"height: 140px;\" width=\"770\">\n<tbody>\n<tr>\n<td width=\"126\"><strong>\u00a0\u20ac\u00a0 300.00<\/strong><\/td>\n<td width=\"307\"><strong>Kairo Privat 2 pax<\/strong><\/td>\n<\/tr>\n<tr>\n<td><strong>\u00a0\u20ac\u00a0 450.00<\/strong><\/td>\n<td><strong>Kairo Privat 3 bis 4 Personen<\/strong><\/td>\n<\/tr>\n<tr>\n<td><strong>\u00a0\u20ac\u00a0 510.00<\/strong><\/td>\n<td><strong>Kairo Privat 5 pax<\/strong><\/td>\n<\/tr>\n<tr>\n<td><strong>\u00a0\u20ac\u00a0 560.00<\/strong><\/td>\n<td><strong>Kairo Privat 6 pax<\/strong><\/td>\n<\/tr>\n<\/tbody>\n<\/table>\n<h3 data-start=\"2198\" data-end=\"2225\"><strong data-start=\"2205\" data-end=\"2223\">Die Zahlung in USD ($ \ud83c\uddfa\ud83c\uddf8) anstelle von EUR (\ud83c\uddea\ud83c\uddfa) ist je nach Tageskurs der Bank m\u00f6glich.<\/strong><\/h3>\n<p><strong>Buchen Sie \u00fcber WhatsApp:<\/strong><\/p>\n<p><a href=\"https:\/\/api.whatsapp.com\/send\/?phone=01021058859\" target=\"_blank\" rel=\"noopener\">\u00a0<img decoding=\"async\" class=\"alignnone wp-image-2058\" src=\"https:\/\/poehalisnamiegypt.com\/wp-content\/uploads\/2024\/02\/pngwing.com_-300x300.png\" sizes=\"auto, (max-width: 35px) 100vw, 35px\" srcset=\"https:\/\/poehalisnamiegypt.com\/wp-content\/uploads\/2024\/02\/pngwing.com_-300x300.png 300w, https:\/\/poehalisnamiegypt.com\/wp-content\/uploads\/2024\/02\/pngwing.com_-150x150.png 150w, https:\/\/poehalisnamiegypt.com\/wp-content\/uploads\/2024\/02\/pngwing.com_.png 584w\" alt=\"\" width=\"53\" height=\"53\" \/><\/a><\/p>\n<div id=\"gtx-trans\" style=\"position: absolute; left: 76px; top: 3.375px;\">\n<div class=\"gtx-trans-icon\"><\/div>\n<\/div>","protected":false},"excerpt":{"rendered":"<p>\u2728 Cairo Private Tours \u2013 Your Gateway to the Wonders of Egypt! Embark on an unforgettable journey with Cairo Private Tours, the ultimate choice for creating your dream vacation in Egypt! \ud83c\udf0d\u2728 \ud83c\udf05 Early Morning Departure Hotel Pick-up \ud83d\ude90: Start your adventure with an early pick-up from your hotel in a modern, air-conditioned bus. Scenic [&hellip;]<\/p>\n","protected":false},"featured_media":9447,"comment_status":"open","ping_status":"closed","template":"","meta":{"_monsterinsights_skip_tracking":false,"_monsterinsights_sitenote_active":false,"_monsterinsights_sitenote_note":"","_monsterinsights_sitenote_category":0,"_mbp_gutenberg_autopost":false},"product_brand":[],"product_cat":[58],"product_tag":[],"class_list":{"0":"post-9417","1":"product","2":"type-product","3":"status-publish","4":"has-post-thumbnail","6":"product_cat-cairo","8":"first","9":"instock","10":"shipping-taxable","11":"purchasable","12":"product-type-ovabrw_car_rental"},"_links":{"self":[{"href":"https:\/\/redsea-dream-tours.net\/de\/wp-json\/wp\/v2\/product\/9417","targetHints":{"allow":["GET"]}}],"collection":[{"href":"https:\/\/redsea-dream-tours.net\/de\/wp-json\/wp\/v2\/product"}],"about":[{"href":"https:\/\/redsea-dream-tours.net\/de\/wp-json\/wp\/v2\/types\/product"}],"replies":[{"embeddable":true,"href":"https:\/\/redsea-dream-tours.net\/de\/wp-json\/wp\/v2\/comments?post=9417"}],"wp:featuredmedia":[{"embeddable":true,"href":"https:\/\/redsea-dream-tours.net\/de\/wp-json\/wp\/v2\/media\/9447"}],"wp:attachment":[{"href":"https:\/\/redsea-dream-tours.net\/de\/wp-json\/wp\/v2\/media?parent=9417"}],"wp:term":[{"taxonomy":"product_brand","embeddable":true,"href":"https:\/\/redsea-dream-tours.net\/de\/wp-json\/wp\/v2\/product_brand?post=9417"},{"taxonomy":"product_cat","embeddable":true,"href":"https:\/\/redsea-dream-tours.net\/de\/wp-json\/wp\/v2\/product_cat?post=9417"},{"taxonomy":"product_tag","embeddable":true,"href":"https:\/\/redsea-dream-tours.net\/de\/wp-json\/wp\/v2\/product_tag?post=9417"}],"curies":[{"name":"wp","href":"https:\/\/api.w.org\/{rel}","templated":true}]}}