{"id":9422,"date":"2026-03-01T20:19:58","date_gmt":"2026-03-01T20:19:58","guid":{"rendered":"https:\/\/redsea-dream-tours.net\/?post_type=product&#038;p=9422"},"modified":"2026-04-10T19:04:56","modified_gmt":"2026-04-10T19:04:56","slug":"luxor-bus-tour-from-hurghada","status":"publish","type":"product","link":"https:\/\/redsea-dream-tours.net\/de\/produkt\/luxor-bus-tour-from-hurghada\/","title":{"rendered":"Luxor-Bustour ab Hurghada: Reise in das Herz des alten \u00c4gyptens"},"content":{"rendered":"<p><b data-path-to-node=\"2\" data-index-in-node=\"0\">\ud83c\udfdb\ufe0f Luxor Bustour ab Hurghada: Reise in das Herz des alten \u00c4gyptens<\/b><\/p>\n<p data-path-to-node=\"3\">Begeben Sie sich auf die <b data-path-to-node=\"3\" data-index-in-node=\"14\">ultimative Luxor-Bustour ab Hurghada<\/b>, eine sorgf\u00e4ltig geplante <b data-path-to-node=\"3\" data-index-in-node=\"73\">einzigartiges Abenteuer<\/b> in das zeitlose Land der Pharaonen. Luxor, das oft als das gr\u00f6\u00dfte Freilichtmuseum der Welt bezeichnet wird, beherbergt fast ein Drittel der antiken Monumente der Welt. Dieser professionelle Ausflug bietet eine <b data-path-to-node=\"3\" data-index-in-node=\"280\">Luxus-Transfer<\/b>, Experte <b data-path-to-node=\"3\" data-index-in-node=\"304\">Privatf\u00fchrung<\/b>, und ein Tag mit vielen <b data-path-to-node=\"3\" data-index-in-node=\"344\">kulturelle Entdeckung<\/b> und <b data-path-to-node=\"3\" data-index-in-node=\"367\">alte Wunder<\/b>.<\/p>\n<h3 data-path-to-node=\"4\"><b data-path-to-node=\"4\" data-index-in-node=\"0\">\ud83c\udf05 Fr\u00fchmorgendliche Abreise: Ein magischer Start<\/b><\/h3>\n<p data-path-to-node=\"5\">Ihr <b data-path-to-node=\"5\" data-index-in-node=\"5\">Luxor Bus Tour_von Hurghada<\/b> beginnt am fr\u00fchen Morgen mit der Abholung in einem modernen, klimatisierten Bus. Lehnen Sie sich zur\u00fcck und genie\u00dfen Sie die malerische Fahrt, w\u00e4hrend die Sonne \u00fcber dem goldenen Sand \u00c4gyptens aufgeht, ein <b data-path-to-node=\"5\" data-index-in-node=\"187\">magischer Moment<\/b> die den Rahmen f\u00fcr eine <b data-path-to-node=\"5\" data-index-in-node=\"229\">unvergessliche Erinnerung<\/b>. Wir gew\u00e4hrleisten eine <b data-path-to-node=\"5\" data-index-in-node=\"263\">Problemlos<\/b> und sorgt f\u00fcr Komfort und Entspannung vom ersten Kilometer an.<\/p>\n<h3 data-start=\"493\" data-end=\"529\">\ud83d\udde3\ufe0f <strong data-start=\"501\" data-end=\"527\">Wir sprechen Ihre Sprache<\/strong><\/h3>\n<ul data-start=\"530\" data-end=\"594\">\n<li>Polnisch<\/li>\n<li>Franz\u00f6sisch<\/li>\n<li>Englisch<\/li>\n<li>Deutsch<\/li>\n<li>Portugiesisch<\/li>\n<li>Spanisch<\/li>\n<li>...und mehr!<\/li>\n<\/ul>\n<p data-start=\"596\" data-end=\"678\">Woher Sie auch kommen, wir sorgen f\u00fcr eine reibungslose Kommunikation und eine pers\u00f6nliche Note.<\/p>\n<h3 data-path-to-node=\"6\"><b data-path-to-node=\"6\" data-index-in-node=\"0\">\ud83c\udfdc\ufe0f Erkunden Sie das Westjordanland: Tal der K\u00f6nige<\/b><\/h3>\n<p data-path-to-node=\"7\">Treten Sie ein in die Welt der alten K\u00f6nigsh\u00e4user auf Ihrem <b data-path-to-node=\"7\" data-index-in-node=\"47\">Luxor Bus Tour_von Hurghada<\/b>. Sie besuchen die legend\u00e4re <b data-path-to-node=\"7\" data-index-in-node=\"106\">Tal der K\u00f6nige<\/b> \ud83c\udfdb\ufe0f, die letzte Ruhest\u00e4tte der gro\u00dfen Pharaonen \u00c4gyptens, einschlie\u00dflich des Grabes von Tutanchamun.<\/p>\n<ul data-path-to-node=\"8\">\n<li>\n<p data-path-to-node=\"8,0,0\"><b data-path-to-node=\"8,0,0\" data-index-in-node=\"0\">Hatschepsut-Tempel:<\/b> Bestaunen Sie dieses architektonische Meisterwerk, das der einzigen weiblichen Pharaonin \u00c4gyptens gewidmet ist, ein idealer Ort f\u00fcr <b data-path-to-node=\"8,0,0\" data-index-in-node=\"114\">Reisefotografie<\/b>.<\/p>\n<\/li>\n<li>\n<p data-path-to-node=\"8,1,0\"><b data-path-to-node=\"8,1,0\" data-index-in-node=\"0\">Die Kolosse von Memnon:<\/b> Erfassen Sie <b data-path-to-node=\"8,1,0\" data-index-in-node=\"27\">atemberaubende Aussichten<\/b> dieser massiven Steinstatuen, die seit \u00fcber 3.000 Jahren Wache stehen.<\/p>\n<\/li>\n<\/ul>\n<h3 data-path-to-node=\"9\"><b data-path-to-node=\"9\" data-index-in-node=\"0\">\ud83c\udffa Entdecken Sie das Ostufer: Karnak-Tempel &amp; Nil-Tag<\/b><\/h3>\n<p data-path-to-node=\"10\">Die <b data-path-to-node=\"10\" data-index-in-node=\"4\">Luxor Bus Tour_von Hurghada<\/b> geht weiter, w\u00e4hrend Sie den majest\u00e4tischen Nil mit dem Boot \u00fcberqueren. Erkunden Sie die <b data-path-to-node=\"10\" data-index-in-node=\"101\">Karnak-Tempel-Komplex<\/b> \u26e9\ufe0f, eine der gr\u00f6\u00dften religi\u00f6sen St\u00e4tten der Welt. Spazieren Sie zwischen hoch aufragenden S\u00e4ulen und heiligen Seen, w\u00e4hrend Sie von Ihrem Experten die Geschichten hinter den alten Hieroglyphen erfahren. <b data-path-to-node=\"10\" data-index-in-node=\"298\">Privatf\u00fchrung<\/b> Spezialist.<\/p>\n<h3 data-path-to-node=\"11\"><b data-path-to-node=\"11\" data-index-in-node=\"0\">\ud83c\udf74 Mittagessen mit Aussicht und lokaler Kultur<\/b><\/h3>\n<p data-path-to-node=\"12\">Genie\u00dfen Sie ein k\u00f6stliches <b data-path-to-node=\"12\" data-index-in-node=\"18\">kulinarisches Erlebnis<\/b> \ud83c\udf7d\ufe0f in einem lokalen Restaurant mit Blick auf den Nil. Danach wird die <b data-path-to-node=\"12\" data-index-in-node=\"107\">Luxor Bus Tour_von Hurghada<\/b> beinhaltet einen Halt auf einem traditionellen Basar \ud83d\udecd\ufe0f. Zeuge <b data-path-to-node=\"12\" data-index-in-node=\"189\">traditionelle Fertigkeiten<\/b> in handgefertigtem Kunsthandwerk und finden Sie authentische \u00e4gyptische Produkte zur Erinnerung an Ihre <b data-path-to-node=\"12\" data-index-in-node=\"281\">einzigartiges Abenteuer<\/b>.<\/p>\n<h3 data-path-to-node=\"13\"><b data-path-to-node=\"13\" data-index-in-node=\"0\">\ud83c\udf07 R\u00fcckreise nach Hurghada<\/b><\/h3>\n<p data-path-to-node=\"14\">Am Ende des Tages besteigen Sie Ihren Bus f\u00fcr eine bequeme R\u00fcckfahrt. Sie fahren zur\u00fcck zu Ihrem Hotel mit <b data-path-to-node=\"14\" data-index-in-node=\"120\">unvergessliche Erinnerungen<\/b> von <b data-path-to-node=\"14\" data-index-in-node=\"146\">alte Wunder<\/b>, lebendig <b data-path-to-node=\"14\" data-index-in-node=\"171\">Kunst und Kultur<\/b>, und die atemberaubende Kulisse von Luxor.<\/p>\n<hr data-path-to-node=\"15\" \/>\n<h3 data-path-to-node=\"16\"><b data-path-to-node=\"16\" data-index-in-node=\"0\">\ud83d\udccc Tour-Highlights (Ausgabe 2026):<\/b><\/h3>\n<ul data-path-to-node=\"17\">\n<li>\n<p data-path-to-node=\"17,0,0\">\ud83d\ude8c <b data-path-to-node=\"17,0,0\" data-index-in-node=\"3\">Luxus_Transfer:<\/b> Bequeme Hin- und R\u00fcckfahrt von Hurghada.<\/p>\n<\/li>\n<li>\n<p data-path-to-node=\"17,1,0\">\ud83d\udcdc <b data-path-to-node=\"17,1,0\" data-index-in-node=\"3\">Private Beratung:<\/b> Professioneller \u00c4gyptologe (Wir sprechen Englisch, Deutsch, Polnisch, Franz\u00f6sisch, Portugiesisch und Spanisch!).<\/p>\n<\/li>\n<li>\n<p data-path-to-node=\"17,2,0\">\ud83c\udfdb\ufe0f <b data-path-to-node=\"17,2,0\" data-index-in-node=\"4\">Antike-Wunder:<\/b> Gef\u00fchrte Besuche im Tal der K\u00f6nige, Hatschepsut und Karnak.<\/p>\n<\/li>\n<li>\n<p data-path-to-node=\"17,3,0\">\u26f4\ufe0f <b data-path-to-node=\"17,3,0\" data-index-in-node=\"3\">Nil\u00fcberquerung:<\/b> Ikonische Bootsfahrt inklusive.<\/p>\n<\/li>\n<li>\n<p data-path-to-node=\"17,4,0\">\ud83d\udee1\ufe0f <b data-path-to-node=\"17,4,0\" data-index-in-node=\"4\">Keine Vorauszahlung:<\/b> Jetzt buchen, am Tag bezahlen!<\/p>\n<\/li>\n<\/ul>\n<h3 data-path-to-node=\"18\"><b data-path-to-node=\"18\" data-index-in-node=\"0\">\ud83e\udd11 Exkursion Preis:<\/b><\/h3>\n<ul data-path-to-node=\"19\">\n<li>\n<p data-path-to-node=\"19,0,0\"><b data-path-to-node=\"19,0,0\" data-index-in-node=\"0\">Erwachsene (ab 12 Jahren):<\/b> 65 \u20ac (Kings\u2019 Valley) \/ 55 \u20ac (Queens\u2019 Valley).<\/p>\n<\/li>\n<li>\n<p data-path-to-node=\"19,1,0\"><b data-path-to-node=\"19,1,0\" data-index-in-node=\"0\">Kinder (6-11 Jahre):<\/b> 30 \u20ac.<\/p>\n<\/li>\n<li>\n<p data-path-to-node=\"19,2,0\"><b data-path-to-node=\"19,2,0\" data-index-in-node=\"0\">Kleinkinder (unter 6 Jahren):<\/b> 15 \u20ac.<\/p>\n<\/li>\n<\/ul>\n<p><strong data-start=\"2205\" data-end=\"2223\">Die Zahlung in USD ($ \ud83c\uddfa\ud83c\uddf8) anstelle von EUR (\ud83c\uddea\ud83c\uddfa) ist je nach Tageskurs der Bank m\u00f6glich.<\/strong><\/p>\n<p><strong>Buchen Sie \u00fcber WhatsApp:<\/strong><\/p>\n<p><a href=\"https:\/\/api.whatsapp.com\/send\/?phone=01021058859\" target=\"_blank\" rel=\"noopener\">\u00a0<img fetchpriority=\"high\" decoding=\"async\" class=\"wp-image-2058 aligncenter\" src=\"https:\/\/poehalisnamiegypt.com\/wp-content\/uploads\/2024\/02\/pngwing.com_-300x300.png\" sizes=\"auto, (max-width: 35px) 100vw, 35px\" srcset=\"https:\/\/poehalisnamiegypt.com\/wp-content\/uploads\/2024\/02\/pngwing.com_-300x300.png 300w, https:\/\/poehalisnamiegypt.com\/wp-content\/uploads\/2024\/02\/pngwing.com_-150x150.png 150w, https:\/\/poehalisnamiegypt.com\/wp-content\/uploads\/2024\/02\/pngwing.com_.png 584w\" alt=\"\" width=\"229\" height=\"229\" \/><\/a><\/p>\n<p><img decoding=\"async\" class=\"wp-image-9456 aligncenter\" src=\"https:\/\/redsea-dream-tours.net\/wp-content\/uploads\/2026\/03\/Best-Time-to-Visit-Luxor-and-Thebes-300x225.webp\" alt=\"Luxor Bus Tour from Hurghada: Journey to the Heart of Ancient Egypt\" width=\"479\" height=\"359\" srcset=\"https:\/\/redsea-dream-tours.net\/wp-content\/uploads\/2026\/03\/Best-Time-to-Visit-Luxor-and-Thebes-300x225.webp 300w, https:\/\/redsea-dream-tours.net\/wp-content\/uploads\/2026\/03\/Best-Time-to-Visit-Luxor-and-Thebes-600x450.webp 600w, https:\/\/redsea-dream-tours.net\/wp-content\/uploads\/2026\/03\/Best-Time-to-Visit-Luxor-and-Thebes-1024x768.webp 1024w, https:\/\/redsea-dream-tours.net\/wp-content\/uploads\/2026\/03\/Best-Time-to-Visit-Luxor-and-Thebes-768x576.webp 768w, https:\/\/redsea-dream-tours.net\/wp-content\/uploads\/2026\/03\/Best-Time-to-Visit-Luxor-and-Thebes-1536x1152.webp 1536w, https:\/\/redsea-dream-tours.net\/wp-content\/uploads\/2026\/03\/Best-Time-to-Visit-Luxor-and-Thebes.webp 1600w\" sizes=\"(max-width: 479px) 100vw, 479px\" \/><\/p>\n<h3 data-path-to-node=\"2\"><b data-path-to-node=\"2\" data-index-in-node=\"0\">\u2753 H\u00e4ufig gestellte Fragen (FAQ)<\/b><\/h3>\n<p data-path-to-node=\"3\"><b data-path-to-node=\"3\" data-index-in-node=\"0\">1. Ist die Luxor-Bustour ab Hurghada f\u00fcr Familien geeignet?<\/b><\/p>\n<blockquote>\n<p data-path-to-node=\"3\">Ja! Unser <b data-path-to-node=\"3\" data-index-in-node=\"71\">Luxor-Bustour - ab Hurghada<\/b> ist ein familienfreundliches <b data-path-to-node=\"3\" data-index-in-node=\"121\">einzigartiges Abenteuer<\/b>. Wir bieten eine <b data-path-to-node=\"3\" data-index-in-node=\"152\">Luxus-Transfer<\/b> mit Klimaanlage und bequemen Sitzen, so dass die Fahrt sowohl f\u00fcr Kinder als auch f\u00fcr Senioren angenehm ist. F\u00fcr Kinder im Alter von 6-11 Jahren gibt es spezielle Kinderpreise.<\/p>\n<\/blockquote>\n<p data-path-to-node=\"4\"><b data-path-to-node=\"4\" data-index-in-node=\"0\">2. Muss ich f\u00fcr die Luxor-Bustour ab Hurghada im Voraus bezahlen?<\/b><\/p>\n<blockquote>\n<p data-path-to-node=\"4\">Nein. Eine unserer besten Eigenschaften ist <b data-path-to-node=\"4\" data-index-in-node=\"101\">Keine Vorauszahlung<\/b>. Sie k\u00f6nnen Ihr <b data-path-to-node=\"4\" data-index-in-node=\"134\">2026 Ausfl\u00fcge<\/b> um Ihren Platz zu sichern und am Tag der Reise zu bezahlen. Dies garantiert einen <b data-path-to-node=\"4\" data-index-in-node=\"221\">Problemlos<\/b> Buchungserlebnis f\u00fcr alle unsere G\u00e4ste.<\/p>\n<\/blockquote>\n<p data-path-to-node=\"5\"><b data-path-to-node=\"5\" data-index-in-node=\"0\">3. Was ist im Preis der Luxor-Bustour ab Hurghada enthalten?<\/b><\/p>\n<blockquote>\n<p data-path-to-node=\"5\">Die Tour ist ein All-Inclusive-Angebot <b data-path-to-node=\"5\" data-index-in-node=\"92\">kulturelle Entdeckung<\/b>. Es umfasst eine <b data-path-to-node=\"5\" data-index-in-node=\"126\">Luxus-Transfer<\/b>, professionell <b data-path-to-node=\"5\" data-index-in-node=\"156\">Privatf\u00fchrung<\/b> (\u00c4gyptologe), Eintrittsgelder f\u00fcr das <b data-path-to-node=\"5\" data-index-in-node=\"210\">Tal_der_K\u00f6nige<\/b> und Karnak, ein <b data-path-to-node=\"5\" data-index-in-node=\"244\">Nil\u00fcberquerung<\/b> mit dem Boot und einem Gourmet-Mittagessen mit Blick auf den Fluss.<\/p>\n<\/blockquote>\n<p data-path-to-node=\"6\"><b data-path-to-node=\"6\" data-index-in-node=\"0\">4. Wie lange dauert die Luxor-Bustour ab Hurghada?<\/b><\/p>\n<blockquote>\n<p data-path-to-node=\"6\">Die Tour ist ein ganzt\u00e4giges Erlebnis, das mit einer Abholung am fr\u00fchen Morgen beginnt, um die <b data-path-to-node=\"6\" data-index-in-node=\"145\">antike_wunder<\/b> bei Sonnenaufgang. Sie werden sowohl das Ost- als auch das Westufer von Luxor erkunden, bevor Sie am Abend nach Hurghada zur\u00fcckkehren, im Gep\u00e4ck <b data-path-to-node=\"6\" data-index-in-node=\"282\">unvergessliche Erinnerungen<\/b>.<\/p>\n<\/blockquote>\n<p data-path-to-node=\"7\"><b data-path-to-node=\"7\" data-index-in-node=\"0\">5. Welche Sprachen sind auf der Luxor-Bustour ab Hurghada verf\u00fcgbar?<\/b><\/p>\n<blockquote>\n<p data-path-to-node=\"7\">Wir sind stolz auf unsere <b data-path-to-node=\"7\" data-index-in-node=\"90\">Pers\u00f6nliche Reiseroute<\/b>. Unsere fachkundigen F\u00fchrer bieten <b data-path-to-node=\"7\" data-index-in-node=\"140\">Privatf\u00fchrung<\/b> in mehreren Sprachen, darunter Englisch, Deutsch, Franz\u00f6sisch, Polnisch, Spanisch und Portugiesisch. Wir sorgen daf\u00fcr, dass Sie die Geschichte \u00c4gyptens in der Sprache lernen, die Sie am besten beherrschen.<\/p>\n<\/blockquote>\n<div id=\"gtx-trans\" style=\"position: absolute; left: 80px; top: 53.7083px;\">\n<div class=\"gtx-trans-icon\"><\/div>\n<\/div>\n<div id=\"gtx-trans\" style=\"position: absolute; left: 79px; top: 53.7083px;\">\n<div class=\"gtx-trans-icon\"><\/div>\n<\/div>","protected":false},"excerpt":{"rendered":"<p>\ud83c\udfdb\ufe0f Luxor Bus Tour from Hurghada: Journey to the Heart of Ancient Egypt Embark on the ultimate Luxor Bus Tour from Hurghada, a carefully planned unique adventure to the timeless land of the pharaohs. Luxor, often called the world&#8217;s greatest open-air museum, holds nearly one-third of the world\u2019s ancient monuments. This professional excursion offers a [&hellip;]<\/p>\n","protected":false},"featured_media":9456,"comment_status":"open","ping_status":"closed","template":"","meta":{"_monsterinsights_skip_tracking":false,"_monsterinsights_sitenote_active":false,"_monsterinsights_sitenote_note":"","_monsterinsights_sitenote_category":0,"_mbp_gutenberg_autopost":false},"product_brand":[],"product_cat":[59,78],"product_tag":[],"class_list":{"0":"post-9422","1":"product","2":"type-product","3":"status-publish","4":"has-post-thumbnail","6":"product_cat-luxor","7":"product_cat-red","9":"first","10":"instock","11":"shipping-taxable","12":"purchasable","13":"product-type-ovabrw_car_rental"},"_links":{"self":[{"href":"https:\/\/redsea-dream-tours.net\/de\/wp-json\/wp\/v2\/product\/9422","targetHints":{"allow":["GET"]}}],"collection":[{"href":"https:\/\/redsea-dream-tours.net\/de\/wp-json\/wp\/v2\/product"}],"about":[{"href":"https:\/\/redsea-dream-tours.net\/de\/wp-json\/wp\/v2\/types\/product"}],"replies":[{"embeddable":true,"href":"https:\/\/redsea-dream-tours.net\/de\/wp-json\/wp\/v2\/comments?post=9422"}],"wp:featuredmedia":[{"embeddable":true,"href":"https:\/\/redsea-dream-tours.net\/de\/wp-json\/wp\/v2\/media\/9456"}],"wp:attachment":[{"href":"https:\/\/redsea-dream-tours.net\/de\/wp-json\/wp\/v2\/media?parent=9422"}],"wp:term":[{"taxonomy":"product_brand","embeddable":true,"href":"https:\/\/redsea-dream-tours.net\/de\/wp-json\/wp\/v2\/product_brand?post=9422"},{"taxonomy":"product_cat","embeddable":true,"href":"https:\/\/redsea-dream-tours.net\/de\/wp-json\/wp\/v2\/product_cat?post=9422"},{"taxonomy":"product_tag","embeddable":true,"href":"https:\/\/redsea-dream-tours.net\/de\/wp-json\/wp\/v2\/product_tag?post=9422"}],"curies":[{"name":"wp","href":"https:\/\/api.w.org\/{rel}","templated":true}]}}