{"id":9426,"date":"2026-03-01T20:19:58","date_gmt":"2026-03-01T20:19:58","guid":{"rendered":"https:\/\/redsea-dream-tours.net\/?post_type=product&#038;p=9426"},"modified":"2026-03-09T20:14:49","modified_gmt":"2026-03-09T20:14:49","slug":"cairo-bus-tour-pyramids-sphinx-museum-day","status":"publish","type":"product","link":"https:\/\/redsea-dream-tours.net\/de\/produkt\/cairo-bus-tour-pyramids-sphinx-museum-day\/","title":{"rendered":"Kairo Bus Tour: Pyramiden, Sphinx &amp; Museumstag"},"content":{"rendered":"<h3 data-start=\"187\" data-end=\"250\">\ud83d\ude8c <strong data-start=\"194\" data-end=\"248\">Kairo Tagesausflug mit dem Bus - Entdecken Sie das Herz \u00c4gyptens<\/strong><\/h3>\n<p data-start=\"252\" data-end=\"513\">Begeben Sie sich auf eine unvergessliche Reise nach <strong data-start=\"290\" data-end=\"299\">Kairo<\/strong>, die pulsierende Hauptstadt, in der die Wunder der Antike auf das moderne Leben treffen. Diese ganzt\u00e4gige Bustour ist f\u00fcr Reisende gedacht, die die Stadt erkunden wollen. <strong data-start=\"431\" data-end=\"464\">\u00c4gyptens ber\u00fchmteste Wahrzeichen<\/strong> und gleichzeitig Komfort, Beratung und Kultur zu genie\u00dfen.<\/p>\n<hr data-start=\"515\" data-end=\"518\" \/>\n<h3 data-start=\"493\" data-end=\"529\">\ud83d\udde3\ufe0f <strong data-start=\"501\" data-end=\"527\">Wir sprechen Ihre Sprache<\/strong><\/h3>\n<ul data-start=\"530\" data-end=\"594\">\n<li>Polnisch<\/li>\n<li>Franz\u00f6sisch<\/li>\n<li>Englisch<\/li>\n<li>Deutsch<\/li>\n<li>Portugiesisch<\/li>\n<li>Spanisch<\/li>\n<li>...und mehr!<\/li>\n<\/ul>\n<p data-start=\"596\" data-end=\"678\">Woher Sie auch kommen, wir sorgen f\u00fcr eine reibungslose Kommunikation und eine pers\u00f6nliche Note.<\/p>\n<hr data-start=\"515\" data-end=\"518\" \/>\n<h3 data-start=\"520\" data-end=\"556\">\ud83c\udf05 <strong data-start=\"527\" data-end=\"554\">Abreise am fr\u00fchen Morgen<\/strong><\/h3>\n<ul data-start=\"557\" data-end=\"808\">\n<li data-start=\"557\" data-end=\"675\">\n<p data-start=\"559\" data-end=\"675\"><strong data-start=\"559\" data-end=\"576\">Abholung vom Hotel<\/strong> \ud83d\ude90: Beginnen Sie Ihr Abenteuer mit einer fr\u00fchen Abholung von Ihrem Hotel in einem modernen, klimatisierten Bus.<\/p>\n<\/li>\n<li data-start=\"676\" data-end=\"808\">\n<p data-start=\"678\" data-end=\"808\"><strong data-start=\"678\" data-end=\"701\">Scenic Desert Bus <\/strong>\ud83c\udfdc\ufe0f: Entspannen Sie sich und genie\u00dfen Sie die wechselnden Landschaften, w\u00e4hrend Sie durch die goldenen W\u00fcsten \u00c4gyptens in Richtung Kairo fahren.<\/p>\n<\/li>\n<\/ul>\n<hr data-start=\"810\" data-end=\"813\" \/>\n<h3 data-start=\"815\" data-end=\"857\">\ud83c\udfdb\ufe0f <strong data-start=\"823\" data-end=\"855\">Pyramiden von Gizeh und Gro\u00dfe Sphinx<\/strong><\/h3>\n<ul data-start=\"858\" data-end=\"1187\">\n<li data-start=\"858\" data-end=\"968\">\n<p data-start=\"860\" data-end=\"968\">Ehrfurcht vor dem legend\u00e4ren <strong data-start=\"894\" data-end=\"914\">Pyramiden von Gizeh<\/strong>, einer der <strong data-start=\"927\" data-end=\"965\">Sieben Weltwunder der Antike<\/strong>.<\/p>\n<\/li>\n<li data-start=\"969\" data-end=\"1079\">\n<p data-start=\"971\" data-end=\"1079\">Erforschen Sie die <strong data-start=\"983\" data-end=\"999\">Gro\u00dfe Sphinx<\/strong> \ud83e\udd81, dem geheimnisvollen W\u00e4chter des Plateaus, und machen Sie unvergessliche Fotos.<\/p>\n<\/li>\n<li data-start=\"1080\" data-end=\"1187\">\n<p data-start=\"1082\" data-end=\"1187\">Optional: Betreten Sie eine der Pyramiden, um einen tieferen Einblick in die antike Technik zu erhalten (zus\u00e4tzliches Ticket erforderlich).<\/p>\n<\/li>\n<\/ul>\n<hr data-start=\"1189\" data-end=\"1192\" \/>\n<h3 data-start=\"1194\" data-end=\"1237\">\ud83c\udffa <strong data-start=\"1201\" data-end=\"1235\">\u00c4gyptisches Museum f\u00fcr Altert\u00fcmer<\/strong><\/h3>\n<ul data-start=\"1238\" data-end=\"1473\">\n<li data-start=\"1238\" data-end=\"1372\">\n<p data-start=\"1240\" data-end=\"1372\">Entdecken Sie \u00fcber <strong data-start=\"1254\" data-end=\"1275\">120.000 Artefakte<\/strong> im weltber\u00fchmten Museum, darunter Sch\u00e4tze von <strong data-start=\"1327\" data-end=\"1349\">Das Grab des Tutanchamun<\/strong> und alte Mumien.<\/p>\n<\/li>\n<li data-start=\"1373\" data-end=\"1473\">\n<p data-start=\"1375\" data-end=\"1473\">Ihr \u00e4gyptologischer F\u00fchrer wird Ihnen die Geheimnisse der unsch\u00e4tzbaren Reliquien und k\u00f6niglichen Sch\u00e4tze enth\u00fcllen.<\/p>\n<\/li>\n<\/ul>\n<hr data-start=\"1475\" data-end=\"1478\" \/>\n<h3 data-start=\"1480\" data-end=\"1515\">\ud83c\udf74 <strong data-start=\"1487\" data-end=\"1513\">Mittagessen in einem guten lokalen Restaurant<\/strong><\/h3>\n<ul data-start=\"1516\" data-end=\"1669\">\n<li data-start=\"1516\" data-end=\"1610\">\n<p data-start=\"1518\" data-end=\"1610\">Genie\u00dfen Sie eine <strong data-start=\"1526\" data-end=\"1554\">leckeres \u00e4gyptisches Mittagessen<\/strong> \ud83c\udf7d\ufe0f .<\/p>\n<\/li>\n<li data-start=\"1611\" data-end=\"1669\">\n<p data-start=\"1613\" data-end=\"1669\">Erfrischen Sie sich und tanken Sie neue Energie, bevor Sie Ihr Abenteuer fortsetzen.<\/p>\n<\/li>\n<\/ul>\n<hr data-start=\"1671\" data-end=\"1674\" \/>\n<h3 data-start=\"1676\" data-end=\"1718\">\ud83d\udecd\ufe0f <strong data-start=\"1684\" data-end=\"1716\">Einkaufen &amp; lokale Erlebnisse<\/strong><\/h3>\n<ul data-start=\"1719\" data-end=\"1863\">\n<li data-start=\"1719\" data-end=\"1863\">\n<p data-start=\"1721\" data-end=\"1863\">Spaziergang durch ein traditionelles <strong data-start=\"1750\" data-end=\"1779\">Basar oder Papyrus-Galerie<\/strong> \ud83d\udecd\ufe0f, wo Sie einzigartige Souvenirs, Parfums und authentisches \u00e4gyptisches Kunsthandwerk finden k\u00f6nnen.<\/p>\n<\/li>\n<\/ul>\n<hr data-start=\"1865\" data-end=\"1868\" \/>\n<h3 data-start=\"1870\" data-end=\"1897\">\ud83c\udf07 <strong data-start=\"1877\" data-end=\"1895\">R\u00fcckreise<\/strong><\/h3>\n<ul data-start=\"1898\" data-end=\"2041\">\n<li data-start=\"1898\" data-end=\"2041\">\n<p data-start=\"1900\" data-end=\"2041\">Nach einem Tag voller Entdeckungen besteigen Sie Ihren Bus f\u00fcr eine <strong data-start=\"1954\" data-end=\"1981\">bequeme R\u00fcckreise<\/strong> zu Ihrem Hotel mit magischen Erinnerungen an Kairos Sch\u00e4tze.<\/p>\n<\/li>\n<\/ul>\n<hr data-start=\"2043\" data-end=\"2046\" \/>\n<h3 data-start=\"2048\" data-end=\"2073\"><strong data-start=\"2052\" data-end=\"2071\">H\u00f6hepunkte der Tour<\/strong><\/h3>\n<ul data-start=\"2074\" data-end=\"2327\">\n<li data-start=\"2074\" data-end=\"2129\">\n<p data-start=\"2076\" data-end=\"2129\">Hin- und R\u00fcckfahrt im klimatisierten Bus<\/p>\n<\/li>\n<li data-start=\"2130\" data-end=\"2186\">\n<p data-start=\"2132\" data-end=\"2186\">\ud83c\udfdb\ufe0f Besuch der Pyramiden von Gizeh, der Sphinx und des \u00c4gyptischen Museums<\/p>\n<\/li>\n<li data-start=\"2187\" data-end=\"2230\">\n<p data-start=\"2189\" data-end=\"2230\">\ud83c\udf7d\ufe0f Mittagessen in einem guten lokalen Restaurant<\/p>\n<\/li>\n<li data-start=\"2231\" data-end=\"2269\">\n<p data-start=\"2233\" data-end=\"2269\">\ud83d\udcdc Professioneller \u00e4gyptologischer F\u00fchrer<\/p>\n<\/li>\n<li data-start=\"2270\" data-end=\"2327\">\n<p data-start=\"2272\" data-end=\"2327\">\ud83d\udecd\ufe0f Einkaufsm\u00f6glichkeiten auf authentischen lokalen Basaren<\/p>\n<\/li>\n<\/ul>\n<h3 data-start=\"2198\" data-end=\"2225\"><strong data-start=\"2205\" data-end=\"2223\">\ud83e\udd11 Preis der Exkursion<\/strong><\/h3>\n<ul data-start=\"2226\" data-end=\"2413\">\n<li data-start=\"2226\" data-end=\"2260\">\n<p data-start=\"2228\" data-end=\"2260\"><strong data-start=\"2233\" data-end=\"2258\"><img decoding=\"async\" class=\"emoji\" role=\"img\" draggable=\"false\" src=\"https:\/\/s.w.org\/images\/core\/emoji\/16.0.1\/svg\/1f64e-1f3fb-200d-2642-fe0f.svg\" alt=\"\ud83d\ude4e\ud83c\udffb\u200d\u2642\ufe0f\" \/> 12 Jahre und \u00fcber 55 \u20ac<\/strong><\/p>\n<\/li>\n<li data-start=\"2261\" data-end=\"2309\">\n<p data-start=\"2263\" data-end=\"2309\"><strong data-start=\"2263\" data-end=\"2280\"><img decoding=\"async\" class=\"emoji\" role=\"img\" draggable=\"false\" src=\"https:\/\/s.w.org\/images\/core\/emoji\/16.0.1\/svg\/1f9cd-1f3fb-200d-2640-fe0f.svg\" alt=\"\ud83e\uddcd\ud83c\udffb\u200d\u2640\ufe0f\" \/> 6\/11 Jahre alt 30 \u20ac<\/strong><\/p>\n<\/li>\n<li data-start=\"2310\" data-end=\"2357\">\n<p data-start=\"2312\" data-end=\"2357\"><strong data-start=\"2327\" data-end=\"2355\"><img decoding=\"async\" class=\"emoji\" role=\"img\" draggable=\"false\" src=\"https:\/\/s.w.org\/images\/core\/emoji\/16.0.1\/svg\/1f47c-1f3fc.svg\" alt=\"\ud83d\udc7c\ud83c\udffc\" \/> -6 Jahre alt 15 \u20ac<\/strong><\/p>\n<\/li>\n<\/ul>\n<h3 data-start=\"2198\" data-end=\"2225\"><strong data-start=\"2205\" data-end=\"2223\">Die Zahlung in USD ($ \ud83c\uddfa\ud83c\uddf8) anstelle von EUR (\ud83c\uddea\ud83c\uddfa) ist je nach Tageskurs der Bank m\u00f6glich.<\/strong><\/h3>","protected":false},"excerpt":{"rendered":"<p>\ud83d\ude8c Cairo Day Trip by Bus \u2013 Explore the Heart of Egypt Embark on an unforgettable journey to Cairo, the bustling capital where ancient wonders meet modern life. This full-day bus tour is designed for travelers who want to explore Egypt\u2019s most iconic landmarks while enjoying comfort, guidance, and culture. \ud83d\udde3\ufe0f We Speak Your Language [&hellip;]<\/p>\n","protected":false},"featured_media":9497,"comment_status":"open","ping_status":"closed","template":"","meta":{"_monsterinsights_skip_tracking":false,"_monsterinsights_sitenote_active":false,"_monsterinsights_sitenote_note":"","_monsterinsights_sitenote_category":0,"_mbp_gutenberg_autopost":false},"product_brand":[],"product_cat":[58,78],"product_tag":[],"class_list":{"0":"post-9426","1":"product","2":"type-product","3":"status-publish","4":"has-post-thumbnail","6":"product_cat-cairo","7":"product_cat-red","9":"first","10":"instock","11":"shipping-taxable","12":"purchasable","13":"product-type-ovabrw_car_rental"},"_links":{"self":[{"href":"https:\/\/redsea-dream-tours.net\/de\/wp-json\/wp\/v2\/product\/9426","targetHints":{"allow":["GET"]}}],"collection":[{"href":"https:\/\/redsea-dream-tours.net\/de\/wp-json\/wp\/v2\/product"}],"about":[{"href":"https:\/\/redsea-dream-tours.net\/de\/wp-json\/wp\/v2\/types\/product"}],"replies":[{"embeddable":true,"href":"https:\/\/redsea-dream-tours.net\/de\/wp-json\/wp\/v2\/comments?post=9426"}],"wp:featuredmedia":[{"embeddable":true,"href":"https:\/\/redsea-dream-tours.net\/de\/wp-json\/wp\/v2\/media\/9497"}],"wp:attachment":[{"href":"https:\/\/redsea-dream-tours.net\/de\/wp-json\/wp\/v2\/media?parent=9426"}],"wp:term":[{"taxonomy":"product_brand","embeddable":true,"href":"https:\/\/redsea-dream-tours.net\/de\/wp-json\/wp\/v2\/product_brand?post=9426"},{"taxonomy":"product_cat","embeddable":true,"href":"https:\/\/redsea-dream-tours.net\/de\/wp-json\/wp\/v2\/product_cat?post=9426"},{"taxonomy":"product_tag","embeddable":true,"href":"https:\/\/redsea-dream-tours.net\/de\/wp-json\/wp\/v2\/product_tag?post=9426"}],"curies":[{"name":"wp","href":"https:\/\/api.w.org\/{rel}","templated":true}]}}