{"id":9433,"date":"2026-03-01T20:19:58","date_gmt":"2026-03-01T20:19:58","guid":{"rendered":"https:\/\/redsea-dream-tours.net\/?post_type=product&#038;p=9433"},"modified":"2026-03-22T18:43:00","modified_gmt":"2026-03-22T18:43:00","slug":"dolphin-house-snorkeling-dolphins-sea-fun","status":"publish","type":"product","link":"https:\/\/redsea-dream-tours.net\/de\/produkt\/dolphin-house-snorkeling-dolphins-sea-fun\/","title":{"rendered":"Delphin-Haus: Schnorcheln, Delfine und Meeresspa\u00df"},"content":{"rendered":"<h3 data-start=\"89\" data-end=\"172\"><strong data-start=\"93\" data-end=\"170\">Dolphin House Hurghada Boat Trip - Schwimmen, Schnorcheln und einen Tag auf dem Meer genie\u00dfen!<\/strong><\/h3>\n<p data-start=\"174\" data-end=\"428\">Entfliehen Sie der Routine und begeben Sie sich auf eine <strong data-start=\"209\" data-end=\"248\">Entspannender und abenteuerlicher Tag auf See<\/strong> mit dem ber\u00fchmten <strong data-start=\"265\" data-end=\"297\">Dolphin House Hurghada Reise!<\/strong> Machen Sie eine Kreuzfahrt auf dem glitzernden Roten Meer, genie\u00dfen Sie die Sonne und erleben Sie unvergessliche Momente mit Delfinen und einer lebendigen Unterwasserwelt.<\/p>\n<h4 data-start=\"430\" data-end=\"460\"><strong data-start=\"435\" data-end=\"458\">\ud83c\udf0a H\u00f6hepunkte der Reise:<\/strong><\/h4>\n<ul data-start=\"461\" data-end=\"1260\">\n<li data-start=\"461\" data-end=\"642\">\n<p data-start=\"463\" data-end=\"642\"><strong data-start=\"463\" data-end=\"491\">\ud83e\udd3f Schnorchelabenteuer:<\/strong> Erkunden Sie die atemberaubende <strong data-start=\"513\" data-end=\"535\">Delphinhaus-Riff<\/strong> mit <strong data-start=\"541\" data-end=\"566\">mitgelieferte Schnorchelausr\u00fcstung<\/strong>, schwimmen Sie zwischen bunten Koralleng\u00e4rten und entdecken Sie eine Vielzahl exotischer Fische.<\/p>\n<\/li>\n<li data-start=\"643\" data-end=\"774\">\n<p data-start=\"645\" data-end=\"774\"><strong data-start=\"645\" data-end=\"669\">\ud83d\udc2c Delfinbeobachtung:<\/strong> Nehmen Sie ein erfrischendes Bad und halten Sie die Augen nach verspielten Delfinen in ihrem nat\u00fcrlichen Lebensraum offen.<\/p>\n<\/li>\n<li data-start=\"775\" data-end=\"885\">\n<p data-start=\"777\" data-end=\"885\"><strong data-start=\"777\" data-end=\"799\">\ud83c\udfb6 Cruise &amp; Chill:<\/strong> Genie\u00dfen Sie Musik und eine entspannte Atmosph\u00e4re, w\u00e4hrend Sie von einem malerischen Ort zum anderen segeln.<\/p>\n<\/li>\n<li data-start=\"886\" data-end=\"1043\">\n<p data-start=\"888\" data-end=\"1043\"><strong data-start=\"888\" data-end=\"919\">\ud83c\udf74 Leckeres Mittagessen an Bord:<\/strong> Schlemmen Sie ein <strong data-start=\"931\" data-end=\"1011\">frisch zubereitetes Gericht aus Rindfleisch, Calamari, Reis mit Garnelen und knackigen Salaten<\/strong>, die w\u00e4hrend der Fahrt an Deck serviert werden.<\/p>\n<\/li>\n<li data-start=\"1044\" data-end=\"1150\">\n<p data-start=\"1046\" data-end=\"1150\"><strong data-start=\"1046\" data-end=\"1075\">\ud83e\udd64 Inklusive Erfrischungen:<\/strong> Bleiben Sie hydriert mit <strong data-start=\"1095\" data-end=\"1148\">kostenlose alkoholfreie Getr\u00e4nke w\u00e4hrend der gesamten Fahrt.<\/strong><\/p>\n<\/li>\n<li data-start=\"1151\" data-end=\"1260\">\n<p data-start=\"1153\" data-end=\"1260\"><strong data-start=\"1153\" data-end=\"1177\">\ud83c\udf4c Spa\u00df am Wassersport:<\/strong> Bringen Sie Ihr Adrenalin auf Touren mit <strong data-start=\"1211\" data-end=\"1258\">Bananenbootfahrten und spannende Wasserspiele!<\/strong><\/p>\n<\/li>\n<\/ul>\n<h4 data-start=\"1262\" data-end=\"1309\"><strong data-start=\"1267\" data-end=\"1307\">\u2728 Warum die Delphinhaus-Reise w\u00e4hlen?<\/strong><\/h4>\n<ul data-start=\"1310\" data-end=\"1555\">\n<li data-start=\"1310\" data-end=\"1382\">\n<p data-start=\"1312\" data-end=\"1382\">Eine perfekte Mischung aus <strong data-start=\"1329\" data-end=\"1379\">Entspannung, Abenteuer und Begegnungen mit Wildtieren<\/strong>.<\/p>\n<\/li>\n<li data-start=\"1383\" data-end=\"1474\">\n<p data-start=\"1385\" data-end=\"1474\">Ideal f\u00fcr Familien, Paare und Gruppen auf der Suche nach einem <strong data-start=\"1439\" data-end=\"1471\">denkw\u00fcrdiger Ganztagesausflug<\/strong>.<\/p>\n<\/li>\n<li data-start=\"1475\" data-end=\"1555\">\n<p data-start=\"1477\" data-end=\"1555\">Alles ist f\u00fcr Sie organisiert - bringen Sie einfach Ihre Badesachen mit und genie\u00dfen Sie die Fahrt!<\/p>\n<\/li>\n<\/ul>\n<p data-start=\"1557\" data-end=\"1655\"><strong data-start=\"1557\" data-end=\"1653\">Setzen Sie die Segel f\u00fcr Dolphin House Hurghada und schaffen Sie magische Erinnerungen im Herzen des Roten Meeres!<\/strong><\/p>\n<h3 data-start=\"2198\" data-end=\"2225\"><strong data-start=\"2205\" data-end=\"2223\">\ud83e\udd11 Preis der Exkursion<\/strong><\/h3>\n<p data-start=\"2228\" data-end=\"2260\"><strong data-start=\"2233\" data-end=\"2258\">\u00a0 \u00a0<img decoding=\"async\" class=\"emoji\" role=\"img\" draggable=\"false\" src=\"https:\/\/s.w.org\/images\/core\/emoji\/16.0.1\/svg\/1f64e-1f3fb-200d-2642-fe0f.svg\" alt=\"\ud83d\ude4e\ud83c\udffb\u200d\u2642\ufe0f\" \/> 11 Jahre und mehr 25 \u20ac<\/strong><\/p>\n<p data-start=\"2228\" data-end=\"2260\"><strong data-start=\"2263\" data-end=\"2280\">\u00a0 \u00a0<img decoding=\"async\" class=\"emoji\" role=\"img\" draggable=\"false\" src=\"https:\/\/s.w.org\/images\/core\/emoji\/16.0.1\/svg\/1f9cd-1f3fb-200d-2640-fe0f.svg\" alt=\"\ud83e\uddcd\ud83c\udffb\u200d\u2640\ufe0f\" \/> 6\/10 Jahre alt 15 \u20ac<\/strong><\/p>\n<p data-start=\"2228\" data-end=\"2260\"><strong data-start=\"2327\" data-end=\"2355\">\u00a0 \u00a0<img decoding=\"async\" class=\"emoji\" role=\"img\" draggable=\"false\" src=\"https:\/\/s.w.org\/images\/core\/emoji\/16.0.1\/svg\/1f47c-1f3fc.svg\" alt=\"\ud83d\udc7c\ud83c\udffc\" \/> -6 Jahre alt Frei<\/strong><\/p>\n<p><strong>Buchen Sie \u00fcber WhatsApp:<\/strong><\/p>\n<p><a href=\"https:\/\/api.whatsapp.com\/send\/?phone=01021058859\" target=\"_blank\" rel=\"noopener\">\u00a0<img decoding=\"async\" class=\"alignnone wp-image-2058\" src=\"https:\/\/poehalisnamiegypt.com\/wp-content\/uploads\/2024\/02\/pngwing.com_-300x300.png\" sizes=\"auto, (max-width: 35px) 100vw, 35px\" srcset=\"https:\/\/poehalisnamiegypt.com\/wp-content\/uploads\/2024\/02\/pngwing.com_-300x300.png 300w, https:\/\/poehalisnamiegypt.com\/wp-content\/uploads\/2024\/02\/pngwing.com_-150x150.png 150w, https:\/\/poehalisnamiegypt.com\/wp-content\/uploads\/2024\/02\/pngwing.com_.png 584w\" alt=\"\" width=\"53\" height=\"53\" \/><\/a><\/p>","protected":false},"excerpt":{"rendered":"<p>\ud83d\udc2c Dolphin House Hurghada Boat Trip \u2013 Swim, Snorkel &amp; Enjoy a Day at Sea! Escape the routine and embark on a relaxing and adventurous day at sea with the famous Dolphin House Hurghada trip! Cruise along the sparkling Red Sea, soak up the sun, and experience unforgettable moments with dolphins and vibrant marine life. [&hellip;]<\/p>\n","protected":false},"featured_media":9553,"comment_status":"open","ping_status":"closed","template":"","meta":{"_monsterinsights_skip_tracking":false,"_monsterinsights_sitenote_active":false,"_monsterinsights_sitenote_note":"","_monsterinsights_sitenote_category":0,"_mbp_gutenberg_autopost":false},"product_brand":[],"product_cat":[78,60],"product_tag":[],"class_list":{"0":"post-9433","1":"product","2":"type-product","3":"status-publish","4":"has-post-thumbnail","6":"product_cat-red","7":"product_cat-sea","9":"first","10":"instock","11":"shipping-taxable","12":"purchasable","13":"product-type-ovabrw_car_rental"},"_links":{"self":[{"href":"https:\/\/redsea-dream-tours.net\/de\/wp-json\/wp\/v2\/product\/9433","targetHints":{"allow":["GET"]}}],"collection":[{"href":"https:\/\/redsea-dream-tours.net\/de\/wp-json\/wp\/v2\/product"}],"about":[{"href":"https:\/\/redsea-dream-tours.net\/de\/wp-json\/wp\/v2\/types\/product"}],"replies":[{"embeddable":true,"href":"https:\/\/redsea-dream-tours.net\/de\/wp-json\/wp\/v2\/comments?post=9433"}],"wp:featuredmedia":[{"embeddable":true,"href":"https:\/\/redsea-dream-tours.net\/de\/wp-json\/wp\/v2\/media\/9553"}],"wp:attachment":[{"href":"https:\/\/redsea-dream-tours.net\/de\/wp-json\/wp\/v2\/media?parent=9433"}],"wp:term":[{"taxonomy":"product_brand","embeddable":true,"href":"https:\/\/redsea-dream-tours.net\/de\/wp-json\/wp\/v2\/product_brand?post=9433"},{"taxonomy":"product_cat","embeddable":true,"href":"https:\/\/redsea-dream-tours.net\/de\/wp-json\/wp\/v2\/product_cat?post=9433"},{"taxonomy":"product_tag","embeddable":true,"href":"https:\/\/redsea-dream-tours.net\/de\/wp-json\/wp\/v2\/product_tag?post=9433"}],"curies":[{"name":"wp","href":"https:\/\/api.w.org\/{rel}","templated":true}]}}