{"id":9445,"date":"2026-03-01T20:19:59","date_gmt":"2026-03-01T20:19:59","guid":{"rendered":"https:\/\/redsea-dream-tours.net\/?post_type=product&#038;p=9445"},"modified":"2026-03-01T20:22:09","modified_gmt":"2026-03-01T20:22:09","slug":"spa-red-sea-relaxation-wellness-luxury","status":"publish","type":"product","link":"https:\/\/redsea-dream-tours.net\/de\/produkt\/spa-red-sea-relaxation-wellness-luxury\/","title":{"rendered":"Spa Rotes Meer: Entspannung, Wellness und Luxus"},"content":{"rendered":"<p data-start=\"94\" data-end=\"149\"><strong data-start=\"94\" data-end=\"147\">\ud83d\udc86\u200d\u2640\ufe0f Entspannen, erfrischen und verj\u00fcngen Sie sich im Spa Red Sea!<\/strong><\/p>\n<p data-start=\"151\" data-end=\"472\">Entfliehen Sie in eine Welt der <strong data-start=\"174\" data-end=\"203\">Ruhe und Luxus \ud83c\udf34<\/strong> mit unserem exklusiven <strong data-start=\"223\" data-end=\"249\">Spa-Erlebnis am Roten Meer<\/strong> - der perfekte R\u00fcckzugsort zur Entspannung von K\u00f6rper, Geist und Seele. Eingebettet entlang der sch\u00f6nen <strong data-start=\"336\" data-end=\"356\">K\u00fcste des Roten Meeres \ud83c\udf0a<\/strong>, In diesem Spa wird die beruhigende Kraft der Natur mit fachkundigen Behandlungen kombiniert, um Ihnen die ultimative Wellness-Reise zu erm\u00f6glichen.<\/p>\n<p data-start=\"474\" data-end=\"513\"><strong data-start=\"474\" data-end=\"511\">\u2728 Was erwartet Sie im Spa Red Sea?<\/strong><\/p>\n<ul data-start=\"514\" data-end=\"892\">\n<li data-start=\"514\" data-end=\"588\">\n<p data-start=\"516\" data-end=\"588\"><strong data-start=\"516\" data-end=\"541\">Ganzk\u00f6rpermassagen \ud83d\udc50<\/strong> - von Tiefengewebe bis zu entspannender Aromatherapie.<\/p>\n<\/li>\n<li data-start=\"589\" data-end=\"652\">\n<p data-start=\"591\" data-end=\"652\"><strong data-start=\"591\" data-end=\"618\">Revitalisierende Gesichtsbehandlungen \ud83c\udf38<\/strong> - um Ihr nat\u00fcrliches Strahlen wiederherzustellen.<\/p>\n<\/li>\n<li data-start=\"653\" data-end=\"723\">\n<p data-start=\"655\" data-end=\"723\"><strong data-start=\"655\" data-end=\"682\">Dampfb\u00e4der und Saunas \u2668\ufe0f<\/strong> - entgiften und entspannen Sie sich in reinem Komfort.<\/p>\n<\/li>\n<li data-start=\"724\" data-end=\"804\">\n<p data-start=\"726\" data-end=\"804\"><strong data-start=\"726\" data-end=\"756\">Luxuri\u00f6se Whirlpools und Pools \ud83d\udec1<\/strong> - schmelzen Sie den Stress und genie\u00dfen Sie die Ruhe.<\/p>\n<\/li>\n<li data-start=\"805\" data-end=\"892\">\n<p data-start=\"807\" data-end=\"892\"><strong data-start=\"807\" data-end=\"850\">Pakete f\u00fcr Paare und Familien \u2764\ufe0f\ud83d\udc68\u200d\ud83d\udc69\u200d\ud83d\udc67\u200d\ud83d\udc66<\/strong> - perfekt f\u00fcr einen gemeinsamen Wellness-Ausflug.<\/p>\n<\/li>\n<\/ul>\n<p data-start=\"894\" data-end=\"926\"><strong data-start=\"894\" data-end=\"924\">\ud83c\udf1f Warum Spa Red Sea w\u00e4hlen?<\/strong><\/p>\n<ul data-start=\"927\" data-end=\"1143\">\n<li data-start=\"927\" data-end=\"977\">\n<p data-start=\"929\" data-end=\"977\">Fachkundige Therapeuten mit professioneller Betreuung \ud83e\uddd6\u200d\u2640\ufe0f<\/p>\n<\/li>\n<li data-start=\"978\" data-end=\"1016\">\n<p data-start=\"980\" data-end=\"1016\">Hochwertige nat\u00fcrliche \u00d6le und Produkte \ud83c\udf3f.<\/p>\n<\/li>\n<li data-start=\"1017\" data-end=\"1067\">\n<p data-start=\"1019\" data-end=\"1067\">Ein beruhigendes Ambiente, das der Entspannung dient \ud83d\udd6f\ufe0f<\/p>\n<\/li>\n<li data-start=\"1068\" data-end=\"1143\">\n<p data-start=\"1070\" data-end=\"1143\">Ma\u00dfgeschneiderte Behandlungen f\u00fcr jedes Bed\u00fcrfnis - vom Stressabbau bis zur Hauterneuerung<\/p>\n<\/li>\n<\/ul>\n<p data-start=\"1145\" data-end=\"1231\"><strong data-start=\"1145\" data-end=\"1168\">\ud83d\udd52 T\u00e4glich verf\u00fcgbar:<\/strong> Von morgens bis abends - w\u00e4hlen Sie die Zeit, die zu Ihrem Rhythmus passt!<\/p>\n<p data-start=\"1233\" data-end=\"1339\">Verw\u00f6hnen Sie sich mit dem <strong data-start=\"1248\" data-end=\"1280\">die heilende Ber\u00fchrung des Roten Meeres<\/strong> und gehen mit dem Gef\u00fchl <strong data-start=\"1299\" data-end=\"1336\">wieder aufgeladen, strahlend und erneuert \u2728<\/strong>.<\/p>\n<p data-start=\"1233\" data-end=\"1339\"><strong data-start=\"1253\" data-end=\"1276\">\ud83e\udd11 Preise f\u00fcr Aktivit\u00e4ten:<\/strong><\/p>\n<p data-start=\"1233\" data-end=\"1339\"><strong data-start=\"1253\" data-end=\"1276\">\u00a0 .\u00a0 \u00a0 \u00a0 \u00a0 \u00a0 \u00a0 \u00a0 23 \u20ac\u00a0<\/strong><\/p>\n<h3 data-start=\"2198\" data-end=\"2225\"><strong data-start=\"2205\" data-end=\"2223\">Die Zahlung in USD ($ \ud83c\uddfa\ud83c\uddf8) anstelle von EUR (\ud83c\uddea\ud83c\uddfa) ist je nach Tageskurs der Bank m\u00f6glich.<\/strong><\/h3>\n<p><strong>Buchen Sie \u00fcber WhatsApp:<\/strong><\/p>\n<p><a href=\"https:\/\/wa.me\/201021058859\" target=\"_blank\" rel=\"noopener\">\u00a0<img decoding=\"async\" class=\"alignnone wp-image-2058\" src=\"https:\/\/poehalisnamiegypt.com\/wp-content\/uploads\/2024\/02\/pngwing.com_-300x300.png\" sizes=\"auto, (max-width: 35px) 100vw, 35px\" srcset=\"https:\/\/poehalisnamiegypt.com\/wp-content\/uploads\/2024\/02\/pngwing.com_-300x300.png 300w, https:\/\/poehalisnamiegypt.com\/wp-content\/uploads\/2024\/02\/pngwing.com_-150x150.png 150w, https:\/\/poehalisnamiegypt.com\/wp-content\/uploads\/2024\/02\/pngwing.com_.png 584w\" alt=\"\" width=\"53\" height=\"53\" \/><\/a><\/p>\n<p>&nbsp;<\/p>","protected":false},"excerpt":{"rendered":"<p>\ud83d\udc86\u200d\u2640\ufe0f Relax, Refresh &amp; Rejuvenate at Spa Red Sea! Escape into a world of tranquility and luxury \ud83c\udf34 with our exclusive Spa Red Sea experience \u2013 the perfect retreat to relax your body, mind, and soul. Nestled along the beautiful Red Sea coast \ud83c\udf0a, this spa combines the soothing power of nature with expert treatments [&hellip;]<\/p>\n","protected":false},"featured_media":9647,"comment_status":"open","ping_status":"closed","template":"","meta":{"_monsterinsights_skip_tracking":false,"_monsterinsights_sitenote_active":false,"_monsterinsights_sitenote_note":"","_monsterinsights_sitenote_category":0,"_mbp_gutenberg_autopost":false},"product_brand":[],"product_cat":[61],"product_tag":[],"class_list":{"0":"post-9445","1":"product","2":"type-product","3":"status-publish","4":"has-post-thumbnail","6":"product_cat-entertaining","8":"first","9":"instock","10":"shipping-taxable","11":"purchasable","12":"product-type-ovabrw_car_rental"},"_links":{"self":[{"href":"https:\/\/redsea-dream-tours.net\/de\/wp-json\/wp\/v2\/product\/9445","targetHints":{"allow":["GET"]}}],"collection":[{"href":"https:\/\/redsea-dream-tours.net\/de\/wp-json\/wp\/v2\/product"}],"about":[{"href":"https:\/\/redsea-dream-tours.net\/de\/wp-json\/wp\/v2\/types\/product"}],"replies":[{"embeddable":true,"href":"https:\/\/redsea-dream-tours.net\/de\/wp-json\/wp\/v2\/comments?post=9445"}],"wp:featuredmedia":[{"embeddable":true,"href":"https:\/\/redsea-dream-tours.net\/de\/wp-json\/wp\/v2\/media\/9647"}],"wp:attachment":[{"href":"https:\/\/redsea-dream-tours.net\/de\/wp-json\/wp\/v2\/media?parent=9445"}],"wp:term":[{"taxonomy":"product_brand","embeddable":true,"href":"https:\/\/redsea-dream-tours.net\/de\/wp-json\/wp\/v2\/product_brand?post=9445"},{"taxonomy":"product_cat","embeddable":true,"href":"https:\/\/redsea-dream-tours.net\/de\/wp-json\/wp\/v2\/product_cat?post=9445"},{"taxonomy":"product_tag","embeddable":true,"href":"https:\/\/redsea-dream-tours.net\/de\/wp-json\/wp\/v2\/product_tag?post=9445"}],"curies":[{"name":"wp","href":"https:\/\/api.w.org\/{rel}","templated":true}]}}