{"id":9525,"date":"2026-03-01T20:20:44","date_gmt":"2026-03-01T20:20:44","guid":{"rendered":"https:\/\/redsea-dream-tours.net\/?post_type=product&#038;p=9525"},"modified":"2026-03-01T20:23:00","modified_gmt":"2026-03-01T20:23:00","slug":"luxor-to-aswan-transfer-hiace-car","status":"publish","type":"product","link":"https:\/\/redsea-dream-tours.net\/de\/produkt\/luxor-to-aswan-transfer-hiace-car\/","title":{"rendered":"Luxor nach Assuan Transfer Hiace Auto"},"content":{"rendered":"<h3 data-start=\"138\" data-end=\"196\">\ud83d\ude90 Transfer von Luxor nach Assuan mit dem Hiace Auto<\/h3>\n<p data-start=\"198\" data-end=\"487\">Genie\u00dfen Sie eine <strong data-start=\"206\" data-end=\"252\">komfortable, sichere und problemlose Reise<\/strong> von <strong data-start=\"258\" data-end=\"276\">Luxor nach Assuan<\/strong> mit unserem privaten <strong data-start=\"294\" data-end=\"331\">Toyota Hiace Auto\u00fcberf\u00fchrungsdienst<\/strong>. Ob Sie Ihr Studium fortsetzen <strong data-start=\"364\" data-end=\"389\">Abenteuer Nilkreuzfahrt<\/strong>, erforschen <strong data-start=\"401\" data-end=\"415\">Abu Simbel<\/strong>, Wir sorgen daf\u00fcr, dass Ihre Reise nahtlos und entspannt verl\u00e4uft.<\/p>\n<h4 data-start=\"489\" data-end=\"511\">\ud83c\udfc1 Einfache Abholung<\/h4>\n<ul data-start=\"512\" data-end=\"663\">\n<li data-start=\"512\" data-end=\"608\">\n<p data-start=\"514\" data-end=\"608\">\ud83c\udfe8 <strong data-start=\"517\" data-end=\"541\">Haus-zu-Haus-Dienst<\/strong> - Abholung von Ihrem Hotel, Kreuzfahrtschiff oder einem anderen Ort in Luxor<\/p>\n<\/li>\n<li data-start=\"609\" data-end=\"663\">\n<p data-start=\"611\" data-end=\"663\">\u23f0 <strong data-start=\"613\" data-end=\"641\">Flexible Abfahrtszeiten<\/strong> f\u00fcr Ihre Pl\u00e4ne<\/p>\n<\/li>\n<\/ul>\n<h4 data-start=\"665\" data-end=\"700\">\ud83d\ude98 Komfortable und moderne Fahrweise<\/h4>\n<p data-start=\"701\" data-end=\"763\">Unser Premium-Van Hiace ist auf Langstreckenkomfort ausgelegt:<\/p>\n<ul data-start=\"764\" data-end=\"921\">\n<li data-start=\"764\" data-end=\"815\">\n<p data-start=\"766\" data-end=\"815\">\ud83e\ude91 <strong data-start=\"769\" data-end=\"813\">Ger\u00e4umige Sitzpl\u00e4tze f\u00fcr bis zu 10 Passagiere<\/strong><\/p>\n<\/li>\n<li data-start=\"816\" data-end=\"872\">\n<p data-start=\"818\" data-end=\"872\">\u2744\ufe0f <strong data-start=\"821\" data-end=\"870\">Klimaanlage f\u00fcr eine k\u00fchle und angenehme Fahrt<\/strong><\/p>\n<\/li>\n<li data-start=\"873\" data-end=\"921\">\n<p data-start=\"875\" data-end=\"921\">\ud83d\udcbc Reichlich <strong data-start=\"884\" data-end=\"901\">Gep\u00e4ckraum<\/strong> f\u00fcr alle Ihre Taschen<\/p>\n<\/li>\n<\/ul>\n<h4 data-start=\"923\" data-end=\"957\">\ud83d\udee3\ufe0f Scenic Route Erlebnis<\/h4>\n<p data-start=\"958\" data-end=\"1035\">Reise durch die <strong data-start=\"977\" data-end=\"1014\">Niltal und W\u00fcstenlandschaften<\/strong>, mit Optionen f\u00fcr:<\/p>\n<ul data-start=\"1036\" data-end=\"1116\">\n<li data-start=\"1036\" data-end=\"1069\">\n<p data-start=\"1038\" data-end=\"1069\">\u2615 Rastst\u00e4tten f\u00fcr Erfrischungen<\/p>\n<\/li>\n<li data-start=\"1070\" data-end=\"1116\">\n<p data-start=\"1072\" data-end=\"1116\">\ud83d\udcf8 Kurze Fotom\u00f6glichkeiten entlang des Weges<\/p>\n<\/li>\n<\/ul>\n<h4 data-start=\"1118\" data-end=\"1162\">\ud83e\uddd1\u200d\u2708\ufe0f Zuverl\u00e4ssiger und professioneller Service<\/h4>\n<ul data-start=\"1163\" data-end=\"1265\">\n<li data-start=\"1163\" data-end=\"1221\">\n<p data-start=\"1165\" data-end=\"1221\">\ud83d\udc68\u200d\u2708\ufe0f Erfahrene, h\u00f6fliche und <strong data-start=\"1199\" data-end=\"1219\">lizenzierte Fahrer<\/strong><\/p>\n<\/li>\n<li data-start=\"1222\" data-end=\"1265\">\n<p data-start=\"1224\" data-end=\"1265\">\ud83d\udee1\ufe0f Fokus auf <strong data-start=\"1237\" data-end=\"1263\">Sicherheit und P\u00fcnktlichkeit<\/strong><\/p>\n<\/li>\n<\/ul>\n<h4 data-start=\"1267\" data-end=\"1292\">\ud83c\udfc1 Sanftes Abfallen<\/h4>\n<p data-start=\"1293\" data-end=\"1431\">Kommen Sie direkt zu Ihrem <strong data-start=\"1317\" data-end=\"1374\">Hotel, Kreuzfahrthafen oder bevorzugtes Reiseziel in Assuan<\/strong> - entspannt und bereit f\u00fcr die n\u00e4chste Etappe Ihrer Reise.<\/p>\n<h3 data-start=\"2198\" data-end=\"2225\"><strong data-start=\"2205\" data-end=\"2223\">Die Zahlung in USD ($ \ud83c\uddfa\ud83c\uddf8) anstelle von EUR (\ud83c\uddea\ud83c\uddfa) ist je nach Tageskurs der Bank m\u00f6glich.<\/strong><\/h3>\n<p><strong>Buchen Sie \u00fcber WhatsApp:<\/strong><\/p>\n<p><a href=\"https:\/\/wa.me\/201021058859\" target=\"_blank\" rel=\"noopener\">\u00a0<img decoding=\"async\" class=\"alignnone wp-image-2058\" src=\"https:\/\/poehalisnamiegypt.com\/wp-content\/uploads\/2024\/02\/pngwing.com_-300x300.png\" sizes=\"auto, (max-width: 35px) 100vw, 35px\" srcset=\"https:\/\/poehalisnamiegypt.com\/wp-content\/uploads\/2024\/02\/pngwing.com_-300x300.png 300w, https:\/\/poehalisnamiegypt.com\/wp-content\/uploads\/2024\/02\/pngwing.com_-150x150.png 150w, https:\/\/poehalisnamiegypt.com\/wp-content\/uploads\/2024\/02\/pngwing.com_.png 584w\" alt=\"\" width=\"53\" height=\"53\" \/><\/a><\/p>\n<p>&nbsp;<\/p>","protected":false},"excerpt":{"rendered":"<p>\ud83d\ude90 Transfer from Luxor to Aswan by Hiace Car Enjoy a comfortable, safe, and hassle-free journey from Luxor to Aswan with our private Toyota Hiace car transfer service. Whether you\u2019re continuing your Nile cruise adventure, exploring Abu Simbel, or heading to your hotel, we make your travel seamless and relaxing. \ud83c\udfc1 Easy Pick-Up \ud83c\udfe8 Door-to-door [&hellip;]<\/p>\n","protected":false},"featured_media":9730,"comment_status":"open","ping_status":"closed","template":"","meta":{"_monsterinsights_skip_tracking":false,"_monsterinsights_sitenote_active":false,"_monsterinsights_sitenote_note":"","_monsterinsights_sitenote_category":0,"_mbp_gutenberg_autopost":false},"product_brand":[],"product_cat":[63],"product_tag":[],"class_list":{"0":"post-9525","1":"product","2":"type-product","3":"status-publish","4":"has-post-thumbnail","6":"product_cat-transfer","8":"first","9":"instock","10":"shipping-taxable","11":"purchasable","12":"product-type-ovabrw_car_rental"},"_links":{"self":[{"href":"https:\/\/redsea-dream-tours.net\/de\/wp-json\/wp\/v2\/product\/9525","targetHints":{"allow":["GET"]}}],"collection":[{"href":"https:\/\/redsea-dream-tours.net\/de\/wp-json\/wp\/v2\/product"}],"about":[{"href":"https:\/\/redsea-dream-tours.net\/de\/wp-json\/wp\/v2\/types\/product"}],"replies":[{"embeddable":true,"href":"https:\/\/redsea-dream-tours.net\/de\/wp-json\/wp\/v2\/comments?post=9525"}],"wp:featuredmedia":[{"embeddable":true,"href":"https:\/\/redsea-dream-tours.net\/de\/wp-json\/wp\/v2\/media\/9730"}],"wp:attachment":[{"href":"https:\/\/redsea-dream-tours.net\/de\/wp-json\/wp\/v2\/media?parent=9525"}],"wp:term":[{"taxonomy":"product_brand","embeddable":true,"href":"https:\/\/redsea-dream-tours.net\/de\/wp-json\/wp\/v2\/product_brand?post=9525"},{"taxonomy":"product_cat","embeddable":true,"href":"https:\/\/redsea-dream-tours.net\/de\/wp-json\/wp\/v2\/product_cat?post=9525"},{"taxonomy":"product_tag","embeddable":true,"href":"https:\/\/redsea-dream-tours.net\/de\/wp-json\/wp\/v2\/product_tag?post=9525"}],"curies":[{"name":"wp","href":"https:\/\/api.w.org\/{rel}","templated":true}]}}