{"id":9744,"date":"2026-03-01T20:23:05","date_gmt":"2026-03-01T20:23:05","guid":{"rendered":"https:\/\/redsea-dream-tours.net\/?post_type=product&#038;p=9744"},"modified":"2026-03-01T20:24:16","modified_gmt":"2026-03-01T20:24:16","slug":"cairo-gem-van-pyramids-sphinx-museum","status":"publish","type":"product","link":"https:\/\/redsea-dream-tours.net\/de\/produkt\/cairo-gem-van-pyramids-sphinx-museum\/","title":{"rendered":"Kairoer Edelstein-Van: Pyramiden, Sphinx &amp; Museum"},"content":{"rendered":"<p data-start=\"175\" data-end=\"278\">\ud83c\udfdb\ufe0f\u2728 <strong data-start=\"180\" data-end=\"272\">Kairo und das Gro\u00dfe \u00c4gyptische Museum - Entdecken Sie die Magie des alten \u00c4gyptens an nur einem Tag!<\/strong> \u2728\ud83c\udf05<\/p>\n<p data-start=\"280\" data-end=\"539\">Machen Sie sich bereit f\u00fcr einen Tag voller Wunder - wo antike Pracht auf moderne Brillanz trifft.<br data-start=\"362\" data-end=\"365\" \/>Diese unvergessliche Reise kombiniert <strong data-start=\"401\" data-end=\"417\">die Pyramiden<\/strong>, <strong data-start=\"419\" data-end=\"439\">die Gro\u00dfe Sphinx<\/strong>, und <strong data-start=\"445\" data-end=\"474\">das Gro\u00dfe \u00c4gyptische Museum<\/strong>, alles in einem unglaublichen Erlebnis im Land der Pharaonen.<\/p>\n<hr data-start=\"541\" data-end=\"544\" \/>\n<p data-start=\"546\" data-end=\"574\">\ud83d\udd50 <strong data-start=\"549\" data-end=\"572\">Detaillierte Reiseroute:<\/strong><\/p>\n<p data-start=\"47\" data-end=\"135\">\ud83d\ude90 <strong data-start=\"50\" data-end=\"131\">Pick-up from your hotel at 1:00 AM in a modern, air-conditioned van to Cairo.<\/strong> \u2728<\/p>\n<p data-start=\"576\" data-end=\"844\">Treffen Sie Ihr <strong data-start=\"681\" data-end=\"716\">professioneller \u00e4gyptologischer F\u00fchrer<\/strong> in Kairo und machen Sie sich bereit f\u00fcr Ihr au\u00dfergew\u00f6hnliches Abenteuer.<br data-start=\"773\" data-end=\"776\" \/>\ud83c\udf06 Kommen Sie fr\u00fchmorgens in Kairo an und beginnen Sie Ihren einzigartigen Tag!<\/p>\n<p data-start=\"846\" data-end=\"1004\">\ud83d\ude90 <strong data-start=\"849\" data-end=\"885\">R\u00fcckkehr zum Hotel bis 23:00 Uhr<\/strong>, gef\u00fcllt mit <strong data-start=\"899\" data-end=\"925\">unvergessliche Erinnerungen<\/strong>, <strong data-start=\"927\" data-end=\"950\">atemberaubende Fotos<\/strong>, und <strong data-start=\"956\" data-end=\"999\">Geschichten, die Sie nie vergessen werden<\/strong> \u2764\ufe0f<\/p>\n<hr data-start=\"1006\" data-end=\"1009\" \/>\n<p data-start=\"1011\" data-end=\"1430\">\ud83d\udd39 <strong data-start=\"1014\" data-end=\"1069\">Erster Halt: Die Pyramiden von Gizeh und die Gro\u00dfe Sphinx<\/strong> \ud83c\udfdc\ufe0f<br data-start=\"1073\" data-end=\"1076\" \/>Beginnen Sie Ihren Tag an der ber\u00fchmtesten Sehensw\u00fcrdigkeit der Welt - dem <strong data-start=\"1129\" data-end=\"1178\">Gro\u00dfe Pyramiden von Cheops, Chephren und Menkaure<\/strong>, ewige Symbole des antiken Genies und des Geheimnisses.<br data-start=\"1226\" data-end=\"1229\" \/>Stehen Sie von Angesicht zu Angesicht mit dem majest\u00e4tischen <strong data-start=\"1266\" data-end=\"1282\">Gro\u00dfe Sphinx<\/strong>, und bewachen die W\u00fcste seit \u00fcber <strong data-start=\"1313\" data-end=\"1328\">4.500 Jahre<\/strong>! \ud83e\udd81<br data-start=\"1332\" data-end=\"1335\" \/>\ud83d\udcf8 Machen Sie atemberaubende Fotos mit den Pyramiden als Kulisse - ein Moment, den Sie nie vergessen werden.<\/p>\n<p data-start=\"1432\" data-end=\"1591\">\ud83d\udc2a <strong data-start=\"1435\" data-end=\"1460\">Kamelritt (optional)<\/strong> - nicht in der Haupttour enthalten, aber verf\u00fcgbar f\u00fcr G\u00e4ste, die eine authentische antike Erfahrung rund um die Pyramiden genie\u00dfen m\u00f6chten.<\/p>\n<hr data-start=\"1593\" data-end=\"1596\" \/>\n<p data-start=\"1598\" data-end=\"2099\">\ud83d\udd39 <strong data-start=\"1601\" data-end=\"1649\">Zweite Station: Das Gro\u00dfe \u00c4gyptische Museum (GEM)<\/strong> \ud83c\udfdb\ufe0f<br data-start=\"1653\" data-end=\"1656\" \/>Kopf zum <strong data-start=\"1668\" data-end=\"1720\">das neueste und gr\u00f6\u00dfte arch\u00e4ologische Museum der Welt<\/strong>, auf dem Gizeh-Plateau gelegen.<br data-start=\"1750\" data-end=\"1753\" \/>Bestaunen Sie \u00fcber <strong data-start=\"1768\" data-end=\"1797\">100.000 antike Artefakte<\/strong> angezeigt mit <strong data-start=\"1813\" data-end=\"1840\">hochmoderne Technologie<\/strong> und Geschichtenerz\u00e4hlen.<br data-start=\"1858\" data-end=\"1861\" \/>Entdecken Sie die <strong data-start=\"1874\" data-end=\"1911\">die gesamten Sch\u00e4tze des Tutanchamun<\/strong>, die zum ersten Mal in der Geschichte gemeinsam pr\u00e4sentiert werden!<br data-start=\"1962\" data-end=\"1965\" \/>Verpassen Sie nicht die <strong data-start=\"1980\" data-end=\"2009\">Riesenstatue von Ramses II.<\/strong> die den Besucher in der Haupthalle empf\u00e4ngt - eine atemberaubende Einf\u00fchrung in den Ruhm \u00c4gyptens \ud83d\udc51<\/p>\n<hr data-start=\"2101\" data-end=\"2104\" \/>\n<p data-start=\"2106\" data-end=\"2346\">\ud83c\udf74 <strong data-start=\"2109\" data-end=\"2133\">VIP-Lunch-Erlebnis<\/strong><br data-start=\"2133\" data-end=\"2136\" \/>Nach einem geschichtstr\u00e4chtigen Vormittag genie\u00dfen Sie ein <strong data-start=\"2180\" data-end=\"2203\">leckeres VIP-Mittagessen<\/strong> an einem der <strong data-start=\"2214\" data-end=\"2247\">Kairos bestbewertete Restaurants<\/strong>.<br data-start=\"2248\" data-end=\"2251\" \/>Probieren Sie <strong data-start=\"2257\" data-end=\"2287\">authentische \u00e4gyptische K\u00fcche<\/strong> mit erstklassigem Service und einer warmen, gem\u00fctlichen Atmosph\u00e4re.<\/p>\n<hr data-start=\"2348\" data-end=\"2351\" \/>\n<p data-start=\"2353\" data-end=\"2615\">\ud83d\udecd\ufe0f <strong data-start=\"2357\" data-end=\"2396\">Exklusive Shopping- und Kulturstopps<\/strong><br data-start=\"2396\" data-end=\"2399\" \/>Besuch ausgew\u00e4hlt <strong data-start=\"2414\" data-end=\"2431\">lokale Basare<\/strong>, <strong data-start=\"2433\" data-end=\"2455\">Papyrus-Institute<\/strong>, und <strong data-start=\"2461\" data-end=\"2491\">Orientalische Parf\u00fcm-Galerien<\/strong> \ud83d\udecd\ufe0f in Ihrem eigenen Tempo.<br data-start=\"2513\" data-end=\"2516\" \/>Genie\u00dfen Sie <strong data-start=\"2522\" data-end=\"2554\">personalisierte Empfehlungen<\/strong> von Ihrem Reisef\u00fchrer und einem <strong data-start=\"2577\" data-end=\"2612\">stressfreies Einkaufserlebnis<\/strong>.<\/p>\n<hr data-start=\"2617\" data-end=\"2620\" \/>\n<p data-start=\"2622\" data-end=\"2906\">\ud83d\udde3\ufe0f <strong data-start=\"2626\" data-end=\"2653\">Wir sprechen Ihre Sprache!<\/strong><br data-start=\"2653\" data-end=\"2656\" \/>Ob Sie sprechen <strong data-start=\"2674\" data-end=\"2689\">Polnisch \ud83c\uddf5\ud83c\uddf1<\/strong>, <strong data-start=\"2691\" data-end=\"2706\">Franz\u00f6sisch \ud83c\uddeb\ud83c\uddf7<\/strong>, <strong data-start=\"2708\" data-end=\"2724\">Englisch \ud83c\uddec\ud83c\udde7<\/strong>, <strong data-start=\"2726\" data-end=\"2741\">Deutsch \ud83c\udde9\ud83c\uddea<\/strong>, <strong data-start=\"2743\" data-end=\"2762\">Portugiesisch \ud83c\uddf5\ud83c\uddf9<\/strong>, <strong data-start=\"2764\" data-end=\"2780\">Spanisch \ud83c\uddea\ud83c\uddf8<\/strong>, oder andere -<br data-start=\"2793\" data-end=\"2796\" \/>unser <strong data-start=\"2800\" data-end=\"2821\">mehrsprachiges Team<\/strong> sorgt f\u00fcr reibungslose Kommunikation und ein pers\u00f6nliches Erlebnis, egal woher Sie kommen \ud83c\udf0d.<\/p>\n<hr data-start=\"2908\" data-end=\"2911\" \/>\n<p data-start=\"2913\" data-end=\"2938\">\ud83c\udf1f <strong data-start=\"2916\" data-end=\"2936\">H\u00f6hepunkte der Tour:<\/strong><\/p>\n<p data-start=\"2940\" data-end=\"3295\">\u2705 Hin- und R\u00fccktransfer in einem <strong data-start=\"2968\" data-end=\"3003\">modernes, klimatisiertes Fahrzeug<\/strong><br data-start=\"3003\" data-end=\"3006\" \/>\u2705 <strong data-start=\"3008\" data-end=\"3043\">Professioneller \u00e4gyptologischer F\u00fchrer<\/strong> in Kairo<br data-start=\"3052\" data-end=\"3055\" \/>\u2705 <strong data-start=\"3057\" data-end=\"3074\">Eintrittskarten<\/strong> zu den Pyramiden und dem Gro\u00dfen \u00c4gyptischen Museum<br data-start=\"3114\" data-end=\"3117\" \/>\u2705 <strong data-start=\"3119\" data-end=\"3143\">VIP-Lunch-Erlebnis<\/strong> \ud83c\udf7d\ufe0f<br data-start=\"3147\" data-end=\"3150\" \/>\u2705 <strong data-start=\"3152\" data-end=\"3180\">Exklusive Einkaufsstopps<\/strong> \ud83d\udecd\ufe0f<br data-start=\"3184\" data-end=\"3187\" \/>\u2705 <strong data-start=\"3189\" data-end=\"3212\">Optionale Aktivit\u00e4ten<\/strong> auf Anfrage erh\u00e4ltlich<br data-start=\"3235\" data-end=\"3238\" \/>\u2705 <strong data-start=\"3240\" data-end=\"3264\">Flexible Reiserouten<\/strong> zugeschnitten auf Ihre Pr\u00e4ferenzen<\/p>\n<hr data-start=\"3297\" data-end=\"3300\" \/>\n<p data-start=\"3302\" data-end=\"3506\">\ud83d\udd4a\ufe0f <strong data-start=\"3306\" data-end=\"3348\">Die Tour durch Kairo und das Gro\u00dfe \u00c4gyptische Museum<\/strong> ist mehr als eine Reise -<br data-start=\"3370\" data-end=\"3373\" \/>Es ist ein <strong data-start=\"3380\" data-end=\"3411\">Begegnung mit der Geschichte selbst<\/strong>, die Vermischung der <strong data-start=\"3426\" data-end=\"3452\">Magie des alten \u00c4gyptens<\/strong> mit dem <strong data-start=\"3462\" data-end=\"3496\">pulsierender Geist des modernen Kairo<\/strong>. \ud83c\uddea\ud83c\uddec\u2764\ufe0f<\/p>\n<hr data-start=\"3297\" data-end=\"3300\" \/>\n<h3 data-start=\"2198\" data-end=\"2225\"><strong data-start=\"2205\" data-end=\"2223\">\ud83e\udd11 Preis der Exkursion<\/strong><\/h3>\n<p data-start=\"2228\" data-end=\"2260\"><strong data-start=\"2233\" data-end=\"2258\">\u00a0 \u00a0<img decoding=\"async\" class=\"emoji\" role=\"img\" draggable=\"false\" src=\"https:\/\/s.w.org\/images\/core\/emoji\/16.0.1\/svg\/1f64e-1f3fb-200d-2642-fe0f.svg\" alt=\"\ud83d\ude4e\ud83c\udffb\u200d\u2642\ufe0f\" \/> 11 years and over\u00a0 95 \u20ac<\/strong><\/p>\n<p data-start=\"2228\" data-end=\"2260\"><strong data-start=\"2263\" data-end=\"2280\">\u00a0 \u00a0<img decoding=\"async\" class=\"emoji\" role=\"img\" draggable=\"false\" src=\"https:\/\/s.w.org\/images\/core\/emoji\/16.0.1\/svg\/1f9cd-1f3fb-200d-2640-fe0f.svg\" alt=\"\ud83e\uddcd\ud83c\udffb\u200d\u2640\ufe0f\" \/> 5\/10 years old\u00a0 \u00a0 \u00a0 \u00a0 50 \u20ac<\/strong><\/p>\n<p data-start=\"2228\" data-end=\"2260\"><strong data-start=\"2327\" data-end=\"2355\">\u00a0 \u00a0<img decoding=\"async\" class=\"emoji\" role=\"img\" draggable=\"false\" src=\"https:\/\/s.w.org\/images\/core\/emoji\/16.0.1\/svg\/1f47c-1f3fc.svg\" alt=\"\ud83d\udc7c\ud83c\udffc\" \/> - 5 Jahre alt 20 \u20ac<\/strong><\/p>\n<h3 data-start=\"2198\" data-end=\"2225\"><strong data-start=\"2205\" data-end=\"2223\">Die Zahlung in USD ($ \ud83c\uddfa\ud83c\uddf8) anstelle von EUR (\ud83c\uddea\ud83c\uddfa) ist je nach Tageskurs der Bank m\u00f6glich.<\/strong><\/h3>\n<div id=\"gtx-trans\" style=\"position: absolute; left: 229px; top: 47.8px;\">\n<div class=\"gtx-trans-icon\"><\/div>\n<\/div>\n<div id=\"gtx-trans\" style=\"position: absolute; left: 232px; top: 47.8px;\">\n<div class=\"gtx-trans-icon\"><\/div>\n<\/div>\n<div id=\"gtx-trans\" style=\"position: absolute; left: 232px; top: 47.8px;\">\n<div class=\"gtx-trans-icon\"><\/div>\n<\/div>","protected":false},"excerpt":{"rendered":"<p>\ud83c\udfdb\ufe0f\u2728 Cairo &amp; the Grand Egyptian Museum \u2013 Discover the Magic of Ancient Egypt in Just One Day! \u2728\ud83c\udf05 Get ready for a day full of wonders \u2014 where ancient glory meets modern brilliance.This unforgettable journey combines the Pyramids, the Great Sphinx, and the Grand Egyptian Museum, all in one incredible experience on the land [&hellip;]<\/p>\n","protected":false},"featured_media":9862,"comment_status":"open","ping_status":"closed","template":"","meta":{"_monsterinsights_skip_tracking":false,"_monsterinsights_sitenote_active":false,"_monsterinsights_sitenote_note":"","_monsterinsights_sitenote_category":0,"_mbp_gutenberg_autopost":false},"product_brand":[],"product_cat":[58],"product_tag":[],"class_list":{"0":"post-9744","1":"product","2":"type-product","3":"status-publish","4":"has-post-thumbnail","6":"product_cat-cairo","8":"first","9":"instock","10":"shipping-taxable","11":"purchasable","12":"product-type-ovabrw_car_rental"},"_links":{"self":[{"href":"https:\/\/redsea-dream-tours.net\/de\/wp-json\/wp\/v2\/product\/9744","targetHints":{"allow":["GET"]}}],"collection":[{"href":"https:\/\/redsea-dream-tours.net\/de\/wp-json\/wp\/v2\/product"}],"about":[{"href":"https:\/\/redsea-dream-tours.net\/de\/wp-json\/wp\/v2\/types\/product"}],"replies":[{"embeddable":true,"href":"https:\/\/redsea-dream-tours.net\/de\/wp-json\/wp\/v2\/comments?post=9744"}],"wp:featuredmedia":[{"embeddable":true,"href":"https:\/\/redsea-dream-tours.net\/de\/wp-json\/wp\/v2\/media\/9862"}],"wp:attachment":[{"href":"https:\/\/redsea-dream-tours.net\/de\/wp-json\/wp\/v2\/media?parent=9744"}],"wp:term":[{"taxonomy":"product_brand","embeddable":true,"href":"https:\/\/redsea-dream-tours.net\/de\/wp-json\/wp\/v2\/product_brand?post=9744"},{"taxonomy":"product_cat","embeddable":true,"href":"https:\/\/redsea-dream-tours.net\/de\/wp-json\/wp\/v2\/product_cat?post=9744"},{"taxonomy":"product_tag","embeddable":true,"href":"https:\/\/redsea-dream-tours.net\/de\/wp-json\/wp\/v2\/product_tag?post=9744"}],"curies":[{"name":"wp","href":"https:\/\/api.w.org\/{rel}","templated":true}]}}